{"id":3927,"date":"2024-03-09T16:04:37","date_gmt":"2024-03-10T08:10:42","guid":{"rendered":"https:\/\/eurocas.com\/?post_type=product&#038;p=3927\/"},"modified":"2024-03-10T11:10:43","modified_gmt":"2024-03-10T08:10:43","slug":"dolce-paradise","status":"publish","type":"product","link":"https:\/\/eurocas.com\/fr\/produit\/dolce-paradise\/","title":{"rendered":"Dolce Paradise"},"content":{"rendered":"","protected":false},"excerpt":{"rendered":"<p>Avec 15 % de flocons de noix de coco, 12 % d&rsquo;amandes et de lait entier en poudre, Dolce Paradise est en passe de devenir l&rsquo;un de vos favoris instantan\u00e9s ! Pour tous ceux qui aiment le go\u00fbt de Raffaello, c&rsquo;est la cr\u00e8me p\u00e2tissi\u00e8re qui vous aidera \u00e0 cr\u00e9er le g\u00e2teau ou les p\u00e2tisseries dont vous r\u00eavez.<\/p>\n<p>Emballage standard : seau de 5kg.<\/p>\n","protected":false},"featured_media":3924,"template":"","meta":[],"product_cat":[82],"product_tag":[],"yoast_head":"<!-- This site is optimized with the Yoast SEO plugin v22.8 - https:\/\/yoast.com\/wordpress\/plugins\/seo\/ -->\n<title>Dolce Paradise | Raffaello cream | Eurocas.com<\/title>\n<meta name=\"description\" content=\"Dolce Paradise. Eurocas.com.\" \/>\n<meta name=\"robots\" content=\"index, follow, max-snippet:-1, max-image-preview:large, max-video-preview:-1\" \/>\n<link rel=\"canonical\" href=\"https:\/\/eurocas.com\/fr\/produit\/dolce-paradise\/\" \/>\n<meta property=\"og:locale\" content=\"fr_FR\" \/>\n<meta property=\"og:type\" content=\"article\" \/>\n<meta property=\"og:title\" content=\"Dolce Paradise | Raffaello cream | Eurocas.com\" \/>\n<meta property=\"og:description\" content=\"Dolce Paradise. Eurocas.com.\" \/>\n<meta property=\"og:url\" content=\"https:\/\/eurocas.com\/fr\/produit\/dolce-paradise\/\" \/>\n<meta property=\"og:site_name\" content=\"Eurocas.com\" \/>\n<meta property=\"article:modified_time\" content=\"2024-03-10T08:10:43+00:00\" \/>\n<meta property=\"og:image\" content=\"https:\/\/eurocas.com\/wp-content\/uploads\/2024\/03\/dolce-paradise-raffaello-cream.webp\" \/>\n\t<meta property=\"og:image:width\" content=\"840\" \/>\n\t<meta property=\"og:image:height\" content=\"460\" \/>\n\t<meta property=\"og:image:type\" content=\"image\/webp\" \/>\n<meta name=\"twitter:card\" content=\"summary_large_image\" \/>\n<script type=\"application\/ld+json\" class=\"yoast-schema-graph\">{\"@context\":\"https:\/\/schema.org\",\"@graph\":[{\"@type\":\"WebPage\",\"@id\":\"https:\/\/eurocas.com\/fr\/produit\/dolce-paradise\/\",\"url\":\"https:\/\/eurocas.com\/fr\/produit\/dolce-paradise\/\",\"name\":\"Dolce Paradise | Raffaello cream | Eurocas.com\",\"isPartOf\":{\"@id\":\"https:\/\/eurocas.com\/#website\"},\"primaryImageOfPage\":{\"@id\":\"https:\/\/eurocas.com\/fr\/produit\/dolce-paradise\/#primaryimage\"},\"image\":{\"@id\":\"https:\/\/eurocas.com\/fr\/produit\/dolce-paradise\/#primaryimage\"},\"thumbnailUrl\":\"https:\/\/eurocas.com\/wp-content\/uploads\/2024\/03\/dolce-paradise-raffaello-cream.webp\",\"datePublished\":\"2024-03-10T08:10:42+00:00\",\"dateModified\":\"2024-03-10T08:10:43+00:00\",\"description\":\"Dolce Paradise. Eurocas.com.\",\"breadcrumb\":{\"@id\":\"https:\/\/eurocas.com\/fr\/produit\/dolce-paradise\/#breadcrumb\"},\"inLanguage\":\"fr-FR\",\"potentialAction\":[{\"@type\":\"ReadAction\",\"target\":[\"https:\/\/eurocas.com\/fr\/produit\/dolce-paradise\/\"]}]},{\"@type\":\"ImageObject\",\"inLanguage\":\"fr-FR\",\"@id\":\"https:\/\/eurocas.com\/fr\/produit\/dolce-paradise\/#primaryimage\",\"url\":\"https:\/\/eurocas.com\/wp-content\/uploads\/2024\/03\/dolce-paradise-raffaello-cream.webp\",\"contentUrl\":\"https:\/\/eurocas.com\/wp-content\/uploads\/2024\/03\/dolce-paradise-raffaello-cream.webp\",\"width\":840,\"height\":460,\"caption\":\"dolce paradise\"},{\"@type\":\"BreadcrumbList\",\"@id\":\"https:\/\/eurocas.com\/fr\/produit\/dolce-paradise\/#breadcrumb\",\"itemListElement\":[{\"@type\":\"ListItem\",\"position\":1,\"name\":\"Home\",\"item\":\"https:\/\/eurocas.com\/fr\/\"},{\"@type\":\"ListItem\",\"position\":2,\"name\":\"Products\",\"item\":\"https:\/\/eurocas.com\/shop\/\"},{\"@type\":\"ListItem\",\"position\":3,\"name\":\"Dolce Paradise\"}]},{\"@type\":\"WebSite\",\"@id\":\"https:\/\/eurocas.com\/#website\",\"url\":\"https:\/\/eurocas.com\/\",\"name\":\"Eurocas.com\",\"description\":\"Eurocas.com\",\"publisher\":{\"@id\":\"https:\/\/eurocas.com\/#organization\"},\"potentialAction\":[{\"@type\":\"SearchAction\",\"target\":{\"@type\":\"EntryPoint\",\"urlTemplate\":\"https:\/\/eurocas.com\/?s={search_term_string}\"},\"query-input\":\"required name=search_term_string\"}],\"inLanguage\":\"fr-FR\"},{\"@type\":\"Organization\",\"@id\":\"https:\/\/eurocas.com\/#organization\",\"name\":\"Eurocas International\",\"url\":\"https:\/\/eurocas.com\/\",\"logo\":{\"@type\":\"ImageObject\",\"inLanguage\":\"fr-FR\",\"@id\":\"https:\/\/eurocas.com\/#\/schema\/logo\/image\/\",\"url\":\"https:\/\/eurocas.com\/wp-content\/uploads\/2021\/09\/logo.png\",\"contentUrl\":\"https:\/\/eurocas.com\/wp-content\/uploads\/2021\/09\/logo.png\",\"width\":1954,\"height\":599,\"caption\":\"Eurocas International\"},\"image\":{\"@id\":\"https:\/\/eurocas.com\/#\/schema\/logo\/image\/\"}}]}<\/script>\n<!-- \/ Yoast SEO plugin. -->","yoast_head_json":{"title":"Dolce Paradise | Raffaello cream | Eurocas.com","description":"Dolce Paradise. Eurocas.com.","robots":{"index":"index","follow":"follow","max-snippet":"max-snippet:-1","max-image-preview":"max-image-preview:large","max-video-preview":"max-video-preview:-1"},"canonical":"https:\/\/eurocas.com\/fr\/produit\/dolce-paradise\/","og_locale":"fr_FR","og_type":"article","og_title":"Dolce Paradise | Raffaello cream | Eurocas.com","og_description":"Dolce Paradise. Eurocas.com.","og_url":"https:\/\/eurocas.com\/fr\/produit\/dolce-paradise\/","og_site_name":"Eurocas.com","article_modified_time":"2024-03-10T08:10:43+00:00","og_image":[{"width":840,"height":460,"url":"https:\/\/eurocas.com\/wp-content\/uploads\/2024\/03\/dolce-paradise-raffaello-cream.webp","type":"image\/webp"}],"twitter_card":"summary_large_image","schema":{"@context":"https:\/\/schema.org","@graph":[{"@type":"WebPage","@id":"https:\/\/eurocas.com\/fr\/produit\/dolce-paradise\/","url":"https:\/\/eurocas.com\/fr\/produit\/dolce-paradise\/","name":"Dolce Paradise | Raffaello cream | Eurocas.com","isPartOf":{"@id":"https:\/\/eurocas.com\/#website"},"primaryImageOfPage":{"@id":"https:\/\/eurocas.com\/fr\/produit\/dolce-paradise\/#primaryimage"},"image":{"@id":"https:\/\/eurocas.com\/fr\/produit\/dolce-paradise\/#primaryimage"},"thumbnailUrl":"https:\/\/eurocas.com\/wp-content\/uploads\/2024\/03\/dolce-paradise-raffaello-cream.webp","datePublished":"2024-03-10T08:10:42+00:00","dateModified":"2024-03-10T08:10:43+00:00","description":"Dolce Paradise. Eurocas.com.","breadcrumb":{"@id":"https:\/\/eurocas.com\/fr\/produit\/dolce-paradise\/#breadcrumb"},"inLanguage":"fr-FR","potentialAction":[{"@type":"ReadAction","target":["https:\/\/eurocas.com\/fr\/produit\/dolce-paradise\/"]}]},{"@type":"ImageObject","inLanguage":"fr-FR","@id":"https:\/\/eurocas.com\/fr\/produit\/dolce-paradise\/#primaryimage","url":"https:\/\/eurocas.com\/wp-content\/uploads\/2024\/03\/dolce-paradise-raffaello-cream.webp","contentUrl":"https:\/\/eurocas.com\/wp-content\/uploads\/2024\/03\/dolce-paradise-raffaello-cream.webp","width":840,"height":460,"caption":"dolce paradise"},{"@type":"BreadcrumbList","@id":"https:\/\/eurocas.com\/fr\/produit\/dolce-paradise\/#breadcrumb","itemListElement":[{"@type":"ListItem","position":1,"name":"Home","item":"https:\/\/eurocas.com\/fr\/"},{"@type":"ListItem","position":2,"name":"Products","item":"https:\/\/eurocas.com\/shop\/"},{"@type":"ListItem","position":3,"name":"Dolce Paradise"}]},{"@type":"WebSite","@id":"https:\/\/eurocas.com\/#website","url":"https:\/\/eurocas.com\/","name":"Eurocas.com","description":"Eurocas.com","publisher":{"@id":"https:\/\/eurocas.com\/#organization"},"potentialAction":[{"@type":"SearchAction","target":{"@type":"EntryPoint","urlTemplate":"https:\/\/eurocas.com\/?s={search_term_string}"},"query-input":"required name=search_term_string"}],"inLanguage":"fr-FR"},{"@type":"Organization","@id":"https:\/\/eurocas.com\/#organization","name":"Eurocas International","url":"https:\/\/eurocas.com\/","logo":{"@type":"ImageObject","inLanguage":"fr-FR","@id":"https:\/\/eurocas.com\/#\/schema\/logo\/image\/","url":"https:\/\/eurocas.com\/wp-content\/uploads\/2021\/09\/logo.png","contentUrl":"https:\/\/eurocas.com\/wp-content\/uploads\/2021\/09\/logo.png","width":1954,"height":599,"caption":"Eurocas International"},"image":{"@id":"https:\/\/eurocas.com\/#\/schema\/logo\/image\/"}}]}},"_links":{"self":[{"href":"https:\/\/eurocas.com\/fr\/wp-json\/wp\/v2\/product\/3927"}],"collection":[{"href":"https:\/\/eurocas.com\/fr\/wp-json\/wp\/v2\/product"}],"about":[{"href":"https:\/\/eurocas.com\/fr\/wp-json\/wp\/v2\/types\/product"}],"wp:featuredmedia":[{"embeddable":true,"href":"https:\/\/eurocas.com\/fr\/wp-json\/wp\/v2\/media\/3924"}],"wp:attachment":[{"href":"https:\/\/eurocas.com\/fr\/wp-json\/wp\/v2\/media?parent=3927"}],"wp:term":[{"taxonomy":"product_cat","embeddable":true,"href":"https:\/\/eurocas.com\/fr\/wp-json\/wp\/v2\/product_cat?post=3927"},{"taxonomy":"product_tag","embeddable":true,"href":"https:\/\/eurocas.com\/fr\/wp-json\/wp\/v2\/product_tag?post=3927"}],"curies":[{"name":"wp","href":"https:\/\/api.w.org\/{rel}","templated":true}]}}