{"id":3591,"date":"2022-11-25T16:29:52","date_gmt":"2022-11-29T14:31:44","guid":{"rendered":"https:\/\/eurocas.com\/?post_type=product&#038;p=3591\/"},"modified":"2022-12-21T15:07:14","modified_gmt":"2022-12-21T12:07:14","slug":"golden-glow-alternative-a-la-dorure-a-loeuf","status":"publish","type":"product","link":"https:\/\/eurocas.com\/fr\/produit\/golden-glow-alternative-a-la-dorure-a-loeuf\/","title":{"rendered":"Golden Glow \u2013 alternative \u00e0 la dorure \u00e0 l&rsquo;\u0153uf"},"content":{"rendered":"","protected":false},"excerpt":{"rendered":"<p>Golden Glow est une <strong>alternative v\u00e9g\u00e9talienne<\/strong> au badigionnement traditionnel \u00e0 l&rsquo;\u0153uf utilis\u00e9 sur les p\u00e2tes \u00e0 p\u00e2tisserie et \u00e0 boulangerie avant la cuisson. Il est tr\u00e8s <strong>facile \u00e0 utiliser<\/strong> et peut \u00eatre appliqu\u00e9 soit avec une brosse \u00e0 main, soit avec un syst\u00e8me de pulv\u00e9risation.<\/p>\n<p>Golden Glow est un produit <strong>UHT 100% v\u00e9g\u00e9tal<\/strong>. Il a une <strong>\u00e9tiquette sans adjuvant et additif<\/strong>, et vous n&rsquo;avez donc pas besoin de d\u00e9clarer de num\u00e9ros E. En utilisant Golden Glow, vous <strong>\u00e9vitez tous les risques microbiologiques<\/strong> li\u00e9s aux \u0153ufs et vous <strong>r\u00e9duisez le nombre d&rsquo;allerg\u00e8nes<\/strong>.<\/p>\n<p>Le plus grand avantage de Golden Glow est qu&rsquo;il offrira \u00e0 vos produits une <strong>lueur d\u00e9licieuse<\/strong> et la brillance apr\u00e8s la cuisson, tout en les emp\u00eachant de coller \u00e0 l&#8217;emballage lorsque vous emballez vos marchandises pour la livraison.<\/p>\n<p>Golden Glow a un <strong>go\u00fbt neutre<\/strong> et peut donc \u00eatre utilis\u00e9 pour tous les types de p\u00e2tes <strong>sal\u00e9es et sucr\u00e9es<\/strong>. Si vous souhaitez une brillance moins intense du produit, le gla\u00e7age peut \u00e9galement \u00eatre dilu\u00e9 avec de l&rsquo;eau.<\/p>\n<p>Golden Glow est emball\u00e9 dans une brique Tetra Pak de 1 litre, il a une dur\u00e9e de conservation de 9 mois et il est fabriqu\u00e9 dans <strong>l&rsquo;Union Europ\u00e9enne<\/strong>.<\/p>\n","protected":false},"featured_media":3574,"template":"","meta":[],"product_cat":[111],"product_tag":[],"yoast_head":"<!-- This site is optimized with the Yoast SEO plugin v22.8 - https:\/\/yoast.com\/wordpress\/plugins\/seo\/ -->\n<title>Golden Glow \u2013 alternative \u00e0 la dorure \u00e0 l&#039;\u0153uf | Eurocas.com<\/title>\n<meta name=\"description\" content=\"Golden Glow \u2013 alternative \u00e0 la dorure \u00e0 l&#039;\u0153uf, est un produit UHT 100% v\u00e9g\u00e9tal. Golden Glow est une alternative v\u00e9g\u00e9talienne au badigionnement traditionnel.\" \/>\n<meta name=\"robots\" content=\"index, follow, max-snippet:-1, max-image-preview:large, max-video-preview:-1\" \/>\n<link rel=\"canonical\" href=\"https:\/\/eurocas.com\/fr\/produit\/golden-glow-alternative-a-la-dorure-a-loeuf\/\" \/>\n<meta property=\"og:locale\" content=\"fr_FR\" \/>\n<meta property=\"og:type\" content=\"article\" \/>\n<meta property=\"og:title\" content=\"Golden Glow \u2013 alternative \u00e0 la dorure \u00e0 l&#039;\u0153uf | Eurocas.com\" \/>\n<meta property=\"og:description\" content=\"Golden Glow \u2013 alternative \u00e0 la dorure \u00e0 l&#039;\u0153uf, est un produit UHT 100% v\u00e9g\u00e9tal. Golden Glow est une alternative v\u00e9g\u00e9talienne au badigionnement traditionnel.\" \/>\n<meta property=\"og:url\" content=\"https:\/\/eurocas.com\/fr\/produit\/golden-glow-alternative-a-la-dorure-a-loeuf\/\" \/>\n<meta property=\"og:site_name\" content=\"Eurocas.com\" \/>\n<meta property=\"article:modified_time\" content=\"2022-12-21T12:07:14+00:00\" \/>\n<meta property=\"og:image\" content=\"https:\/\/eurocas.com\/wp-content\/uploads\/2022\/11\/golden-glow.png\" \/>\n\t<meta property=\"og:image:width\" content=\"800\" \/>\n\t<meta property=\"og:image:height\" content=\"460\" \/>\n\t<meta property=\"og:image:type\" content=\"image\/png\" \/>\n<meta name=\"twitter:card\" content=\"summary_large_image\" \/>\n<script type=\"application\/ld+json\" class=\"yoast-schema-graph\">{\"@context\":\"https:\/\/schema.org\",\"@graph\":[{\"@type\":\"WebPage\",\"@id\":\"https:\/\/eurocas.com\/fr\/produit\/golden-glow-alternative-a-la-dorure-a-loeuf\/\",\"url\":\"https:\/\/eurocas.com\/fr\/produit\/golden-glow-alternative-a-la-dorure-a-loeuf\/\",\"name\":\"Golden Glow \u2013 alternative \u00e0 la dorure \u00e0 l'\u0153uf | Eurocas.com\",\"isPartOf\":{\"@id\":\"https:\/\/eurocas.com\/#website\"},\"primaryImageOfPage\":{\"@id\":\"https:\/\/eurocas.com\/fr\/produit\/golden-glow-alternative-a-la-dorure-a-loeuf\/#primaryimage\"},\"image\":{\"@id\":\"https:\/\/eurocas.com\/fr\/produit\/golden-glow-alternative-a-la-dorure-a-loeuf\/#primaryimage\"},\"thumbnailUrl\":\"https:\/\/eurocas.com\/wp-content\/uploads\/2022\/11\/golden-glow.png\",\"datePublished\":\"2022-11-29T14:31:44+00:00\",\"dateModified\":\"2022-12-21T12:07:14+00:00\",\"description\":\"Golden Glow \u2013 alternative \u00e0 la dorure \u00e0 l'\u0153uf, est un produit UHT 100% v\u00e9g\u00e9tal. Golden Glow est une alternative v\u00e9g\u00e9talienne au badigionnement traditionnel.\",\"breadcrumb\":{\"@id\":\"https:\/\/eurocas.com\/fr\/produit\/golden-glow-alternative-a-la-dorure-a-loeuf\/#breadcrumb\"},\"inLanguage\":\"fr-FR\",\"potentialAction\":[{\"@type\":\"ReadAction\",\"target\":[\"https:\/\/eurocas.com\/fr\/produit\/golden-glow-alternative-a-la-dorure-a-loeuf\/\"]}]},{\"@type\":\"ImageObject\",\"inLanguage\":\"fr-FR\",\"@id\":\"https:\/\/eurocas.com\/fr\/produit\/golden-glow-alternative-a-la-dorure-a-loeuf\/#primaryimage\",\"url\":\"https:\/\/eurocas.com\/wp-content\/uploads\/2022\/11\/golden-glow.png\",\"contentUrl\":\"https:\/\/eurocas.com\/wp-content\/uploads\/2022\/11\/golden-glow.png\",\"width\":800,\"height\":460,\"caption\":\"Golden Glow \u2013 alternative \u00e0 la dorure \u00e0 l'\u0153uf\"},{\"@type\":\"BreadcrumbList\",\"@id\":\"https:\/\/eurocas.com\/fr\/produit\/golden-glow-alternative-a-la-dorure-a-loeuf\/#breadcrumb\",\"itemListElement\":[{\"@type\":\"ListItem\",\"position\":1,\"name\":\"Home\",\"item\":\"https:\/\/eurocas.com\/fr\/\"},{\"@type\":\"ListItem\",\"position\":2,\"name\":\"Products\",\"item\":\"https:\/\/eurocas.com\/shop\/\"},{\"@type\":\"ListItem\",\"position\":3,\"name\":\"Golden Glow \u2013 alternative \u00e0 la dorure \u00e0 l&#8217;\u0153uf\"}]},{\"@type\":\"WebSite\",\"@id\":\"https:\/\/eurocas.com\/#website\",\"url\":\"https:\/\/eurocas.com\/\",\"name\":\"Eurocas.com\",\"description\":\"Eurocas.com\",\"publisher\":{\"@id\":\"https:\/\/eurocas.com\/#organization\"},\"potentialAction\":[{\"@type\":\"SearchAction\",\"target\":{\"@type\":\"EntryPoint\",\"urlTemplate\":\"https:\/\/eurocas.com\/?s={search_term_string}\"},\"query-input\":\"required name=search_term_string\"}],\"inLanguage\":\"fr-FR\"},{\"@type\":\"Organization\",\"@id\":\"https:\/\/eurocas.com\/#organization\",\"name\":\"Eurocas International\",\"url\":\"https:\/\/eurocas.com\/\",\"logo\":{\"@type\":\"ImageObject\",\"inLanguage\":\"fr-FR\",\"@id\":\"https:\/\/eurocas.com\/#\/schema\/logo\/image\/\",\"url\":\"https:\/\/eurocas.com\/wp-content\/uploads\/2021\/09\/logo.png\",\"contentUrl\":\"https:\/\/eurocas.com\/wp-content\/uploads\/2021\/09\/logo.png\",\"width\":1954,\"height\":599,\"caption\":\"Eurocas International\"},\"image\":{\"@id\":\"https:\/\/eurocas.com\/#\/schema\/logo\/image\/\"}}]}<\/script>\n<!-- \/ Yoast SEO plugin. -->","yoast_head_json":{"title":"Golden Glow \u2013 alternative \u00e0 la dorure \u00e0 l'\u0153uf | Eurocas.com","description":"Golden Glow \u2013 alternative \u00e0 la dorure \u00e0 l'\u0153uf, est un produit UHT 100% v\u00e9g\u00e9tal. Golden Glow est une alternative v\u00e9g\u00e9talienne au badigionnement traditionnel.","robots":{"index":"index","follow":"follow","max-snippet":"max-snippet:-1","max-image-preview":"max-image-preview:large","max-video-preview":"max-video-preview:-1"},"canonical":"https:\/\/eurocas.com\/fr\/produit\/golden-glow-alternative-a-la-dorure-a-loeuf\/","og_locale":"fr_FR","og_type":"article","og_title":"Golden Glow \u2013 alternative \u00e0 la dorure \u00e0 l'\u0153uf | Eurocas.com","og_description":"Golden Glow \u2013 alternative \u00e0 la dorure \u00e0 l'\u0153uf, est un produit UHT 100% v\u00e9g\u00e9tal. Golden Glow est une alternative v\u00e9g\u00e9talienne au badigionnement traditionnel.","og_url":"https:\/\/eurocas.com\/fr\/produit\/golden-glow-alternative-a-la-dorure-a-loeuf\/","og_site_name":"Eurocas.com","article_modified_time":"2022-12-21T12:07:14+00:00","og_image":[{"width":800,"height":460,"url":"https:\/\/eurocas.com\/wp-content\/uploads\/2022\/11\/golden-glow.png","type":"image\/png"}],"twitter_card":"summary_large_image","schema":{"@context":"https:\/\/schema.org","@graph":[{"@type":"WebPage","@id":"https:\/\/eurocas.com\/fr\/produit\/golden-glow-alternative-a-la-dorure-a-loeuf\/","url":"https:\/\/eurocas.com\/fr\/produit\/golden-glow-alternative-a-la-dorure-a-loeuf\/","name":"Golden Glow \u2013 alternative \u00e0 la dorure \u00e0 l'\u0153uf | Eurocas.com","isPartOf":{"@id":"https:\/\/eurocas.com\/#website"},"primaryImageOfPage":{"@id":"https:\/\/eurocas.com\/fr\/produit\/golden-glow-alternative-a-la-dorure-a-loeuf\/#primaryimage"},"image":{"@id":"https:\/\/eurocas.com\/fr\/produit\/golden-glow-alternative-a-la-dorure-a-loeuf\/#primaryimage"},"thumbnailUrl":"https:\/\/eurocas.com\/wp-content\/uploads\/2022\/11\/golden-glow.png","datePublished":"2022-11-29T14:31:44+00:00","dateModified":"2022-12-21T12:07:14+00:00","description":"Golden Glow \u2013 alternative \u00e0 la dorure \u00e0 l'\u0153uf, est un produit UHT 100% v\u00e9g\u00e9tal. Golden Glow est une alternative v\u00e9g\u00e9talienne au badigionnement traditionnel.","breadcrumb":{"@id":"https:\/\/eurocas.com\/fr\/produit\/golden-glow-alternative-a-la-dorure-a-loeuf\/#breadcrumb"},"inLanguage":"fr-FR","potentialAction":[{"@type":"ReadAction","target":["https:\/\/eurocas.com\/fr\/produit\/golden-glow-alternative-a-la-dorure-a-loeuf\/"]}]},{"@type":"ImageObject","inLanguage":"fr-FR","@id":"https:\/\/eurocas.com\/fr\/produit\/golden-glow-alternative-a-la-dorure-a-loeuf\/#primaryimage","url":"https:\/\/eurocas.com\/wp-content\/uploads\/2022\/11\/golden-glow.png","contentUrl":"https:\/\/eurocas.com\/wp-content\/uploads\/2022\/11\/golden-glow.png","width":800,"height":460,"caption":"Golden Glow \u2013 alternative \u00e0 la dorure \u00e0 l'\u0153uf"},{"@type":"BreadcrumbList","@id":"https:\/\/eurocas.com\/fr\/produit\/golden-glow-alternative-a-la-dorure-a-loeuf\/#breadcrumb","itemListElement":[{"@type":"ListItem","position":1,"name":"Home","item":"https:\/\/eurocas.com\/fr\/"},{"@type":"ListItem","position":2,"name":"Products","item":"https:\/\/eurocas.com\/shop\/"},{"@type":"ListItem","position":3,"name":"Golden Glow \u2013 alternative \u00e0 la dorure \u00e0 l&#8217;\u0153uf"}]},{"@type":"WebSite","@id":"https:\/\/eurocas.com\/#website","url":"https:\/\/eurocas.com\/","name":"Eurocas.com","description":"Eurocas.com","publisher":{"@id":"https:\/\/eurocas.com\/#organization"},"potentialAction":[{"@type":"SearchAction","target":{"@type":"EntryPoint","urlTemplate":"https:\/\/eurocas.com\/?s={search_term_string}"},"query-input":"required name=search_term_string"}],"inLanguage":"fr-FR"},{"@type":"Organization","@id":"https:\/\/eurocas.com\/#organization","name":"Eurocas International","url":"https:\/\/eurocas.com\/","logo":{"@type":"ImageObject","inLanguage":"fr-FR","@id":"https:\/\/eurocas.com\/#\/schema\/logo\/image\/","url":"https:\/\/eurocas.com\/wp-content\/uploads\/2021\/09\/logo.png","contentUrl":"https:\/\/eurocas.com\/wp-content\/uploads\/2021\/09\/logo.png","width":1954,"height":599,"caption":"Eurocas International"},"image":{"@id":"https:\/\/eurocas.com\/#\/schema\/logo\/image\/"}}]}},"_links":{"self":[{"href":"https:\/\/eurocas.com\/fr\/wp-json\/wp\/v2\/product\/3591"}],"collection":[{"href":"https:\/\/eurocas.com\/fr\/wp-json\/wp\/v2\/product"}],"about":[{"href":"https:\/\/eurocas.com\/fr\/wp-json\/wp\/v2\/types\/product"}],"wp:featuredmedia":[{"embeddable":true,"href":"https:\/\/eurocas.com\/fr\/wp-json\/wp\/v2\/media\/3574"}],"wp:attachment":[{"href":"https:\/\/eurocas.com\/fr\/wp-json\/wp\/v2\/media?parent=3591"}],"wp:term":[{"taxonomy":"product_cat","embeddable":true,"href":"https:\/\/eurocas.com\/fr\/wp-json\/wp\/v2\/product_cat?post=3591"},{"taxonomy":"product_tag","embeddable":true,"href":"https:\/\/eurocas.com\/fr\/wp-json\/wp\/v2\/product_tag?post=3591"}],"curies":[{"name":"wp","href":"https:\/\/api.w.org\/{rel}","templated":true}]}}