{"id":3495,"date":"2022-07-07T09:20:34","date_gmt":"2022-11-24T09:33:15","guid":{"rendered":"https:\/\/eurocas.com\/?post_type=product&#038;p=3495\/"},"modified":"2022-11-24T12:33:16","modified_gmt":"2022-11-24T09:33:16","slug":"rouleaux-eponge","status":"publish","type":"product","link":"https:\/\/eurocas.com\/fr\/produit\/rouleaux-eponge\/","title":{"rendered":"Rouleaux \u00e9ponge"},"content":{"rendered":"","protected":false},"excerpt":{"rendered":"<p>Instant Chef est notre marque de rouleaux d&rsquo;\u00e9ponge pr\u00eats \u00e0 l&#8217;emploi. Ce sont des feuilles d&rsquo;\u00e9ponge de 0,7 cm d&rsquo;\u00e9paisseur pr\u00eates \u00e0 \u00eatre utilis\u00e9es soit comme couche d&rsquo;\u00e9ponge, soit comme rouleau d&rsquo;\u00e9ponge.<\/p>\n<p>Les rouleaux d&rsquo;\u00e9ponge Instant Chef sont stock\u00e9s \u00e0 temp\u00e9rature ambiante et offrent une valeur consid\u00e9rable aux clients car ils offrent un produit pr\u00eat \u00e0 l&#8217;emploi qui, autrement, prend du temps et du personnel qualifi\u00e9 \u00e0 produire. Une feuille d&rsquo;\u00e9ponge Instant Chef mesure environ 60 \u00d7 40 cm et nous proposons des \u00e9ponges au go\u00fbt neutres ou au cacao.<\/p>\n<p>Conditionnement standard : 12 feuilles d&rsquo;\u00e9ponge dans une bo\u00eete en carton.<\/p>\n","protected":false},"featured_media":3221,"template":"","meta":[],"product_cat":[107],"product_tag":[],"yoast_head":"<!-- This site is optimized with the Yoast SEO plugin v22.8 - https:\/\/yoast.com\/wordpress\/plugins\/seo\/ -->\n<title>Rouleaux \u00e9ponge | Eurocas.com<\/title>\n<meta name=\"description\" content=\"Rouleaux \u00e9ponge. Eurocas.com.\" \/>\n<meta name=\"robots\" content=\"index, follow, max-snippet:-1, max-image-preview:large, max-video-preview:-1\" \/>\n<link rel=\"canonical\" href=\"https:\/\/eurocas.com\/fr\/produit\/rouleaux-eponge\/\" \/>\n<meta property=\"og:locale\" content=\"fr_FR\" \/>\n<meta property=\"og:type\" content=\"article\" \/>\n<meta property=\"og:title\" content=\"Rouleaux \u00e9ponge | Eurocas.com\" \/>\n<meta property=\"og:description\" content=\"Rouleaux \u00e9ponge. Eurocas.com.\" \/>\n<meta property=\"og:url\" content=\"https:\/\/eurocas.com\/fr\/produit\/rouleaux-eponge\/\" \/>\n<meta property=\"og:site_name\" content=\"Eurocas.com\" \/>\n<meta property=\"article:modified_time\" content=\"2022-11-24T09:33:16+00:00\" \/>\n<meta property=\"og:image\" content=\"https:\/\/eurocas.com\/wp-content\/uploads\/2022\/07\/sponge-roll.png\" \/>\n\t<meta property=\"og:image:width\" content=\"800\" \/>\n\t<meta property=\"og:image:height\" content=\"460\" \/>\n\t<meta property=\"og:image:type\" content=\"image\/png\" \/>\n<meta name=\"twitter:card\" content=\"summary_large_image\" \/>\n<script type=\"application\/ld+json\" class=\"yoast-schema-graph\">{\"@context\":\"https:\/\/schema.org\",\"@graph\":[{\"@type\":\"WebPage\",\"@id\":\"https:\/\/eurocas.com\/fr\/produit\/rouleaux-eponge\/\",\"url\":\"https:\/\/eurocas.com\/fr\/produit\/rouleaux-eponge\/\",\"name\":\"Rouleaux \u00e9ponge | Eurocas.com\",\"isPartOf\":{\"@id\":\"https:\/\/eurocas.com\/#website\"},\"primaryImageOfPage\":{\"@id\":\"https:\/\/eurocas.com\/fr\/produit\/rouleaux-eponge\/#primaryimage\"},\"image\":{\"@id\":\"https:\/\/eurocas.com\/fr\/produit\/rouleaux-eponge\/#primaryimage\"},\"thumbnailUrl\":\"https:\/\/eurocas.com\/wp-content\/uploads\/2022\/07\/sponge-roll.png\",\"datePublished\":\"2022-11-24T09:33:15+00:00\",\"dateModified\":\"2022-11-24T09:33:16+00:00\",\"description\":\"Rouleaux \u00e9ponge. Eurocas.com.\",\"breadcrumb\":{\"@id\":\"https:\/\/eurocas.com\/fr\/produit\/rouleaux-eponge\/#breadcrumb\"},\"inLanguage\":\"fr-FR\",\"potentialAction\":[{\"@type\":\"ReadAction\",\"target\":[\"https:\/\/eurocas.com\/fr\/produit\/rouleaux-eponge\/\"]}]},{\"@type\":\"ImageObject\",\"inLanguage\":\"fr-FR\",\"@id\":\"https:\/\/eurocas.com\/fr\/produit\/rouleaux-eponge\/#primaryimage\",\"url\":\"https:\/\/eurocas.com\/wp-content\/uploads\/2022\/07\/sponge-roll.png\",\"contentUrl\":\"https:\/\/eurocas.com\/wp-content\/uploads\/2022\/07\/sponge-roll.png\",\"width\":800,\"height\":460,\"caption\":\"sponge rolls\"},{\"@type\":\"BreadcrumbList\",\"@id\":\"https:\/\/eurocas.com\/fr\/produit\/rouleaux-eponge\/#breadcrumb\",\"itemListElement\":[{\"@type\":\"ListItem\",\"position\":1,\"name\":\"Home\",\"item\":\"https:\/\/eurocas.com\/fr\/\"},{\"@type\":\"ListItem\",\"position\":2,\"name\":\"Products\",\"item\":\"https:\/\/eurocas.com\/shop\/\"},{\"@type\":\"ListItem\",\"position\":3,\"name\":\"Rouleaux \u00e9ponge\"}]},{\"@type\":\"WebSite\",\"@id\":\"https:\/\/eurocas.com\/#website\",\"url\":\"https:\/\/eurocas.com\/\",\"name\":\"Eurocas.com\",\"description\":\"Eurocas.com\",\"publisher\":{\"@id\":\"https:\/\/eurocas.com\/#organization\"},\"potentialAction\":[{\"@type\":\"SearchAction\",\"target\":{\"@type\":\"EntryPoint\",\"urlTemplate\":\"https:\/\/eurocas.com\/?s={search_term_string}\"},\"query-input\":\"required name=search_term_string\"}],\"inLanguage\":\"fr-FR\"},{\"@type\":\"Organization\",\"@id\":\"https:\/\/eurocas.com\/#organization\",\"name\":\"Eurocas International\",\"url\":\"https:\/\/eurocas.com\/\",\"logo\":{\"@type\":\"ImageObject\",\"inLanguage\":\"fr-FR\",\"@id\":\"https:\/\/eurocas.com\/#\/schema\/logo\/image\/\",\"url\":\"https:\/\/eurocas.com\/wp-content\/uploads\/2021\/09\/logo.png\",\"contentUrl\":\"https:\/\/eurocas.com\/wp-content\/uploads\/2021\/09\/logo.png\",\"width\":1954,\"height\":599,\"caption\":\"Eurocas International\"},\"image\":{\"@id\":\"https:\/\/eurocas.com\/#\/schema\/logo\/image\/\"}}]}<\/script>\n<!-- \/ Yoast SEO plugin. -->","yoast_head_json":{"title":"Rouleaux \u00e9ponge | Eurocas.com","description":"Rouleaux \u00e9ponge. Eurocas.com.","robots":{"index":"index","follow":"follow","max-snippet":"max-snippet:-1","max-image-preview":"max-image-preview:large","max-video-preview":"max-video-preview:-1"},"canonical":"https:\/\/eurocas.com\/fr\/produit\/rouleaux-eponge\/","og_locale":"fr_FR","og_type":"article","og_title":"Rouleaux \u00e9ponge | Eurocas.com","og_description":"Rouleaux \u00e9ponge. Eurocas.com.","og_url":"https:\/\/eurocas.com\/fr\/produit\/rouleaux-eponge\/","og_site_name":"Eurocas.com","article_modified_time":"2022-11-24T09:33:16+00:00","og_image":[{"width":800,"height":460,"url":"https:\/\/eurocas.com\/wp-content\/uploads\/2022\/07\/sponge-roll.png","type":"image\/png"}],"twitter_card":"summary_large_image","schema":{"@context":"https:\/\/schema.org","@graph":[{"@type":"WebPage","@id":"https:\/\/eurocas.com\/fr\/produit\/rouleaux-eponge\/","url":"https:\/\/eurocas.com\/fr\/produit\/rouleaux-eponge\/","name":"Rouleaux \u00e9ponge | Eurocas.com","isPartOf":{"@id":"https:\/\/eurocas.com\/#website"},"primaryImageOfPage":{"@id":"https:\/\/eurocas.com\/fr\/produit\/rouleaux-eponge\/#primaryimage"},"image":{"@id":"https:\/\/eurocas.com\/fr\/produit\/rouleaux-eponge\/#primaryimage"},"thumbnailUrl":"https:\/\/eurocas.com\/wp-content\/uploads\/2022\/07\/sponge-roll.png","datePublished":"2022-11-24T09:33:15+00:00","dateModified":"2022-11-24T09:33:16+00:00","description":"Rouleaux \u00e9ponge. Eurocas.com.","breadcrumb":{"@id":"https:\/\/eurocas.com\/fr\/produit\/rouleaux-eponge\/#breadcrumb"},"inLanguage":"fr-FR","potentialAction":[{"@type":"ReadAction","target":["https:\/\/eurocas.com\/fr\/produit\/rouleaux-eponge\/"]}]},{"@type":"ImageObject","inLanguage":"fr-FR","@id":"https:\/\/eurocas.com\/fr\/produit\/rouleaux-eponge\/#primaryimage","url":"https:\/\/eurocas.com\/wp-content\/uploads\/2022\/07\/sponge-roll.png","contentUrl":"https:\/\/eurocas.com\/wp-content\/uploads\/2022\/07\/sponge-roll.png","width":800,"height":460,"caption":"sponge rolls"},{"@type":"BreadcrumbList","@id":"https:\/\/eurocas.com\/fr\/produit\/rouleaux-eponge\/#breadcrumb","itemListElement":[{"@type":"ListItem","position":1,"name":"Home","item":"https:\/\/eurocas.com\/fr\/"},{"@type":"ListItem","position":2,"name":"Products","item":"https:\/\/eurocas.com\/shop\/"},{"@type":"ListItem","position":3,"name":"Rouleaux \u00e9ponge"}]},{"@type":"WebSite","@id":"https:\/\/eurocas.com\/#website","url":"https:\/\/eurocas.com\/","name":"Eurocas.com","description":"Eurocas.com","publisher":{"@id":"https:\/\/eurocas.com\/#organization"},"potentialAction":[{"@type":"SearchAction","target":{"@type":"EntryPoint","urlTemplate":"https:\/\/eurocas.com\/?s={search_term_string}"},"query-input":"required name=search_term_string"}],"inLanguage":"fr-FR"},{"@type":"Organization","@id":"https:\/\/eurocas.com\/#organization","name":"Eurocas International","url":"https:\/\/eurocas.com\/","logo":{"@type":"ImageObject","inLanguage":"fr-FR","@id":"https:\/\/eurocas.com\/#\/schema\/logo\/image\/","url":"https:\/\/eurocas.com\/wp-content\/uploads\/2021\/09\/logo.png","contentUrl":"https:\/\/eurocas.com\/wp-content\/uploads\/2021\/09\/logo.png","width":1954,"height":599,"caption":"Eurocas International"},"image":{"@id":"https:\/\/eurocas.com\/#\/schema\/logo\/image\/"}}]}},"_links":{"self":[{"href":"https:\/\/eurocas.com\/fr\/wp-json\/wp\/v2\/product\/3495"}],"collection":[{"href":"https:\/\/eurocas.com\/fr\/wp-json\/wp\/v2\/product"}],"about":[{"href":"https:\/\/eurocas.com\/fr\/wp-json\/wp\/v2\/types\/product"}],"wp:featuredmedia":[{"embeddable":true,"href":"https:\/\/eurocas.com\/fr\/wp-json\/wp\/v2\/media\/3221"}],"wp:attachment":[{"href":"https:\/\/eurocas.com\/fr\/wp-json\/wp\/v2\/media?parent=3495"}],"wp:term":[{"taxonomy":"product_cat","embeddable":true,"href":"https:\/\/eurocas.com\/fr\/wp-json\/wp\/v2\/product_cat?post=3495"},{"taxonomy":"product_tag","embeddable":true,"href":"https:\/\/eurocas.com\/fr\/wp-json\/wp\/v2\/product_tag?post=3495"}],"curies":[{"name":"wp","href":"https:\/\/api.w.org\/{rel}","templated":true}]}}