{"id":3493,"date":"2022-07-06T15:35:46","date_gmt":"2022-11-24T09:31:33","guid":{"rendered":"https:\/\/eurocas.com\/?post_type=product&#038;p=3493\/"},"modified":"2023-04-04T13:40:31","modified_gmt":"2023-04-04T10:40:31","slug":"cerises-a-cocktail","status":"publish","type":"product","link":"https:\/\/eurocas.com\/fr\/produit\/cerises-a-cocktail\/","title":{"rendered":"Cerises \u00e0 cocktail"},"content":{"rendered":"","protected":false},"excerpt":{"rendered":"<p>M\u00eame si, comme son nom l&rsquo;indique, il s&rsquo;agit d&rsquo;un produit principalement utilis\u00e9 dans les bars et restaurants haut de gamme, les cerises \u00e0 cocktail rouges sont de plus en plus utilis\u00e9es dans les p\u00e2tisseries \u00e9galement.<\/p>\n<p>Leur couleur rouge intense et leur queue \u00e9l\u00e9gante offrent un magnifique contraste de couleurs, notamment en d\u00e9coration sur des g\u00e2teaux \u00e0 la chantilly ou des cupcakes.<\/p>\n<p>Surprenez vos clients avec une jolie nouvelle d\u00e9coration et essayez les cerises cocktail rouges Eurocas avec queue.<\/p>\n<p>Conditionnement standard : pot en verre de 720 ml, 6 pots dans une bo\u00eete en carton.<\/p>\n","protected":false},"featured_media":3254,"template":"","meta":[],"product_cat":[108],"product_tag":[],"yoast_head":"<!-- This site is optimized with the Yoast SEO plugin v22.8 - https:\/\/yoast.com\/wordpress\/plugins\/seo\/ -->\n<title>Cerises \u00e0 cocktail<\/title>\n<meta name=\"description\" content=\"Cerises \u00e0 cocktail. Eurocas.com.\" \/>\n<meta name=\"robots\" content=\"index, follow, max-snippet:-1, max-image-preview:large, max-video-preview:-1\" \/>\n<link rel=\"canonical\" href=\"https:\/\/eurocas.com\/fr\/produit\/cerises-a-cocktail\/\" \/>\n<meta property=\"og:locale\" content=\"fr_FR\" \/>\n<meta property=\"og:type\" content=\"article\" \/>\n<meta property=\"og:title\" content=\"Cerises \u00e0 cocktail\" \/>\n<meta property=\"og:description\" content=\"Cerises \u00e0 cocktail. Eurocas.com.\" \/>\n<meta property=\"og:url\" content=\"https:\/\/eurocas.com\/fr\/produit\/cerises-a-cocktail\/\" \/>\n<meta property=\"og:site_name\" content=\"Eurocas.com\" \/>\n<meta property=\"article:modified_time\" content=\"2023-04-04T10:40:31+00:00\" \/>\n<meta property=\"og:image\" content=\"https:\/\/eurocas.com\/wp-content\/uploads\/2022\/07\/cocktail-cherries.png\" \/>\n\t<meta property=\"og:image:width\" content=\"800\" \/>\n\t<meta property=\"og:image:height\" content=\"460\" \/>\n\t<meta property=\"og:image:type\" content=\"image\/png\" \/>\n<meta name=\"twitter:card\" content=\"summary_large_image\" \/>\n<script type=\"application\/ld+json\" class=\"yoast-schema-graph\">{\"@context\":\"https:\/\/schema.org\",\"@graph\":[{\"@type\":\"WebPage\",\"@id\":\"https:\/\/eurocas.com\/fr\/produit\/cerises-a-cocktail\/\",\"url\":\"https:\/\/eurocas.com\/fr\/produit\/cerises-a-cocktail\/\",\"name\":\"Cerises \u00e0 cocktail\",\"isPartOf\":{\"@id\":\"https:\/\/eurocas.com\/#website\"},\"primaryImageOfPage\":{\"@id\":\"https:\/\/eurocas.com\/fr\/produit\/cerises-a-cocktail\/#primaryimage\"},\"image\":{\"@id\":\"https:\/\/eurocas.com\/fr\/produit\/cerises-a-cocktail\/#primaryimage\"},\"thumbnailUrl\":\"https:\/\/eurocas.com\/wp-content\/uploads\/2022\/07\/cocktail-cherries-1.png\",\"datePublished\":\"2022-11-24T09:31:33+00:00\",\"dateModified\":\"2023-04-04T10:40:31+00:00\",\"description\":\"Cerises \u00e0 cocktail. Eurocas.com.\",\"breadcrumb\":{\"@id\":\"https:\/\/eurocas.com\/fr\/produit\/cerises-a-cocktail\/#breadcrumb\"},\"inLanguage\":\"fr-FR\",\"potentialAction\":[{\"@type\":\"ReadAction\",\"target\":[\"https:\/\/eurocas.com\/fr\/produit\/cerises-a-cocktail\/\"]}]},{\"@type\":\"ImageObject\",\"inLanguage\":\"fr-FR\",\"@id\":\"https:\/\/eurocas.com\/fr\/produit\/cerises-a-cocktail\/#primaryimage\",\"url\":\"https:\/\/eurocas.com\/wp-content\/uploads\/2022\/07\/cocktail-cherries-1.png\",\"contentUrl\":\"https:\/\/eurocas.com\/wp-content\/uploads\/2022\/07\/cocktail-cherries-1.png\",\"width\":800,\"height\":460},{\"@type\":\"BreadcrumbList\",\"@id\":\"https:\/\/eurocas.com\/fr\/produit\/cerises-a-cocktail\/#breadcrumb\",\"itemListElement\":[{\"@type\":\"ListItem\",\"position\":1,\"name\":\"Home\",\"item\":\"https:\/\/eurocas.com\/fr\/\"},{\"@type\":\"ListItem\",\"position\":2,\"name\":\"Products\",\"item\":\"https:\/\/eurocas.com\/shop\/\"},{\"@type\":\"ListItem\",\"position\":3,\"name\":\"Cerises \u00e0 cocktail\"}]},{\"@type\":\"WebSite\",\"@id\":\"https:\/\/eurocas.com\/#website\",\"url\":\"https:\/\/eurocas.com\/\",\"name\":\"Eurocas.com\",\"description\":\"Eurocas.com\",\"publisher\":{\"@id\":\"https:\/\/eurocas.com\/#organization\"},\"potentialAction\":[{\"@type\":\"SearchAction\",\"target\":{\"@type\":\"EntryPoint\",\"urlTemplate\":\"https:\/\/eurocas.com\/?s={search_term_string}\"},\"query-input\":\"required name=search_term_string\"}],\"inLanguage\":\"fr-FR\"},{\"@type\":\"Organization\",\"@id\":\"https:\/\/eurocas.com\/#organization\",\"name\":\"Eurocas International\",\"url\":\"https:\/\/eurocas.com\/\",\"logo\":{\"@type\":\"ImageObject\",\"inLanguage\":\"fr-FR\",\"@id\":\"https:\/\/eurocas.com\/#\/schema\/logo\/image\/\",\"url\":\"https:\/\/eurocas.com\/wp-content\/uploads\/2021\/09\/logo.png\",\"contentUrl\":\"https:\/\/eurocas.com\/wp-content\/uploads\/2021\/09\/logo.png\",\"width\":1954,\"height\":599,\"caption\":\"Eurocas International\"},\"image\":{\"@id\":\"https:\/\/eurocas.com\/#\/schema\/logo\/image\/\"}}]}<\/script>\n<!-- \/ Yoast SEO plugin. -->","yoast_head_json":{"title":"Cerises \u00e0 cocktail","description":"Cerises \u00e0 cocktail. Eurocas.com.","robots":{"index":"index","follow":"follow","max-snippet":"max-snippet:-1","max-image-preview":"max-image-preview:large","max-video-preview":"max-video-preview:-1"},"canonical":"https:\/\/eurocas.com\/fr\/produit\/cerises-a-cocktail\/","og_locale":"fr_FR","og_type":"article","og_title":"Cerises \u00e0 cocktail","og_description":"Cerises \u00e0 cocktail. Eurocas.com.","og_url":"https:\/\/eurocas.com\/fr\/produit\/cerises-a-cocktail\/","og_site_name":"Eurocas.com","article_modified_time":"2023-04-04T10:40:31+00:00","og_image":[{"width":800,"height":460,"url":"https:\/\/eurocas.com\/wp-content\/uploads\/2022\/07\/cocktail-cherries.png","type":"image\/png"}],"twitter_card":"summary_large_image","schema":{"@context":"https:\/\/schema.org","@graph":[{"@type":"WebPage","@id":"https:\/\/eurocas.com\/fr\/produit\/cerises-a-cocktail\/","url":"https:\/\/eurocas.com\/fr\/produit\/cerises-a-cocktail\/","name":"Cerises \u00e0 cocktail","isPartOf":{"@id":"https:\/\/eurocas.com\/#website"},"primaryImageOfPage":{"@id":"https:\/\/eurocas.com\/fr\/produit\/cerises-a-cocktail\/#primaryimage"},"image":{"@id":"https:\/\/eurocas.com\/fr\/produit\/cerises-a-cocktail\/#primaryimage"},"thumbnailUrl":"https:\/\/eurocas.com\/wp-content\/uploads\/2022\/07\/cocktail-cherries-1.png","datePublished":"2022-11-24T09:31:33+00:00","dateModified":"2023-04-04T10:40:31+00:00","description":"Cerises \u00e0 cocktail. Eurocas.com.","breadcrumb":{"@id":"https:\/\/eurocas.com\/fr\/produit\/cerises-a-cocktail\/#breadcrumb"},"inLanguage":"fr-FR","potentialAction":[{"@type":"ReadAction","target":["https:\/\/eurocas.com\/fr\/produit\/cerises-a-cocktail\/"]}]},{"@type":"ImageObject","inLanguage":"fr-FR","@id":"https:\/\/eurocas.com\/fr\/produit\/cerises-a-cocktail\/#primaryimage","url":"https:\/\/eurocas.com\/wp-content\/uploads\/2022\/07\/cocktail-cherries-1.png","contentUrl":"https:\/\/eurocas.com\/wp-content\/uploads\/2022\/07\/cocktail-cherries-1.png","width":800,"height":460},{"@type":"BreadcrumbList","@id":"https:\/\/eurocas.com\/fr\/produit\/cerises-a-cocktail\/#breadcrumb","itemListElement":[{"@type":"ListItem","position":1,"name":"Home","item":"https:\/\/eurocas.com\/fr\/"},{"@type":"ListItem","position":2,"name":"Products","item":"https:\/\/eurocas.com\/shop\/"},{"@type":"ListItem","position":3,"name":"Cerises \u00e0 cocktail"}]},{"@type":"WebSite","@id":"https:\/\/eurocas.com\/#website","url":"https:\/\/eurocas.com\/","name":"Eurocas.com","description":"Eurocas.com","publisher":{"@id":"https:\/\/eurocas.com\/#organization"},"potentialAction":[{"@type":"SearchAction","target":{"@type":"EntryPoint","urlTemplate":"https:\/\/eurocas.com\/?s={search_term_string}"},"query-input":"required name=search_term_string"}],"inLanguage":"fr-FR"},{"@type":"Organization","@id":"https:\/\/eurocas.com\/#organization","name":"Eurocas International","url":"https:\/\/eurocas.com\/","logo":{"@type":"ImageObject","inLanguage":"fr-FR","@id":"https:\/\/eurocas.com\/#\/schema\/logo\/image\/","url":"https:\/\/eurocas.com\/wp-content\/uploads\/2021\/09\/logo.png","contentUrl":"https:\/\/eurocas.com\/wp-content\/uploads\/2021\/09\/logo.png","width":1954,"height":599,"caption":"Eurocas International"},"image":{"@id":"https:\/\/eurocas.com\/#\/schema\/logo\/image\/"}}]}},"_links":{"self":[{"href":"https:\/\/eurocas.com\/fr\/wp-json\/wp\/v2\/product\/3493"}],"collection":[{"href":"https:\/\/eurocas.com\/fr\/wp-json\/wp\/v2\/product"}],"about":[{"href":"https:\/\/eurocas.com\/fr\/wp-json\/wp\/v2\/types\/product"}],"wp:featuredmedia":[{"embeddable":true,"href":"https:\/\/eurocas.com\/fr\/wp-json\/wp\/v2\/media\/3254"}],"wp:attachment":[{"href":"https:\/\/eurocas.com\/fr\/wp-json\/wp\/v2\/media?parent=3493"}],"wp:term":[{"taxonomy":"product_cat","embeddable":true,"href":"https:\/\/eurocas.com\/fr\/wp-json\/wp\/v2\/product_cat?post=3493"},{"taxonomy":"product_tag","embeddable":true,"href":"https:\/\/eurocas.com\/fr\/wp-json\/wp\/v2\/product_tag?post=3493"}],"curies":[{"name":"wp","href":"https:\/\/api.w.org\/{rel}","templated":true}]}}