{"id":2599,"date":"2021-05-26T00:00:00","date_gmt":"2021-05-25T22:00:00","guid":{"rendered":"https:\/\/eurocas.com\/product\/garnitures-aux-fruits-en-gel\/"},"modified":"2022-11-24T13:53:53","modified_gmt":"2022-11-24T10:53:53","slug":"garnitures-aux-fruits-en-gel","status":"publish","type":"product","link":"https:\/\/eurocas.com\/fr\/produit\/garnitures-aux-fruits-en-gel\/","title":{"rendered":"Garnitures aux fruits (en gel)"},"content":{"rendered":"<p>Ready to use creams<\/p>\n<p><strong>Une large gamme de garnitures aux fruits en gel.<\/strong><\/p>\n<ul>\n<li>GROS MORCEAUX DE FRUIT<\/li>\n<li>GAMME VARI\u00c9E<\/li>\n<li>EMBALLAGE INTELLIGENT<\/li>\n<\/ul>\n<p>Nos garnitures aux fruits en gel sont un excellent moyen pour donner un look frais \u00e0 votre produit final. Vous pouvez les utiliser comme d\u00e9coration ou comme garniture pour les desserts d\u00e9j\u00e0 cuits.<\/p>\n<p>Une de leurs caract\u00e9ristiques attrayantes est leur emballage tr\u00e8s pratique.<\/p>\n<p>Ils se pr\u00e9sentent en bo\u00eetes de 2,6 kg ce qui leur offre une longue dur\u00e9e de conservation. Les bo\u00eetes sont faciles \u00e0 ouvrir et sont livr\u00e9es avec un couvercle qui vous permet de fermer la bo\u00eete de fa\u00e7on optimale apr\u00e8s ouverture.<\/p>\n<p>Nos garnitures aux fruit les plus vendues sont la cerise, la fraise et la myrtille.<\/p>\n","protected":false},"excerpt":{"rendered":"<p><strong>Une large gamme de garnitures aux fruits en gel.<\/strong><\/p>\n<ul>\n<li>GROS MORCEAUX DE FRUIT<\/li>\n<li>GAMME VARI\u00c9E<\/li>\n<li>EMBALLAGE INTELLIGENT<\/li>\n<\/ul>\n<p>Nos garnitures aux fruits en gel sont un excellent moyen pour donner un look frais \u00e0 votre produit final. Vous pouvez les utiliser comme d\u00e9coration ou comme garniture pour les desserts d\u00e9j\u00e0 cuits.<\/p>\n<p>Une de leurs caract\u00e9ristiques attrayantes est leur emballage tr\u00e8s pratique.<\/p>\n<p>Ils se pr\u00e9sentent en bo\u00eetes de 2,6 kg ce qui leur offre une longue dur\u00e9e de conservation. Les bo\u00eetes sont faciles \u00e0 ouvrir et sont livr\u00e9es avec un couvercle qui vous permet de fermer la bo\u00eete de fa\u00e7on optimale apr\u00e8s ouverture.<\/p>\n<p>Nos garnitures aux fruit les plus vendues sont la cerise, la fraise et la myrtille.<\/p>\n","protected":false},"featured_media":2595,"template":"","meta":[],"product_cat":[70],"product_tag":[],"yoast_head":"<!-- This site is optimized with the Yoast SEO plugin v22.8 - https:\/\/yoast.com\/wordpress\/plugins\/seo\/ -->\n<title>Garnitures aux fruits (en gel) | Eurocas.com<\/title>\n<meta name=\"description\" content=\"Garnitures aux fruits (en gel). Eurocas.com.\" \/>\n<meta name=\"robots\" content=\"index, follow, max-snippet:-1, max-image-preview:large, max-video-preview:-1\" \/>\n<link rel=\"canonical\" href=\"https:\/\/eurocas.com\/fr\/produit\/garnitures-aux-fruits-en-gel\/\" \/>\n<meta property=\"og:locale\" content=\"fr_FR\" \/>\n<meta property=\"og:type\" content=\"article\" \/>\n<meta property=\"og:title\" content=\"Garnitures aux fruits (en gel) | Eurocas.com\" \/>\n<meta property=\"og:description\" content=\"Garnitures aux fruits (en gel). Eurocas.com.\" \/>\n<meta property=\"og:url\" content=\"https:\/\/eurocas.com\/fr\/produit\/garnitures-aux-fruits-en-gel\/\" \/>\n<meta property=\"og:site_name\" content=\"Eurocas.com\" \/>\n<meta property=\"article:modified_time\" content=\"2022-11-24T10:53:53+00:00\" \/>\n<meta property=\"og:image\" content=\"https:\/\/eurocas.com\/wp-content\/uploads\/2022\/03\/Fruit-Toppings-8.png\" \/>\n\t<meta property=\"og:image:width\" content=\"950\" \/>\n\t<meta property=\"og:image:height\" content=\"775\" \/>\n\t<meta property=\"og:image:type\" content=\"image\/png\" \/>\n<meta name=\"twitter:card\" content=\"summary_large_image\" \/>\n<meta name=\"twitter:label1\" content=\"Dur\u00e9e de lecture estim\u00e9e\" \/>\n\t<meta name=\"twitter:data1\" content=\"1 minute\" \/>\n<script type=\"application\/ld+json\" class=\"yoast-schema-graph\">{\"@context\":\"https:\/\/schema.org\",\"@graph\":[{\"@type\":\"WebPage\",\"@id\":\"https:\/\/eurocas.com\/fr\/produit\/garnitures-aux-fruits-en-gel\/\",\"url\":\"https:\/\/eurocas.com\/fr\/produit\/garnitures-aux-fruits-en-gel\/\",\"name\":\"Garnitures aux fruits (en gel) | Eurocas.com\",\"isPartOf\":{\"@id\":\"https:\/\/eurocas.com\/#website\"},\"primaryImageOfPage\":{\"@id\":\"https:\/\/eurocas.com\/fr\/produit\/garnitures-aux-fruits-en-gel\/#primaryimage\"},\"image\":{\"@id\":\"https:\/\/eurocas.com\/fr\/produit\/garnitures-aux-fruits-en-gel\/#primaryimage\"},\"thumbnailUrl\":\"https:\/\/eurocas.com\/wp-content\/uploads\/2022\/03\/Fruit-Toppings-8.png\",\"datePublished\":\"2021-05-25T22:00:00+00:00\",\"dateModified\":\"2022-11-24T10:53:53+00:00\",\"description\":\"Garnitures aux fruits (en gel). Eurocas.com.\",\"breadcrumb\":{\"@id\":\"https:\/\/eurocas.com\/fr\/produit\/garnitures-aux-fruits-en-gel\/#breadcrumb\"},\"inLanguage\":\"fr-FR\",\"potentialAction\":[{\"@type\":\"ReadAction\",\"target\":[\"https:\/\/eurocas.com\/fr\/produit\/garnitures-aux-fruits-en-gel\/\"]}]},{\"@type\":\"ImageObject\",\"inLanguage\":\"fr-FR\",\"@id\":\"https:\/\/eurocas.com\/fr\/produit\/garnitures-aux-fruits-en-gel\/#primaryimage\",\"url\":\"https:\/\/eurocas.com\/wp-content\/uploads\/2022\/03\/Fruit-Toppings-8.png\",\"contentUrl\":\"https:\/\/eurocas.com\/wp-content\/uploads\/2022\/03\/Fruit-Toppings-8.png\",\"width\":950,\"height\":775,\"caption\":\"fruit toppings in gel for pastry and desserts\"},{\"@type\":\"BreadcrumbList\",\"@id\":\"https:\/\/eurocas.com\/fr\/produit\/garnitures-aux-fruits-en-gel\/#breadcrumb\",\"itemListElement\":[{\"@type\":\"ListItem\",\"position\":1,\"name\":\"Home\",\"item\":\"https:\/\/eurocas.com\/fr\/\"},{\"@type\":\"ListItem\",\"position\":2,\"name\":\"Products\",\"item\":\"https:\/\/eurocas.com\/shop\/\"},{\"@type\":\"ListItem\",\"position\":3,\"name\":\"Garnitures aux fruits (en gel)\"}]},{\"@type\":\"WebSite\",\"@id\":\"https:\/\/eurocas.com\/#website\",\"url\":\"https:\/\/eurocas.com\/\",\"name\":\"Eurocas.com\",\"description\":\"Eurocas.com\",\"publisher\":{\"@id\":\"https:\/\/eurocas.com\/#organization\"},\"potentialAction\":[{\"@type\":\"SearchAction\",\"target\":{\"@type\":\"EntryPoint\",\"urlTemplate\":\"https:\/\/eurocas.com\/?s={search_term_string}\"},\"query-input\":\"required name=search_term_string\"}],\"inLanguage\":\"fr-FR\"},{\"@type\":\"Organization\",\"@id\":\"https:\/\/eurocas.com\/#organization\",\"name\":\"Eurocas International\",\"url\":\"https:\/\/eurocas.com\/\",\"logo\":{\"@type\":\"ImageObject\",\"inLanguage\":\"fr-FR\",\"@id\":\"https:\/\/eurocas.com\/#\/schema\/logo\/image\/\",\"url\":\"https:\/\/eurocas.com\/wp-content\/uploads\/2021\/09\/logo.png\",\"contentUrl\":\"https:\/\/eurocas.com\/wp-content\/uploads\/2021\/09\/logo.png\",\"width\":1954,\"height\":599,\"caption\":\"Eurocas International\"},\"image\":{\"@id\":\"https:\/\/eurocas.com\/#\/schema\/logo\/image\/\"}}]}<\/script>\n<!-- \/ Yoast SEO plugin. -->","yoast_head_json":{"title":"Garnitures aux fruits (en gel) | Eurocas.com","description":"Garnitures aux fruits (en gel). Eurocas.com.","robots":{"index":"index","follow":"follow","max-snippet":"max-snippet:-1","max-image-preview":"max-image-preview:large","max-video-preview":"max-video-preview:-1"},"canonical":"https:\/\/eurocas.com\/fr\/produit\/garnitures-aux-fruits-en-gel\/","og_locale":"fr_FR","og_type":"article","og_title":"Garnitures aux fruits (en gel) | Eurocas.com","og_description":"Garnitures aux fruits (en gel). Eurocas.com.","og_url":"https:\/\/eurocas.com\/fr\/produit\/garnitures-aux-fruits-en-gel\/","og_site_name":"Eurocas.com","article_modified_time":"2022-11-24T10:53:53+00:00","og_image":[{"width":950,"height":775,"url":"https:\/\/eurocas.com\/wp-content\/uploads\/2022\/03\/Fruit-Toppings-8.png","type":"image\/png"}],"twitter_card":"summary_large_image","twitter_misc":{"Dur\u00e9e de lecture estim\u00e9e":"1 minute"},"schema":{"@context":"https:\/\/schema.org","@graph":[{"@type":"WebPage","@id":"https:\/\/eurocas.com\/fr\/produit\/garnitures-aux-fruits-en-gel\/","url":"https:\/\/eurocas.com\/fr\/produit\/garnitures-aux-fruits-en-gel\/","name":"Garnitures aux fruits (en gel) | Eurocas.com","isPartOf":{"@id":"https:\/\/eurocas.com\/#website"},"primaryImageOfPage":{"@id":"https:\/\/eurocas.com\/fr\/produit\/garnitures-aux-fruits-en-gel\/#primaryimage"},"image":{"@id":"https:\/\/eurocas.com\/fr\/produit\/garnitures-aux-fruits-en-gel\/#primaryimage"},"thumbnailUrl":"https:\/\/eurocas.com\/wp-content\/uploads\/2022\/03\/Fruit-Toppings-8.png","datePublished":"2021-05-25T22:00:00+00:00","dateModified":"2022-11-24T10:53:53+00:00","description":"Garnitures aux fruits (en gel). Eurocas.com.","breadcrumb":{"@id":"https:\/\/eurocas.com\/fr\/produit\/garnitures-aux-fruits-en-gel\/#breadcrumb"},"inLanguage":"fr-FR","potentialAction":[{"@type":"ReadAction","target":["https:\/\/eurocas.com\/fr\/produit\/garnitures-aux-fruits-en-gel\/"]}]},{"@type":"ImageObject","inLanguage":"fr-FR","@id":"https:\/\/eurocas.com\/fr\/produit\/garnitures-aux-fruits-en-gel\/#primaryimage","url":"https:\/\/eurocas.com\/wp-content\/uploads\/2022\/03\/Fruit-Toppings-8.png","contentUrl":"https:\/\/eurocas.com\/wp-content\/uploads\/2022\/03\/Fruit-Toppings-8.png","width":950,"height":775,"caption":"fruit toppings in gel for pastry and desserts"},{"@type":"BreadcrumbList","@id":"https:\/\/eurocas.com\/fr\/produit\/garnitures-aux-fruits-en-gel\/#breadcrumb","itemListElement":[{"@type":"ListItem","position":1,"name":"Home","item":"https:\/\/eurocas.com\/fr\/"},{"@type":"ListItem","position":2,"name":"Products","item":"https:\/\/eurocas.com\/shop\/"},{"@type":"ListItem","position":3,"name":"Garnitures aux fruits (en gel)"}]},{"@type":"WebSite","@id":"https:\/\/eurocas.com\/#website","url":"https:\/\/eurocas.com\/","name":"Eurocas.com","description":"Eurocas.com","publisher":{"@id":"https:\/\/eurocas.com\/#organization"},"potentialAction":[{"@type":"SearchAction","target":{"@type":"EntryPoint","urlTemplate":"https:\/\/eurocas.com\/?s={search_term_string}"},"query-input":"required name=search_term_string"}],"inLanguage":"fr-FR"},{"@type":"Organization","@id":"https:\/\/eurocas.com\/#organization","name":"Eurocas International","url":"https:\/\/eurocas.com\/","logo":{"@type":"ImageObject","inLanguage":"fr-FR","@id":"https:\/\/eurocas.com\/#\/schema\/logo\/image\/","url":"https:\/\/eurocas.com\/wp-content\/uploads\/2021\/09\/logo.png","contentUrl":"https:\/\/eurocas.com\/wp-content\/uploads\/2021\/09\/logo.png","width":1954,"height":599,"caption":"Eurocas International"},"image":{"@id":"https:\/\/eurocas.com\/#\/schema\/logo\/image\/"}}]}},"_links":{"self":[{"href":"https:\/\/eurocas.com\/fr\/wp-json\/wp\/v2\/product\/2599"}],"collection":[{"href":"https:\/\/eurocas.com\/fr\/wp-json\/wp\/v2\/product"}],"about":[{"href":"https:\/\/eurocas.com\/fr\/wp-json\/wp\/v2\/types\/product"}],"wp:featuredmedia":[{"embeddable":true,"href":"https:\/\/eurocas.com\/fr\/wp-json\/wp\/v2\/media\/2595"}],"wp:attachment":[{"href":"https:\/\/eurocas.com\/fr\/wp-json\/wp\/v2\/media?parent=2599"}],"wp:term":[{"taxonomy":"product_cat","embeddable":true,"href":"https:\/\/eurocas.com\/fr\/wp-json\/wp\/v2\/product_cat?post=2599"},{"taxonomy":"product_tag","embeddable":true,"href":"https:\/\/eurocas.com\/fr\/wp-json\/wp\/v2\/product_tag?post=2599"}],"curies":[{"name":"wp","href":"https:\/\/api.w.org\/{rel}","templated":true}]}}