{"id":2598,"date":"2021-05-26T00:00:00","date_gmt":"2021-05-25T22:00:00","guid":{"rendered":"https:\/\/eurocas.com\/product\/fourrages-aux-fruits-stables-a-la-cuisson\/"},"modified":"2022-11-24T13:21:46","modified_gmt":"2022-11-24T10:21:46","slug":"fourrages-aux-fruits-stables-a-la-cuisson","status":"publish","type":"product","link":"https:\/\/eurocas.com\/fr\/produit\/fourrages-aux-fruits-stables-a-la-cuisson\/","title":{"rendered":"Fourrages aux Fruits stables \u00e0 la cuisson"},"content":{"rendered":"<p>Ready to use creams<\/p>\n<section class=\"av_textblock_section \">\n<div class=\"avia_textblock av_inherit_color \">\n<p>Une vaste gamme de Fourrages aux Fruits stables \u00e0 la cuisson.<\/p>\n<\/div>\n<\/section>\n<ul>\n<li>STABLE A LA CUISSON<\/li>\n<li>STABLE A LA CONGELATION<\/li>\n<li>GAMME TRES LARGE<\/li>\n<\/ul>\n<p>La gamme de Fourrages de Fruits Eurocas est de haute qualit\u00e9, et stable \u00e0 la cuisson. Nous avons une vaste gamme mais quelques unes de nos meilleures ventes sont: Pomme, Griotte, Fraise, Abricot, Framboise etc\u2026Beaucoup d\u2019autres fruits sont disponibles sur demande.<\/p>\n<p>Nos fourrages aux Fruits sont stables \u00e0 la cuisson et contiennent un haut pourcentage de fruits.\u00a0 Le standard pour notre gamme est de 50%, sauf pour la Pomme qui contient 85% de fruit. Sur demande, nous pouvons fournir d\u2019autres pourcentages de fruits, selon la demande du client.<\/p>\n<p>Nous avons r\u00e9cemment introduit un Fourrage \u00e0 la Pomme Premium avec 90% de fruit, et des morceaux de pomme plus gros et plus croquants. Il est aussi conditionn\u00e9 en seaux pratiques de 5 kg.<\/p>\n","protected":false},"excerpt":{"rendered":"<p>Une vaste gamme de Fourrages aux Fruits stables \u00e0 la cuisson.<\/p>\n<ul>\n<li>STABLE A LA CUISSON<\/li>\n<li>STABLE A LA CONGELATION<\/li>\n<li>GAMME TRES LARGE<\/li>\n<\/ul>\n<p>La gamme de Fourrages de Fruits Eurocas est de haute qualit\u00e9, et stable \u00e0 la cuisson. Nous avons une vaste gamme mais quelques unes de nos meilleures ventes sont: Pomme, Griotte, Fraise, Abricot, Framboise etc\u2026Beaucoup d\u2019autres fruits sont disponibles sur demande.<\/p>\n<p>Nos fourrages aux Fruits sont stables \u00e0 la cuisson et contiennent un haut pourcentage de fruits.\u00a0 Le standard pour notre gamme est de 50%, sauf pour la Pomme qui contient 85% de fruit. Sur demande, nous pouvons fournir d\u2019autres pourcentages de fruits, selon la demande du client.<\/p>\n","protected":false},"featured_media":2309,"template":"","meta":[],"product_cat":[70],"product_tag":[],"yoast_head":"<!-- This site is optimized with the Yoast SEO plugin v22.8 - https:\/\/yoast.com\/wordpress\/plugins\/seo\/ -->\n<title>Fourrages aux Fruits stables \u00e0 la cuisson | Eurocas.com<\/title>\n<meta name=\"description\" content=\"Fourrages aux Fruits stables \u00e0 la cuisson. Eurocas.com.\" \/>\n<meta name=\"robots\" content=\"index, follow, max-snippet:-1, max-image-preview:large, max-video-preview:-1\" \/>\n<link rel=\"canonical\" href=\"https:\/\/eurocas.com\/fr\/produit\/fourrages-aux-fruits-stables-a-la-cuisson\/\" \/>\n<meta property=\"og:locale\" content=\"fr_FR\" \/>\n<meta property=\"og:type\" content=\"article\" \/>\n<meta property=\"og:title\" content=\"Fourrages aux Fruits stables \u00e0 la cuisson | Eurocas.com\" \/>\n<meta property=\"og:description\" content=\"Fourrages aux Fruits stables \u00e0 la cuisson. Eurocas.com.\" \/>\n<meta property=\"og:url\" content=\"https:\/\/eurocas.com\/fr\/produit\/fourrages-aux-fruits-stables-a-la-cuisson\/\" \/>\n<meta property=\"og:site_name\" content=\"Eurocas.com\" \/>\n<meta property=\"article:modified_time\" content=\"2022-11-24T10:21:46+00:00\" \/>\n<meta property=\"og:image\" content=\"https:\/\/eurocas.com\/wp-content\/uploads\/2022\/03\/Fruit-Fillings-2-16.jpg\" \/>\n\t<meta property=\"og:image:width\" content=\"950\" \/>\n\t<meta property=\"og:image:height\" content=\"735\" \/>\n\t<meta property=\"og:image:type\" content=\"image\/jpeg\" \/>\n<meta name=\"twitter:card\" content=\"summary_large_image\" \/>\n<meta name=\"twitter:label1\" content=\"Dur\u00e9e de lecture estim\u00e9e\" \/>\n\t<meta name=\"twitter:data1\" content=\"1 minute\" \/>\n<script type=\"application\/ld+json\" class=\"yoast-schema-graph\">{\"@context\":\"https:\/\/schema.org\",\"@graph\":[{\"@type\":\"WebPage\",\"@id\":\"https:\/\/eurocas.com\/fr\/produit\/fourrages-aux-fruits-stables-a-la-cuisson\/\",\"url\":\"https:\/\/eurocas.com\/fr\/produit\/fourrages-aux-fruits-stables-a-la-cuisson\/\",\"name\":\"Fourrages aux Fruits stables \u00e0 la cuisson | Eurocas.com\",\"isPartOf\":{\"@id\":\"https:\/\/eurocas.com\/#website\"},\"primaryImageOfPage\":{\"@id\":\"https:\/\/eurocas.com\/fr\/produit\/fourrages-aux-fruits-stables-a-la-cuisson\/#primaryimage\"},\"image\":{\"@id\":\"https:\/\/eurocas.com\/fr\/produit\/fourrages-aux-fruits-stables-a-la-cuisson\/#primaryimage\"},\"thumbnailUrl\":\"https:\/\/eurocas.com\/wp-content\/uploads\/2022\/03\/Fruit-Fillings-2-16.jpg\",\"datePublished\":\"2021-05-25T22:00:00+00:00\",\"dateModified\":\"2022-11-24T10:21:46+00:00\",\"description\":\"Fourrages aux Fruits stables \u00e0 la cuisson. Eurocas.com.\",\"breadcrumb\":{\"@id\":\"https:\/\/eurocas.com\/fr\/produit\/fourrages-aux-fruits-stables-a-la-cuisson\/#breadcrumb\"},\"inLanguage\":\"fr-FR\",\"potentialAction\":[{\"@type\":\"ReadAction\",\"target\":[\"https:\/\/eurocas.com\/fr\/produit\/fourrages-aux-fruits-stables-a-la-cuisson\/\"]}]},{\"@type\":\"ImageObject\",\"inLanguage\":\"fr-FR\",\"@id\":\"https:\/\/eurocas.com\/fr\/produit\/fourrages-aux-fruits-stables-a-la-cuisson\/#primaryimage\",\"url\":\"https:\/\/eurocas.com\/wp-content\/uploads\/2022\/03\/Fruit-Fillings-2-16.jpg\",\"contentUrl\":\"https:\/\/eurocas.com\/wp-content\/uploads\/2022\/03\/Fruit-Fillings-2-16.jpg\",\"width\":950,\"height\":735,\"caption\":\"bakestable fruit fillings for pastry and baking\"},{\"@type\":\"BreadcrumbList\",\"@id\":\"https:\/\/eurocas.com\/fr\/produit\/fourrages-aux-fruits-stables-a-la-cuisson\/#breadcrumb\",\"itemListElement\":[{\"@type\":\"ListItem\",\"position\":1,\"name\":\"Home\",\"item\":\"https:\/\/eurocas.com\/fr\/\"},{\"@type\":\"ListItem\",\"position\":2,\"name\":\"Products\",\"item\":\"https:\/\/eurocas.com\/shop\/\"},{\"@type\":\"ListItem\",\"position\":3,\"name\":\"Fourrages aux Fruits stables \u00e0 la cuisson\"}]},{\"@type\":\"WebSite\",\"@id\":\"https:\/\/eurocas.com\/#website\",\"url\":\"https:\/\/eurocas.com\/\",\"name\":\"Eurocas.com\",\"description\":\"Eurocas.com\",\"publisher\":{\"@id\":\"https:\/\/eurocas.com\/#organization\"},\"potentialAction\":[{\"@type\":\"SearchAction\",\"target\":{\"@type\":\"EntryPoint\",\"urlTemplate\":\"https:\/\/eurocas.com\/?s={search_term_string}\"},\"query-input\":\"required name=search_term_string\"}],\"inLanguage\":\"fr-FR\"},{\"@type\":\"Organization\",\"@id\":\"https:\/\/eurocas.com\/#organization\",\"name\":\"Eurocas International\",\"url\":\"https:\/\/eurocas.com\/\",\"logo\":{\"@type\":\"ImageObject\",\"inLanguage\":\"fr-FR\",\"@id\":\"https:\/\/eurocas.com\/#\/schema\/logo\/image\/\",\"url\":\"https:\/\/eurocas.com\/wp-content\/uploads\/2021\/09\/logo.png\",\"contentUrl\":\"https:\/\/eurocas.com\/wp-content\/uploads\/2021\/09\/logo.png\",\"width\":1954,\"height\":599,\"caption\":\"Eurocas International\"},\"image\":{\"@id\":\"https:\/\/eurocas.com\/#\/schema\/logo\/image\/\"}}]}<\/script>\n<!-- \/ Yoast SEO plugin. -->","yoast_head_json":{"title":"Fourrages aux Fruits stables \u00e0 la cuisson | Eurocas.com","description":"Fourrages aux Fruits stables \u00e0 la cuisson. Eurocas.com.","robots":{"index":"index","follow":"follow","max-snippet":"max-snippet:-1","max-image-preview":"max-image-preview:large","max-video-preview":"max-video-preview:-1"},"canonical":"https:\/\/eurocas.com\/fr\/produit\/fourrages-aux-fruits-stables-a-la-cuisson\/","og_locale":"fr_FR","og_type":"article","og_title":"Fourrages aux Fruits stables \u00e0 la cuisson | Eurocas.com","og_description":"Fourrages aux Fruits stables \u00e0 la cuisson. Eurocas.com.","og_url":"https:\/\/eurocas.com\/fr\/produit\/fourrages-aux-fruits-stables-a-la-cuisson\/","og_site_name":"Eurocas.com","article_modified_time":"2022-11-24T10:21:46+00:00","og_image":[{"width":950,"height":735,"url":"https:\/\/eurocas.com\/wp-content\/uploads\/2022\/03\/Fruit-Fillings-2-16.jpg","type":"image\/jpeg"}],"twitter_card":"summary_large_image","twitter_misc":{"Dur\u00e9e de lecture estim\u00e9e":"1 minute"},"schema":{"@context":"https:\/\/schema.org","@graph":[{"@type":"WebPage","@id":"https:\/\/eurocas.com\/fr\/produit\/fourrages-aux-fruits-stables-a-la-cuisson\/","url":"https:\/\/eurocas.com\/fr\/produit\/fourrages-aux-fruits-stables-a-la-cuisson\/","name":"Fourrages aux Fruits stables \u00e0 la cuisson | Eurocas.com","isPartOf":{"@id":"https:\/\/eurocas.com\/#website"},"primaryImageOfPage":{"@id":"https:\/\/eurocas.com\/fr\/produit\/fourrages-aux-fruits-stables-a-la-cuisson\/#primaryimage"},"image":{"@id":"https:\/\/eurocas.com\/fr\/produit\/fourrages-aux-fruits-stables-a-la-cuisson\/#primaryimage"},"thumbnailUrl":"https:\/\/eurocas.com\/wp-content\/uploads\/2022\/03\/Fruit-Fillings-2-16.jpg","datePublished":"2021-05-25T22:00:00+00:00","dateModified":"2022-11-24T10:21:46+00:00","description":"Fourrages aux Fruits stables \u00e0 la cuisson. Eurocas.com.","breadcrumb":{"@id":"https:\/\/eurocas.com\/fr\/produit\/fourrages-aux-fruits-stables-a-la-cuisson\/#breadcrumb"},"inLanguage":"fr-FR","potentialAction":[{"@type":"ReadAction","target":["https:\/\/eurocas.com\/fr\/produit\/fourrages-aux-fruits-stables-a-la-cuisson\/"]}]},{"@type":"ImageObject","inLanguage":"fr-FR","@id":"https:\/\/eurocas.com\/fr\/produit\/fourrages-aux-fruits-stables-a-la-cuisson\/#primaryimage","url":"https:\/\/eurocas.com\/wp-content\/uploads\/2022\/03\/Fruit-Fillings-2-16.jpg","contentUrl":"https:\/\/eurocas.com\/wp-content\/uploads\/2022\/03\/Fruit-Fillings-2-16.jpg","width":950,"height":735,"caption":"bakestable fruit fillings for pastry and baking"},{"@type":"BreadcrumbList","@id":"https:\/\/eurocas.com\/fr\/produit\/fourrages-aux-fruits-stables-a-la-cuisson\/#breadcrumb","itemListElement":[{"@type":"ListItem","position":1,"name":"Home","item":"https:\/\/eurocas.com\/fr\/"},{"@type":"ListItem","position":2,"name":"Products","item":"https:\/\/eurocas.com\/shop\/"},{"@type":"ListItem","position":3,"name":"Fourrages aux Fruits stables \u00e0 la cuisson"}]},{"@type":"WebSite","@id":"https:\/\/eurocas.com\/#website","url":"https:\/\/eurocas.com\/","name":"Eurocas.com","description":"Eurocas.com","publisher":{"@id":"https:\/\/eurocas.com\/#organization"},"potentialAction":[{"@type":"SearchAction","target":{"@type":"EntryPoint","urlTemplate":"https:\/\/eurocas.com\/?s={search_term_string}"},"query-input":"required name=search_term_string"}],"inLanguage":"fr-FR"},{"@type":"Organization","@id":"https:\/\/eurocas.com\/#organization","name":"Eurocas International","url":"https:\/\/eurocas.com\/","logo":{"@type":"ImageObject","inLanguage":"fr-FR","@id":"https:\/\/eurocas.com\/#\/schema\/logo\/image\/","url":"https:\/\/eurocas.com\/wp-content\/uploads\/2021\/09\/logo.png","contentUrl":"https:\/\/eurocas.com\/wp-content\/uploads\/2021\/09\/logo.png","width":1954,"height":599,"caption":"Eurocas International"},"image":{"@id":"https:\/\/eurocas.com\/#\/schema\/logo\/image\/"}}]}},"_links":{"self":[{"href":"https:\/\/eurocas.com\/fr\/wp-json\/wp\/v2\/product\/2598"}],"collection":[{"href":"https:\/\/eurocas.com\/fr\/wp-json\/wp\/v2\/product"}],"about":[{"href":"https:\/\/eurocas.com\/fr\/wp-json\/wp\/v2\/types\/product"}],"wp:featuredmedia":[{"embeddable":true,"href":"https:\/\/eurocas.com\/fr\/wp-json\/wp\/v2\/media\/2309"}],"wp:attachment":[{"href":"https:\/\/eurocas.com\/fr\/wp-json\/wp\/v2\/media?parent=2598"}],"wp:term":[{"taxonomy":"product_cat","embeddable":true,"href":"https:\/\/eurocas.com\/fr\/wp-json\/wp\/v2\/product_cat?post=2598"},{"taxonomy":"product_tag","embeddable":true,"href":"https:\/\/eurocas.com\/fr\/wp-json\/wp\/v2\/product_tag?post=2598"}],"curies":[{"name":"wp","href":"https:\/\/api.w.org\/{rel}","templated":true}]}}