{"id":2586,"date":"2021-03-04T00:00:00","date_gmt":"2021-03-03T21:00:00","guid":{"rendered":"https:\/\/eurocas.com\/product\/coquilles-de-macaron\/"},"modified":"2022-11-24T13:53:03","modified_gmt":"2022-11-24T10:53:03","slug":"coquilles-de-macaron","status":"publish","type":"product","link":"https:\/\/eurocas.com\/fr\/produit\/coquilles-de-macaron\/","title":{"rendered":"Coquilles de macaron"},"content":{"rendered":"<p>Ready to use creams<\/p>\n<p>Coquilles de macaron pr\u00eates \u00e0 l&#8217;emploi de qualit\u00e9 sup\u00e9rieure.<\/p>\n<ul>\n<li>QUALIT\u00c9 SUPERIEURE<\/li>\n<li>PR\u00caTES \u00c0 L\u2019EMPLOI<\/li>\n<li>6 COULEURS DISPONIBLES<\/li>\n<\/ul>\n<p>Les Coquilles Macarons Eurocas sont une aide formidable dans la production rapide de macarons. Gr\u00e2ce aux coquilles pr\u00eates \u00e0 l&#8217;emploi, il vous suffit d&rsquo;ajouter la garniture et vos macarons sont pr\u00eats!<\/p>\n<p>Nos coquilles de macaron sont disponibles dans plusieurs couleurs afin que vous puissiez les remplir de toute sortes de cr\u00e8mes pour cr\u00e9er des sp\u00e9cialit\u00e9s de p\u00e2tisserie color\u00e9es et haut de gamme.<\/p>\n","protected":false},"excerpt":{"rendered":"<p>Coquilles de macaron pr\u00eates \u00e0 l&#8217;emploi de qualit\u00e9 sup\u00e9rieure.<\/p>\n<ul>\n<li>QUALIT\u00c9 SUPERIEURE<\/li>\n<li>PR\u00caTES \u00c0 L\u2019EMPLOI<\/li>\n<li>6 COULEURS DISPONIBLES<\/li>\n<\/ul>\n<p>Les Coquilles Macarons Eurocas sont une aide formidable dans la production rapide de macarons. Gr\u00e2ce aux coquilles pr\u00eates \u00e0 l&#8217;emploi, il vous suffit d&rsquo;ajouter la garniture et vos macarons sont pr\u00eats!<\/p>\n<p>Nos coquilles de macaron sont disponibles dans plusieurs couleurs afin que vous puissiez les remplir de toute sortes de cr\u00e8mes pour cr\u00e9er des sp\u00e9cialit\u00e9s de p\u00e2tisserie color\u00e9es et haut de gamme.<\/p>\n","protected":false},"featured_media":3293,"template":"","meta":[],"product_cat":[107],"product_tag":[],"yoast_head":"<!-- This site is optimized with the Yoast SEO plugin v22.8 - https:\/\/yoast.com\/wordpress\/plugins\/seo\/ -->\n<title>Coquilles de macaron<\/title>\n<meta name=\"description\" content=\"Coquilles de macaron. Eurocas.com.\" \/>\n<meta name=\"robots\" content=\"index, follow, max-snippet:-1, max-image-preview:large, max-video-preview:-1\" \/>\n<link rel=\"canonical\" href=\"https:\/\/eurocas.com\/fr\/produit\/coquilles-de-macaron\/\" \/>\n<meta property=\"og:locale\" content=\"fr_FR\" \/>\n<meta property=\"og:type\" content=\"article\" \/>\n<meta property=\"og:title\" content=\"Coquilles de macaron\" \/>\n<meta property=\"og:description\" content=\"Coquilles de macaron. Eurocas.com.\" \/>\n<meta property=\"og:url\" content=\"https:\/\/eurocas.com\/fr\/produit\/coquilles-de-macaron\/\" \/>\n<meta property=\"og:site_name\" content=\"Eurocas.com\" \/>\n<meta property=\"article:modified_time\" content=\"2022-11-24T10:53:03+00:00\" \/>\n<meta property=\"og:image\" content=\"https:\/\/eurocas.com\/wp-content\/uploads\/2022\/03\/Macaron-shells-8.jpg\" \/>\n\t<meta property=\"og:image:width\" content=\"950\" \/>\n\t<meta property=\"og:image:height\" content=\"695\" \/>\n\t<meta property=\"og:image:type\" content=\"image\/jpeg\" \/>\n<meta name=\"twitter:card\" content=\"summary_large_image\" \/>\n<script type=\"application\/ld+json\" class=\"yoast-schema-graph\">{\"@context\":\"https:\/\/schema.org\",\"@graph\":[{\"@type\":\"WebPage\",\"@id\":\"https:\/\/eurocas.com\/fr\/produit\/coquilles-de-macaron\/\",\"url\":\"https:\/\/eurocas.com\/fr\/produit\/coquilles-de-macaron\/\",\"name\":\"Coquilles de macaron\",\"isPartOf\":{\"@id\":\"https:\/\/eurocas.com\/#website\"},\"primaryImageOfPage\":{\"@id\":\"https:\/\/eurocas.com\/fr\/produit\/coquilles-de-macaron\/#primaryimage\"},\"image\":{\"@id\":\"https:\/\/eurocas.com\/fr\/produit\/coquilles-de-macaron\/#primaryimage\"},\"thumbnailUrl\":\"https:\/\/eurocas.com\/wp-content\/uploads\/2022\/03\/Macaron-shells-8.jpg\",\"datePublished\":\"2021-03-03T21:00:00+00:00\",\"dateModified\":\"2022-11-24T10:53:03+00:00\",\"description\":\"Coquilles de macaron. Eurocas.com.\",\"breadcrumb\":{\"@id\":\"https:\/\/eurocas.com\/fr\/produit\/coquilles-de-macaron\/#breadcrumb\"},\"inLanguage\":\"fr-FR\",\"potentialAction\":[{\"@type\":\"ReadAction\",\"target\":[\"https:\/\/eurocas.com\/fr\/produit\/coquilles-de-macaron\/\"]}]},{\"@type\":\"ImageObject\",\"inLanguage\":\"fr-FR\",\"@id\":\"https:\/\/eurocas.com\/fr\/produit\/coquilles-de-macaron\/#primaryimage\",\"url\":\"https:\/\/eurocas.com\/wp-content\/uploads\/2022\/03\/Macaron-shells-8.jpg\",\"contentUrl\":\"https:\/\/eurocas.com\/wp-content\/uploads\/2022\/03\/Macaron-shells-8.jpg\",\"width\":950,\"height\":695,\"caption\":\"ready-made macaron shells for pastry chefs and bakeries\"},{\"@type\":\"BreadcrumbList\",\"@id\":\"https:\/\/eurocas.com\/fr\/produit\/coquilles-de-macaron\/#breadcrumb\",\"itemListElement\":[{\"@type\":\"ListItem\",\"position\":1,\"name\":\"Home\",\"item\":\"https:\/\/eurocas.com\/fr\/\"},{\"@type\":\"ListItem\",\"position\":2,\"name\":\"Products\",\"item\":\"https:\/\/eurocas.com\/shop\/\"},{\"@type\":\"ListItem\",\"position\":3,\"name\":\"Coquilles de macaron\"}]},{\"@type\":\"WebSite\",\"@id\":\"https:\/\/eurocas.com\/#website\",\"url\":\"https:\/\/eurocas.com\/\",\"name\":\"Eurocas.com\",\"description\":\"Eurocas.com\",\"publisher\":{\"@id\":\"https:\/\/eurocas.com\/#organization\"},\"potentialAction\":[{\"@type\":\"SearchAction\",\"target\":{\"@type\":\"EntryPoint\",\"urlTemplate\":\"https:\/\/eurocas.com\/?s={search_term_string}\"},\"query-input\":\"required name=search_term_string\"}],\"inLanguage\":\"fr-FR\"},{\"@type\":\"Organization\",\"@id\":\"https:\/\/eurocas.com\/#organization\",\"name\":\"Eurocas International\",\"url\":\"https:\/\/eurocas.com\/\",\"logo\":{\"@type\":\"ImageObject\",\"inLanguage\":\"fr-FR\",\"@id\":\"https:\/\/eurocas.com\/#\/schema\/logo\/image\/\",\"url\":\"https:\/\/eurocas.com\/wp-content\/uploads\/2021\/09\/logo.png\",\"contentUrl\":\"https:\/\/eurocas.com\/wp-content\/uploads\/2021\/09\/logo.png\",\"width\":1954,\"height\":599,\"caption\":\"Eurocas International\"},\"image\":{\"@id\":\"https:\/\/eurocas.com\/#\/schema\/logo\/image\/\"}}]}<\/script>\n<!-- \/ Yoast SEO plugin. -->","yoast_head_json":{"title":"Coquilles de macaron","description":"Coquilles de macaron. Eurocas.com.","robots":{"index":"index","follow":"follow","max-snippet":"max-snippet:-1","max-image-preview":"max-image-preview:large","max-video-preview":"max-video-preview:-1"},"canonical":"https:\/\/eurocas.com\/fr\/produit\/coquilles-de-macaron\/","og_locale":"fr_FR","og_type":"article","og_title":"Coquilles de macaron","og_description":"Coquilles de macaron. Eurocas.com.","og_url":"https:\/\/eurocas.com\/fr\/produit\/coquilles-de-macaron\/","og_site_name":"Eurocas.com","article_modified_time":"2022-11-24T10:53:03+00:00","og_image":[{"width":950,"height":695,"url":"https:\/\/eurocas.com\/wp-content\/uploads\/2022\/03\/Macaron-shells-8.jpg","type":"image\/jpeg"}],"twitter_card":"summary_large_image","schema":{"@context":"https:\/\/schema.org","@graph":[{"@type":"WebPage","@id":"https:\/\/eurocas.com\/fr\/produit\/coquilles-de-macaron\/","url":"https:\/\/eurocas.com\/fr\/produit\/coquilles-de-macaron\/","name":"Coquilles de macaron","isPartOf":{"@id":"https:\/\/eurocas.com\/#website"},"primaryImageOfPage":{"@id":"https:\/\/eurocas.com\/fr\/produit\/coquilles-de-macaron\/#primaryimage"},"image":{"@id":"https:\/\/eurocas.com\/fr\/produit\/coquilles-de-macaron\/#primaryimage"},"thumbnailUrl":"https:\/\/eurocas.com\/wp-content\/uploads\/2022\/03\/Macaron-shells-8.jpg","datePublished":"2021-03-03T21:00:00+00:00","dateModified":"2022-11-24T10:53:03+00:00","description":"Coquilles de macaron. Eurocas.com.","breadcrumb":{"@id":"https:\/\/eurocas.com\/fr\/produit\/coquilles-de-macaron\/#breadcrumb"},"inLanguage":"fr-FR","potentialAction":[{"@type":"ReadAction","target":["https:\/\/eurocas.com\/fr\/produit\/coquilles-de-macaron\/"]}]},{"@type":"ImageObject","inLanguage":"fr-FR","@id":"https:\/\/eurocas.com\/fr\/produit\/coquilles-de-macaron\/#primaryimage","url":"https:\/\/eurocas.com\/wp-content\/uploads\/2022\/03\/Macaron-shells-8.jpg","contentUrl":"https:\/\/eurocas.com\/wp-content\/uploads\/2022\/03\/Macaron-shells-8.jpg","width":950,"height":695,"caption":"ready-made macaron shells for pastry chefs and bakeries"},{"@type":"BreadcrumbList","@id":"https:\/\/eurocas.com\/fr\/produit\/coquilles-de-macaron\/#breadcrumb","itemListElement":[{"@type":"ListItem","position":1,"name":"Home","item":"https:\/\/eurocas.com\/fr\/"},{"@type":"ListItem","position":2,"name":"Products","item":"https:\/\/eurocas.com\/shop\/"},{"@type":"ListItem","position":3,"name":"Coquilles de macaron"}]},{"@type":"WebSite","@id":"https:\/\/eurocas.com\/#website","url":"https:\/\/eurocas.com\/","name":"Eurocas.com","description":"Eurocas.com","publisher":{"@id":"https:\/\/eurocas.com\/#organization"},"potentialAction":[{"@type":"SearchAction","target":{"@type":"EntryPoint","urlTemplate":"https:\/\/eurocas.com\/?s={search_term_string}"},"query-input":"required name=search_term_string"}],"inLanguage":"fr-FR"},{"@type":"Organization","@id":"https:\/\/eurocas.com\/#organization","name":"Eurocas International","url":"https:\/\/eurocas.com\/","logo":{"@type":"ImageObject","inLanguage":"fr-FR","@id":"https:\/\/eurocas.com\/#\/schema\/logo\/image\/","url":"https:\/\/eurocas.com\/wp-content\/uploads\/2021\/09\/logo.png","contentUrl":"https:\/\/eurocas.com\/wp-content\/uploads\/2021\/09\/logo.png","width":1954,"height":599,"caption":"Eurocas International"},"image":{"@id":"https:\/\/eurocas.com\/#\/schema\/logo\/image\/"}}]}},"_links":{"self":[{"href":"https:\/\/eurocas.com\/fr\/wp-json\/wp\/v2\/product\/2586"}],"collection":[{"href":"https:\/\/eurocas.com\/fr\/wp-json\/wp\/v2\/product"}],"about":[{"href":"https:\/\/eurocas.com\/fr\/wp-json\/wp\/v2\/types\/product"}],"wp:featuredmedia":[{"embeddable":true,"href":"https:\/\/eurocas.com\/fr\/wp-json\/wp\/v2\/media\/3293"}],"wp:attachment":[{"href":"https:\/\/eurocas.com\/fr\/wp-json\/wp\/v2\/media?parent=2586"}],"wp:term":[{"taxonomy":"product_cat","embeddable":true,"href":"https:\/\/eurocas.com\/fr\/wp-json\/wp\/v2\/product_cat?post=2586"},{"taxonomy":"product_tag","embeddable":true,"href":"https:\/\/eurocas.com\/fr\/wp-json\/wp\/v2\/product_tag?post=2586"}],"curies":[{"name":"wp","href":"https:\/\/api.w.org\/{rel}","templated":true}]}}