{"id":2549,"date":"2020-12-14T00:00:00","date_gmt":"2020-12-13T22:00:00","guid":{"rendered":"https:\/\/eurocas.com\/product\/creme-a-fouetter-eurocas-a-36\/"},"modified":"2022-06-24T13:08:57","modified_gmt":"2022-06-24T10:08:57","slug":"creme-a-fouetter-eurocas-a-36","status":"publish","type":"product","link":"https:\/\/eurocas.com\/fr\/produit\/creme-a-fouetter-eurocas-a-36\/","title":{"rendered":"Cr\u00e8me \u00e0 fouetter Eurocas \u00e0 36%"},"content":{"rendered":"<p>Ready to use creams<\/p>\n<p><span lang=\"FR-BE\">Cr\u00e8me a fouetter laiti\u00e8re \u00e0 36 % de mati\u00e8res grasses et en emballage de 1 litre.<\/span><\/p>\n<ul>\n<li>Go\u00fbt laitier prononc\u00e9<\/li>\n<li>Grand volume de fouettage<\/li>\n<li>Dur\u00e9e de vie en stock de 6 mois<\/li>\n<\/ul>\n<p><span lang=\"FR-BE\">La cr\u00e8me \u00e0 fouetter Eurocas est une excellente cr\u00e8me \u00e0 36% de mati\u00e8res grasses avec un go\u00fbt excellent et une texture lisse et cr\u00e9meuse. Avec sa longue dur\u00e9e de vie en stock et son prix attractif il sera vite un best-seller dans votre assortiment. Ce produit se combine \u00e0 merveille avec notre gamme de <a href=\"https:\/\/eurocas.com\/products\/non-dairy-toppings\/?lang=fr\">cr\u00e8mes non laiti\u00e8res<\/a>.<\/span><\/p>\n","protected":false},"excerpt":{"rendered":"<p><span lang=\"FR-BE\">Cr\u00e8me a fouetter laiti\u00e8re \u00e0 36 % de mati\u00e8res grasses et en emballage de 1 litre.<\/span><\/p>\n<ul>\n<li>Go\u00fbt laitier prononc\u00e9<\/li>\n<li>Grand volume de fouettage<\/li>\n<li>Dur\u00e9e de vie en stock de 6 mois<\/li>\n<\/ul>\n<p><span lang=\"FR-BE\">La cr\u00e8me \u00e0 fouetter Eurocas est une excellente cr\u00e8me \u00e0 36% de mati\u00e8res grasses avec un go\u00fbt excellent et une texture lisse et cr\u00e9meuse. Avec sa longue dur\u00e9e de vie en stock et son prix attractif il sera vite un best-seller dans votre assortiment. Ce produit se combine \u00e0 merveille avec notre gamme de <a href=\"https:\/\/eurocas.com\/products\/non-dairy-toppings\/?lang=fr\">cr\u00e8mes non laiti\u00e8res<\/a>.<\/span><\/p>\n","protected":false},"featured_media":3136,"template":"","meta":[],"product_cat":[76],"product_tag":[],"yoast_head":"<!-- This site is optimized with the Yoast SEO plugin v22.8 - https:\/\/yoast.com\/wordpress\/plugins\/seo\/ -->\n<title>Cr\u00e8me \u00e0 fouetter Eurocas \u00e0 36%<\/title>\n<meta name=\"description\" content=\"Cr\u00e8me \u00e0 fouetter Eurocas \u00e0 36%. Eurocas.com.\" \/>\n<meta name=\"robots\" content=\"index, follow, max-snippet:-1, max-image-preview:large, max-video-preview:-1\" \/>\n<link rel=\"canonical\" href=\"https:\/\/eurocas.com\/produit\/whipping-cream-36\/\" \/>\n<meta property=\"og:locale\" content=\"fr_FR\" \/>\n<meta property=\"og:type\" content=\"article\" \/>\n<meta property=\"og:title\" content=\"Cr\u00e8me \u00e0 fouetter Eurocas \u00e0 36%\" \/>\n<meta property=\"og:description\" content=\"Cr\u00e8me \u00e0 fouetter Eurocas \u00e0 36%. Eurocas.com.\" \/>\n<meta property=\"og:url\" content=\"https:\/\/eurocas.com\/produit\/whipping-cream-36\/\" \/>\n<meta property=\"og:site_name\" content=\"Eurocas.com\" \/>\n<meta property=\"article:modified_time\" content=\"2022-06-24T10:08:57+00:00\" \/>\n<meta property=\"og:image\" content=\"https:\/\/eurocas.com\/wp-content\/uploads\/2020\/12\/whipping-cream.jpg\" \/>\n\t<meta property=\"og:image:width\" content=\"800\" \/>\n\t<meta property=\"og:image:height\" content=\"533\" \/>\n\t<meta property=\"og:image:type\" content=\"image\/jpeg\" \/>\n<meta name=\"twitter:card\" content=\"summary_large_image\" \/>\n<script type=\"application\/ld+json\" class=\"yoast-schema-graph\">{\"@context\":\"https:\/\/schema.org\",\"@graph\":[{\"@type\":\"WebPage\",\"@id\":\"https:\/\/eurocas.com\/produit\/whipping-cream-36\/\",\"url\":\"https:\/\/eurocas.com\/produit\/whipping-cream-36\/\",\"name\":\"Cr\u00e8me \u00e0 fouetter Eurocas \u00e0 36%\",\"isPartOf\":{\"@id\":\"https:\/\/eurocas.com\/#website\"},\"primaryImageOfPage\":{\"@id\":\"https:\/\/eurocas.com\/produit\/whipping-cream-36\/#primaryimage\"},\"image\":{\"@id\":\"https:\/\/eurocas.com\/produit\/whipping-cream-36\/#primaryimage\"},\"thumbnailUrl\":\"https:\/\/eurocas.com\/wp-content\/uploads\/2020\/12\/whipping-cream.jpg\",\"datePublished\":\"2020-12-13T22:00:00+00:00\",\"dateModified\":\"2022-06-24T10:08:57+00:00\",\"description\":\"Cr\u00e8me \u00e0 fouetter Eurocas \u00e0 36%. Eurocas.com.\",\"breadcrumb\":{\"@id\":\"https:\/\/eurocas.com\/produit\/whipping-cream-36\/#breadcrumb\"},\"inLanguage\":\"fr-FR\",\"potentialAction\":[{\"@type\":\"ReadAction\",\"target\":[\"https:\/\/eurocas.com\/produit\/whipping-cream-36\/\"]}]},{\"@type\":\"ImageObject\",\"inLanguage\":\"fr-FR\",\"@id\":\"https:\/\/eurocas.com\/produit\/whipping-cream-36\/#primaryimage\",\"url\":\"https:\/\/eurocas.com\/wp-content\/uploads\/2020\/12\/whipping-cream.jpg\",\"contentUrl\":\"https:\/\/eurocas.com\/wp-content\/uploads\/2020\/12\/whipping-cream.jpg\",\"width\":800,\"height\":533,\"caption\":\"Dairy Whipping Cream\"},{\"@type\":\"BreadcrumbList\",\"@id\":\"https:\/\/eurocas.com\/produit\/whipping-cream-36\/#breadcrumb\",\"itemListElement\":[{\"@type\":\"ListItem\",\"position\":1,\"name\":\"Home\",\"item\":\"https:\/\/eurocas.com\/fr\/\"},{\"@type\":\"ListItem\",\"position\":2,\"name\":\"Products\",\"item\":\"https:\/\/eurocas.com\/shop\/\"},{\"@type\":\"ListItem\",\"position\":3,\"name\":\"Cr\u00e8me \u00e0 fouetter Eurocas \u00e0 36%\"}]},{\"@type\":\"WebSite\",\"@id\":\"https:\/\/eurocas.com\/#website\",\"url\":\"https:\/\/eurocas.com\/\",\"name\":\"Eurocas.com\",\"description\":\"Eurocas.com\",\"publisher\":{\"@id\":\"https:\/\/eurocas.com\/#organization\"},\"potentialAction\":[{\"@type\":\"SearchAction\",\"target\":{\"@type\":\"EntryPoint\",\"urlTemplate\":\"https:\/\/eurocas.com\/?s={search_term_string}\"},\"query-input\":\"required name=search_term_string\"}],\"inLanguage\":\"fr-FR\"},{\"@type\":\"Organization\",\"@id\":\"https:\/\/eurocas.com\/#organization\",\"name\":\"Eurocas International\",\"url\":\"https:\/\/eurocas.com\/\",\"logo\":{\"@type\":\"ImageObject\",\"inLanguage\":\"fr-FR\",\"@id\":\"https:\/\/eurocas.com\/#\/schema\/logo\/image\/\",\"url\":\"https:\/\/eurocas.com\/wp-content\/uploads\/2021\/09\/logo.png\",\"contentUrl\":\"https:\/\/eurocas.com\/wp-content\/uploads\/2021\/09\/logo.png\",\"width\":1954,\"height\":599,\"caption\":\"Eurocas International\"},\"image\":{\"@id\":\"https:\/\/eurocas.com\/#\/schema\/logo\/image\/\"}}]}<\/script>\n<!-- \/ Yoast SEO plugin. -->","yoast_head_json":{"title":"Cr\u00e8me \u00e0 fouetter Eurocas \u00e0 36%","description":"Cr\u00e8me \u00e0 fouetter Eurocas \u00e0 36%. Eurocas.com.","robots":{"index":"index","follow":"follow","max-snippet":"max-snippet:-1","max-image-preview":"max-image-preview:large","max-video-preview":"max-video-preview:-1"},"canonical":"https:\/\/eurocas.com\/produit\/whipping-cream-36\/","og_locale":"fr_FR","og_type":"article","og_title":"Cr\u00e8me \u00e0 fouetter Eurocas \u00e0 36%","og_description":"Cr\u00e8me \u00e0 fouetter Eurocas \u00e0 36%. Eurocas.com.","og_url":"https:\/\/eurocas.com\/produit\/whipping-cream-36\/","og_site_name":"Eurocas.com","article_modified_time":"2022-06-24T10:08:57+00:00","og_image":[{"width":800,"height":533,"url":"https:\/\/eurocas.com\/wp-content\/uploads\/2020\/12\/whipping-cream.jpg","type":"image\/jpeg"}],"twitter_card":"summary_large_image","schema":{"@context":"https:\/\/schema.org","@graph":[{"@type":"WebPage","@id":"https:\/\/eurocas.com\/produit\/whipping-cream-36\/","url":"https:\/\/eurocas.com\/produit\/whipping-cream-36\/","name":"Cr\u00e8me \u00e0 fouetter Eurocas \u00e0 36%","isPartOf":{"@id":"https:\/\/eurocas.com\/#website"},"primaryImageOfPage":{"@id":"https:\/\/eurocas.com\/produit\/whipping-cream-36\/#primaryimage"},"image":{"@id":"https:\/\/eurocas.com\/produit\/whipping-cream-36\/#primaryimage"},"thumbnailUrl":"https:\/\/eurocas.com\/wp-content\/uploads\/2020\/12\/whipping-cream.jpg","datePublished":"2020-12-13T22:00:00+00:00","dateModified":"2022-06-24T10:08:57+00:00","description":"Cr\u00e8me \u00e0 fouetter Eurocas \u00e0 36%. Eurocas.com.","breadcrumb":{"@id":"https:\/\/eurocas.com\/produit\/whipping-cream-36\/#breadcrumb"},"inLanguage":"fr-FR","potentialAction":[{"@type":"ReadAction","target":["https:\/\/eurocas.com\/produit\/whipping-cream-36\/"]}]},{"@type":"ImageObject","inLanguage":"fr-FR","@id":"https:\/\/eurocas.com\/produit\/whipping-cream-36\/#primaryimage","url":"https:\/\/eurocas.com\/wp-content\/uploads\/2020\/12\/whipping-cream.jpg","contentUrl":"https:\/\/eurocas.com\/wp-content\/uploads\/2020\/12\/whipping-cream.jpg","width":800,"height":533,"caption":"Dairy Whipping Cream"},{"@type":"BreadcrumbList","@id":"https:\/\/eurocas.com\/produit\/whipping-cream-36\/#breadcrumb","itemListElement":[{"@type":"ListItem","position":1,"name":"Home","item":"https:\/\/eurocas.com\/fr\/"},{"@type":"ListItem","position":2,"name":"Products","item":"https:\/\/eurocas.com\/shop\/"},{"@type":"ListItem","position":3,"name":"Cr\u00e8me \u00e0 fouetter Eurocas \u00e0 36%"}]},{"@type":"WebSite","@id":"https:\/\/eurocas.com\/#website","url":"https:\/\/eurocas.com\/","name":"Eurocas.com","description":"Eurocas.com","publisher":{"@id":"https:\/\/eurocas.com\/#organization"},"potentialAction":[{"@type":"SearchAction","target":{"@type":"EntryPoint","urlTemplate":"https:\/\/eurocas.com\/?s={search_term_string}"},"query-input":"required name=search_term_string"}],"inLanguage":"fr-FR"},{"@type":"Organization","@id":"https:\/\/eurocas.com\/#organization","name":"Eurocas International","url":"https:\/\/eurocas.com\/","logo":{"@type":"ImageObject","inLanguage":"fr-FR","@id":"https:\/\/eurocas.com\/#\/schema\/logo\/image\/","url":"https:\/\/eurocas.com\/wp-content\/uploads\/2021\/09\/logo.png","contentUrl":"https:\/\/eurocas.com\/wp-content\/uploads\/2021\/09\/logo.png","width":1954,"height":599,"caption":"Eurocas International"},"image":{"@id":"https:\/\/eurocas.com\/#\/schema\/logo\/image\/"}}]}},"_links":{"self":[{"href":"https:\/\/eurocas.com\/fr\/wp-json\/wp\/v2\/product\/2549"}],"collection":[{"href":"https:\/\/eurocas.com\/fr\/wp-json\/wp\/v2\/product"}],"about":[{"href":"https:\/\/eurocas.com\/fr\/wp-json\/wp\/v2\/types\/product"}],"wp:featuredmedia":[{"embeddable":true,"href":"https:\/\/eurocas.com\/fr\/wp-json\/wp\/v2\/media\/3136"}],"wp:attachment":[{"href":"https:\/\/eurocas.com\/fr\/wp-json\/wp\/v2\/media?parent=2549"}],"wp:term":[{"taxonomy":"product_cat","embeddable":true,"href":"https:\/\/eurocas.com\/fr\/wp-json\/wp\/v2\/product_cat?post=2549"},{"taxonomy":"product_tag","embeddable":true,"href":"https:\/\/eurocas.com\/fr\/wp-json\/wp\/v2\/product_tag?post=2549"}],"curies":[{"name":"wp","href":"https:\/\/api.w.org\/{rel}","templated":true}]}}