{"id":2539,"date":"2019-02-02T00:00:00","date_gmt":"2019-02-01T22:00:00","guid":{"rendered":"https:\/\/eurocas.com\/product\/fondant-blanc\/"},"modified":"2022-06-24T15:01:29","modified_gmt":"2022-06-24T12:01:29","slug":"fondant-blanc","status":"publish","type":"product","link":"https:\/\/eurocas.com\/fr\/produit\/fondant-blanc\/","title":{"rendered":"Fondant Blanc"},"content":{"rendered":"<p>Ready to use creams<\/p>\n<p>Notre fondant blanc est parfait pour diff\u00e9rentes applications de p\u00e2tisserie.<\/p>\n<ul>\n<li>GLACAGE BRILLANT<\/li>\n<li>COULEUR NATURELLE<\/li>\n<li>DECORATION PARFAITE<\/li>\n<\/ul>\n<p>Le fondant blanc Eurocas est sp\u00e9cialement con\u00e7u pour la production de gla\u00e7ages brillants et la d\u00e9coration de p\u00e2tisseries. Vous pouvez m\u00e9langer notre fondant blanc avec des colorants et des saveurs et cr\u00e9er toute la diversit\u00e9 dont vous pourriez avoir besoin.<\/p>\n","protected":false},"excerpt":{"rendered":"<p>Notre fondant blanc est parfait pour diff\u00e9rentes applications de p\u00e2tisserie.<\/p>\n<ul>\n<li>GLACAGE BRILLANT<\/li>\n<li>COULEUR NATURELLE<\/li>\n<li>DECORATION PARFAITE<\/li>\n<\/ul>\n<p>Le fondant blanc Eurocas est sp\u00e9cialement con\u00e7u pour la production de gla\u00e7ages brillants et la d\u00e9coration de p\u00e2tisseries. Vous pouvez m\u00e9langer notre fondant blanc avec des colorants et des saveurs et cr\u00e9er toute la diversit\u00e9 dont vous pourriez avoir besoin.<\/p>\n","protected":false},"featured_media":3435,"template":"","meta":[],"product_cat":[88],"product_tag":[],"yoast_head":"<!-- This site is optimized with the Yoast SEO plugin v22.8 - https:\/\/yoast.com\/wordpress\/plugins\/seo\/ -->\n<title>Fondant Blanc | Eurocas.com<\/title>\n<meta name=\"description\" content=\"Fondant Blanc. Eurocas.com.\" \/>\n<meta name=\"robots\" content=\"index, follow, max-snippet:-1, max-image-preview:large, max-video-preview:-1\" \/>\n<link rel=\"canonical\" href=\"https:\/\/eurocas.com\/fr\/produit\/fondant-blanc\/\" \/>\n<meta property=\"og:locale\" content=\"fr_FR\" \/>\n<meta property=\"og:type\" content=\"article\" \/>\n<meta property=\"og:title\" content=\"Fondant Blanc | Eurocas.com\" \/>\n<meta property=\"og:description\" content=\"Fondant Blanc. Eurocas.com.\" \/>\n<meta property=\"og:url\" content=\"https:\/\/eurocas.com\/fr\/produit\/fondant-blanc\/\" \/>\n<meta property=\"og:site_name\" content=\"Eurocas.com\" \/>\n<meta property=\"article:modified_time\" content=\"2022-06-24T12:01:29+00:00\" \/>\n<meta property=\"og:image\" content=\"https:\/\/eurocas.com\/wp-content\/uploads\/2022\/03\/White-Fondant-1-12.jpg\" \/>\n\t<meta property=\"og:image:width\" content=\"950\" \/>\n\t<meta property=\"og:image:height\" content=\"695\" \/>\n\t<meta property=\"og:image:type\" content=\"image\/jpeg\" \/>\n<meta name=\"twitter:card\" content=\"summary_large_image\" \/>\n<script type=\"application\/ld+json\" class=\"yoast-schema-graph\">{\"@context\":\"https:\/\/schema.org\",\"@graph\":[{\"@type\":\"WebPage\",\"@id\":\"https:\/\/eurocas.com\/fr\/produit\/fondant-blanc\/\",\"url\":\"https:\/\/eurocas.com\/fr\/produit\/fondant-blanc\/\",\"name\":\"Fondant Blanc | Eurocas.com\",\"isPartOf\":{\"@id\":\"https:\/\/eurocas.com\/#website\"},\"primaryImageOfPage\":{\"@id\":\"https:\/\/eurocas.com\/fr\/produit\/fondant-blanc\/#primaryimage\"},\"image\":{\"@id\":\"https:\/\/eurocas.com\/fr\/produit\/fondant-blanc\/#primaryimage\"},\"thumbnailUrl\":\"https:\/\/eurocas.com\/wp-content\/uploads\/2022\/03\/White-Fondant-1-12.jpg\",\"datePublished\":\"2019-02-01T22:00:00+00:00\",\"dateModified\":\"2022-06-24T12:01:29+00:00\",\"description\":\"Fondant Blanc. Eurocas.com.\",\"breadcrumb\":{\"@id\":\"https:\/\/eurocas.com\/fr\/produit\/fondant-blanc\/#breadcrumb\"},\"inLanguage\":\"fr-FR\",\"potentialAction\":[{\"@type\":\"ReadAction\",\"target\":[\"https:\/\/eurocas.com\/fr\/produit\/fondant-blanc\/\"]}]},{\"@type\":\"ImageObject\",\"inLanguage\":\"fr-FR\",\"@id\":\"https:\/\/eurocas.com\/fr\/produit\/fondant-blanc\/#primaryimage\",\"url\":\"https:\/\/eurocas.com\/wp-content\/uploads\/2022\/03\/White-Fondant-1-12.jpg\",\"contentUrl\":\"https:\/\/eurocas.com\/wp-content\/uploads\/2022\/03\/White-Fondant-1-12.jpg\",\"width\":950,\"height\":695,\"caption\":\"white fondant icing for decorating\"},{\"@type\":\"BreadcrumbList\",\"@id\":\"https:\/\/eurocas.com\/fr\/produit\/fondant-blanc\/#breadcrumb\",\"itemListElement\":[{\"@type\":\"ListItem\",\"position\":1,\"name\":\"Home\",\"item\":\"https:\/\/eurocas.com\/fr\/\"},{\"@type\":\"ListItem\",\"position\":2,\"name\":\"Products\",\"item\":\"https:\/\/eurocas.com\/shop\/\"},{\"@type\":\"ListItem\",\"position\":3,\"name\":\"Fondant Blanc\"}]},{\"@type\":\"WebSite\",\"@id\":\"https:\/\/eurocas.com\/#website\",\"url\":\"https:\/\/eurocas.com\/\",\"name\":\"Eurocas.com\",\"description\":\"Eurocas.com\",\"publisher\":{\"@id\":\"https:\/\/eurocas.com\/#organization\"},\"potentialAction\":[{\"@type\":\"SearchAction\",\"target\":{\"@type\":\"EntryPoint\",\"urlTemplate\":\"https:\/\/eurocas.com\/?s={search_term_string}\"},\"query-input\":\"required name=search_term_string\"}],\"inLanguage\":\"fr-FR\"},{\"@type\":\"Organization\",\"@id\":\"https:\/\/eurocas.com\/#organization\",\"name\":\"Eurocas International\",\"url\":\"https:\/\/eurocas.com\/\",\"logo\":{\"@type\":\"ImageObject\",\"inLanguage\":\"fr-FR\",\"@id\":\"https:\/\/eurocas.com\/#\/schema\/logo\/image\/\",\"url\":\"https:\/\/eurocas.com\/wp-content\/uploads\/2021\/09\/logo.png\",\"contentUrl\":\"https:\/\/eurocas.com\/wp-content\/uploads\/2021\/09\/logo.png\",\"width\":1954,\"height\":599,\"caption\":\"Eurocas International\"},\"image\":{\"@id\":\"https:\/\/eurocas.com\/#\/schema\/logo\/image\/\"}}]}<\/script>\n<!-- \/ Yoast SEO plugin. -->","yoast_head_json":{"title":"Fondant Blanc | Eurocas.com","description":"Fondant Blanc. Eurocas.com.","robots":{"index":"index","follow":"follow","max-snippet":"max-snippet:-1","max-image-preview":"max-image-preview:large","max-video-preview":"max-video-preview:-1"},"canonical":"https:\/\/eurocas.com\/fr\/produit\/fondant-blanc\/","og_locale":"fr_FR","og_type":"article","og_title":"Fondant Blanc | Eurocas.com","og_description":"Fondant Blanc. Eurocas.com.","og_url":"https:\/\/eurocas.com\/fr\/produit\/fondant-blanc\/","og_site_name":"Eurocas.com","article_modified_time":"2022-06-24T12:01:29+00:00","og_image":[{"width":950,"height":695,"url":"https:\/\/eurocas.com\/wp-content\/uploads\/2022\/03\/White-Fondant-1-12.jpg","type":"image\/jpeg"}],"twitter_card":"summary_large_image","schema":{"@context":"https:\/\/schema.org","@graph":[{"@type":"WebPage","@id":"https:\/\/eurocas.com\/fr\/produit\/fondant-blanc\/","url":"https:\/\/eurocas.com\/fr\/produit\/fondant-blanc\/","name":"Fondant Blanc | Eurocas.com","isPartOf":{"@id":"https:\/\/eurocas.com\/#website"},"primaryImageOfPage":{"@id":"https:\/\/eurocas.com\/fr\/produit\/fondant-blanc\/#primaryimage"},"image":{"@id":"https:\/\/eurocas.com\/fr\/produit\/fondant-blanc\/#primaryimage"},"thumbnailUrl":"https:\/\/eurocas.com\/wp-content\/uploads\/2022\/03\/White-Fondant-1-12.jpg","datePublished":"2019-02-01T22:00:00+00:00","dateModified":"2022-06-24T12:01:29+00:00","description":"Fondant Blanc. Eurocas.com.","breadcrumb":{"@id":"https:\/\/eurocas.com\/fr\/produit\/fondant-blanc\/#breadcrumb"},"inLanguage":"fr-FR","potentialAction":[{"@type":"ReadAction","target":["https:\/\/eurocas.com\/fr\/produit\/fondant-blanc\/"]}]},{"@type":"ImageObject","inLanguage":"fr-FR","@id":"https:\/\/eurocas.com\/fr\/produit\/fondant-blanc\/#primaryimage","url":"https:\/\/eurocas.com\/wp-content\/uploads\/2022\/03\/White-Fondant-1-12.jpg","contentUrl":"https:\/\/eurocas.com\/wp-content\/uploads\/2022\/03\/White-Fondant-1-12.jpg","width":950,"height":695,"caption":"white fondant icing for decorating"},{"@type":"BreadcrumbList","@id":"https:\/\/eurocas.com\/fr\/produit\/fondant-blanc\/#breadcrumb","itemListElement":[{"@type":"ListItem","position":1,"name":"Home","item":"https:\/\/eurocas.com\/fr\/"},{"@type":"ListItem","position":2,"name":"Products","item":"https:\/\/eurocas.com\/shop\/"},{"@type":"ListItem","position":3,"name":"Fondant Blanc"}]},{"@type":"WebSite","@id":"https:\/\/eurocas.com\/#website","url":"https:\/\/eurocas.com\/","name":"Eurocas.com","description":"Eurocas.com","publisher":{"@id":"https:\/\/eurocas.com\/#organization"},"potentialAction":[{"@type":"SearchAction","target":{"@type":"EntryPoint","urlTemplate":"https:\/\/eurocas.com\/?s={search_term_string}"},"query-input":"required name=search_term_string"}],"inLanguage":"fr-FR"},{"@type":"Organization","@id":"https:\/\/eurocas.com\/#organization","name":"Eurocas International","url":"https:\/\/eurocas.com\/","logo":{"@type":"ImageObject","inLanguage":"fr-FR","@id":"https:\/\/eurocas.com\/#\/schema\/logo\/image\/","url":"https:\/\/eurocas.com\/wp-content\/uploads\/2021\/09\/logo.png","contentUrl":"https:\/\/eurocas.com\/wp-content\/uploads\/2021\/09\/logo.png","width":1954,"height":599,"caption":"Eurocas International"},"image":{"@id":"https:\/\/eurocas.com\/#\/schema\/logo\/image\/"}}]}},"_links":{"self":[{"href":"https:\/\/eurocas.com\/fr\/wp-json\/wp\/v2\/product\/2539"}],"collection":[{"href":"https:\/\/eurocas.com\/fr\/wp-json\/wp\/v2\/product"}],"about":[{"href":"https:\/\/eurocas.com\/fr\/wp-json\/wp\/v2\/types\/product"}],"wp:featuredmedia":[{"embeddable":true,"href":"https:\/\/eurocas.com\/fr\/wp-json\/wp\/v2\/media\/3435"}],"wp:attachment":[{"href":"https:\/\/eurocas.com\/fr\/wp-json\/wp\/v2\/media?parent=2539"}],"wp:term":[{"taxonomy":"product_cat","embeddable":true,"href":"https:\/\/eurocas.com\/fr\/wp-json\/wp\/v2\/product_cat?post=2539"},{"taxonomy":"product_tag","embeddable":true,"href":"https:\/\/eurocas.com\/fr\/wp-json\/wp\/v2\/product_tag?post=2539"}],"curies":[{"name":"wp","href":"https:\/\/api.w.org\/{rel}","templated":true}]}}