{"id":2538,"date":"2019-02-02T00:00:00","date_gmt":"2019-02-01T22:00:00","guid":{"rendered":"https:\/\/eurocas.com\/product\/neige-sucree\/"},"modified":"2022-06-24T15:02:08","modified_gmt":"2022-06-24T12:02:08","slug":"neige-sucree","status":"publish","type":"product","link":"https:\/\/eurocas.com\/fr\/produit\/neige-sucree\/","title":{"rendered":"Neige Sucr\u00e9e"},"content":{"rendered":"<p>Ready to use creams<\/p>\n<p>Sucre en poudre r\u00e9sistant \u00e0 la chaleur, sp\u00e9cial pour les beignets Berlinois.<\/p>\n<ul>\n<li>RESISTANT A LA CHALEUR<\/li>\n<li>GRANDE SAVEUR<\/li>\n<li>PARFAIT POUR LA DECORATION<\/li>\n<\/ul>\n<p>Sweet Snow (Neige Sucr\u00e9e) est notre sucre en poudre special pour la d\u00e9coration des g\u00e2teaux comme les beignets Berlinois. R\u00e9sistant \u00e0 la chaleur, et donc parfait pour ce type d\u2019applications, il a aussi un tr\u00e8s bon go\u00fbt avec une pointe de vanille.<\/p>\n","protected":false},"excerpt":{"rendered":"<p>Sucre en poudre r\u00e9sistant \u00e0 la chaleur, sp\u00e9cial pour les beignets Berlinois.<\/p>\n<ul>\n<li>RESISTANT A LA CHALEUR<\/li>\n<li>GRANDE SAVEUR<\/li>\n<li>PARFAIT POUR LA DECORATION<\/li>\n<\/ul>\n<p>Sweet Snow (Neige Sucr\u00e9e) est notre sucre en poudre special pour la d\u00e9coration des g\u00e2teaux comme les beignets Berlinois. R\u00e9sistant \u00e0 la chaleur, et donc parfait pour ce type d\u2019applications, il a aussi un tr\u00e8s bon go\u00fbt avec une pointe de vanille.<\/p>\n","protected":false},"featured_media":3431,"template":"","meta":[],"product_cat":[88],"product_tag":[],"yoast_head":"<!-- This site is optimized with the Yoast SEO plugin v22.8 - https:\/\/yoast.com\/wordpress\/plugins\/seo\/ -->\n<title>Neige Sucr\u00e9e | Eurocas.com<\/title>\n<meta name=\"description\" content=\"Neige Sucr\u00e9e. Eurocas.com.\" \/>\n<meta name=\"robots\" content=\"index, follow, max-snippet:-1, max-image-preview:large, max-video-preview:-1\" \/>\n<link rel=\"canonical\" href=\"https:\/\/eurocas.com\/fr\/produit\/neige-sucree\/\" \/>\n<meta property=\"og:locale\" content=\"fr_FR\" \/>\n<meta property=\"og:type\" content=\"article\" \/>\n<meta property=\"og:title\" content=\"Neige Sucr\u00e9e | Eurocas.com\" \/>\n<meta property=\"og:description\" content=\"Neige Sucr\u00e9e. Eurocas.com.\" \/>\n<meta property=\"og:url\" content=\"https:\/\/eurocas.com\/fr\/produit\/neige-sucree\/\" \/>\n<meta property=\"og:site_name\" content=\"Eurocas.com\" \/>\n<meta property=\"article:modified_time\" content=\"2022-06-24T12:02:08+00:00\" \/>\n<meta property=\"og:image\" content=\"https:\/\/eurocas.com\/wp-content\/uploads\/2022\/03\/Sweet-Snow-1-6.jpg\" \/>\n\t<meta property=\"og:image:width\" content=\"950\" \/>\n\t<meta property=\"og:image:height\" content=\"695\" \/>\n\t<meta property=\"og:image:type\" content=\"image\/jpeg\" \/>\n<meta name=\"twitter:card\" content=\"summary_large_image\" \/>\n<script type=\"application\/ld+json\" class=\"yoast-schema-graph\">{\"@context\":\"https:\/\/schema.org\",\"@graph\":[{\"@type\":\"WebPage\",\"@id\":\"https:\/\/eurocas.com\/fr\/produit\/neige-sucree\/\",\"url\":\"https:\/\/eurocas.com\/fr\/produit\/neige-sucree\/\",\"name\":\"Neige Sucr\u00e9e | Eurocas.com\",\"isPartOf\":{\"@id\":\"https:\/\/eurocas.com\/#website\"},\"primaryImageOfPage\":{\"@id\":\"https:\/\/eurocas.com\/fr\/produit\/neige-sucree\/#primaryimage\"},\"image\":{\"@id\":\"https:\/\/eurocas.com\/fr\/produit\/neige-sucree\/#primaryimage\"},\"thumbnailUrl\":\"https:\/\/eurocas.com\/wp-content\/uploads\/2022\/03\/Sweet-Snow-1-6.jpg\",\"datePublished\":\"2019-02-01T22:00:00+00:00\",\"dateModified\":\"2022-06-24T12:02:08+00:00\",\"description\":\"Neige Sucr\u00e9e. Eurocas.com.\",\"breadcrumb\":{\"@id\":\"https:\/\/eurocas.com\/fr\/produit\/neige-sucree\/#breadcrumb\"},\"inLanguage\":\"fr-FR\",\"potentialAction\":[{\"@type\":\"ReadAction\",\"target\":[\"https:\/\/eurocas.com\/fr\/produit\/neige-sucree\/\"]}]},{\"@type\":\"ImageObject\",\"inLanguage\":\"fr-FR\",\"@id\":\"https:\/\/eurocas.com\/fr\/produit\/neige-sucree\/#primaryimage\",\"url\":\"https:\/\/eurocas.com\/wp-content\/uploads\/2022\/03\/Sweet-Snow-1-6.jpg\",\"contentUrl\":\"https:\/\/eurocas.com\/wp-content\/uploads\/2022\/03\/Sweet-Snow-1-6.jpg\",\"width\":950,\"height\":695,\"caption\":\"Sweet Snow decorating powder for bakery products\"},{\"@type\":\"BreadcrumbList\",\"@id\":\"https:\/\/eurocas.com\/fr\/produit\/neige-sucree\/#breadcrumb\",\"itemListElement\":[{\"@type\":\"ListItem\",\"position\":1,\"name\":\"Home\",\"item\":\"https:\/\/eurocas.com\/fr\/\"},{\"@type\":\"ListItem\",\"position\":2,\"name\":\"Products\",\"item\":\"https:\/\/eurocas.com\/shop\/\"},{\"@type\":\"ListItem\",\"position\":3,\"name\":\"Neige Sucr\u00e9e\"}]},{\"@type\":\"WebSite\",\"@id\":\"https:\/\/eurocas.com\/#website\",\"url\":\"https:\/\/eurocas.com\/\",\"name\":\"Eurocas.com\",\"description\":\"Eurocas.com\",\"publisher\":{\"@id\":\"https:\/\/eurocas.com\/#organization\"},\"potentialAction\":[{\"@type\":\"SearchAction\",\"target\":{\"@type\":\"EntryPoint\",\"urlTemplate\":\"https:\/\/eurocas.com\/?s={search_term_string}\"},\"query-input\":\"required name=search_term_string\"}],\"inLanguage\":\"fr-FR\"},{\"@type\":\"Organization\",\"@id\":\"https:\/\/eurocas.com\/#organization\",\"name\":\"Eurocas International\",\"url\":\"https:\/\/eurocas.com\/\",\"logo\":{\"@type\":\"ImageObject\",\"inLanguage\":\"fr-FR\",\"@id\":\"https:\/\/eurocas.com\/#\/schema\/logo\/image\/\",\"url\":\"https:\/\/eurocas.com\/wp-content\/uploads\/2021\/09\/logo.png\",\"contentUrl\":\"https:\/\/eurocas.com\/wp-content\/uploads\/2021\/09\/logo.png\",\"width\":1954,\"height\":599,\"caption\":\"Eurocas International\"},\"image\":{\"@id\":\"https:\/\/eurocas.com\/#\/schema\/logo\/image\/\"}}]}<\/script>\n<!-- \/ Yoast SEO plugin. -->","yoast_head_json":{"title":"Neige Sucr\u00e9e | Eurocas.com","description":"Neige Sucr\u00e9e. Eurocas.com.","robots":{"index":"index","follow":"follow","max-snippet":"max-snippet:-1","max-image-preview":"max-image-preview:large","max-video-preview":"max-video-preview:-1"},"canonical":"https:\/\/eurocas.com\/fr\/produit\/neige-sucree\/","og_locale":"fr_FR","og_type":"article","og_title":"Neige Sucr\u00e9e | Eurocas.com","og_description":"Neige Sucr\u00e9e. Eurocas.com.","og_url":"https:\/\/eurocas.com\/fr\/produit\/neige-sucree\/","og_site_name":"Eurocas.com","article_modified_time":"2022-06-24T12:02:08+00:00","og_image":[{"width":950,"height":695,"url":"https:\/\/eurocas.com\/wp-content\/uploads\/2022\/03\/Sweet-Snow-1-6.jpg","type":"image\/jpeg"}],"twitter_card":"summary_large_image","schema":{"@context":"https:\/\/schema.org","@graph":[{"@type":"WebPage","@id":"https:\/\/eurocas.com\/fr\/produit\/neige-sucree\/","url":"https:\/\/eurocas.com\/fr\/produit\/neige-sucree\/","name":"Neige Sucr\u00e9e | Eurocas.com","isPartOf":{"@id":"https:\/\/eurocas.com\/#website"},"primaryImageOfPage":{"@id":"https:\/\/eurocas.com\/fr\/produit\/neige-sucree\/#primaryimage"},"image":{"@id":"https:\/\/eurocas.com\/fr\/produit\/neige-sucree\/#primaryimage"},"thumbnailUrl":"https:\/\/eurocas.com\/wp-content\/uploads\/2022\/03\/Sweet-Snow-1-6.jpg","datePublished":"2019-02-01T22:00:00+00:00","dateModified":"2022-06-24T12:02:08+00:00","description":"Neige Sucr\u00e9e. Eurocas.com.","breadcrumb":{"@id":"https:\/\/eurocas.com\/fr\/produit\/neige-sucree\/#breadcrumb"},"inLanguage":"fr-FR","potentialAction":[{"@type":"ReadAction","target":["https:\/\/eurocas.com\/fr\/produit\/neige-sucree\/"]}]},{"@type":"ImageObject","inLanguage":"fr-FR","@id":"https:\/\/eurocas.com\/fr\/produit\/neige-sucree\/#primaryimage","url":"https:\/\/eurocas.com\/wp-content\/uploads\/2022\/03\/Sweet-Snow-1-6.jpg","contentUrl":"https:\/\/eurocas.com\/wp-content\/uploads\/2022\/03\/Sweet-Snow-1-6.jpg","width":950,"height":695,"caption":"Sweet Snow decorating powder for bakery products"},{"@type":"BreadcrumbList","@id":"https:\/\/eurocas.com\/fr\/produit\/neige-sucree\/#breadcrumb","itemListElement":[{"@type":"ListItem","position":1,"name":"Home","item":"https:\/\/eurocas.com\/fr\/"},{"@type":"ListItem","position":2,"name":"Products","item":"https:\/\/eurocas.com\/shop\/"},{"@type":"ListItem","position":3,"name":"Neige Sucr\u00e9e"}]},{"@type":"WebSite","@id":"https:\/\/eurocas.com\/#website","url":"https:\/\/eurocas.com\/","name":"Eurocas.com","description":"Eurocas.com","publisher":{"@id":"https:\/\/eurocas.com\/#organization"},"potentialAction":[{"@type":"SearchAction","target":{"@type":"EntryPoint","urlTemplate":"https:\/\/eurocas.com\/?s={search_term_string}"},"query-input":"required name=search_term_string"}],"inLanguage":"fr-FR"},{"@type":"Organization","@id":"https:\/\/eurocas.com\/#organization","name":"Eurocas International","url":"https:\/\/eurocas.com\/","logo":{"@type":"ImageObject","inLanguage":"fr-FR","@id":"https:\/\/eurocas.com\/#\/schema\/logo\/image\/","url":"https:\/\/eurocas.com\/wp-content\/uploads\/2021\/09\/logo.png","contentUrl":"https:\/\/eurocas.com\/wp-content\/uploads\/2021\/09\/logo.png","width":1954,"height":599,"caption":"Eurocas International"},"image":{"@id":"https:\/\/eurocas.com\/#\/schema\/logo\/image\/"}}]}},"_links":{"self":[{"href":"https:\/\/eurocas.com\/fr\/wp-json\/wp\/v2\/product\/2538"}],"collection":[{"href":"https:\/\/eurocas.com\/fr\/wp-json\/wp\/v2\/product"}],"about":[{"href":"https:\/\/eurocas.com\/fr\/wp-json\/wp\/v2\/types\/product"}],"wp:featuredmedia":[{"embeddable":true,"href":"https:\/\/eurocas.com\/fr\/wp-json\/wp\/v2\/media\/3431"}],"wp:attachment":[{"href":"https:\/\/eurocas.com\/fr\/wp-json\/wp\/v2\/media?parent=2538"}],"wp:term":[{"taxonomy":"product_cat","embeddable":true,"href":"https:\/\/eurocas.com\/fr\/wp-json\/wp\/v2\/product_cat?post=2538"},{"taxonomy":"product_tag","embeddable":true,"href":"https:\/\/eurocas.com\/fr\/wp-json\/wp\/v2\/product_tag?post=2538"}],"curies":[{"name":"wp","href":"https:\/\/api.w.org\/{rel}","templated":true}]}}