{"id":2537,"date":"2019-02-02T00:00:00","date_gmt":"2019-02-01T22:00:00","guid":{"rendered":"https:\/\/eurocas.com\/product\/glacage\/"},"modified":"2022-06-24T15:00:46","modified_gmt":"2022-06-24T12:00:46","slug":"glacage","status":"publish","type":"product","link":"https:\/\/eurocas.com\/fr\/produit\/glacage\/","title":{"rendered":"Sucres de d\u00e9coration"},"content":{"rendered":"<p>Ready to use creams<\/p>\n<p>Sucres de d\u00e9coration blanc ou rouge pour d\u2019exquises d\u00e9corations de g\u00e2teaux.<\/p>\n<ul>\n<li>FACILE A L\u2019EMPLOI<\/li>\n<li>ASPECT IMPECCABLE<\/li>\n<li>PARFAIT POUR LA DECORATION<\/li>\n<\/ul>\n<p>Le Gla\u00e7age Eurocas est facile \u00e0 utiliser et \u00e0 rouler. Nous avons en disponibilit\u00e9 les 2 couleurs les plus vendues. gla\u00e7ages blanc et rouge. Avec notre gla\u00e7age, votre g\u00e2teau sera non seulement beau \u00e0 regarder, mais aussi bon au go\u00fbt gr\u00e2ce \u00e0 ses\u00a0 subtiles notes de vanille.<\/p>\n","protected":false},"excerpt":{"rendered":"<p>Sucres de d\u00e9coration blanc ou rouge pour d\u2019exquises d\u00e9corations de g\u00e2teaux.<\/p>\n<ul>\n<li>FACILE A L\u2019EMPLOI<\/li>\n<li>ASPECT IMPECCABLE<\/li>\n<li>PARFAIT POUR LA DECORATION<\/li>\n<\/ul>\n<p>Le Gla\u00e7age Eurocas est facile \u00e0 utiliser et \u00e0 rouler. Nous avons en disponibilit\u00e9 les 2 couleurs les plus vendues. gla\u00e7ages blanc et rouge. Avec notre gla\u00e7age, votre g\u00e2teau sera non seulement beau \u00e0 regarder, mais aussi bon au go\u00fbt gr\u00e2ce \u00e0 ses\u00a0 subtiles notes de vanille.<\/p>\n","protected":false},"featured_media":3448,"template":"","meta":[],"product_cat":[88],"product_tag":[],"yoast_head":"<!-- This site is optimized with the Yoast SEO plugin v22.8 - https:\/\/yoast.com\/wordpress\/plugins\/seo\/ -->\n<title>Sucres de d\u00e9coration | Eurocas.com<\/title>\n<meta name=\"description\" content=\"Sucres de d\u00e9coration. Eurocas.com.\" \/>\n<meta name=\"robots\" content=\"index, follow, max-snippet:-1, max-image-preview:large, max-video-preview:-1\" \/>\n<link rel=\"canonical\" href=\"https:\/\/eurocas.com\/fr\/produit\/glacage\/\" \/>\n<meta property=\"og:locale\" content=\"fr_FR\" \/>\n<meta property=\"og:type\" content=\"article\" \/>\n<meta property=\"og:title\" content=\"Sucres de d\u00e9coration | Eurocas.com\" \/>\n<meta property=\"og:description\" content=\"Sucres de d\u00e9coration. Eurocas.com.\" \/>\n<meta property=\"og:url\" content=\"https:\/\/eurocas.com\/fr\/produit\/glacage\/\" \/>\n<meta property=\"og:site_name\" content=\"Eurocas.com\" \/>\n<meta property=\"article:modified_time\" content=\"2022-06-24T12:00:46+00:00\" \/>\n<meta property=\"og:image\" content=\"https:\/\/eurocas.com\/wp-content\/uploads\/2022\/03\/Icing-1-8.jpg\" \/>\n\t<meta property=\"og:image:width\" content=\"950\" \/>\n\t<meta property=\"og:image:height\" content=\"695\" \/>\n\t<meta property=\"og:image:type\" content=\"image\/jpeg\" \/>\n<meta name=\"twitter:card\" content=\"summary_large_image\" \/>\n<script type=\"application\/ld+json\" class=\"yoast-schema-graph\">{\"@context\":\"https:\/\/schema.org\",\"@graph\":[{\"@type\":\"WebPage\",\"@id\":\"https:\/\/eurocas.com\/fr\/produit\/glacage\/\",\"url\":\"https:\/\/eurocas.com\/fr\/produit\/glacage\/\",\"name\":\"Sucres de d\u00e9coration | Eurocas.com\",\"isPartOf\":{\"@id\":\"https:\/\/eurocas.com\/#website\"},\"primaryImageOfPage\":{\"@id\":\"https:\/\/eurocas.com\/fr\/produit\/glacage\/#primaryimage\"},\"image\":{\"@id\":\"https:\/\/eurocas.com\/fr\/produit\/glacage\/#primaryimage\"},\"thumbnailUrl\":\"https:\/\/eurocas.com\/wp-content\/uploads\/2022\/03\/Icing-1-8.jpg\",\"datePublished\":\"2019-02-01T22:00:00+00:00\",\"dateModified\":\"2022-06-24T12:00:46+00:00\",\"description\":\"Sucres de d\u00e9coration. Eurocas.com.\",\"breadcrumb\":{\"@id\":\"https:\/\/eurocas.com\/fr\/produit\/glacage\/#breadcrumb\"},\"inLanguage\":\"fr-FR\",\"potentialAction\":[{\"@type\":\"ReadAction\",\"target\":[\"https:\/\/eurocas.com\/fr\/produit\/glacage\/\"]}]},{\"@type\":\"ImageObject\",\"inLanguage\":\"fr-FR\",\"@id\":\"https:\/\/eurocas.com\/fr\/produit\/glacage\/#primaryimage\",\"url\":\"https:\/\/eurocas.com\/wp-content\/uploads\/2022\/03\/Icing-1-8.jpg\",\"contentUrl\":\"https:\/\/eurocas.com\/wp-content\/uploads\/2022\/03\/Icing-1-8.jpg\",\"width\":950,\"height\":695,\"caption\":\"icing sugar paste decoration\"},{\"@type\":\"BreadcrumbList\",\"@id\":\"https:\/\/eurocas.com\/fr\/produit\/glacage\/#breadcrumb\",\"itemListElement\":[{\"@type\":\"ListItem\",\"position\":1,\"name\":\"Home\",\"item\":\"https:\/\/eurocas.com\/fr\/\"},{\"@type\":\"ListItem\",\"position\":2,\"name\":\"Products\",\"item\":\"https:\/\/eurocas.com\/shop\/\"},{\"@type\":\"ListItem\",\"position\":3,\"name\":\"Sucres de d\u00e9coration\"}]},{\"@type\":\"WebSite\",\"@id\":\"https:\/\/eurocas.com\/#website\",\"url\":\"https:\/\/eurocas.com\/\",\"name\":\"Eurocas.com\",\"description\":\"Eurocas.com\",\"publisher\":{\"@id\":\"https:\/\/eurocas.com\/#organization\"},\"potentialAction\":[{\"@type\":\"SearchAction\",\"target\":{\"@type\":\"EntryPoint\",\"urlTemplate\":\"https:\/\/eurocas.com\/?s={search_term_string}\"},\"query-input\":\"required name=search_term_string\"}],\"inLanguage\":\"fr-FR\"},{\"@type\":\"Organization\",\"@id\":\"https:\/\/eurocas.com\/#organization\",\"name\":\"Eurocas International\",\"url\":\"https:\/\/eurocas.com\/\",\"logo\":{\"@type\":\"ImageObject\",\"inLanguage\":\"fr-FR\",\"@id\":\"https:\/\/eurocas.com\/#\/schema\/logo\/image\/\",\"url\":\"https:\/\/eurocas.com\/wp-content\/uploads\/2021\/09\/logo.png\",\"contentUrl\":\"https:\/\/eurocas.com\/wp-content\/uploads\/2021\/09\/logo.png\",\"width\":1954,\"height\":599,\"caption\":\"Eurocas International\"},\"image\":{\"@id\":\"https:\/\/eurocas.com\/#\/schema\/logo\/image\/\"}}]}<\/script>\n<!-- \/ Yoast SEO plugin. -->","yoast_head_json":{"title":"Sucres de d\u00e9coration | Eurocas.com","description":"Sucres de d\u00e9coration. Eurocas.com.","robots":{"index":"index","follow":"follow","max-snippet":"max-snippet:-1","max-image-preview":"max-image-preview:large","max-video-preview":"max-video-preview:-1"},"canonical":"https:\/\/eurocas.com\/fr\/produit\/glacage\/","og_locale":"fr_FR","og_type":"article","og_title":"Sucres de d\u00e9coration | Eurocas.com","og_description":"Sucres de d\u00e9coration. Eurocas.com.","og_url":"https:\/\/eurocas.com\/fr\/produit\/glacage\/","og_site_name":"Eurocas.com","article_modified_time":"2022-06-24T12:00:46+00:00","og_image":[{"width":950,"height":695,"url":"https:\/\/eurocas.com\/wp-content\/uploads\/2022\/03\/Icing-1-8.jpg","type":"image\/jpeg"}],"twitter_card":"summary_large_image","schema":{"@context":"https:\/\/schema.org","@graph":[{"@type":"WebPage","@id":"https:\/\/eurocas.com\/fr\/produit\/glacage\/","url":"https:\/\/eurocas.com\/fr\/produit\/glacage\/","name":"Sucres de d\u00e9coration | Eurocas.com","isPartOf":{"@id":"https:\/\/eurocas.com\/#website"},"primaryImageOfPage":{"@id":"https:\/\/eurocas.com\/fr\/produit\/glacage\/#primaryimage"},"image":{"@id":"https:\/\/eurocas.com\/fr\/produit\/glacage\/#primaryimage"},"thumbnailUrl":"https:\/\/eurocas.com\/wp-content\/uploads\/2022\/03\/Icing-1-8.jpg","datePublished":"2019-02-01T22:00:00+00:00","dateModified":"2022-06-24T12:00:46+00:00","description":"Sucres de d\u00e9coration. Eurocas.com.","breadcrumb":{"@id":"https:\/\/eurocas.com\/fr\/produit\/glacage\/#breadcrumb"},"inLanguage":"fr-FR","potentialAction":[{"@type":"ReadAction","target":["https:\/\/eurocas.com\/fr\/produit\/glacage\/"]}]},{"@type":"ImageObject","inLanguage":"fr-FR","@id":"https:\/\/eurocas.com\/fr\/produit\/glacage\/#primaryimage","url":"https:\/\/eurocas.com\/wp-content\/uploads\/2022\/03\/Icing-1-8.jpg","contentUrl":"https:\/\/eurocas.com\/wp-content\/uploads\/2022\/03\/Icing-1-8.jpg","width":950,"height":695,"caption":"icing sugar paste decoration"},{"@type":"BreadcrumbList","@id":"https:\/\/eurocas.com\/fr\/produit\/glacage\/#breadcrumb","itemListElement":[{"@type":"ListItem","position":1,"name":"Home","item":"https:\/\/eurocas.com\/fr\/"},{"@type":"ListItem","position":2,"name":"Products","item":"https:\/\/eurocas.com\/shop\/"},{"@type":"ListItem","position":3,"name":"Sucres de d\u00e9coration"}]},{"@type":"WebSite","@id":"https:\/\/eurocas.com\/#website","url":"https:\/\/eurocas.com\/","name":"Eurocas.com","description":"Eurocas.com","publisher":{"@id":"https:\/\/eurocas.com\/#organization"},"potentialAction":[{"@type":"SearchAction","target":{"@type":"EntryPoint","urlTemplate":"https:\/\/eurocas.com\/?s={search_term_string}"},"query-input":"required name=search_term_string"}],"inLanguage":"fr-FR"},{"@type":"Organization","@id":"https:\/\/eurocas.com\/#organization","name":"Eurocas International","url":"https:\/\/eurocas.com\/","logo":{"@type":"ImageObject","inLanguage":"fr-FR","@id":"https:\/\/eurocas.com\/#\/schema\/logo\/image\/","url":"https:\/\/eurocas.com\/wp-content\/uploads\/2021\/09\/logo.png","contentUrl":"https:\/\/eurocas.com\/wp-content\/uploads\/2021\/09\/logo.png","width":1954,"height":599,"caption":"Eurocas International"},"image":{"@id":"https:\/\/eurocas.com\/#\/schema\/logo\/image\/"}}]}},"_links":{"self":[{"href":"https:\/\/eurocas.com\/fr\/wp-json\/wp\/v2\/product\/2537"}],"collection":[{"href":"https:\/\/eurocas.com\/fr\/wp-json\/wp\/v2\/product"}],"about":[{"href":"https:\/\/eurocas.com\/fr\/wp-json\/wp\/v2\/types\/product"}],"wp:featuredmedia":[{"embeddable":true,"href":"https:\/\/eurocas.com\/fr\/wp-json\/wp\/v2\/media\/3448"}],"wp:attachment":[{"href":"https:\/\/eurocas.com\/fr\/wp-json\/wp\/v2\/media?parent=2537"}],"wp:term":[{"taxonomy":"product_cat","embeddable":true,"href":"https:\/\/eurocas.com\/fr\/wp-json\/wp\/v2\/product_cat?post=2537"},{"taxonomy":"product_tag","embeddable":true,"href":"https:\/\/eurocas.com\/fr\/wp-json\/wp\/v2\/product_tag?post=2537"}],"curies":[{"name":"wp","href":"https:\/\/api.w.org\/{rel}","templated":true}]}}