{"id":2535,"date":"2019-02-02T00:00:00","date_gmt":"2019-02-01T22:00:00","guid":{"rendered":"https:\/\/eurocas.com\/product\/graines-de-sesame\/"},"modified":"2022-04-06T13:34:02","modified_gmt":"2022-04-06T11:34:02","slug":"graines-de-sesame","status":"publish","type":"product","link":"https:\/\/eurocas.com\/fr\/produit\/graines-de-sesame\/","title":{"rendered":"Graines de S\u00e9same"},"content":{"rendered":"<p>Ready to use creams<\/p>\n<p>Une qualit\u00e9 constante \u00e0 un prix comp\u00e9titif.<\/p>\n<ul>\n<li>PREMIERE QUALITE<\/li>\n<li>ORIGINE INDIENNE<\/li>\n<li>HAUT NIVEAU DE PURETE<\/li>\n<\/ul>\n<p>Les graines de s\u00e9same Eurocas proviennent depuis toujours d\u2019Inde en raison de leur qualit\u00e9 sup\u00e9rieure et constante, et de leur haut niveau de puret\u00e9 \u00e0 plus de 99.95%.<\/p>\n","protected":false},"excerpt":{"rendered":"<p>Une qualit\u00e9 constante \u00e0 un prix comp\u00e9titif.<\/p>\n<ul>\n<li>PREMIERE QUALITE<\/li>\n<li>ORIGINE INDIENNE<\/li>\n<li>HAUT NIVEAU DE PURETE<\/li>\n<\/ul>\n<p>Les graines de s\u00e9same Eurocas proviennent depuis toujours d\u2019Inde en raison de leur qualit\u00e9 sup\u00e9rieure et constante, et de leur haut niveau de puret\u00e9 \u00e0 plus de 99.95%.<\/p>\n","protected":false},"featured_media":3451,"template":"","meta":[],"product_cat":[76],"product_tag":[],"yoast_head":"<!-- This site is optimized with the Yoast SEO plugin v22.8 - https:\/\/yoast.com\/wordpress\/plugins\/seo\/ -->\n<title>Graines de S\u00e9same | Eurocas.com<\/title>\n<meta name=\"description\" content=\"Graines de S\u00e9same. Eurocas.com.\" \/>\n<meta name=\"robots\" content=\"index, follow, max-snippet:-1, max-image-preview:large, max-video-preview:-1\" \/>\n<link rel=\"canonical\" href=\"https:\/\/eurocas.com\/fr\/produit\/graines-de-sesame\/\" \/>\n<meta property=\"og:locale\" content=\"fr_FR\" \/>\n<meta property=\"og:type\" content=\"article\" \/>\n<meta property=\"og:title\" content=\"Graines de S\u00e9same | Eurocas.com\" \/>\n<meta property=\"og:description\" content=\"Graines de S\u00e9same. Eurocas.com.\" \/>\n<meta property=\"og:url\" content=\"https:\/\/eurocas.com\/fr\/produit\/graines-de-sesame\/\" \/>\n<meta property=\"og:site_name\" content=\"Eurocas.com\" \/>\n<meta property=\"article:modified_time\" content=\"2022-04-06T11:34:02+00:00\" \/>\n<meta property=\"og:image\" content=\"https:\/\/eurocas.com\/wp-content\/uploads\/2022\/03\/Sesame-Seeds-1-14.jpg\" \/>\n\t<meta property=\"og:image:width\" content=\"950\" \/>\n\t<meta property=\"og:image:height\" content=\"695\" \/>\n\t<meta property=\"og:image:type\" content=\"image\/jpeg\" \/>\n<meta name=\"twitter:card\" content=\"summary_large_image\" \/>\n<script type=\"application\/ld+json\" class=\"yoast-schema-graph\">{\"@context\":\"https:\/\/schema.org\",\"@graph\":[{\"@type\":\"WebPage\",\"@id\":\"https:\/\/eurocas.com\/fr\/produit\/graines-de-sesame\/\",\"url\":\"https:\/\/eurocas.com\/fr\/produit\/graines-de-sesame\/\",\"name\":\"Graines de S\u00e9same | Eurocas.com\",\"isPartOf\":{\"@id\":\"https:\/\/eurocas.com\/#website\"},\"primaryImageOfPage\":{\"@id\":\"https:\/\/eurocas.com\/fr\/produit\/graines-de-sesame\/#primaryimage\"},\"image\":{\"@id\":\"https:\/\/eurocas.com\/fr\/produit\/graines-de-sesame\/#primaryimage\"},\"thumbnailUrl\":\"https:\/\/eurocas.com\/wp-content\/uploads\/2022\/03\/Sesame-Seeds-1-14.jpg\",\"datePublished\":\"2019-02-01T22:00:00+00:00\",\"dateModified\":\"2022-04-06T11:34:02+00:00\",\"description\":\"Graines de S\u00e9same. Eurocas.com.\",\"breadcrumb\":{\"@id\":\"https:\/\/eurocas.com\/fr\/produit\/graines-de-sesame\/#breadcrumb\"},\"inLanguage\":\"fr-FR\",\"potentialAction\":[{\"@type\":\"ReadAction\",\"target\":[\"https:\/\/eurocas.com\/fr\/produit\/graines-de-sesame\/\"]}]},{\"@type\":\"ImageObject\",\"inLanguage\":\"fr-FR\",\"@id\":\"https:\/\/eurocas.com\/fr\/produit\/graines-de-sesame\/#primaryimage\",\"url\":\"https:\/\/eurocas.com\/wp-content\/uploads\/2022\/03\/Sesame-Seeds-1-14.jpg\",\"contentUrl\":\"https:\/\/eurocas.com\/wp-content\/uploads\/2022\/03\/Sesame-Seeds-1-14.jpg\",\"width\":950,\"height\":695,\"caption\":\"sesame seeds for bakery decoration\"},{\"@type\":\"BreadcrumbList\",\"@id\":\"https:\/\/eurocas.com\/fr\/produit\/graines-de-sesame\/#breadcrumb\",\"itemListElement\":[{\"@type\":\"ListItem\",\"position\":1,\"name\":\"Home\",\"item\":\"https:\/\/eurocas.com\/fr\/\"},{\"@type\":\"ListItem\",\"position\":2,\"name\":\"Products\",\"item\":\"https:\/\/eurocas.com\/shop\/\"},{\"@type\":\"ListItem\",\"position\":3,\"name\":\"Graines de S\u00e9same\"}]},{\"@type\":\"WebSite\",\"@id\":\"https:\/\/eurocas.com\/#website\",\"url\":\"https:\/\/eurocas.com\/\",\"name\":\"Eurocas.com\",\"description\":\"Eurocas.com\",\"publisher\":{\"@id\":\"https:\/\/eurocas.com\/#organization\"},\"potentialAction\":[{\"@type\":\"SearchAction\",\"target\":{\"@type\":\"EntryPoint\",\"urlTemplate\":\"https:\/\/eurocas.com\/?s={search_term_string}\"},\"query-input\":\"required name=search_term_string\"}],\"inLanguage\":\"fr-FR\"},{\"@type\":\"Organization\",\"@id\":\"https:\/\/eurocas.com\/#organization\",\"name\":\"Eurocas International\",\"url\":\"https:\/\/eurocas.com\/\",\"logo\":{\"@type\":\"ImageObject\",\"inLanguage\":\"fr-FR\",\"@id\":\"https:\/\/eurocas.com\/#\/schema\/logo\/image\/\",\"url\":\"https:\/\/eurocas.com\/wp-content\/uploads\/2021\/09\/logo.png\",\"contentUrl\":\"https:\/\/eurocas.com\/wp-content\/uploads\/2021\/09\/logo.png\",\"width\":1954,\"height\":599,\"caption\":\"Eurocas International\"},\"image\":{\"@id\":\"https:\/\/eurocas.com\/#\/schema\/logo\/image\/\"}}]}<\/script>\n<!-- \/ Yoast SEO plugin. -->","yoast_head_json":{"title":"Graines de S\u00e9same | Eurocas.com","description":"Graines de S\u00e9same. Eurocas.com.","robots":{"index":"index","follow":"follow","max-snippet":"max-snippet:-1","max-image-preview":"max-image-preview:large","max-video-preview":"max-video-preview:-1"},"canonical":"https:\/\/eurocas.com\/fr\/produit\/graines-de-sesame\/","og_locale":"fr_FR","og_type":"article","og_title":"Graines de S\u00e9same | Eurocas.com","og_description":"Graines de S\u00e9same. Eurocas.com.","og_url":"https:\/\/eurocas.com\/fr\/produit\/graines-de-sesame\/","og_site_name":"Eurocas.com","article_modified_time":"2022-04-06T11:34:02+00:00","og_image":[{"width":950,"height":695,"url":"https:\/\/eurocas.com\/wp-content\/uploads\/2022\/03\/Sesame-Seeds-1-14.jpg","type":"image\/jpeg"}],"twitter_card":"summary_large_image","schema":{"@context":"https:\/\/schema.org","@graph":[{"@type":"WebPage","@id":"https:\/\/eurocas.com\/fr\/produit\/graines-de-sesame\/","url":"https:\/\/eurocas.com\/fr\/produit\/graines-de-sesame\/","name":"Graines de S\u00e9same | Eurocas.com","isPartOf":{"@id":"https:\/\/eurocas.com\/#website"},"primaryImageOfPage":{"@id":"https:\/\/eurocas.com\/fr\/produit\/graines-de-sesame\/#primaryimage"},"image":{"@id":"https:\/\/eurocas.com\/fr\/produit\/graines-de-sesame\/#primaryimage"},"thumbnailUrl":"https:\/\/eurocas.com\/wp-content\/uploads\/2022\/03\/Sesame-Seeds-1-14.jpg","datePublished":"2019-02-01T22:00:00+00:00","dateModified":"2022-04-06T11:34:02+00:00","description":"Graines de S\u00e9same. Eurocas.com.","breadcrumb":{"@id":"https:\/\/eurocas.com\/fr\/produit\/graines-de-sesame\/#breadcrumb"},"inLanguage":"fr-FR","potentialAction":[{"@type":"ReadAction","target":["https:\/\/eurocas.com\/fr\/produit\/graines-de-sesame\/"]}]},{"@type":"ImageObject","inLanguage":"fr-FR","@id":"https:\/\/eurocas.com\/fr\/produit\/graines-de-sesame\/#primaryimage","url":"https:\/\/eurocas.com\/wp-content\/uploads\/2022\/03\/Sesame-Seeds-1-14.jpg","contentUrl":"https:\/\/eurocas.com\/wp-content\/uploads\/2022\/03\/Sesame-Seeds-1-14.jpg","width":950,"height":695,"caption":"sesame seeds for bakery decoration"},{"@type":"BreadcrumbList","@id":"https:\/\/eurocas.com\/fr\/produit\/graines-de-sesame\/#breadcrumb","itemListElement":[{"@type":"ListItem","position":1,"name":"Home","item":"https:\/\/eurocas.com\/fr\/"},{"@type":"ListItem","position":2,"name":"Products","item":"https:\/\/eurocas.com\/shop\/"},{"@type":"ListItem","position":3,"name":"Graines de S\u00e9same"}]},{"@type":"WebSite","@id":"https:\/\/eurocas.com\/#website","url":"https:\/\/eurocas.com\/","name":"Eurocas.com","description":"Eurocas.com","publisher":{"@id":"https:\/\/eurocas.com\/#organization"},"potentialAction":[{"@type":"SearchAction","target":{"@type":"EntryPoint","urlTemplate":"https:\/\/eurocas.com\/?s={search_term_string}"},"query-input":"required name=search_term_string"}],"inLanguage":"fr-FR"},{"@type":"Organization","@id":"https:\/\/eurocas.com\/#organization","name":"Eurocas International","url":"https:\/\/eurocas.com\/","logo":{"@type":"ImageObject","inLanguage":"fr-FR","@id":"https:\/\/eurocas.com\/#\/schema\/logo\/image\/","url":"https:\/\/eurocas.com\/wp-content\/uploads\/2021\/09\/logo.png","contentUrl":"https:\/\/eurocas.com\/wp-content\/uploads\/2021\/09\/logo.png","width":1954,"height":599,"caption":"Eurocas International"},"image":{"@id":"https:\/\/eurocas.com\/#\/schema\/logo\/image\/"}}]}},"_links":{"self":[{"href":"https:\/\/eurocas.com\/fr\/wp-json\/wp\/v2\/product\/2535"}],"collection":[{"href":"https:\/\/eurocas.com\/fr\/wp-json\/wp\/v2\/product"}],"about":[{"href":"https:\/\/eurocas.com\/fr\/wp-json\/wp\/v2\/types\/product"}],"wp:featuredmedia":[{"embeddable":true,"href":"https:\/\/eurocas.com\/fr\/wp-json\/wp\/v2\/media\/3451"}],"wp:attachment":[{"href":"https:\/\/eurocas.com\/fr\/wp-json\/wp\/v2\/media?parent=2535"}],"wp:term":[{"taxonomy":"product_cat","embeddable":true,"href":"https:\/\/eurocas.com\/fr\/wp-json\/wp\/v2\/product_cat?post=2535"},{"taxonomy":"product_tag","embeddable":true,"href":"https:\/\/eurocas.com\/fr\/wp-json\/wp\/v2\/product_tag?post=2535"}],"curies":[{"name":"wp","href":"https:\/\/api.w.org\/{rel}","templated":true}]}}