{"id":2533,"date":"2019-02-03T00:00:00","date_gmt":"2019-02-02T22:00:00","guid":{"rendered":"https:\/\/eurocas.com\/product\/cacahuetes-caramelisees\/"},"modified":"2022-06-24T14:34:31","modified_gmt":"2022-06-24T11:34:31","slug":"cacahuetes-caramelisees","status":"publish","type":"product","link":"https:\/\/eurocas.com\/fr\/produit\/cacahuetes-caramelisees\/","title":{"rendered":"Cacahu\u00e8tes Caram\u00e9lis\u00e9es"},"content":{"rendered":"<p>Ready to use creams<\/p>\n<p>Cacahu\u00e8tes Caram\u00e9lis\u00e9es\u00a0 avec un excellent go\u00fbt et un aspect brillant.<\/p>\n<ul>\n<li>PREMIERE QUALITE<\/li>\n<li>BELLE COULEUR<\/li>\n<li>ASPECT BRILLANT<\/li>\n<\/ul>\n<p>Les cacahu\u00e8tes caram\u00e9lis\u00e9es Eurocas proviennent d\u2019Argentine, o\u00f9 l\u2019on trouve les cacahu\u00e8tes qui ont le meilleure go\u00fbt au monde, et de qualit\u00e9 constante.<\/p>\n","protected":false},"excerpt":{"rendered":"<p>Cacahu\u00e8tes Caram\u00e9lis\u00e9es\u00a0 avec un excellent go\u00fbt et un aspect brillant.<\/p>\n<ul>\n<li>PREMIERE QUALITE<\/li>\n<li>BELLE COULEUR<\/li>\n<li>ASPECT BRILLANT<\/li>\n<\/ul>\n<p>Les cacahu\u00e8tes caram\u00e9lis\u00e9es Eurocas proviennent d\u2019Argentine, o\u00f9 l\u2019on trouve les cacahu\u00e8tes qui ont le meilleure go\u00fbt au monde, et de qualit\u00e9 constante.<\/p>\n","protected":false},"featured_media":3411,"template":"","meta":[],"product_cat":[76],"product_tag":[],"yoast_head":"<!-- This site is optimized with the Yoast SEO plugin v22.8 - https:\/\/yoast.com\/wordpress\/plugins\/seo\/ -->\n<title>Cacahu\u00e8tes Caram\u00e9lis\u00e9es<\/title>\n<meta name=\"description\" content=\"Cacahu\u00e8tes Caram\u00e9lis\u00e9es. Eurocas.com.\" \/>\n<meta name=\"robots\" content=\"index, follow, max-snippet:-1, max-image-preview:large, max-video-preview:-1\" \/>\n<link rel=\"canonical\" href=\"https:\/\/eurocas.com\/fr\/produit\/cacahuetes-caramelisees\/\" \/>\n<meta property=\"og:locale\" content=\"fr_FR\" \/>\n<meta property=\"og:type\" content=\"article\" \/>\n<meta property=\"og:title\" content=\"Cacahu\u00e8tes Caram\u00e9lis\u00e9es\" \/>\n<meta property=\"og:description\" content=\"Cacahu\u00e8tes Caram\u00e9lis\u00e9es. Eurocas.com.\" \/>\n<meta property=\"og:url\" content=\"https:\/\/eurocas.com\/fr\/produit\/cacahuetes-caramelisees\/\" \/>\n<meta property=\"og:site_name\" content=\"Eurocas.com\" \/>\n<meta property=\"article:modified_time\" content=\"2022-06-24T11:34:31+00:00\" \/>\n<meta property=\"og:image\" content=\"https:\/\/eurocas.com\/wp-content\/uploads\/2022\/03\/Caramelized-Peanuts-1-6.jpg\" \/>\n\t<meta property=\"og:image:width\" content=\"950\" \/>\n\t<meta property=\"og:image:height\" content=\"695\" \/>\n\t<meta property=\"og:image:type\" content=\"image\/jpeg\" \/>\n<meta name=\"twitter:card\" content=\"summary_large_image\" \/>\n<script type=\"application\/ld+json\" class=\"yoast-schema-graph\">{\"@context\":\"https:\/\/schema.org\",\"@graph\":[{\"@type\":\"WebPage\",\"@id\":\"https:\/\/eurocas.com\/fr\/produit\/cacahuetes-caramelisees\/\",\"url\":\"https:\/\/eurocas.com\/fr\/produit\/cacahuetes-caramelisees\/\",\"name\":\"Cacahu\u00e8tes Caram\u00e9lis\u00e9es\",\"isPartOf\":{\"@id\":\"https:\/\/eurocas.com\/#website\"},\"primaryImageOfPage\":{\"@id\":\"https:\/\/eurocas.com\/fr\/produit\/cacahuetes-caramelisees\/#primaryimage\"},\"image\":{\"@id\":\"https:\/\/eurocas.com\/fr\/produit\/cacahuetes-caramelisees\/#primaryimage\"},\"thumbnailUrl\":\"https:\/\/eurocas.com\/wp-content\/uploads\/2022\/03\/Caramelized-Peanuts-1-6.jpg\",\"datePublished\":\"2019-02-02T22:00:00+00:00\",\"dateModified\":\"2022-06-24T11:34:31+00:00\",\"description\":\"Cacahu\u00e8tes Caram\u00e9lis\u00e9es. Eurocas.com.\",\"breadcrumb\":{\"@id\":\"https:\/\/eurocas.com\/fr\/produit\/cacahuetes-caramelisees\/#breadcrumb\"},\"inLanguage\":\"fr-FR\",\"potentialAction\":[{\"@type\":\"ReadAction\",\"target\":[\"https:\/\/eurocas.com\/fr\/produit\/cacahuetes-caramelisees\/\"]}]},{\"@type\":\"ImageObject\",\"inLanguage\":\"fr-FR\",\"@id\":\"https:\/\/eurocas.com\/fr\/produit\/cacahuetes-caramelisees\/#primaryimage\",\"url\":\"https:\/\/eurocas.com\/wp-content\/uploads\/2022\/03\/Caramelized-Peanuts-1-6.jpg\",\"contentUrl\":\"https:\/\/eurocas.com\/wp-content\/uploads\/2022\/03\/Caramelized-Peanuts-1-6.jpg\",\"width\":950,\"height\":695,\"caption\":\"caramelized peanuts for pastry toppings and dessert decor\"},{\"@type\":\"BreadcrumbList\",\"@id\":\"https:\/\/eurocas.com\/fr\/produit\/cacahuetes-caramelisees\/#breadcrumb\",\"itemListElement\":[{\"@type\":\"ListItem\",\"position\":1,\"name\":\"Home\",\"item\":\"https:\/\/eurocas.com\/fr\/\"},{\"@type\":\"ListItem\",\"position\":2,\"name\":\"Products\",\"item\":\"https:\/\/eurocas.com\/shop\/\"},{\"@type\":\"ListItem\",\"position\":3,\"name\":\"Cacahu\u00e8tes Caram\u00e9lis\u00e9es\"}]},{\"@type\":\"WebSite\",\"@id\":\"https:\/\/eurocas.com\/#website\",\"url\":\"https:\/\/eurocas.com\/\",\"name\":\"Eurocas.com\",\"description\":\"Eurocas.com\",\"publisher\":{\"@id\":\"https:\/\/eurocas.com\/#organization\"},\"potentialAction\":[{\"@type\":\"SearchAction\",\"target\":{\"@type\":\"EntryPoint\",\"urlTemplate\":\"https:\/\/eurocas.com\/?s={search_term_string}\"},\"query-input\":\"required name=search_term_string\"}],\"inLanguage\":\"fr-FR\"},{\"@type\":\"Organization\",\"@id\":\"https:\/\/eurocas.com\/#organization\",\"name\":\"Eurocas International\",\"url\":\"https:\/\/eurocas.com\/\",\"logo\":{\"@type\":\"ImageObject\",\"inLanguage\":\"fr-FR\",\"@id\":\"https:\/\/eurocas.com\/#\/schema\/logo\/image\/\",\"url\":\"https:\/\/eurocas.com\/wp-content\/uploads\/2021\/09\/logo.png\",\"contentUrl\":\"https:\/\/eurocas.com\/wp-content\/uploads\/2021\/09\/logo.png\",\"width\":1954,\"height\":599,\"caption\":\"Eurocas International\"},\"image\":{\"@id\":\"https:\/\/eurocas.com\/#\/schema\/logo\/image\/\"}}]}<\/script>\n<!-- \/ Yoast SEO plugin. -->","yoast_head_json":{"title":"Cacahu\u00e8tes Caram\u00e9lis\u00e9es","description":"Cacahu\u00e8tes Caram\u00e9lis\u00e9es. Eurocas.com.","robots":{"index":"index","follow":"follow","max-snippet":"max-snippet:-1","max-image-preview":"max-image-preview:large","max-video-preview":"max-video-preview:-1"},"canonical":"https:\/\/eurocas.com\/fr\/produit\/cacahuetes-caramelisees\/","og_locale":"fr_FR","og_type":"article","og_title":"Cacahu\u00e8tes Caram\u00e9lis\u00e9es","og_description":"Cacahu\u00e8tes Caram\u00e9lis\u00e9es. Eurocas.com.","og_url":"https:\/\/eurocas.com\/fr\/produit\/cacahuetes-caramelisees\/","og_site_name":"Eurocas.com","article_modified_time":"2022-06-24T11:34:31+00:00","og_image":[{"width":950,"height":695,"url":"https:\/\/eurocas.com\/wp-content\/uploads\/2022\/03\/Caramelized-Peanuts-1-6.jpg","type":"image\/jpeg"}],"twitter_card":"summary_large_image","schema":{"@context":"https:\/\/schema.org","@graph":[{"@type":"WebPage","@id":"https:\/\/eurocas.com\/fr\/produit\/cacahuetes-caramelisees\/","url":"https:\/\/eurocas.com\/fr\/produit\/cacahuetes-caramelisees\/","name":"Cacahu\u00e8tes Caram\u00e9lis\u00e9es","isPartOf":{"@id":"https:\/\/eurocas.com\/#website"},"primaryImageOfPage":{"@id":"https:\/\/eurocas.com\/fr\/produit\/cacahuetes-caramelisees\/#primaryimage"},"image":{"@id":"https:\/\/eurocas.com\/fr\/produit\/cacahuetes-caramelisees\/#primaryimage"},"thumbnailUrl":"https:\/\/eurocas.com\/wp-content\/uploads\/2022\/03\/Caramelized-Peanuts-1-6.jpg","datePublished":"2019-02-02T22:00:00+00:00","dateModified":"2022-06-24T11:34:31+00:00","description":"Cacahu\u00e8tes Caram\u00e9lis\u00e9es. Eurocas.com.","breadcrumb":{"@id":"https:\/\/eurocas.com\/fr\/produit\/cacahuetes-caramelisees\/#breadcrumb"},"inLanguage":"fr-FR","potentialAction":[{"@type":"ReadAction","target":["https:\/\/eurocas.com\/fr\/produit\/cacahuetes-caramelisees\/"]}]},{"@type":"ImageObject","inLanguage":"fr-FR","@id":"https:\/\/eurocas.com\/fr\/produit\/cacahuetes-caramelisees\/#primaryimage","url":"https:\/\/eurocas.com\/wp-content\/uploads\/2022\/03\/Caramelized-Peanuts-1-6.jpg","contentUrl":"https:\/\/eurocas.com\/wp-content\/uploads\/2022\/03\/Caramelized-Peanuts-1-6.jpg","width":950,"height":695,"caption":"caramelized peanuts for pastry toppings and dessert decor"},{"@type":"BreadcrumbList","@id":"https:\/\/eurocas.com\/fr\/produit\/cacahuetes-caramelisees\/#breadcrumb","itemListElement":[{"@type":"ListItem","position":1,"name":"Home","item":"https:\/\/eurocas.com\/fr\/"},{"@type":"ListItem","position":2,"name":"Products","item":"https:\/\/eurocas.com\/shop\/"},{"@type":"ListItem","position":3,"name":"Cacahu\u00e8tes Caram\u00e9lis\u00e9es"}]},{"@type":"WebSite","@id":"https:\/\/eurocas.com\/#website","url":"https:\/\/eurocas.com\/","name":"Eurocas.com","description":"Eurocas.com","publisher":{"@id":"https:\/\/eurocas.com\/#organization"},"potentialAction":[{"@type":"SearchAction","target":{"@type":"EntryPoint","urlTemplate":"https:\/\/eurocas.com\/?s={search_term_string}"},"query-input":"required name=search_term_string"}],"inLanguage":"fr-FR"},{"@type":"Organization","@id":"https:\/\/eurocas.com\/#organization","name":"Eurocas International","url":"https:\/\/eurocas.com\/","logo":{"@type":"ImageObject","inLanguage":"fr-FR","@id":"https:\/\/eurocas.com\/#\/schema\/logo\/image\/","url":"https:\/\/eurocas.com\/wp-content\/uploads\/2021\/09\/logo.png","contentUrl":"https:\/\/eurocas.com\/wp-content\/uploads\/2021\/09\/logo.png","width":1954,"height":599,"caption":"Eurocas International"},"image":{"@id":"https:\/\/eurocas.com\/#\/schema\/logo\/image\/"}}]}},"_links":{"self":[{"href":"https:\/\/eurocas.com\/fr\/wp-json\/wp\/v2\/product\/2533"}],"collection":[{"href":"https:\/\/eurocas.com\/fr\/wp-json\/wp\/v2\/product"}],"about":[{"href":"https:\/\/eurocas.com\/fr\/wp-json\/wp\/v2\/types\/product"}],"wp:featuredmedia":[{"embeddable":true,"href":"https:\/\/eurocas.com\/fr\/wp-json\/wp\/v2\/media\/3411"}],"wp:attachment":[{"href":"https:\/\/eurocas.com\/fr\/wp-json\/wp\/v2\/media?parent=2533"}],"wp:term":[{"taxonomy":"product_cat","embeddable":true,"href":"https:\/\/eurocas.com\/fr\/wp-json\/wp\/v2\/product_cat?post=2533"},{"taxonomy":"product_tag","embeddable":true,"href":"https:\/\/eurocas.com\/fr\/wp-json\/wp\/v2\/product_tag?post=2533"}],"curies":[{"name":"wp","href":"https:\/\/api.w.org\/{rel}","templated":true}]}}