{"id":2530,"date":"2018-12-15T00:00:00","date_gmt":"2018-12-14T22:00:00","guid":{"rendered":"https:\/\/eurocas.com\/product\/rhapsody-cremes\/"},"modified":"2022-12-21T15:24:02","modified_gmt":"2022-12-21T12:24:02","slug":"rhapsody-cremes","status":"publish","type":"product","link":"https:\/\/eurocas.com\/fr\/produit\/rhapsody-cremes\/","title":{"rendered":"Rhapsody Cr\u00e8mes"},"content":{"rendered":"<p>Ready to use creams<\/p>\n<p>Une excellente gamme de cr\u00e8mes pr\u00eates \u00e0 l\u2019emploi pour les fourrages avant ou apr\u00e8s la cuisson.<\/p>\n<ul>\n<li>PRETE A L\u2019EMPLOI<\/li>\n<li>STABLE A LA CONGELATION<\/li>\n<li>STABLE A LA CUISSON<\/li>\n<li>LONGUE CONSERVATION<\/li>\n<\/ul>\n<p>Sa structure unique fait que\u00a0 Rhapsody est parfaite aussi bien pour la cuisson que pour le m\u00e9lange avec d\u2019autres cr\u00e8mes non laiti\u00e8res Eurocas, ce qui permet d\u2019obtenir d\u2019exquises cr\u00e8mes pour la d\u00e9coration et le fourrage de g\u00e2teaux et autres p\u00e2tisseries.<\/p>\n<p>En ce qui concerne la cuisson, les cr\u00e8mes Rhapsody sont id\u00e9ales en raison de leur utilisation facile dans des proc\u00e9d\u00e9s industriels tels que l\u2019extrusion, le pompage ou l\u2019injection.<\/p>\n","protected":false},"excerpt":{"rendered":"<p>Une excellente gamme de cr\u00e8mes pr\u00eates \u00e0 l\u2019emploi pour les fourrages avant ou apr\u00e8s la cuisson.<\/p>\n<ul>\n<li>PRETE A L\u2019EMPLOI<\/li>\n<li>STABLE A LA CONGELATION<\/li>\n<li>STABLE A LA CUISSON<\/li>\n<li>LONGUE CONSERVATION<\/li>\n<\/ul>\n<p>Sa structure unique fait que\u00a0 Rhapsody est parfaite aussi bien pour la cuisson que pour le m\u00e9lange avec d\u2019autres cr\u00e8mes non laiti\u00e8res Eurocas, ce qui permet d\u2019obtenir d\u2019exquises cr\u00e8mes pour la d\u00e9coration et le fourrage de g\u00e2teaux et autres p\u00e2tisseries.<\/p>\n<p>En ce qui concerne la cuisson, les cr\u00e8mes Rhapsody sont id\u00e9ales en raison de leur utilisation facile dans des proc\u00e9d\u00e9s industriels tels que l\u2019extrusion, le pompage ou l\u2019injection.<\/p>\n","protected":false},"featured_media":3115,"template":"","meta":[],"product_cat":[82],"product_tag":[],"yoast_head":"<!-- This site is optimized with the Yoast SEO plugin v22.8 - https:\/\/yoast.com\/wordpress\/plugins\/seo\/ -->\n<title>Rhapsody Cr\u00e8mes | Eurocas.com<\/title>\n<meta name=\"description\" content=\"Rhapsody Cr\u00e8mes. Eurocas.com.\" \/>\n<meta name=\"robots\" content=\"index, follow, max-snippet:-1, max-image-preview:large, max-video-preview:-1\" \/>\n<link rel=\"canonical\" href=\"https:\/\/eurocas.com\/fr\/produit\/rhapsody-cremes\/\" \/>\n<meta property=\"og:locale\" content=\"fr_FR\" \/>\n<meta property=\"og:type\" content=\"article\" \/>\n<meta property=\"og:title\" content=\"Rhapsody Cr\u00e8mes | Eurocas.com\" \/>\n<meta property=\"og:description\" content=\"Rhapsody Cr\u00e8mes. Eurocas.com.\" \/>\n<meta property=\"og:url\" content=\"https:\/\/eurocas.com\/fr\/produit\/rhapsody-cremes\/\" \/>\n<meta property=\"og:site_name\" content=\"Eurocas.com\" \/>\n<meta property=\"article:modified_time\" content=\"2022-12-21T12:24:02+00:00\" \/>\n<meta property=\"og:image\" content=\"https:\/\/eurocas.com\/wp-content\/uploads\/2022\/06\/rhapsody-vanilla-ready-to-use-cream.png\" \/>\n\t<meta property=\"og:image:width\" content=\"800\" \/>\n\t<meta property=\"og:image:height\" content=\"460\" \/>\n\t<meta property=\"og:image:type\" content=\"image\/png\" \/>\n<meta name=\"twitter:card\" content=\"summary_large_image\" \/>\n<meta name=\"twitter:label1\" content=\"Dur\u00e9e de lecture estim\u00e9e\" \/>\n\t<meta name=\"twitter:data1\" content=\"1 minute\" \/>\n<script type=\"application\/ld+json\" class=\"yoast-schema-graph\">{\"@context\":\"https:\/\/schema.org\",\"@graph\":[{\"@type\":\"WebPage\",\"@id\":\"https:\/\/eurocas.com\/fr\/produit\/rhapsody-cremes\/\",\"url\":\"https:\/\/eurocas.com\/fr\/produit\/rhapsody-cremes\/\",\"name\":\"Rhapsody Cr\u00e8mes | Eurocas.com\",\"isPartOf\":{\"@id\":\"https:\/\/eurocas.com\/#website\"},\"primaryImageOfPage\":{\"@id\":\"https:\/\/eurocas.com\/fr\/produit\/rhapsody-cremes\/#primaryimage\"},\"image\":{\"@id\":\"https:\/\/eurocas.com\/fr\/produit\/rhapsody-cremes\/#primaryimage\"},\"thumbnailUrl\":\"https:\/\/eurocas.com\/wp-content\/uploads\/2022\/06\/rhapsody-vanilla-ready-to-use-cream.png\",\"datePublished\":\"2018-12-14T22:00:00+00:00\",\"dateModified\":\"2022-12-21T12:24:02+00:00\",\"description\":\"Rhapsody Cr\u00e8mes. Eurocas.com.\",\"breadcrumb\":{\"@id\":\"https:\/\/eurocas.com\/fr\/produit\/rhapsody-cremes\/#breadcrumb\"},\"inLanguage\":\"fr-FR\",\"potentialAction\":[{\"@type\":\"ReadAction\",\"target\":[\"https:\/\/eurocas.com\/fr\/produit\/rhapsody-cremes\/\"]}]},{\"@type\":\"ImageObject\",\"inLanguage\":\"fr-FR\",\"@id\":\"https:\/\/eurocas.com\/fr\/produit\/rhapsody-cremes\/#primaryimage\",\"url\":\"https:\/\/eurocas.com\/wp-content\/uploads\/2022\/06\/rhapsody-vanilla-ready-to-use-cream.png\",\"contentUrl\":\"https:\/\/eurocas.com\/wp-content\/uploads\/2022\/06\/rhapsody-vanilla-ready-to-use-cream.png\",\"width\":800,\"height\":460,\"caption\":\"Rhapsody Creams Eurocas \u2013 ambalaj crem\u0103 patiserie 5kg\"},{\"@type\":\"BreadcrumbList\",\"@id\":\"https:\/\/eurocas.com\/fr\/produit\/rhapsody-cremes\/#breadcrumb\",\"itemListElement\":[{\"@type\":\"ListItem\",\"position\":1,\"name\":\"Home\",\"item\":\"https:\/\/eurocas.com\/fr\/\"},{\"@type\":\"ListItem\",\"position\":2,\"name\":\"Products\",\"item\":\"https:\/\/eurocas.com\/shop\/\"},{\"@type\":\"ListItem\",\"position\":3,\"name\":\"Rhapsody Cr\u00e8mes\"}]},{\"@type\":\"WebSite\",\"@id\":\"https:\/\/eurocas.com\/#website\",\"url\":\"https:\/\/eurocas.com\/\",\"name\":\"Eurocas.com\",\"description\":\"Eurocas.com\",\"publisher\":{\"@id\":\"https:\/\/eurocas.com\/#organization\"},\"potentialAction\":[{\"@type\":\"SearchAction\",\"target\":{\"@type\":\"EntryPoint\",\"urlTemplate\":\"https:\/\/eurocas.com\/?s={search_term_string}\"},\"query-input\":\"required name=search_term_string\"}],\"inLanguage\":\"fr-FR\"},{\"@type\":\"Organization\",\"@id\":\"https:\/\/eurocas.com\/#organization\",\"name\":\"Eurocas International\",\"url\":\"https:\/\/eurocas.com\/\",\"logo\":{\"@type\":\"ImageObject\",\"inLanguage\":\"fr-FR\",\"@id\":\"https:\/\/eurocas.com\/#\/schema\/logo\/image\/\",\"url\":\"https:\/\/eurocas.com\/wp-content\/uploads\/2021\/09\/logo.png\",\"contentUrl\":\"https:\/\/eurocas.com\/wp-content\/uploads\/2021\/09\/logo.png\",\"width\":1954,\"height\":599,\"caption\":\"Eurocas International\"},\"image\":{\"@id\":\"https:\/\/eurocas.com\/#\/schema\/logo\/image\/\"}}]}<\/script>\n<!-- \/ Yoast SEO plugin. -->","yoast_head_json":{"title":"Rhapsody Cr\u00e8mes | Eurocas.com","description":"Rhapsody Cr\u00e8mes. Eurocas.com.","robots":{"index":"index","follow":"follow","max-snippet":"max-snippet:-1","max-image-preview":"max-image-preview:large","max-video-preview":"max-video-preview:-1"},"canonical":"https:\/\/eurocas.com\/fr\/produit\/rhapsody-cremes\/","og_locale":"fr_FR","og_type":"article","og_title":"Rhapsody Cr\u00e8mes | Eurocas.com","og_description":"Rhapsody Cr\u00e8mes. Eurocas.com.","og_url":"https:\/\/eurocas.com\/fr\/produit\/rhapsody-cremes\/","og_site_name":"Eurocas.com","article_modified_time":"2022-12-21T12:24:02+00:00","og_image":[{"width":800,"height":460,"url":"https:\/\/eurocas.com\/wp-content\/uploads\/2022\/06\/rhapsody-vanilla-ready-to-use-cream.png","type":"image\/png"}],"twitter_card":"summary_large_image","twitter_misc":{"Dur\u00e9e de lecture estim\u00e9e":"1 minute"},"schema":{"@context":"https:\/\/schema.org","@graph":[{"@type":"WebPage","@id":"https:\/\/eurocas.com\/fr\/produit\/rhapsody-cremes\/","url":"https:\/\/eurocas.com\/fr\/produit\/rhapsody-cremes\/","name":"Rhapsody Cr\u00e8mes | Eurocas.com","isPartOf":{"@id":"https:\/\/eurocas.com\/#website"},"primaryImageOfPage":{"@id":"https:\/\/eurocas.com\/fr\/produit\/rhapsody-cremes\/#primaryimage"},"image":{"@id":"https:\/\/eurocas.com\/fr\/produit\/rhapsody-cremes\/#primaryimage"},"thumbnailUrl":"https:\/\/eurocas.com\/wp-content\/uploads\/2022\/06\/rhapsody-vanilla-ready-to-use-cream.png","datePublished":"2018-12-14T22:00:00+00:00","dateModified":"2022-12-21T12:24:02+00:00","description":"Rhapsody Cr\u00e8mes. Eurocas.com.","breadcrumb":{"@id":"https:\/\/eurocas.com\/fr\/produit\/rhapsody-cremes\/#breadcrumb"},"inLanguage":"fr-FR","potentialAction":[{"@type":"ReadAction","target":["https:\/\/eurocas.com\/fr\/produit\/rhapsody-cremes\/"]}]},{"@type":"ImageObject","inLanguage":"fr-FR","@id":"https:\/\/eurocas.com\/fr\/produit\/rhapsody-cremes\/#primaryimage","url":"https:\/\/eurocas.com\/wp-content\/uploads\/2022\/06\/rhapsody-vanilla-ready-to-use-cream.png","contentUrl":"https:\/\/eurocas.com\/wp-content\/uploads\/2022\/06\/rhapsody-vanilla-ready-to-use-cream.png","width":800,"height":460,"caption":"Rhapsody Creams Eurocas \u2013 ambalaj crem\u0103 patiserie 5kg"},{"@type":"BreadcrumbList","@id":"https:\/\/eurocas.com\/fr\/produit\/rhapsody-cremes\/#breadcrumb","itemListElement":[{"@type":"ListItem","position":1,"name":"Home","item":"https:\/\/eurocas.com\/fr\/"},{"@type":"ListItem","position":2,"name":"Products","item":"https:\/\/eurocas.com\/shop\/"},{"@type":"ListItem","position":3,"name":"Rhapsody Cr\u00e8mes"}]},{"@type":"WebSite","@id":"https:\/\/eurocas.com\/#website","url":"https:\/\/eurocas.com\/","name":"Eurocas.com","description":"Eurocas.com","publisher":{"@id":"https:\/\/eurocas.com\/#organization"},"potentialAction":[{"@type":"SearchAction","target":{"@type":"EntryPoint","urlTemplate":"https:\/\/eurocas.com\/?s={search_term_string}"},"query-input":"required name=search_term_string"}],"inLanguage":"fr-FR"},{"@type":"Organization","@id":"https:\/\/eurocas.com\/#organization","name":"Eurocas International","url":"https:\/\/eurocas.com\/","logo":{"@type":"ImageObject","inLanguage":"fr-FR","@id":"https:\/\/eurocas.com\/#\/schema\/logo\/image\/","url":"https:\/\/eurocas.com\/wp-content\/uploads\/2021\/09\/logo.png","contentUrl":"https:\/\/eurocas.com\/wp-content\/uploads\/2021\/09\/logo.png","width":1954,"height":599,"caption":"Eurocas International"},"image":{"@id":"https:\/\/eurocas.com\/#\/schema\/logo\/image\/"}}]}},"_links":{"self":[{"href":"https:\/\/eurocas.com\/fr\/wp-json\/wp\/v2\/product\/2530"}],"collection":[{"href":"https:\/\/eurocas.com\/fr\/wp-json\/wp\/v2\/product"}],"about":[{"href":"https:\/\/eurocas.com\/fr\/wp-json\/wp\/v2\/types\/product"}],"wp:featuredmedia":[{"embeddable":true,"href":"https:\/\/eurocas.com\/fr\/wp-json\/wp\/v2\/media\/3115"}],"wp:attachment":[{"href":"https:\/\/eurocas.com\/fr\/wp-json\/wp\/v2\/media?parent=2530"}],"wp:term":[{"taxonomy":"product_cat","embeddable":true,"href":"https:\/\/eurocas.com\/fr\/wp-json\/wp\/v2\/product_cat?post=2530"},{"taxonomy":"product_tag","embeddable":true,"href":"https:\/\/eurocas.com\/fr\/wp-json\/wp\/v2\/product_tag?post=2530"}],"curies":[{"name":"wp","href":"https:\/\/api.w.org\/{rel}","templated":true}]}}