{"id":2529,"date":"2019-02-03T00:00:00","date_gmt":"2019-02-02T21:00:00","guid":{"rendered":"https:\/\/eurocas.com\/product\/fourrage-aux-noix\/"},"modified":"2022-12-21T15:25:51","modified_gmt":"2022-12-21T12:25:51","slug":"fourrage-aux-noix","status":"publish","type":"product","link":"https:\/\/eurocas.com\/fr\/produit\/fourrage-aux-noix\/","title":{"rendered":"Fourrage aux Noix"},"content":{"rendered":"<p>Ready to use creams<\/p>\n<p>Facile \u00e0 l\u2019emploi, le fourrage aux noix est pr\u00eat juste en ajoutant de l\u2019eau avant de m\u00e9langer.<\/p>\n<ul>\n<li>CONTIENT UN FORT POURCENTAGE DE NOIX<\/li>\n<li>STABLE A LA CUISSON<\/li>\n<li>FACILE A L\u2019EMPLOI<\/li>\n<\/ul>\n<p>Le Fourrage aux Noix Eurocas est un fourrage de premi\u00e8re qualit\u00e9 \u00e0 40% qui, une fois m\u00e9lang\u00e9 avec de l\u2019eau, donne une p\u00e2te de noix lisse au go\u00fbt exquis et garantit la satisfaction du client.<\/p>\n","protected":false},"excerpt":{"rendered":"<p>Facile \u00e0 l\u2019emploi, le fourrage aux noix est pr\u00eat juste en ajoutant de l\u2019eau avant de m\u00e9langer.<\/p>\n<ul>\n<li>CONTIENT UN FORT POURCENTAGE DE NOIX<\/li>\n<li>STABLE A LA CUISSON<\/li>\n<li>FACILE A L\u2019EMPLOI<\/li>\n<\/ul>\n<p>Le Fourrage aux Noix Eurocas est un fourrage de premi\u00e8re qualit\u00e9 \u00e0 40% qui, une fois m\u00e9lang\u00e9 avec de l\u2019eau, donne une p\u00e2te de noix lisse au go\u00fbt exquis et garantit la satisfaction du client.<\/p>\n","protected":false},"featured_media":3103,"template":"","meta":[],"product_cat":[79],"product_tag":[],"yoast_head":"<!-- This site is optimized with the Yoast SEO plugin v22.8 - https:\/\/yoast.com\/wordpress\/plugins\/seo\/ -->\n<title>Fourrage aux Noix | Eurocas.com<\/title>\n<meta name=\"description\" content=\"Fourrage aux Noix. Eurocas.com.\" \/>\n<meta name=\"robots\" content=\"index, follow, max-snippet:-1, max-image-preview:large, max-video-preview:-1\" \/>\n<link rel=\"canonical\" href=\"https:\/\/eurocas.com\/fr\/produit\/fourrage-aux-noix\/\" \/>\n<meta property=\"og:locale\" content=\"fr_FR\" \/>\n<meta property=\"og:type\" content=\"article\" \/>\n<meta property=\"og:title\" content=\"Fourrage aux Noix | Eurocas.com\" \/>\n<meta property=\"og:description\" content=\"Fourrage aux Noix. Eurocas.com.\" \/>\n<meta property=\"og:url\" content=\"https:\/\/eurocas.com\/fr\/produit\/fourrage-aux-noix\/\" \/>\n<meta property=\"og:site_name\" content=\"Eurocas.com\" \/>\n<meta property=\"article:modified_time\" content=\"2022-12-21T12:25:51+00:00\" \/>\n<meta property=\"og:image\" content=\"https:\/\/eurocas.com\/wp-content\/uploads\/2022\/06\/powder-premix.png\" \/>\n\t<meta property=\"og:image:width\" content=\"800\" \/>\n\t<meta property=\"og:image:height\" content=\"460\" \/>\n\t<meta property=\"og:image:type\" content=\"image\/png\" \/>\n<meta name=\"twitter:card\" content=\"summary_large_image\" \/>\n<script type=\"application\/ld+json\" class=\"yoast-schema-graph\">{\"@context\":\"https:\/\/schema.org\",\"@graph\":[{\"@type\":\"WebPage\",\"@id\":\"https:\/\/eurocas.com\/fr\/produit\/fourrage-aux-noix\/\",\"url\":\"https:\/\/eurocas.com\/fr\/produit\/fourrage-aux-noix\/\",\"name\":\"Fourrage aux Noix | Eurocas.com\",\"isPartOf\":{\"@id\":\"https:\/\/eurocas.com\/#website\"},\"primaryImageOfPage\":{\"@id\":\"https:\/\/eurocas.com\/fr\/produit\/fourrage-aux-noix\/#primaryimage\"},\"image\":{\"@id\":\"https:\/\/eurocas.com\/fr\/produit\/fourrage-aux-noix\/#primaryimage\"},\"thumbnailUrl\":\"https:\/\/eurocas.com\/wp-content\/uploads\/2022\/06\/powder-premix.png\",\"datePublished\":\"2019-02-02T21:00:00+00:00\",\"dateModified\":\"2022-12-21T12:25:51+00:00\",\"description\":\"Fourrage aux Noix. Eurocas.com.\",\"breadcrumb\":{\"@id\":\"https:\/\/eurocas.com\/fr\/produit\/fourrage-aux-noix\/#breadcrumb\"},\"inLanguage\":\"fr-FR\",\"potentialAction\":[{\"@type\":\"ReadAction\",\"target\":[\"https:\/\/eurocas.com\/fr\/produit\/fourrage-aux-noix\/\"]}]},{\"@type\":\"ImageObject\",\"inLanguage\":\"fr-FR\",\"@id\":\"https:\/\/eurocas.com\/fr\/produit\/fourrage-aux-noix\/#primaryimage\",\"url\":\"https:\/\/eurocas.com\/wp-content\/uploads\/2022\/06\/powder-premix.png\",\"contentUrl\":\"https:\/\/eurocas.com\/wp-content\/uploads\/2022\/06\/powder-premix.png\",\"width\":800,\"height\":460,\"caption\":\"Eurocas walnut filling for professional baking\"},{\"@type\":\"BreadcrumbList\",\"@id\":\"https:\/\/eurocas.com\/fr\/produit\/fourrage-aux-noix\/#breadcrumb\",\"itemListElement\":[{\"@type\":\"ListItem\",\"position\":1,\"name\":\"Home\",\"item\":\"https:\/\/eurocas.com\/fr\/\"},{\"@type\":\"ListItem\",\"position\":2,\"name\":\"Products\",\"item\":\"https:\/\/eurocas.com\/shop\/\"},{\"@type\":\"ListItem\",\"position\":3,\"name\":\"Fourrage aux Noix\"}]},{\"@type\":\"WebSite\",\"@id\":\"https:\/\/eurocas.com\/#website\",\"url\":\"https:\/\/eurocas.com\/\",\"name\":\"Eurocas.com\",\"description\":\"Eurocas.com\",\"publisher\":{\"@id\":\"https:\/\/eurocas.com\/#organization\"},\"potentialAction\":[{\"@type\":\"SearchAction\",\"target\":{\"@type\":\"EntryPoint\",\"urlTemplate\":\"https:\/\/eurocas.com\/?s={search_term_string}\"},\"query-input\":\"required name=search_term_string\"}],\"inLanguage\":\"fr-FR\"},{\"@type\":\"Organization\",\"@id\":\"https:\/\/eurocas.com\/#organization\",\"name\":\"Eurocas International\",\"url\":\"https:\/\/eurocas.com\/\",\"logo\":{\"@type\":\"ImageObject\",\"inLanguage\":\"fr-FR\",\"@id\":\"https:\/\/eurocas.com\/#\/schema\/logo\/image\/\",\"url\":\"https:\/\/eurocas.com\/wp-content\/uploads\/2021\/09\/logo.png\",\"contentUrl\":\"https:\/\/eurocas.com\/wp-content\/uploads\/2021\/09\/logo.png\",\"width\":1954,\"height\":599,\"caption\":\"Eurocas International\"},\"image\":{\"@id\":\"https:\/\/eurocas.com\/#\/schema\/logo\/image\/\"}}]}<\/script>\n<!-- \/ Yoast SEO plugin. -->","yoast_head_json":{"title":"Fourrage aux Noix | Eurocas.com","description":"Fourrage aux Noix. Eurocas.com.","robots":{"index":"index","follow":"follow","max-snippet":"max-snippet:-1","max-image-preview":"max-image-preview:large","max-video-preview":"max-video-preview:-1"},"canonical":"https:\/\/eurocas.com\/fr\/produit\/fourrage-aux-noix\/","og_locale":"fr_FR","og_type":"article","og_title":"Fourrage aux Noix | Eurocas.com","og_description":"Fourrage aux Noix. Eurocas.com.","og_url":"https:\/\/eurocas.com\/fr\/produit\/fourrage-aux-noix\/","og_site_name":"Eurocas.com","article_modified_time":"2022-12-21T12:25:51+00:00","og_image":[{"width":800,"height":460,"url":"https:\/\/eurocas.com\/wp-content\/uploads\/2022\/06\/powder-premix.png","type":"image\/png"}],"twitter_card":"summary_large_image","schema":{"@context":"https:\/\/schema.org","@graph":[{"@type":"WebPage","@id":"https:\/\/eurocas.com\/fr\/produit\/fourrage-aux-noix\/","url":"https:\/\/eurocas.com\/fr\/produit\/fourrage-aux-noix\/","name":"Fourrage aux Noix | Eurocas.com","isPartOf":{"@id":"https:\/\/eurocas.com\/#website"},"primaryImageOfPage":{"@id":"https:\/\/eurocas.com\/fr\/produit\/fourrage-aux-noix\/#primaryimage"},"image":{"@id":"https:\/\/eurocas.com\/fr\/produit\/fourrage-aux-noix\/#primaryimage"},"thumbnailUrl":"https:\/\/eurocas.com\/wp-content\/uploads\/2022\/06\/powder-premix.png","datePublished":"2019-02-02T21:00:00+00:00","dateModified":"2022-12-21T12:25:51+00:00","description":"Fourrage aux Noix. Eurocas.com.","breadcrumb":{"@id":"https:\/\/eurocas.com\/fr\/produit\/fourrage-aux-noix\/#breadcrumb"},"inLanguage":"fr-FR","potentialAction":[{"@type":"ReadAction","target":["https:\/\/eurocas.com\/fr\/produit\/fourrage-aux-noix\/"]}]},{"@type":"ImageObject","inLanguage":"fr-FR","@id":"https:\/\/eurocas.com\/fr\/produit\/fourrage-aux-noix\/#primaryimage","url":"https:\/\/eurocas.com\/wp-content\/uploads\/2022\/06\/powder-premix.png","contentUrl":"https:\/\/eurocas.com\/wp-content\/uploads\/2022\/06\/powder-premix.png","width":800,"height":460,"caption":"Eurocas walnut filling for professional baking"},{"@type":"BreadcrumbList","@id":"https:\/\/eurocas.com\/fr\/produit\/fourrage-aux-noix\/#breadcrumb","itemListElement":[{"@type":"ListItem","position":1,"name":"Home","item":"https:\/\/eurocas.com\/fr\/"},{"@type":"ListItem","position":2,"name":"Products","item":"https:\/\/eurocas.com\/shop\/"},{"@type":"ListItem","position":3,"name":"Fourrage aux Noix"}]},{"@type":"WebSite","@id":"https:\/\/eurocas.com\/#website","url":"https:\/\/eurocas.com\/","name":"Eurocas.com","description":"Eurocas.com","publisher":{"@id":"https:\/\/eurocas.com\/#organization"},"potentialAction":[{"@type":"SearchAction","target":{"@type":"EntryPoint","urlTemplate":"https:\/\/eurocas.com\/?s={search_term_string}"},"query-input":"required name=search_term_string"}],"inLanguage":"fr-FR"},{"@type":"Organization","@id":"https:\/\/eurocas.com\/#organization","name":"Eurocas International","url":"https:\/\/eurocas.com\/","logo":{"@type":"ImageObject","inLanguage":"fr-FR","@id":"https:\/\/eurocas.com\/#\/schema\/logo\/image\/","url":"https:\/\/eurocas.com\/wp-content\/uploads\/2021\/09\/logo.png","contentUrl":"https:\/\/eurocas.com\/wp-content\/uploads\/2021\/09\/logo.png","width":1954,"height":599,"caption":"Eurocas International"},"image":{"@id":"https:\/\/eurocas.com\/#\/schema\/logo\/image\/"}}]}},"_links":{"self":[{"href":"https:\/\/eurocas.com\/fr\/wp-json\/wp\/v2\/product\/2529"}],"collection":[{"href":"https:\/\/eurocas.com\/fr\/wp-json\/wp\/v2\/product"}],"about":[{"href":"https:\/\/eurocas.com\/fr\/wp-json\/wp\/v2\/types\/product"}],"wp:featuredmedia":[{"embeddable":true,"href":"https:\/\/eurocas.com\/fr\/wp-json\/wp\/v2\/media\/3103"}],"wp:attachment":[{"href":"https:\/\/eurocas.com\/fr\/wp-json\/wp\/v2\/media?parent=2529"}],"wp:term":[{"taxonomy":"product_cat","embeddable":true,"href":"https:\/\/eurocas.com\/fr\/wp-json\/wp\/v2\/product_cat?post=2529"},{"taxonomy":"product_tag","embeddable":true,"href":"https:\/\/eurocas.com\/fr\/wp-json\/wp\/v2\/product_tag?post=2529"}],"curies":[{"name":"wp","href":"https:\/\/api.w.org\/{rel}","templated":true}]}}