{"id":2526,"date":"2019-02-03T00:00:00","date_gmt":"2019-02-02T21:00:00","guid":{"rendered":"https:\/\/eurocas.com\/product\/melange-pour-gateaux-moelleux\/"},"modified":"2024-04-19T16:25:57","modified_gmt":"2024-04-19T13:25:57","slug":"melange-pour-gateaux-moelleux","status":"publish","type":"product","link":"https:\/\/eurocas.com\/fr\/produit\/melange-pour-gateaux-moelleux\/","title":{"rendered":"M\u00e9lange pour G\u00e2teaux Moelleux"},"content":{"rendered":"<p>Ready to use creams<\/p>\n<p>Le M\u00e9lange pour G\u00e2teaux Moelleux est parfait pour la production de cupcakes et muffins.<\/p>\n<ul>\n<li>MULTI USAGES<\/li>\n<li>QUALITE SUPERIEURE<\/li>\n<li>GRANDE STRUCTURE<\/li>\n<\/ul>\n<p>Le M\u00e9lange pour G\u00e2teaux Moelleux est pour la production rapide et facile de tous les g\u00e2teaux \u00e0 p\u00e2te g\u00e9noise, comme les muffins, le cake britannique, le g\u00e2teau \u00e9ponge grec etc.<\/p>\n","protected":false},"excerpt":{"rendered":"<p>Le M\u00e9lange pour G\u00e2teaux Moelleux est parfait pour la production de cupcakes et muffins.<\/p>\n<ul>\n<li>MULTI USAGES<\/li>\n<li>QUALITE SUPERIEURE<\/li>\n<li>GRANDE STRUCTURE<\/li>\n<\/ul>\n<p>Le M\u00e9lange pour G\u00e2teaux Moelleux est pour la production rapide et facile de tous les g\u00e2teaux \u00e0 p\u00e2te g\u00e9noise, comme les muffins, le cake britannique, le g\u00e2teau \u00e9ponge grec etc.<\/p>\n","protected":false},"featured_media":3103,"template":"","meta":[],"product_cat":[79],"product_tag":[],"yoast_head":"<!-- This site is optimized with the Yoast SEO plugin v22.8 - https:\/\/yoast.com\/wordpress\/plugins\/seo\/ -->\n<title>M\u00e9lange pour G\u00e2teaux Moelleux | Eurocas.com<\/title>\n<meta name=\"description\" content=\"M\u00e9lange pour G\u00e2teaux Moelleux. Eurocas.com.\" \/>\n<meta name=\"robots\" content=\"index, follow, max-snippet:-1, max-image-preview:large, max-video-preview:-1\" \/>\n<link rel=\"canonical\" href=\"https:\/\/eurocas.com\/fr\/produit\/melange-pour-gateaux-moelleux\/\" \/>\n<meta property=\"og:locale\" content=\"fr_FR\" \/>\n<meta property=\"og:type\" content=\"article\" \/>\n<meta property=\"og:title\" content=\"M\u00e9lange pour G\u00e2teaux Moelleux | Eurocas.com\" \/>\n<meta property=\"og:description\" content=\"M\u00e9lange pour G\u00e2teaux Moelleux. Eurocas.com.\" \/>\n<meta property=\"og:url\" content=\"https:\/\/eurocas.com\/fr\/produit\/melange-pour-gateaux-moelleux\/\" \/>\n<meta property=\"og:site_name\" content=\"Eurocas.com\" \/>\n<meta property=\"article:modified_time\" content=\"2024-04-19T13:25:57+00:00\" \/>\n<meta property=\"og:image\" content=\"https:\/\/eurocas.com\/wp-content\/uploads\/2022\/06\/powder-premix.png\" \/>\n\t<meta property=\"og:image:width\" content=\"800\" \/>\n\t<meta property=\"og:image:height\" content=\"460\" \/>\n\t<meta property=\"og:image:type\" content=\"image\/png\" \/>\n<meta name=\"twitter:card\" content=\"summary_large_image\" \/>\n<script type=\"application\/ld+json\" class=\"yoast-schema-graph\">{\"@context\":\"https:\/\/schema.org\",\"@graph\":[{\"@type\":\"WebPage\",\"@id\":\"https:\/\/eurocas.com\/fr\/produit\/melange-pour-gateaux-moelleux\/\",\"url\":\"https:\/\/eurocas.com\/fr\/produit\/melange-pour-gateaux-moelleux\/\",\"name\":\"M\u00e9lange pour G\u00e2teaux Moelleux | Eurocas.com\",\"isPartOf\":{\"@id\":\"https:\/\/eurocas.com\/#website\"},\"primaryImageOfPage\":{\"@id\":\"https:\/\/eurocas.com\/fr\/produit\/melange-pour-gateaux-moelleux\/#primaryimage\"},\"image\":{\"@id\":\"https:\/\/eurocas.com\/fr\/produit\/melange-pour-gateaux-moelleux\/#primaryimage\"},\"thumbnailUrl\":\"https:\/\/eurocas.com\/wp-content\/uploads\/2022\/06\/powder-premix.png\",\"datePublished\":\"2019-02-02T21:00:00+00:00\",\"dateModified\":\"2024-04-19T13:25:57+00:00\",\"description\":\"M\u00e9lange pour G\u00e2teaux Moelleux. Eurocas.com.\",\"breadcrumb\":{\"@id\":\"https:\/\/eurocas.com\/fr\/produit\/melange-pour-gateaux-moelleux\/#breadcrumb\"},\"inLanguage\":\"fr-FR\",\"potentialAction\":[{\"@type\":\"ReadAction\",\"target\":[\"https:\/\/eurocas.com\/fr\/produit\/melange-pour-gateaux-moelleux\/\"]}]},{\"@type\":\"ImageObject\",\"inLanguage\":\"fr-FR\",\"@id\":\"https:\/\/eurocas.com\/fr\/produit\/melange-pour-gateaux-moelleux\/#primaryimage\",\"url\":\"https:\/\/eurocas.com\/wp-content\/uploads\/2022\/06\/powder-premix.png\",\"contentUrl\":\"https:\/\/eurocas.com\/wp-content\/uploads\/2022\/06\/powder-premix.png\",\"width\":800,\"height\":460,\"caption\":\"Eurocas walnut filling for professional baking\"},{\"@type\":\"BreadcrumbList\",\"@id\":\"https:\/\/eurocas.com\/fr\/produit\/melange-pour-gateaux-moelleux\/#breadcrumb\",\"itemListElement\":[{\"@type\":\"ListItem\",\"position\":1,\"name\":\"Home\",\"item\":\"https:\/\/eurocas.com\/fr\/\"},{\"@type\":\"ListItem\",\"position\":2,\"name\":\"Products\",\"item\":\"https:\/\/eurocas.com\/shop\/\"},{\"@type\":\"ListItem\",\"position\":3,\"name\":\"M\u00e9lange pour G\u00e2teaux Moelleux\"}]},{\"@type\":\"WebSite\",\"@id\":\"https:\/\/eurocas.com\/#website\",\"url\":\"https:\/\/eurocas.com\/\",\"name\":\"Eurocas.com\",\"description\":\"Eurocas.com\",\"publisher\":{\"@id\":\"https:\/\/eurocas.com\/#organization\"},\"potentialAction\":[{\"@type\":\"SearchAction\",\"target\":{\"@type\":\"EntryPoint\",\"urlTemplate\":\"https:\/\/eurocas.com\/?s={search_term_string}\"},\"query-input\":\"required name=search_term_string\"}],\"inLanguage\":\"fr-FR\"},{\"@type\":\"Organization\",\"@id\":\"https:\/\/eurocas.com\/#organization\",\"name\":\"Eurocas International\",\"url\":\"https:\/\/eurocas.com\/\",\"logo\":{\"@type\":\"ImageObject\",\"inLanguage\":\"fr-FR\",\"@id\":\"https:\/\/eurocas.com\/#\/schema\/logo\/image\/\",\"url\":\"https:\/\/eurocas.com\/wp-content\/uploads\/2021\/09\/logo.png\",\"contentUrl\":\"https:\/\/eurocas.com\/wp-content\/uploads\/2021\/09\/logo.png\",\"width\":1954,\"height\":599,\"caption\":\"Eurocas International\"},\"image\":{\"@id\":\"https:\/\/eurocas.com\/#\/schema\/logo\/image\/\"}}]}<\/script>\n<!-- \/ Yoast SEO plugin. -->","yoast_head_json":{"title":"M\u00e9lange pour G\u00e2teaux Moelleux | Eurocas.com","description":"M\u00e9lange pour G\u00e2teaux Moelleux. Eurocas.com.","robots":{"index":"index","follow":"follow","max-snippet":"max-snippet:-1","max-image-preview":"max-image-preview:large","max-video-preview":"max-video-preview:-1"},"canonical":"https:\/\/eurocas.com\/fr\/produit\/melange-pour-gateaux-moelleux\/","og_locale":"fr_FR","og_type":"article","og_title":"M\u00e9lange pour G\u00e2teaux Moelleux | Eurocas.com","og_description":"M\u00e9lange pour G\u00e2teaux Moelleux. Eurocas.com.","og_url":"https:\/\/eurocas.com\/fr\/produit\/melange-pour-gateaux-moelleux\/","og_site_name":"Eurocas.com","article_modified_time":"2024-04-19T13:25:57+00:00","og_image":[{"width":800,"height":460,"url":"https:\/\/eurocas.com\/wp-content\/uploads\/2022\/06\/powder-premix.png","type":"image\/png"}],"twitter_card":"summary_large_image","schema":{"@context":"https:\/\/schema.org","@graph":[{"@type":"WebPage","@id":"https:\/\/eurocas.com\/fr\/produit\/melange-pour-gateaux-moelleux\/","url":"https:\/\/eurocas.com\/fr\/produit\/melange-pour-gateaux-moelleux\/","name":"M\u00e9lange pour G\u00e2teaux Moelleux | Eurocas.com","isPartOf":{"@id":"https:\/\/eurocas.com\/#website"},"primaryImageOfPage":{"@id":"https:\/\/eurocas.com\/fr\/produit\/melange-pour-gateaux-moelleux\/#primaryimage"},"image":{"@id":"https:\/\/eurocas.com\/fr\/produit\/melange-pour-gateaux-moelleux\/#primaryimage"},"thumbnailUrl":"https:\/\/eurocas.com\/wp-content\/uploads\/2022\/06\/powder-premix.png","datePublished":"2019-02-02T21:00:00+00:00","dateModified":"2024-04-19T13:25:57+00:00","description":"M\u00e9lange pour G\u00e2teaux Moelleux. Eurocas.com.","breadcrumb":{"@id":"https:\/\/eurocas.com\/fr\/produit\/melange-pour-gateaux-moelleux\/#breadcrumb"},"inLanguage":"fr-FR","potentialAction":[{"@type":"ReadAction","target":["https:\/\/eurocas.com\/fr\/produit\/melange-pour-gateaux-moelleux\/"]}]},{"@type":"ImageObject","inLanguage":"fr-FR","@id":"https:\/\/eurocas.com\/fr\/produit\/melange-pour-gateaux-moelleux\/#primaryimage","url":"https:\/\/eurocas.com\/wp-content\/uploads\/2022\/06\/powder-premix.png","contentUrl":"https:\/\/eurocas.com\/wp-content\/uploads\/2022\/06\/powder-premix.png","width":800,"height":460,"caption":"Eurocas walnut filling for professional baking"},{"@type":"BreadcrumbList","@id":"https:\/\/eurocas.com\/fr\/produit\/melange-pour-gateaux-moelleux\/#breadcrumb","itemListElement":[{"@type":"ListItem","position":1,"name":"Home","item":"https:\/\/eurocas.com\/fr\/"},{"@type":"ListItem","position":2,"name":"Products","item":"https:\/\/eurocas.com\/shop\/"},{"@type":"ListItem","position":3,"name":"M\u00e9lange pour G\u00e2teaux Moelleux"}]},{"@type":"WebSite","@id":"https:\/\/eurocas.com\/#website","url":"https:\/\/eurocas.com\/","name":"Eurocas.com","description":"Eurocas.com","publisher":{"@id":"https:\/\/eurocas.com\/#organization"},"potentialAction":[{"@type":"SearchAction","target":{"@type":"EntryPoint","urlTemplate":"https:\/\/eurocas.com\/?s={search_term_string}"},"query-input":"required name=search_term_string"}],"inLanguage":"fr-FR"},{"@type":"Organization","@id":"https:\/\/eurocas.com\/#organization","name":"Eurocas International","url":"https:\/\/eurocas.com\/","logo":{"@type":"ImageObject","inLanguage":"fr-FR","@id":"https:\/\/eurocas.com\/#\/schema\/logo\/image\/","url":"https:\/\/eurocas.com\/wp-content\/uploads\/2021\/09\/logo.png","contentUrl":"https:\/\/eurocas.com\/wp-content\/uploads\/2021\/09\/logo.png","width":1954,"height":599,"caption":"Eurocas International"},"image":{"@id":"https:\/\/eurocas.com\/#\/schema\/logo\/image\/"}}]}},"_links":{"self":[{"href":"https:\/\/eurocas.com\/fr\/wp-json\/wp\/v2\/product\/2526"}],"collection":[{"href":"https:\/\/eurocas.com\/fr\/wp-json\/wp\/v2\/product"}],"about":[{"href":"https:\/\/eurocas.com\/fr\/wp-json\/wp\/v2\/types\/product"}],"wp:featuredmedia":[{"embeddable":true,"href":"https:\/\/eurocas.com\/fr\/wp-json\/wp\/v2\/media\/3103"}],"wp:attachment":[{"href":"https:\/\/eurocas.com\/fr\/wp-json\/wp\/v2\/media?parent=2526"}],"wp:term":[{"taxonomy":"product_cat","embeddable":true,"href":"https:\/\/eurocas.com\/fr\/wp-json\/wp\/v2\/product_cat?post=2526"},{"taxonomy":"product_tag","embeddable":true,"href":"https:\/\/eurocas.com\/fr\/wp-json\/wp\/v2\/product_tag?post=2526"}],"curies":[{"name":"wp","href":"https:\/\/api.w.org\/{rel}","templated":true}]}}