{"id":2525,"date":"2019-02-03T00:00:00","date_gmt":"2019-02-02T21:00:00","guid":{"rendered":"https:\/\/eurocas.com\/product\/fourrage-aux-graines-de-pavot\/"},"modified":"2022-11-24T13:51:59","modified_gmt":"2022-11-24T10:51:59","slug":"fourrage-aux-graines-de-pavot","status":"publish","type":"product","link":"https:\/\/eurocas.com\/fr\/produit\/fourrage-aux-graines-de-pavot\/","title":{"rendered":"Fourrage aux graines de pavot"},"content":{"rendered":"<p>Ready to use creams<\/p>\n<p>Facile \u00e0 l\u2019emploi, le fourrage aux graines de pavot est pr\u00eat juste en ajoutant de l\u2019eau avant de m\u00e9langer.<\/p>\n<ul>\n<li>CONTIENT UN FORT POURCENTAGE DE GRAINES DE PAVOT<\/li>\n<li>STABLE A LA CUISSON<\/li>\n<li>FACILE A L\u2019EMPLOI<\/li>\n<\/ul>\n<p>Le fourrage aux graines de pavot Eurocas est de premi\u00e8re qualit\u00e9 et offre, une fois m\u00e9lang\u00e9 avec de l\u2019eau, une p\u00e2te aux graines de pavot onctueuse avec un go\u00fbt exquis, ce qui garantit la satisfaction du client.<\/p>\n","protected":false},"excerpt":{"rendered":"<p>Facile \u00e0 l\u2019emploi, le fourrage aux graines de pavot est pr\u00eat juste en ajoutant de l\u2019eau avant de m\u00e9langer.<\/p>\n<ul>\n<li>CONTIENT UN FORT POURCENTAGE DE GRAINES DE PAVOT<\/li>\n<li>STABLE A LA CUISSON<\/li>\n<li>FACILE A L\u2019EMPLOI<\/li>\n<\/ul>\n<p>Le fourrage aux graines de pavot Eurocas est de premi\u00e8re qualit\u00e9 et offre, une fois m\u00e9lang\u00e9 avec de l\u2019eau, une p\u00e2te aux graines de pavot onctueuse avec un go\u00fbt exquis, ce qui garantit la satisfaction du client.<\/p>\n","protected":false},"featured_media":3377,"template":"","meta":[],"product_cat":[79],"product_tag":[],"yoast_head":"<!-- This site is optimized with the Yoast SEO plugin v22.8 - https:\/\/yoast.com\/wordpress\/plugins\/seo\/ -->\n<title>Fourrage aux graines de pavot | Eurocas.com<\/title>\n<meta name=\"description\" content=\"Fourrage aux graines de pavot. Eurocas.com.\" \/>\n<meta name=\"robots\" content=\"index, follow, max-snippet:-1, max-image-preview:large, max-video-preview:-1\" \/>\n<link rel=\"canonical\" href=\"https:\/\/eurocas.com\/fr\/produit\/fourrage-aux-graines-de-pavot\/\" \/>\n<meta property=\"og:locale\" content=\"fr_FR\" \/>\n<meta property=\"og:type\" content=\"article\" \/>\n<meta property=\"og:title\" content=\"Fourrage aux graines de pavot | Eurocas.com\" \/>\n<meta property=\"og:description\" content=\"Fourrage aux graines de pavot. Eurocas.com.\" \/>\n<meta property=\"og:url\" content=\"https:\/\/eurocas.com\/fr\/produit\/fourrage-aux-graines-de-pavot\/\" \/>\n<meta property=\"og:site_name\" content=\"Eurocas.com\" \/>\n<meta property=\"article:modified_time\" content=\"2022-11-24T10:51:59+00:00\" \/>\n<meta property=\"og:image\" content=\"https:\/\/eurocas.com\/wp-content\/uploads\/2022\/03\/Poppyseed-Filling-1-12.jpg\" \/>\n\t<meta property=\"og:image:width\" content=\"950\" \/>\n\t<meta property=\"og:image:height\" content=\"695\" \/>\n\t<meta property=\"og:image:type\" content=\"image\/jpeg\" \/>\n<meta name=\"twitter:card\" content=\"summary_large_image\" \/>\n<script type=\"application\/ld+json\" class=\"yoast-schema-graph\">{\"@context\":\"https:\/\/schema.org\",\"@graph\":[{\"@type\":\"WebPage\",\"@id\":\"https:\/\/eurocas.com\/fr\/produit\/fourrage-aux-graines-de-pavot\/\",\"url\":\"https:\/\/eurocas.com\/fr\/produit\/fourrage-aux-graines-de-pavot\/\",\"name\":\"Fourrage aux graines de pavot | Eurocas.com\",\"isPartOf\":{\"@id\":\"https:\/\/eurocas.com\/#website\"},\"primaryImageOfPage\":{\"@id\":\"https:\/\/eurocas.com\/fr\/produit\/fourrage-aux-graines-de-pavot\/#primaryimage\"},\"image\":{\"@id\":\"https:\/\/eurocas.com\/fr\/produit\/fourrage-aux-graines-de-pavot\/#primaryimage\"},\"thumbnailUrl\":\"https:\/\/eurocas.com\/wp-content\/uploads\/2022\/03\/Poppyseed-Filling-1-12.jpg\",\"datePublished\":\"2019-02-02T21:00:00+00:00\",\"dateModified\":\"2022-11-24T10:51:59+00:00\",\"description\":\"Fourrage aux graines de pavot. Eurocas.com.\",\"breadcrumb\":{\"@id\":\"https:\/\/eurocas.com\/fr\/produit\/fourrage-aux-graines-de-pavot\/#breadcrumb\"},\"inLanguage\":\"fr-FR\",\"potentialAction\":[{\"@type\":\"ReadAction\",\"target\":[\"https:\/\/eurocas.com\/fr\/produit\/fourrage-aux-graines-de-pavot\/\"]}]},{\"@type\":\"ImageObject\",\"inLanguage\":\"fr-FR\",\"@id\":\"https:\/\/eurocas.com\/fr\/produit\/fourrage-aux-graines-de-pavot\/#primaryimage\",\"url\":\"https:\/\/eurocas.com\/wp-content\/uploads\/2022\/03\/Poppyseed-Filling-1-12.jpg\",\"contentUrl\":\"https:\/\/eurocas.com\/wp-content\/uploads\/2022\/03\/Poppyseed-Filling-1-12.jpg\",\"width\":950,\"height\":695,\"caption\":\"Poppyseed filling for cakes and rolls \u2013 Eurocas\"},{\"@type\":\"BreadcrumbList\",\"@id\":\"https:\/\/eurocas.com\/fr\/produit\/fourrage-aux-graines-de-pavot\/#breadcrumb\",\"itemListElement\":[{\"@type\":\"ListItem\",\"position\":1,\"name\":\"Home\",\"item\":\"https:\/\/eurocas.com\/fr\/\"},{\"@type\":\"ListItem\",\"position\":2,\"name\":\"Products\",\"item\":\"https:\/\/eurocas.com\/shop\/\"},{\"@type\":\"ListItem\",\"position\":3,\"name\":\"Fourrage aux graines de pavot\"}]},{\"@type\":\"WebSite\",\"@id\":\"https:\/\/eurocas.com\/#website\",\"url\":\"https:\/\/eurocas.com\/\",\"name\":\"Eurocas.com\",\"description\":\"Eurocas.com\",\"publisher\":{\"@id\":\"https:\/\/eurocas.com\/#organization\"},\"potentialAction\":[{\"@type\":\"SearchAction\",\"target\":{\"@type\":\"EntryPoint\",\"urlTemplate\":\"https:\/\/eurocas.com\/?s={search_term_string}\"},\"query-input\":\"required name=search_term_string\"}],\"inLanguage\":\"fr-FR\"},{\"@type\":\"Organization\",\"@id\":\"https:\/\/eurocas.com\/#organization\",\"name\":\"Eurocas International\",\"url\":\"https:\/\/eurocas.com\/\",\"logo\":{\"@type\":\"ImageObject\",\"inLanguage\":\"fr-FR\",\"@id\":\"https:\/\/eurocas.com\/#\/schema\/logo\/image\/\",\"url\":\"https:\/\/eurocas.com\/wp-content\/uploads\/2021\/09\/logo.png\",\"contentUrl\":\"https:\/\/eurocas.com\/wp-content\/uploads\/2021\/09\/logo.png\",\"width\":1954,\"height\":599,\"caption\":\"Eurocas International\"},\"image\":{\"@id\":\"https:\/\/eurocas.com\/#\/schema\/logo\/image\/\"}}]}<\/script>\n<!-- \/ Yoast SEO plugin. -->","yoast_head_json":{"title":"Fourrage aux graines de pavot | Eurocas.com","description":"Fourrage aux graines de pavot. Eurocas.com.","robots":{"index":"index","follow":"follow","max-snippet":"max-snippet:-1","max-image-preview":"max-image-preview:large","max-video-preview":"max-video-preview:-1"},"canonical":"https:\/\/eurocas.com\/fr\/produit\/fourrage-aux-graines-de-pavot\/","og_locale":"fr_FR","og_type":"article","og_title":"Fourrage aux graines de pavot | Eurocas.com","og_description":"Fourrage aux graines de pavot. Eurocas.com.","og_url":"https:\/\/eurocas.com\/fr\/produit\/fourrage-aux-graines-de-pavot\/","og_site_name":"Eurocas.com","article_modified_time":"2022-11-24T10:51:59+00:00","og_image":[{"width":950,"height":695,"url":"https:\/\/eurocas.com\/wp-content\/uploads\/2022\/03\/Poppyseed-Filling-1-12.jpg","type":"image\/jpeg"}],"twitter_card":"summary_large_image","schema":{"@context":"https:\/\/schema.org","@graph":[{"@type":"WebPage","@id":"https:\/\/eurocas.com\/fr\/produit\/fourrage-aux-graines-de-pavot\/","url":"https:\/\/eurocas.com\/fr\/produit\/fourrage-aux-graines-de-pavot\/","name":"Fourrage aux graines de pavot | Eurocas.com","isPartOf":{"@id":"https:\/\/eurocas.com\/#website"},"primaryImageOfPage":{"@id":"https:\/\/eurocas.com\/fr\/produit\/fourrage-aux-graines-de-pavot\/#primaryimage"},"image":{"@id":"https:\/\/eurocas.com\/fr\/produit\/fourrage-aux-graines-de-pavot\/#primaryimage"},"thumbnailUrl":"https:\/\/eurocas.com\/wp-content\/uploads\/2022\/03\/Poppyseed-Filling-1-12.jpg","datePublished":"2019-02-02T21:00:00+00:00","dateModified":"2022-11-24T10:51:59+00:00","description":"Fourrage aux graines de pavot. Eurocas.com.","breadcrumb":{"@id":"https:\/\/eurocas.com\/fr\/produit\/fourrage-aux-graines-de-pavot\/#breadcrumb"},"inLanguage":"fr-FR","potentialAction":[{"@type":"ReadAction","target":["https:\/\/eurocas.com\/fr\/produit\/fourrage-aux-graines-de-pavot\/"]}]},{"@type":"ImageObject","inLanguage":"fr-FR","@id":"https:\/\/eurocas.com\/fr\/produit\/fourrage-aux-graines-de-pavot\/#primaryimage","url":"https:\/\/eurocas.com\/wp-content\/uploads\/2022\/03\/Poppyseed-Filling-1-12.jpg","contentUrl":"https:\/\/eurocas.com\/wp-content\/uploads\/2022\/03\/Poppyseed-Filling-1-12.jpg","width":950,"height":695,"caption":"Poppyseed filling for cakes and rolls \u2013 Eurocas"},{"@type":"BreadcrumbList","@id":"https:\/\/eurocas.com\/fr\/produit\/fourrage-aux-graines-de-pavot\/#breadcrumb","itemListElement":[{"@type":"ListItem","position":1,"name":"Home","item":"https:\/\/eurocas.com\/fr\/"},{"@type":"ListItem","position":2,"name":"Products","item":"https:\/\/eurocas.com\/shop\/"},{"@type":"ListItem","position":3,"name":"Fourrage aux graines de pavot"}]},{"@type":"WebSite","@id":"https:\/\/eurocas.com\/#website","url":"https:\/\/eurocas.com\/","name":"Eurocas.com","description":"Eurocas.com","publisher":{"@id":"https:\/\/eurocas.com\/#organization"},"potentialAction":[{"@type":"SearchAction","target":{"@type":"EntryPoint","urlTemplate":"https:\/\/eurocas.com\/?s={search_term_string}"},"query-input":"required name=search_term_string"}],"inLanguage":"fr-FR"},{"@type":"Organization","@id":"https:\/\/eurocas.com\/#organization","name":"Eurocas International","url":"https:\/\/eurocas.com\/","logo":{"@type":"ImageObject","inLanguage":"fr-FR","@id":"https:\/\/eurocas.com\/#\/schema\/logo\/image\/","url":"https:\/\/eurocas.com\/wp-content\/uploads\/2021\/09\/logo.png","contentUrl":"https:\/\/eurocas.com\/wp-content\/uploads\/2021\/09\/logo.png","width":1954,"height":599,"caption":"Eurocas International"},"image":{"@id":"https:\/\/eurocas.com\/#\/schema\/logo\/image\/"}}]}},"_links":{"self":[{"href":"https:\/\/eurocas.com\/fr\/wp-json\/wp\/v2\/product\/2525"}],"collection":[{"href":"https:\/\/eurocas.com\/fr\/wp-json\/wp\/v2\/product"}],"about":[{"href":"https:\/\/eurocas.com\/fr\/wp-json\/wp\/v2\/types\/product"}],"wp:featuredmedia":[{"embeddable":true,"href":"https:\/\/eurocas.com\/fr\/wp-json\/wp\/v2\/media\/3377"}],"wp:attachment":[{"href":"https:\/\/eurocas.com\/fr\/wp-json\/wp\/v2\/media?parent=2525"}],"wp:term":[{"taxonomy":"product_cat","embeddable":true,"href":"https:\/\/eurocas.com\/fr\/wp-json\/wp\/v2\/product_cat?post=2525"},{"taxonomy":"product_tag","embeddable":true,"href":"https:\/\/eurocas.com\/fr\/wp-json\/wp\/v2\/product_tag?post=2525"}],"curies":[{"name":"wp","href":"https:\/\/api.w.org\/{rel}","templated":true}]}}