{"id":2523,"date":"2019-02-03T00:00:00","date_gmt":"2019-02-02T21:00:00","guid":{"rendered":"https:\/\/eurocas.com\/product\/levato-plus-4\/"},"modified":"2022-11-22T12:00:16","modified_gmt":"2022-11-22T09:00:16","slug":"levato-plus-4","status":"publish","type":"product","link":"https:\/\/eurocas.com\/fr\/produit\/levato-plus-4\/","title":{"rendered":"Levato Plus"},"content":{"rendered":"<p>Ready to use creams<\/p>\n<p>Levato Plus est notre concentr\u00e9 pour p\u00e2te sucr\u00e9e utilisable pour toutes les sp\u00e9cialit\u00e9s \u00e0 base de p\u00e2te sucr\u00e9e.<\/p>\n<ul>\n<li>FAIBLE DOSAGE<\/li>\n<li>PRIX COMPETITIF<\/li>\n<li>FRA\u00ceCHEUR PLUS LONGUE DES PRODUITS CUITS<\/li>\n<\/ul>\n<p>Premix concentr\u00e9 en poudre pour la production facile et rapide de toutes les sp\u00e9cialit\u00e9s de p\u00e2tes sucr\u00e9es. Am\u00e9liore le volume, le go\u00fbt, la saveur et la couleur un peu jaune des sp\u00e9cialit\u00e9s p\u00e2tissi\u00e8res cuites.<\/p>\n","protected":false},"excerpt":{"rendered":"<p>Levato Plus est notre concentr\u00e9 pour p\u00e2te sucr\u00e9e utilisable pour toutes les sp\u00e9cialit\u00e9s \u00e0 base de p\u00e2te sucr\u00e9e.<\/p>\n<ul>\n<li>FAIBLE DOSAGE<\/li>\n<li>PRIX COMPETITIF<\/li>\n<li>FRA\u00ceCHEUR PLUS LONGUE DES PRODUITS CUITS<\/li>\n<\/ul>\n<p>Mixe p\u00e2tissier concentree en poudre pour la production facile et rapide de toutes les sp\u00e9cialit\u00e9s de p\u00e2tes sucr\u00e9es. Am\u00e9liore le volume, le go\u00fbt, la saveur et la couleur un peu jaune des sp\u00e9cialit\u00e9s p\u00e2tissi\u00e8res cuites.<\/p>\n","protected":false},"featured_media":3384,"template":"","meta":[],"product_cat":[79],"product_tag":[],"yoast_head":"<!-- This site is optimized with the Yoast SEO plugin v22.8 - https:\/\/yoast.com\/wordpress\/plugins\/seo\/ -->\n<title>Levato Plus | Eurocas.com<\/title>\n<meta name=\"description\" content=\"Levato Plus. Eurocas.com.\" \/>\n<meta name=\"robots\" content=\"index, follow, max-snippet:-1, max-image-preview:large, max-video-preview:-1\" \/>\n<link rel=\"canonical\" href=\"https:\/\/eurocas.com\/fr\/produit\/levato-plus-4\/\" \/>\n<meta property=\"og:locale\" content=\"fr_FR\" \/>\n<meta property=\"og:type\" content=\"article\" \/>\n<meta property=\"og:title\" content=\"Levato Plus | Eurocas.com\" \/>\n<meta property=\"og:description\" content=\"Levato Plus. Eurocas.com.\" \/>\n<meta property=\"og:url\" content=\"https:\/\/eurocas.com\/fr\/produit\/levato-plus-4\/\" \/>\n<meta property=\"og:site_name\" content=\"Eurocas.com\" \/>\n<meta property=\"article:modified_time\" content=\"2022-11-22T09:00:16+00:00\" \/>\n<meta property=\"og:image\" content=\"https:\/\/eurocas.com\/wp-content\/uploads\/2022\/03\/Levato-Plus-1-8.jpg\" \/>\n\t<meta property=\"og:image:width\" content=\"950\" \/>\n\t<meta property=\"og:image:height\" content=\"695\" \/>\n\t<meta property=\"og:image:type\" content=\"image\/jpeg\" \/>\n<meta name=\"twitter:card\" content=\"summary_large_image\" \/>\n<script type=\"application\/ld+json\" class=\"yoast-schema-graph\">{\"@context\":\"https:\/\/schema.org\",\"@graph\":[{\"@type\":\"WebPage\",\"@id\":\"https:\/\/eurocas.com\/fr\/produit\/levato-plus-4\/\",\"url\":\"https:\/\/eurocas.com\/fr\/produit\/levato-plus-4\/\",\"name\":\"Levato Plus | Eurocas.com\",\"isPartOf\":{\"@id\":\"https:\/\/eurocas.com\/#website\"},\"primaryImageOfPage\":{\"@id\":\"https:\/\/eurocas.com\/fr\/produit\/levato-plus-4\/#primaryimage\"},\"image\":{\"@id\":\"https:\/\/eurocas.com\/fr\/produit\/levato-plus-4\/#primaryimage\"},\"thumbnailUrl\":\"https:\/\/eurocas.com\/wp-content\/uploads\/2022\/03\/Levato-Plus-1-8.jpg\",\"datePublished\":\"2019-02-02T21:00:00+00:00\",\"dateModified\":\"2022-11-22T09:00:16+00:00\",\"description\":\"Levato Plus. Eurocas.com.\",\"breadcrumb\":{\"@id\":\"https:\/\/eurocas.com\/fr\/produit\/levato-plus-4\/#breadcrumb\"},\"inLanguage\":\"fr-FR\",\"potentialAction\":[{\"@type\":\"ReadAction\",\"target\":[\"https:\/\/eurocas.com\/fr\/produit\/levato-plus-4\/\"]}]},{\"@type\":\"ImageObject\",\"inLanguage\":\"fr-FR\",\"@id\":\"https:\/\/eurocas.com\/fr\/produit\/levato-plus-4\/#primaryimage\",\"url\":\"https:\/\/eurocas.com\/wp-content\/uploads\/2022\/03\/Levato-Plus-1-8.jpg\",\"contentUrl\":\"https:\/\/eurocas.com\/wp-content\/uploads\/2022\/03\/Levato-Plus-1-8.jpg\",\"width\":950,\"height\":695,\"caption\":\"Levato Plus dough improver for baking \u2013 Eurocas\"},{\"@type\":\"BreadcrumbList\",\"@id\":\"https:\/\/eurocas.com\/fr\/produit\/levato-plus-4\/#breadcrumb\",\"itemListElement\":[{\"@type\":\"ListItem\",\"position\":1,\"name\":\"Home\",\"item\":\"https:\/\/eurocas.com\/fr\/\"},{\"@type\":\"ListItem\",\"position\":2,\"name\":\"Products\",\"item\":\"https:\/\/eurocas.com\/shop\/\"},{\"@type\":\"ListItem\",\"position\":3,\"name\":\"Levato Plus\"}]},{\"@type\":\"WebSite\",\"@id\":\"https:\/\/eurocas.com\/#website\",\"url\":\"https:\/\/eurocas.com\/\",\"name\":\"Eurocas.com\",\"description\":\"Eurocas.com\",\"publisher\":{\"@id\":\"https:\/\/eurocas.com\/#organization\"},\"potentialAction\":[{\"@type\":\"SearchAction\",\"target\":{\"@type\":\"EntryPoint\",\"urlTemplate\":\"https:\/\/eurocas.com\/?s={search_term_string}\"},\"query-input\":\"required name=search_term_string\"}],\"inLanguage\":\"fr-FR\"},{\"@type\":\"Organization\",\"@id\":\"https:\/\/eurocas.com\/#organization\",\"name\":\"Eurocas International\",\"url\":\"https:\/\/eurocas.com\/\",\"logo\":{\"@type\":\"ImageObject\",\"inLanguage\":\"fr-FR\",\"@id\":\"https:\/\/eurocas.com\/#\/schema\/logo\/image\/\",\"url\":\"https:\/\/eurocas.com\/wp-content\/uploads\/2021\/09\/logo.png\",\"contentUrl\":\"https:\/\/eurocas.com\/wp-content\/uploads\/2021\/09\/logo.png\",\"width\":1954,\"height\":599,\"caption\":\"Eurocas International\"},\"image\":{\"@id\":\"https:\/\/eurocas.com\/#\/schema\/logo\/image\/\"}}]}<\/script>\n<!-- \/ Yoast SEO plugin. -->","yoast_head_json":{"title":"Levato Plus | Eurocas.com","description":"Levato Plus. Eurocas.com.","robots":{"index":"index","follow":"follow","max-snippet":"max-snippet:-1","max-image-preview":"max-image-preview:large","max-video-preview":"max-video-preview:-1"},"canonical":"https:\/\/eurocas.com\/fr\/produit\/levato-plus-4\/","og_locale":"fr_FR","og_type":"article","og_title":"Levato Plus | Eurocas.com","og_description":"Levato Plus. Eurocas.com.","og_url":"https:\/\/eurocas.com\/fr\/produit\/levato-plus-4\/","og_site_name":"Eurocas.com","article_modified_time":"2022-11-22T09:00:16+00:00","og_image":[{"width":950,"height":695,"url":"https:\/\/eurocas.com\/wp-content\/uploads\/2022\/03\/Levato-Plus-1-8.jpg","type":"image\/jpeg"}],"twitter_card":"summary_large_image","schema":{"@context":"https:\/\/schema.org","@graph":[{"@type":"WebPage","@id":"https:\/\/eurocas.com\/fr\/produit\/levato-plus-4\/","url":"https:\/\/eurocas.com\/fr\/produit\/levato-plus-4\/","name":"Levato Plus | Eurocas.com","isPartOf":{"@id":"https:\/\/eurocas.com\/#website"},"primaryImageOfPage":{"@id":"https:\/\/eurocas.com\/fr\/produit\/levato-plus-4\/#primaryimage"},"image":{"@id":"https:\/\/eurocas.com\/fr\/produit\/levato-plus-4\/#primaryimage"},"thumbnailUrl":"https:\/\/eurocas.com\/wp-content\/uploads\/2022\/03\/Levato-Plus-1-8.jpg","datePublished":"2019-02-02T21:00:00+00:00","dateModified":"2022-11-22T09:00:16+00:00","description":"Levato Plus. Eurocas.com.","breadcrumb":{"@id":"https:\/\/eurocas.com\/fr\/produit\/levato-plus-4\/#breadcrumb"},"inLanguage":"fr-FR","potentialAction":[{"@type":"ReadAction","target":["https:\/\/eurocas.com\/fr\/produit\/levato-plus-4\/"]}]},{"@type":"ImageObject","inLanguage":"fr-FR","@id":"https:\/\/eurocas.com\/fr\/produit\/levato-plus-4\/#primaryimage","url":"https:\/\/eurocas.com\/wp-content\/uploads\/2022\/03\/Levato-Plus-1-8.jpg","contentUrl":"https:\/\/eurocas.com\/wp-content\/uploads\/2022\/03\/Levato-Plus-1-8.jpg","width":950,"height":695,"caption":"Levato Plus dough improver for baking \u2013 Eurocas"},{"@type":"BreadcrumbList","@id":"https:\/\/eurocas.com\/fr\/produit\/levato-plus-4\/#breadcrumb","itemListElement":[{"@type":"ListItem","position":1,"name":"Home","item":"https:\/\/eurocas.com\/fr\/"},{"@type":"ListItem","position":2,"name":"Products","item":"https:\/\/eurocas.com\/shop\/"},{"@type":"ListItem","position":3,"name":"Levato Plus"}]},{"@type":"WebSite","@id":"https:\/\/eurocas.com\/#website","url":"https:\/\/eurocas.com\/","name":"Eurocas.com","description":"Eurocas.com","publisher":{"@id":"https:\/\/eurocas.com\/#organization"},"potentialAction":[{"@type":"SearchAction","target":{"@type":"EntryPoint","urlTemplate":"https:\/\/eurocas.com\/?s={search_term_string}"},"query-input":"required name=search_term_string"}],"inLanguage":"fr-FR"},{"@type":"Organization","@id":"https:\/\/eurocas.com\/#organization","name":"Eurocas International","url":"https:\/\/eurocas.com\/","logo":{"@type":"ImageObject","inLanguage":"fr-FR","@id":"https:\/\/eurocas.com\/#\/schema\/logo\/image\/","url":"https:\/\/eurocas.com\/wp-content\/uploads\/2021\/09\/logo.png","contentUrl":"https:\/\/eurocas.com\/wp-content\/uploads\/2021\/09\/logo.png","width":1954,"height":599,"caption":"Eurocas International"},"image":{"@id":"https:\/\/eurocas.com\/#\/schema\/logo\/image\/"}}]}},"_links":{"self":[{"href":"https:\/\/eurocas.com\/fr\/wp-json\/wp\/v2\/product\/2523"}],"collection":[{"href":"https:\/\/eurocas.com\/fr\/wp-json\/wp\/v2\/product"}],"about":[{"href":"https:\/\/eurocas.com\/fr\/wp-json\/wp\/v2\/types\/product"}],"wp:featuredmedia":[{"embeddable":true,"href":"https:\/\/eurocas.com\/fr\/wp-json\/wp\/v2\/media\/3384"}],"wp:attachment":[{"href":"https:\/\/eurocas.com\/fr\/wp-json\/wp\/v2\/media?parent=2523"}],"wp:term":[{"taxonomy":"product_cat","embeddable":true,"href":"https:\/\/eurocas.com\/fr\/wp-json\/wp\/v2\/product_cat?post=2523"},{"taxonomy":"product_tag","embeddable":true,"href":"https:\/\/eurocas.com\/fr\/wp-json\/wp\/v2\/product_tag?post=2523"}],"curies":[{"name":"wp","href":"https:\/\/api.w.org\/{rel}","templated":true}]}}