{"id":2517,"date":"2019-01-26T00:00:00","date_gmt":"2019-01-25T22:00:00","guid":{"rendered":"https:\/\/eurocas.com\/product\/prontalluso-4\/"},"modified":"2022-06-24T15:16:53","modified_gmt":"2022-06-24T12:16:53","slug":"prontalluso-4","status":"publish","type":"product","link":"https:\/\/eurocas.com\/fr\/produit\/prontalluso-4\/","title":{"rendered":"Prontalluso"},"content":{"rendered":"<p>Ready to use creams<\/p>\n<p>Excellente cr\u00e8me \u00e0 fouetter non laiti\u00e8re, \u00e9labor\u00e9e \u00e0 partir d\u2019une recette d\u2019origine italienne.<\/p>\n<ul>\n<li>GRAND VOLUME DE FOUETTAGE<\/li>\n<li>TEMPS DE FOUETTAGE COURT<\/li>\n<li>GOUT NEUTRE<\/li>\n<\/ul>\n<p>Prontalluso est notre premi\u00e8re cr\u00e8me non laiti\u00e8re et la plus r\u00e9put\u00e9e. \u00c9labor\u00e9e \u00e0 partir d\u2019une recette classique italienne, Prontalluso a tout ce que l\u2019on peut d\u00e9sirer d\u2019une cr\u00e8me \u00e0 fouetter non laiti\u00e8re: volume \u00e9lev\u00e9, grande structure, d\u00e9finition de d\u00e9coration pr\u00e9cise, pas de pores et pas de fissures, et, bien s\u00fbr, un prix comp\u00e9titif.<\/p>\n","protected":false},"excerpt":{"rendered":"<p>Excellente cr\u00e8me \u00e0 fouetter non laiti\u00e8re, \u00e9labor\u00e9e \u00e0 partir d\u2019une recette d\u2019origine italienne.<\/p>\n<ul>\n<li>GRAND VOLUME DE FOUETTAGE<\/li>\n<li>TEMPS DE FOUETTAGE COURT<\/li>\n<li>GOUT NEUTRE<\/li>\n<\/ul>\n<p>Prontalluso est notre premi\u00e8re cr\u00e8me non laiti\u00e8re et la plus r\u00e9put\u00e9e. \u00c9labor\u00e9e \u00e0 partir d\u2019une recette classique italienne, Prontalluso a tout ce que l\u2019on peut d\u00e9sirer d\u2019une cr\u00e8me \u00e0 fouetter non laiti\u00e8re: volume \u00e9lev\u00e9, grande structure, d\u00e9finition de d\u00e9coration pr\u00e9cise, pas de pores et pas de fissures, et, bien s\u00fbr, un prix comp\u00e9titif.<\/p>\n","protected":false},"featured_media":3828,"template":"","meta":[],"product_cat":[55],"product_tag":[],"yoast_head":"<!-- This site is optimized with the Yoast SEO plugin v22.8 - https:\/\/yoast.com\/wordpress\/plugins\/seo\/ -->\n<title>Prontalluso | Eurocas.com<\/title>\n<meta name=\"description\" content=\"Prontalluso. Eurocas.com.\" \/>\n<meta name=\"robots\" content=\"index, follow, max-snippet:-1, max-image-preview:large, max-video-preview:-1\" \/>\n<link rel=\"canonical\" href=\"https:\/\/eurocas.com\/fr\/produit\/prontalluso-4\/\" \/>\n<meta property=\"og:locale\" content=\"fr_FR\" \/>\n<meta property=\"og:type\" content=\"article\" \/>\n<meta property=\"og:title\" content=\"Prontalluso | Eurocas.com\" \/>\n<meta property=\"og:description\" content=\"Prontalluso. Eurocas.com.\" \/>\n<meta property=\"og:url\" content=\"https:\/\/eurocas.com\/fr\/produit\/prontalluso-4\/\" \/>\n<meta property=\"og:site_name\" content=\"Eurocas.com\" \/>\n<meta property=\"article:modified_time\" content=\"2022-06-24T12:16:53+00:00\" \/>\n<meta property=\"og:image\" content=\"https:\/\/eurocas.com\/wp-content\/uploads\/2022\/03\/Prontalluso-1-8.jpg\" \/>\n\t<meta property=\"og:image:width\" content=\"950\" \/>\n\t<meta property=\"og:image:height\" content=\"695\" \/>\n\t<meta property=\"og:image:type\" content=\"image\/jpeg\" \/>\n<meta name=\"twitter:card\" content=\"summary_large_image\" \/>\n<script type=\"application\/ld+json\" class=\"yoast-schema-graph\">{\"@context\":\"https:\/\/schema.org\",\"@graph\":[{\"@type\":\"WebPage\",\"@id\":\"https:\/\/eurocas.com\/fr\/produit\/prontalluso-4\/\",\"url\":\"https:\/\/eurocas.com\/fr\/produit\/prontalluso-4\/\",\"name\":\"Prontalluso | Eurocas.com\",\"isPartOf\":{\"@id\":\"https:\/\/eurocas.com\/#website\"},\"primaryImageOfPage\":{\"@id\":\"https:\/\/eurocas.com\/fr\/produit\/prontalluso-4\/#primaryimage\"},\"image\":{\"@id\":\"https:\/\/eurocas.com\/fr\/produit\/prontalluso-4\/#primaryimage\"},\"thumbnailUrl\":\"https:\/\/eurocas.com\/wp-content\/uploads\/2022\/03\/Prontalluso-1-8.jpg\",\"datePublished\":\"2019-01-25T22:00:00+00:00\",\"dateModified\":\"2022-06-24T12:16:53+00:00\",\"description\":\"Prontalluso. Eurocas.com.\",\"breadcrumb\":{\"@id\":\"https:\/\/eurocas.com\/fr\/produit\/prontalluso-4\/#breadcrumb\"},\"inLanguage\":\"fr-FR\",\"potentialAction\":[{\"@type\":\"ReadAction\",\"target\":[\"https:\/\/eurocas.com\/fr\/produit\/prontalluso-4\/\"]}]},{\"@type\":\"ImageObject\",\"inLanguage\":\"fr-FR\",\"@id\":\"https:\/\/eurocas.com\/fr\/produit\/prontalluso-4\/#primaryimage\",\"url\":\"https:\/\/eurocas.com\/wp-content\/uploads\/2022\/03\/Prontalluso-1-8.jpg\",\"contentUrl\":\"https:\/\/eurocas.com\/wp-content\/uploads\/2022\/03\/Prontalluso-1-8.jpg\",\"width\":950,\"height\":695,\"caption\":\"Prontalluso laminated dough base \u2013 quick pastry layer ready\"},{\"@type\":\"BreadcrumbList\",\"@id\":\"https:\/\/eurocas.com\/fr\/produit\/prontalluso-4\/#breadcrumb\",\"itemListElement\":[{\"@type\":\"ListItem\",\"position\":1,\"name\":\"Home\",\"item\":\"https:\/\/eurocas.com\/fr\/\"},{\"@type\":\"ListItem\",\"position\":2,\"name\":\"Products\",\"item\":\"https:\/\/eurocas.com\/shop\/\"},{\"@type\":\"ListItem\",\"position\":3,\"name\":\"Prontalluso\"}]},{\"@type\":\"WebSite\",\"@id\":\"https:\/\/eurocas.com\/#website\",\"url\":\"https:\/\/eurocas.com\/\",\"name\":\"Eurocas.com\",\"description\":\"Eurocas.com\",\"publisher\":{\"@id\":\"https:\/\/eurocas.com\/#organization\"},\"potentialAction\":[{\"@type\":\"SearchAction\",\"target\":{\"@type\":\"EntryPoint\",\"urlTemplate\":\"https:\/\/eurocas.com\/?s={search_term_string}\"},\"query-input\":\"required name=search_term_string\"}],\"inLanguage\":\"fr-FR\"},{\"@type\":\"Organization\",\"@id\":\"https:\/\/eurocas.com\/#organization\",\"name\":\"Eurocas International\",\"url\":\"https:\/\/eurocas.com\/\",\"logo\":{\"@type\":\"ImageObject\",\"inLanguage\":\"fr-FR\",\"@id\":\"https:\/\/eurocas.com\/#\/schema\/logo\/image\/\",\"url\":\"https:\/\/eurocas.com\/wp-content\/uploads\/2021\/09\/logo.png\",\"contentUrl\":\"https:\/\/eurocas.com\/wp-content\/uploads\/2021\/09\/logo.png\",\"width\":1954,\"height\":599,\"caption\":\"Eurocas International\"},\"image\":{\"@id\":\"https:\/\/eurocas.com\/#\/schema\/logo\/image\/\"}}]}<\/script>\n<!-- \/ Yoast SEO plugin. -->","yoast_head_json":{"title":"Prontalluso | Eurocas.com","description":"Prontalluso. Eurocas.com.","robots":{"index":"index","follow":"follow","max-snippet":"max-snippet:-1","max-image-preview":"max-image-preview:large","max-video-preview":"max-video-preview:-1"},"canonical":"https:\/\/eurocas.com\/fr\/produit\/prontalluso-4\/","og_locale":"fr_FR","og_type":"article","og_title":"Prontalluso | Eurocas.com","og_description":"Prontalluso. Eurocas.com.","og_url":"https:\/\/eurocas.com\/fr\/produit\/prontalluso-4\/","og_site_name":"Eurocas.com","article_modified_time":"2022-06-24T12:16:53+00:00","og_image":[{"width":950,"height":695,"url":"https:\/\/eurocas.com\/wp-content\/uploads\/2022\/03\/Prontalluso-1-8.jpg","type":"image\/jpeg"}],"twitter_card":"summary_large_image","schema":{"@context":"https:\/\/schema.org","@graph":[{"@type":"WebPage","@id":"https:\/\/eurocas.com\/fr\/produit\/prontalluso-4\/","url":"https:\/\/eurocas.com\/fr\/produit\/prontalluso-4\/","name":"Prontalluso | Eurocas.com","isPartOf":{"@id":"https:\/\/eurocas.com\/#website"},"primaryImageOfPage":{"@id":"https:\/\/eurocas.com\/fr\/produit\/prontalluso-4\/#primaryimage"},"image":{"@id":"https:\/\/eurocas.com\/fr\/produit\/prontalluso-4\/#primaryimage"},"thumbnailUrl":"https:\/\/eurocas.com\/wp-content\/uploads\/2022\/03\/Prontalluso-1-8.jpg","datePublished":"2019-01-25T22:00:00+00:00","dateModified":"2022-06-24T12:16:53+00:00","description":"Prontalluso. Eurocas.com.","breadcrumb":{"@id":"https:\/\/eurocas.com\/fr\/produit\/prontalluso-4\/#breadcrumb"},"inLanguage":"fr-FR","potentialAction":[{"@type":"ReadAction","target":["https:\/\/eurocas.com\/fr\/produit\/prontalluso-4\/"]}]},{"@type":"ImageObject","inLanguage":"fr-FR","@id":"https:\/\/eurocas.com\/fr\/produit\/prontalluso-4\/#primaryimage","url":"https:\/\/eurocas.com\/wp-content\/uploads\/2022\/03\/Prontalluso-1-8.jpg","contentUrl":"https:\/\/eurocas.com\/wp-content\/uploads\/2022\/03\/Prontalluso-1-8.jpg","width":950,"height":695,"caption":"Prontalluso laminated dough base \u2013 quick pastry layer ready"},{"@type":"BreadcrumbList","@id":"https:\/\/eurocas.com\/fr\/produit\/prontalluso-4\/#breadcrumb","itemListElement":[{"@type":"ListItem","position":1,"name":"Home","item":"https:\/\/eurocas.com\/fr\/"},{"@type":"ListItem","position":2,"name":"Products","item":"https:\/\/eurocas.com\/shop\/"},{"@type":"ListItem","position":3,"name":"Prontalluso"}]},{"@type":"WebSite","@id":"https:\/\/eurocas.com\/#website","url":"https:\/\/eurocas.com\/","name":"Eurocas.com","description":"Eurocas.com","publisher":{"@id":"https:\/\/eurocas.com\/#organization"},"potentialAction":[{"@type":"SearchAction","target":{"@type":"EntryPoint","urlTemplate":"https:\/\/eurocas.com\/?s={search_term_string}"},"query-input":"required name=search_term_string"}],"inLanguage":"fr-FR"},{"@type":"Organization","@id":"https:\/\/eurocas.com\/#organization","name":"Eurocas International","url":"https:\/\/eurocas.com\/","logo":{"@type":"ImageObject","inLanguage":"fr-FR","@id":"https:\/\/eurocas.com\/#\/schema\/logo\/image\/","url":"https:\/\/eurocas.com\/wp-content\/uploads\/2021\/09\/logo.png","contentUrl":"https:\/\/eurocas.com\/wp-content\/uploads\/2021\/09\/logo.png","width":1954,"height":599,"caption":"Eurocas International"},"image":{"@id":"https:\/\/eurocas.com\/#\/schema\/logo\/image\/"}}]}},"_links":{"self":[{"href":"https:\/\/eurocas.com\/fr\/wp-json\/wp\/v2\/product\/2517"}],"collection":[{"href":"https:\/\/eurocas.com\/fr\/wp-json\/wp\/v2\/product"}],"about":[{"href":"https:\/\/eurocas.com\/fr\/wp-json\/wp\/v2\/types\/product"}],"wp:featuredmedia":[{"embeddable":true,"href":"https:\/\/eurocas.com\/fr\/wp-json\/wp\/v2\/media\/3828"}],"wp:attachment":[{"href":"https:\/\/eurocas.com\/fr\/wp-json\/wp\/v2\/media?parent=2517"}],"wp:term":[{"taxonomy":"product_cat","embeddable":true,"href":"https:\/\/eurocas.com\/fr\/wp-json\/wp\/v2\/product_cat?post=2517"},{"taxonomy":"product_tag","embeddable":true,"href":"https:\/\/eurocas.com\/fr\/wp-json\/wp\/v2\/product_tag?post=2517"}],"curies":[{"name":"wp","href":"https:\/\/api.w.org\/{rel}","templated":true}]}}