{"id":2516,"date":"2019-01-26T00:00:00","date_gmt":"2019-01-25T21:00:00","guid":{"rendered":"https:\/\/eurocas.com\/product\/europea-4\/"},"modified":"2022-12-21T15:24:49","modified_gmt":"2022-12-21T12:24:49","slug":"europea-4","status":"publish","type":"product","link":"https:\/\/eurocas.com\/fr\/produit\/europea-4\/","title":{"rendered":"Europea"},"content":{"rendered":"<p>Ready to use creams<\/p>\n<p>Cr\u00e8me non laiti\u00e8re de qualit\u00e9 sup\u00e9rieure \u00e0 forte saveur laiti\u00e8re et structure cr\u00e9meuse.<\/p>\n<ul>\n<li>SUPERBE GOUT LAITIER<\/li>\n<li>STRUCTURE CREMEUSE<\/li>\n<li>COULEUR LAITIERE<\/li>\n<\/ul>\n<p>Europea est un nappage non laitier unique. Europea a \u00e9t\u00e9 cr\u00e9\u00e9e sp\u00e9cialement pour ressembler le plus possible \u00e0 un produit laitier, en maintenant les qualit\u00e9s d\u2019une cr\u00e8me non laiti\u00e8re. La structure, la couleur et le go\u00fbt rendent tr\u00e8s difficile de diff\u00e9rencier Europea d\u2019une cr\u00e8me \u00e0 fouetter laiti\u00e8re ordinaire.<\/p>\n<p>Ces caract\u00e9ristiques uniques donnent vraiment \u00e0 Europea\u00a0 une forte sup\u00e9riorit\u00e9 par rapport aux autres cr\u00e8mes \u00e0 fouetter non laiti\u00e8res sur le march\u00e9 aujourd\u2019hui.<\/p>\n","protected":false},"excerpt":{"rendered":"<p>Cr\u00e8me non laiti\u00e8re de qualit\u00e9 sup\u00e9rieure \u00e0 forte saveur laiti\u00e8re et structure cr\u00e9meuse.<\/p>\n<ul>\n<li>SUPERBE GOUT LAITIER<\/li>\n<li>STRUCTURE CREMEUSE<\/li>\n<li>COULEUR LAITIERE<\/li>\n<\/ul>\n<p>Europea est un nappage non laitier unique. Europea a \u00e9t\u00e9 cr\u00e9\u00e9e sp\u00e9cialement pour ressembler le plus possible \u00e0 un produit laitier, en maintenant les qualit\u00e9s d\u2019une cr\u00e8me non laiti\u00e8re. La structure, la couleur et le go\u00fbt rendent tr\u00e8s difficile de diff\u00e9rencier Europea d\u2019une cr\u00e8me \u00e0 fouetter laiti\u00e8re ordinaire.<\/p>\n<p>Ces caract\u00e9ristiques uniques donnent vraiment \u00e0 Europea\u00a0 une forte sup\u00e9riorit\u00e9 par rapport aux autres cr\u00e8mes \u00e0 fouetter non laiti\u00e8res sur le march\u00e9 aujourd\u2019hui.<\/p>\n","protected":false},"featured_media":3075,"template":"","meta":[],"product_cat":[55],"product_tag":[],"yoast_head":"<!-- This site is optimized with the Yoast SEO plugin v22.8 - https:\/\/yoast.com\/wordpress\/plugins\/seo\/ -->\n<title>Europea | Eurocas.com<\/title>\n<meta name=\"description\" content=\"Europea. Eurocas.com.\" \/>\n<meta name=\"robots\" content=\"index, follow, max-snippet:-1, max-image-preview:large, max-video-preview:-1\" \/>\n<link rel=\"canonical\" href=\"https:\/\/eurocas.com\/fr\/produit\/europea-4\/\" \/>\n<meta property=\"og:locale\" content=\"fr_FR\" \/>\n<meta property=\"og:type\" content=\"article\" \/>\n<meta property=\"og:title\" content=\"Europea | Eurocas.com\" \/>\n<meta property=\"og:description\" content=\"Europea. Eurocas.com.\" \/>\n<meta property=\"og:url\" content=\"https:\/\/eurocas.com\/fr\/produit\/europea-4\/\" \/>\n<meta property=\"og:site_name\" content=\"Eurocas.com\" \/>\n<meta property=\"article:modified_time\" content=\"2022-12-21T12:24:49+00:00\" \/>\n<meta property=\"og:image\" content=\"https:\/\/eurocas.com\/wp-content\/uploads\/2022\/06\/europea-non-dairy-topping.png\" \/>\n\t<meta property=\"og:image:width\" content=\"800\" \/>\n\t<meta property=\"og:image:height\" content=\"460\" \/>\n\t<meta property=\"og:image:type\" content=\"image\/png\" \/>\n<meta name=\"twitter:card\" content=\"summary_large_image\" \/>\n<meta name=\"twitter:label1\" content=\"Dur\u00e9e de lecture estim\u00e9e\" \/>\n\t<meta name=\"twitter:data1\" content=\"1 minute\" \/>\n<script type=\"application\/ld+json\" class=\"yoast-schema-graph\">{\"@context\":\"https:\/\/schema.org\",\"@graph\":[{\"@type\":\"WebPage\",\"@id\":\"https:\/\/eurocas.com\/fr\/produit\/europea-4\/\",\"url\":\"https:\/\/eurocas.com\/fr\/produit\/europea-4\/\",\"name\":\"Europea | Eurocas.com\",\"isPartOf\":{\"@id\":\"https:\/\/eurocas.com\/#website\"},\"primaryImageOfPage\":{\"@id\":\"https:\/\/eurocas.com\/fr\/produit\/europea-4\/#primaryimage\"},\"image\":{\"@id\":\"https:\/\/eurocas.com\/fr\/produit\/europea-4\/#primaryimage\"},\"thumbnailUrl\":\"https:\/\/eurocas.com\/wp-content\/uploads\/2022\/06\/europea-non-dairy-topping.png\",\"datePublished\":\"2019-01-25T21:00:00+00:00\",\"dateModified\":\"2022-12-21T12:24:49+00:00\",\"description\":\"Europea. Eurocas.com.\",\"breadcrumb\":{\"@id\":\"https:\/\/eurocas.com\/fr\/produit\/europea-4\/#breadcrumb\"},\"inLanguage\":\"fr-FR\",\"potentialAction\":[{\"@type\":\"ReadAction\",\"target\":[\"https:\/\/eurocas.com\/fr\/produit\/europea-4\/\"]}]},{\"@type\":\"ImageObject\",\"inLanguage\":\"fr-FR\",\"@id\":\"https:\/\/eurocas.com\/fr\/produit\/europea-4\/#primaryimage\",\"url\":\"https:\/\/eurocas.com\/wp-content\/uploads\/2022\/06\/europea-non-dairy-topping.png\",\"contentUrl\":\"https:\/\/eurocas.com\/wp-content\/uploads\/2022\/06\/europea-non-dairy-topping.png\",\"width\":800,\"height\":460,\"caption\":\"Europea pastry mix \u2013 classic dough base\"},{\"@type\":\"BreadcrumbList\",\"@id\":\"https:\/\/eurocas.com\/fr\/produit\/europea-4\/#breadcrumb\",\"itemListElement\":[{\"@type\":\"ListItem\",\"position\":1,\"name\":\"Home\",\"item\":\"https:\/\/eurocas.com\/fr\/\"},{\"@type\":\"ListItem\",\"position\":2,\"name\":\"Products\",\"item\":\"https:\/\/eurocas.com\/shop\/\"},{\"@type\":\"ListItem\",\"position\":3,\"name\":\"Europea\"}]},{\"@type\":\"WebSite\",\"@id\":\"https:\/\/eurocas.com\/#website\",\"url\":\"https:\/\/eurocas.com\/\",\"name\":\"Eurocas.com\",\"description\":\"Eurocas.com\",\"publisher\":{\"@id\":\"https:\/\/eurocas.com\/#organization\"},\"potentialAction\":[{\"@type\":\"SearchAction\",\"target\":{\"@type\":\"EntryPoint\",\"urlTemplate\":\"https:\/\/eurocas.com\/?s={search_term_string}\"},\"query-input\":\"required name=search_term_string\"}],\"inLanguage\":\"fr-FR\"},{\"@type\":\"Organization\",\"@id\":\"https:\/\/eurocas.com\/#organization\",\"name\":\"Eurocas International\",\"url\":\"https:\/\/eurocas.com\/\",\"logo\":{\"@type\":\"ImageObject\",\"inLanguage\":\"fr-FR\",\"@id\":\"https:\/\/eurocas.com\/#\/schema\/logo\/image\/\",\"url\":\"https:\/\/eurocas.com\/wp-content\/uploads\/2021\/09\/logo.png\",\"contentUrl\":\"https:\/\/eurocas.com\/wp-content\/uploads\/2021\/09\/logo.png\",\"width\":1954,\"height\":599,\"caption\":\"Eurocas International\"},\"image\":{\"@id\":\"https:\/\/eurocas.com\/#\/schema\/logo\/image\/\"}}]}<\/script>\n<!-- \/ Yoast SEO plugin. -->","yoast_head_json":{"title":"Europea | Eurocas.com","description":"Europea. Eurocas.com.","robots":{"index":"index","follow":"follow","max-snippet":"max-snippet:-1","max-image-preview":"max-image-preview:large","max-video-preview":"max-video-preview:-1"},"canonical":"https:\/\/eurocas.com\/fr\/produit\/europea-4\/","og_locale":"fr_FR","og_type":"article","og_title":"Europea | Eurocas.com","og_description":"Europea. Eurocas.com.","og_url":"https:\/\/eurocas.com\/fr\/produit\/europea-4\/","og_site_name":"Eurocas.com","article_modified_time":"2022-12-21T12:24:49+00:00","og_image":[{"width":800,"height":460,"url":"https:\/\/eurocas.com\/wp-content\/uploads\/2022\/06\/europea-non-dairy-topping.png","type":"image\/png"}],"twitter_card":"summary_large_image","twitter_misc":{"Dur\u00e9e de lecture estim\u00e9e":"1 minute"},"schema":{"@context":"https:\/\/schema.org","@graph":[{"@type":"WebPage","@id":"https:\/\/eurocas.com\/fr\/produit\/europea-4\/","url":"https:\/\/eurocas.com\/fr\/produit\/europea-4\/","name":"Europea | Eurocas.com","isPartOf":{"@id":"https:\/\/eurocas.com\/#website"},"primaryImageOfPage":{"@id":"https:\/\/eurocas.com\/fr\/produit\/europea-4\/#primaryimage"},"image":{"@id":"https:\/\/eurocas.com\/fr\/produit\/europea-4\/#primaryimage"},"thumbnailUrl":"https:\/\/eurocas.com\/wp-content\/uploads\/2022\/06\/europea-non-dairy-topping.png","datePublished":"2019-01-25T21:00:00+00:00","dateModified":"2022-12-21T12:24:49+00:00","description":"Europea. Eurocas.com.","breadcrumb":{"@id":"https:\/\/eurocas.com\/fr\/produit\/europea-4\/#breadcrumb"},"inLanguage":"fr-FR","potentialAction":[{"@type":"ReadAction","target":["https:\/\/eurocas.com\/fr\/produit\/europea-4\/"]}]},{"@type":"ImageObject","inLanguage":"fr-FR","@id":"https:\/\/eurocas.com\/fr\/produit\/europea-4\/#primaryimage","url":"https:\/\/eurocas.com\/wp-content\/uploads\/2022\/06\/europea-non-dairy-topping.png","contentUrl":"https:\/\/eurocas.com\/wp-content\/uploads\/2022\/06\/europea-non-dairy-topping.png","width":800,"height":460,"caption":"Europea pastry mix \u2013 classic dough base"},{"@type":"BreadcrumbList","@id":"https:\/\/eurocas.com\/fr\/produit\/europea-4\/#breadcrumb","itemListElement":[{"@type":"ListItem","position":1,"name":"Home","item":"https:\/\/eurocas.com\/fr\/"},{"@type":"ListItem","position":2,"name":"Products","item":"https:\/\/eurocas.com\/shop\/"},{"@type":"ListItem","position":3,"name":"Europea"}]},{"@type":"WebSite","@id":"https:\/\/eurocas.com\/#website","url":"https:\/\/eurocas.com\/","name":"Eurocas.com","description":"Eurocas.com","publisher":{"@id":"https:\/\/eurocas.com\/#organization"},"potentialAction":[{"@type":"SearchAction","target":{"@type":"EntryPoint","urlTemplate":"https:\/\/eurocas.com\/?s={search_term_string}"},"query-input":"required name=search_term_string"}],"inLanguage":"fr-FR"},{"@type":"Organization","@id":"https:\/\/eurocas.com\/#organization","name":"Eurocas International","url":"https:\/\/eurocas.com\/","logo":{"@type":"ImageObject","inLanguage":"fr-FR","@id":"https:\/\/eurocas.com\/#\/schema\/logo\/image\/","url":"https:\/\/eurocas.com\/wp-content\/uploads\/2021\/09\/logo.png","contentUrl":"https:\/\/eurocas.com\/wp-content\/uploads\/2021\/09\/logo.png","width":1954,"height":599,"caption":"Eurocas International"},"image":{"@id":"https:\/\/eurocas.com\/#\/schema\/logo\/image\/"}}]}},"_links":{"self":[{"href":"https:\/\/eurocas.com\/fr\/wp-json\/wp\/v2\/product\/2516"}],"collection":[{"href":"https:\/\/eurocas.com\/fr\/wp-json\/wp\/v2\/product"}],"about":[{"href":"https:\/\/eurocas.com\/fr\/wp-json\/wp\/v2\/types\/product"}],"wp:featuredmedia":[{"embeddable":true,"href":"https:\/\/eurocas.com\/fr\/wp-json\/wp\/v2\/media\/3075"}],"wp:attachment":[{"href":"https:\/\/eurocas.com\/fr\/wp-json\/wp\/v2\/media?parent=2516"}],"wp:term":[{"taxonomy":"product_cat","embeddable":true,"href":"https:\/\/eurocas.com\/fr\/wp-json\/wp\/v2\/product_cat?post=2516"},{"taxonomy":"product_tag","embeddable":true,"href":"https:\/\/eurocas.com\/fr\/wp-json\/wp\/v2\/product_tag?post=2516"}],"curies":[{"name":"wp","href":"https:\/\/api.w.org\/{rel}","templated":true}]}}