{"id":2514,"date":"2019-01-26T00:00:00","date_gmt":"2019-01-25T22:00:00","guid":{"rendered":"https:\/\/eurocas.com\/product\/dulcinea-4\/"},"modified":"2022-07-04T14:09:28","modified_gmt":"2022-07-04T11:09:28","slug":"dulcinea-4","status":"publish","type":"product","link":"https:\/\/eurocas.com\/fr\/produit\/dulcinea-4\/","title":{"rendered":"Dulcinea"},"content":{"rendered":"<p>Ready to use creams<\/p>\n<p>Cr\u00e8me non laiti\u00e8re de qualit\u00e9 sup\u00e9rieure avec d\u2019excellentes propri\u00e9t\u00e9s technologiques.<\/p>\n<ul>\n<li>EXCELLENTE POUR LE M\u00c9LANGE AVEC D\u2019AUTRES CR\u00c8MES<\/li>\n<li>EXCELLENT VOLUME DE FOUETTAGE<\/li>\n<li>COULEUR BLANC NEIGE<\/li>\n<\/ul>\n<p>Dulcinea est une cr\u00e8me \u00e0 fouetter non laiti\u00e8re sucr\u00e9e au go\u00fbt subtil et d\u00e9licat. Sa couleur blanc neige pure combin\u00e9e \u00e0 son \u00e9tonnant volume de fouettage en font la cr\u00e8me non laiti\u00e8re favorite des clients sur plusieurs march\u00e9s.<\/p>\n","protected":false},"excerpt":{"rendered":"<p>Cr\u00e8me non laiti\u00e8re de qualit\u00e9 sup\u00e9rieure avec d\u2019excellentes propri\u00e9t\u00e9s technologiques.<\/p>\n<ul>\n<li>EXCELLENTE POUR LE M\u00c9LANGE AVEC D\u2019AUTRES CR\u00c8MES<\/li>\n<li>EXCELLENT VOLUME DE FOUETTAGE<\/li>\n<li>COULEUR BLANC NEIGE<\/li>\n<\/ul>\n<p>Dulcinea est une cr\u00e8me \u00e0 fouetter non laiti\u00e8re sucr\u00e9e au go\u00fbt subtil et d\u00e9licat. Sa couleur blanc neige pure combin\u00e9e \u00e0 son \u00e9tonnant volume de fouettage en font la cr\u00e8me non laiti\u00e8re favorite des clients sur plusieurs march\u00e9s.<\/p>\n","protected":false},"featured_media":3834,"template":"","meta":[],"product_cat":[55],"product_tag":[],"yoast_head":"<!-- This site is optimized with the Yoast SEO plugin v22.8 - https:\/\/yoast.com\/wordpress\/plugins\/seo\/ -->\n<title>Dulcinea | Eurocas.com<\/title>\n<meta name=\"description\" content=\"Dulcinea. Eurocas.com.\" \/>\n<meta name=\"robots\" content=\"index, follow, max-snippet:-1, max-image-preview:large, max-video-preview:-1\" \/>\n<link rel=\"canonical\" href=\"https:\/\/eurocas.com\/fr\/produit\/dulcinea-4\/\" \/>\n<meta property=\"og:locale\" content=\"fr_FR\" \/>\n<meta property=\"og:type\" content=\"article\" \/>\n<meta property=\"og:title\" content=\"Dulcinea | Eurocas.com\" \/>\n<meta property=\"og:description\" content=\"Dulcinea. Eurocas.com.\" \/>\n<meta property=\"og:url\" content=\"https:\/\/eurocas.com\/fr\/produit\/dulcinea-4\/\" \/>\n<meta property=\"og:site_name\" content=\"Eurocas.com\" \/>\n<meta property=\"article:modified_time\" content=\"2022-07-04T11:09:28+00:00\" \/>\n<meta property=\"og:image\" content=\"https:\/\/eurocas.com\/wp-content\/uploads\/2022\/03\/Dulcinea-1-8.jpg\" \/>\n\t<meta property=\"og:image:width\" content=\"950\" \/>\n\t<meta property=\"og:image:height\" content=\"695\" \/>\n\t<meta property=\"og:image:type\" content=\"image\/jpeg\" \/>\n<meta name=\"twitter:card\" content=\"summary_large_image\" \/>\n<script type=\"application\/ld+json\" class=\"yoast-schema-graph\">{\"@context\":\"https:\/\/schema.org\",\"@graph\":[{\"@type\":\"WebPage\",\"@id\":\"https:\/\/eurocas.com\/fr\/produit\/dulcinea-4\/\",\"url\":\"https:\/\/eurocas.com\/fr\/produit\/dulcinea-4\/\",\"name\":\"Dulcinea | Eurocas.com\",\"isPartOf\":{\"@id\":\"https:\/\/eurocas.com\/#website\"},\"primaryImageOfPage\":{\"@id\":\"https:\/\/eurocas.com\/fr\/produit\/dulcinea-4\/#primaryimage\"},\"image\":{\"@id\":\"https:\/\/eurocas.com\/fr\/produit\/dulcinea-4\/#primaryimage\"},\"thumbnailUrl\":\"https:\/\/eurocas.com\/wp-content\/uploads\/2022\/03\/Dulcinea-1-8.jpg\",\"datePublished\":\"2019-01-25T22:00:00+00:00\",\"dateModified\":\"2022-07-04T11:09:28+00:00\",\"description\":\"Dulcinea. Eurocas.com.\",\"breadcrumb\":{\"@id\":\"https:\/\/eurocas.com\/fr\/produit\/dulcinea-4\/#breadcrumb\"},\"inLanguage\":\"fr-FR\",\"potentialAction\":[{\"@type\":\"ReadAction\",\"target\":[\"https:\/\/eurocas.com\/fr\/produit\/dulcinea-4\/\"]}]},{\"@type\":\"ImageObject\",\"inLanguage\":\"fr-FR\",\"@id\":\"https:\/\/eurocas.com\/fr\/produit\/dulcinea-4\/#primaryimage\",\"url\":\"https:\/\/eurocas.com\/wp-content\/uploads\/2022\/03\/Dulcinea-1-8.jpg\",\"contentUrl\":\"https:\/\/eurocas.com\/wp-content\/uploads\/2022\/03\/Dulcinea-1-8.jpg\",\"width\":950,\"height\":695,\"caption\":\"Dulcinea premix \u2013 versatile baking base for cakes and pastries\"},{\"@type\":\"BreadcrumbList\",\"@id\":\"https:\/\/eurocas.com\/fr\/produit\/dulcinea-4\/#breadcrumb\",\"itemListElement\":[{\"@type\":\"ListItem\",\"position\":1,\"name\":\"Home\",\"item\":\"https:\/\/eurocas.com\/fr\/\"},{\"@type\":\"ListItem\",\"position\":2,\"name\":\"Products\",\"item\":\"https:\/\/eurocas.com\/shop\/\"},{\"@type\":\"ListItem\",\"position\":3,\"name\":\"Dulcinea\"}]},{\"@type\":\"WebSite\",\"@id\":\"https:\/\/eurocas.com\/#website\",\"url\":\"https:\/\/eurocas.com\/\",\"name\":\"Eurocas.com\",\"description\":\"Eurocas.com\",\"publisher\":{\"@id\":\"https:\/\/eurocas.com\/#organization\"},\"potentialAction\":[{\"@type\":\"SearchAction\",\"target\":{\"@type\":\"EntryPoint\",\"urlTemplate\":\"https:\/\/eurocas.com\/?s={search_term_string}\"},\"query-input\":\"required name=search_term_string\"}],\"inLanguage\":\"fr-FR\"},{\"@type\":\"Organization\",\"@id\":\"https:\/\/eurocas.com\/#organization\",\"name\":\"Eurocas International\",\"url\":\"https:\/\/eurocas.com\/\",\"logo\":{\"@type\":\"ImageObject\",\"inLanguage\":\"fr-FR\",\"@id\":\"https:\/\/eurocas.com\/#\/schema\/logo\/image\/\",\"url\":\"https:\/\/eurocas.com\/wp-content\/uploads\/2021\/09\/logo.png\",\"contentUrl\":\"https:\/\/eurocas.com\/wp-content\/uploads\/2021\/09\/logo.png\",\"width\":1954,\"height\":599,\"caption\":\"Eurocas International\"},\"image\":{\"@id\":\"https:\/\/eurocas.com\/#\/schema\/logo\/image\/\"}}]}<\/script>\n<!-- \/ Yoast SEO plugin. -->","yoast_head_json":{"title":"Dulcinea | Eurocas.com","description":"Dulcinea. Eurocas.com.","robots":{"index":"index","follow":"follow","max-snippet":"max-snippet:-1","max-image-preview":"max-image-preview:large","max-video-preview":"max-video-preview:-1"},"canonical":"https:\/\/eurocas.com\/fr\/produit\/dulcinea-4\/","og_locale":"fr_FR","og_type":"article","og_title":"Dulcinea | Eurocas.com","og_description":"Dulcinea. Eurocas.com.","og_url":"https:\/\/eurocas.com\/fr\/produit\/dulcinea-4\/","og_site_name":"Eurocas.com","article_modified_time":"2022-07-04T11:09:28+00:00","og_image":[{"width":950,"height":695,"url":"https:\/\/eurocas.com\/wp-content\/uploads\/2022\/03\/Dulcinea-1-8.jpg","type":"image\/jpeg"}],"twitter_card":"summary_large_image","schema":{"@context":"https:\/\/schema.org","@graph":[{"@type":"WebPage","@id":"https:\/\/eurocas.com\/fr\/produit\/dulcinea-4\/","url":"https:\/\/eurocas.com\/fr\/produit\/dulcinea-4\/","name":"Dulcinea | Eurocas.com","isPartOf":{"@id":"https:\/\/eurocas.com\/#website"},"primaryImageOfPage":{"@id":"https:\/\/eurocas.com\/fr\/produit\/dulcinea-4\/#primaryimage"},"image":{"@id":"https:\/\/eurocas.com\/fr\/produit\/dulcinea-4\/#primaryimage"},"thumbnailUrl":"https:\/\/eurocas.com\/wp-content\/uploads\/2022\/03\/Dulcinea-1-8.jpg","datePublished":"2019-01-25T22:00:00+00:00","dateModified":"2022-07-04T11:09:28+00:00","description":"Dulcinea. Eurocas.com.","breadcrumb":{"@id":"https:\/\/eurocas.com\/fr\/produit\/dulcinea-4\/#breadcrumb"},"inLanguage":"fr-FR","potentialAction":[{"@type":"ReadAction","target":["https:\/\/eurocas.com\/fr\/produit\/dulcinea-4\/"]}]},{"@type":"ImageObject","inLanguage":"fr-FR","@id":"https:\/\/eurocas.com\/fr\/produit\/dulcinea-4\/#primaryimage","url":"https:\/\/eurocas.com\/wp-content\/uploads\/2022\/03\/Dulcinea-1-8.jpg","contentUrl":"https:\/\/eurocas.com\/wp-content\/uploads\/2022\/03\/Dulcinea-1-8.jpg","width":950,"height":695,"caption":"Dulcinea premix \u2013 versatile baking base for cakes and pastries"},{"@type":"BreadcrumbList","@id":"https:\/\/eurocas.com\/fr\/produit\/dulcinea-4\/#breadcrumb","itemListElement":[{"@type":"ListItem","position":1,"name":"Home","item":"https:\/\/eurocas.com\/fr\/"},{"@type":"ListItem","position":2,"name":"Products","item":"https:\/\/eurocas.com\/shop\/"},{"@type":"ListItem","position":3,"name":"Dulcinea"}]},{"@type":"WebSite","@id":"https:\/\/eurocas.com\/#website","url":"https:\/\/eurocas.com\/","name":"Eurocas.com","description":"Eurocas.com","publisher":{"@id":"https:\/\/eurocas.com\/#organization"},"potentialAction":[{"@type":"SearchAction","target":{"@type":"EntryPoint","urlTemplate":"https:\/\/eurocas.com\/?s={search_term_string}"},"query-input":"required name=search_term_string"}],"inLanguage":"fr-FR"},{"@type":"Organization","@id":"https:\/\/eurocas.com\/#organization","name":"Eurocas International","url":"https:\/\/eurocas.com\/","logo":{"@type":"ImageObject","inLanguage":"fr-FR","@id":"https:\/\/eurocas.com\/#\/schema\/logo\/image\/","url":"https:\/\/eurocas.com\/wp-content\/uploads\/2021\/09\/logo.png","contentUrl":"https:\/\/eurocas.com\/wp-content\/uploads\/2021\/09\/logo.png","width":1954,"height":599,"caption":"Eurocas International"},"image":{"@id":"https:\/\/eurocas.com\/#\/schema\/logo\/image\/"}}]}},"_links":{"self":[{"href":"https:\/\/eurocas.com\/fr\/wp-json\/wp\/v2\/product\/2514"}],"collection":[{"href":"https:\/\/eurocas.com\/fr\/wp-json\/wp\/v2\/product"}],"about":[{"href":"https:\/\/eurocas.com\/fr\/wp-json\/wp\/v2\/types\/product"}],"wp:featuredmedia":[{"embeddable":true,"href":"https:\/\/eurocas.com\/fr\/wp-json\/wp\/v2\/media\/3834"}],"wp:attachment":[{"href":"https:\/\/eurocas.com\/fr\/wp-json\/wp\/v2\/media?parent=2514"}],"wp:term":[{"taxonomy":"product_cat","embeddable":true,"href":"https:\/\/eurocas.com\/fr\/wp-json\/wp\/v2\/product_cat?post=2514"},{"taxonomy":"product_tag","embeddable":true,"href":"https:\/\/eurocas.com\/fr\/wp-json\/wp\/v2\/product_tag?post=2514"}],"curies":[{"name":"wp","href":"https:\/\/api.w.org\/{rel}","templated":true}]}}