{"id":2509,"date":"2019-01-26T00:00:00","date_gmt":"2019-01-25T22:00:00","guid":{"rendered":"https:\/\/eurocas.com\/product\/fineo-gold-4\/"},"modified":"2022-12-21T15:26:13","modified_gmt":"2022-12-21T12:26:13","slug":"fineo-gold-4","status":"publish","type":"product","link":"https:\/\/eurocas.com\/fr\/produit\/fineo-gold-4\/","title":{"rendered":"Fineo Gold"},"content":{"rendered":"<p>Ready to use creams<\/p>\n<p>Fineo Gold est une margarine cr\u00e9meuse de premi\u00e8re qualit\u00e9.<\/p>\n<ul>\n<li>COULEUR QUI RAPPELLE LE BEURRE<\/li>\n<li>FORT GOUT DE BEURRE<\/li>\n<li>Clean label<\/li>\n<\/ul>\n<p>Fineo Gold est une sorte de margarine cr\u00e9meuse. Avec un fort go\u00fbt de beurre et une couleur de beurre, elle est tout simplement incomparable aux autres margarines cr\u00e9meuses sur le march\u00e9.<\/p>\n<p>En ajoutant \u00e0 cela le fait que Fineo Gold est une margarine Clean Label, ne contient pas de graisses hydrog\u00e9n\u00e9es et que sa couleur et son go\u00fbt sont uniquement naturels, le r\u00e9sultat est une margarine cr\u00e9meuse exceptionnelle.<\/p>\n","protected":false},"excerpt":{"rendered":"<p>Fineo Gold est une margarine cr\u00e9meuse de premi\u00e8re qualit\u00e9.<\/p>\n<ul>\n<li>COULEUR QUI RAPPELLE LE BEURRE<\/li>\n<li>FORT GOUT DE BEURRE<\/li>\n<li>Clean label<\/li>\n<\/ul>\n<p>Fineo Gold est une sorte de margarine cr\u00e9meuse. Avec un fort go\u00fbt de beurre et une couleur de beurre, elle est tout simplement incomparable aux autres margarines cr\u00e9meuses sur le march\u00e9.<\/p>\n<p>En ajoutant \u00e0 cela le fait que Fineo Gold est une margarine Clean Label, ne contient pas de graisses hydrog\u00e9n\u00e9es et que sa couleur et son go\u00fbt sont uniquement naturels, le r\u00e9sultat est une margarine cr\u00e9meuse exceptionnelle.<\/p>\n","protected":false},"featured_media":3083,"template":"","meta":[],"product_cat":[73],"product_tag":[],"yoast_head":"<!-- This site is optimized with the Yoast SEO plugin v22.8 - https:\/\/yoast.com\/wordpress\/plugins\/seo\/ -->\n<title>Fineo Gold | Eurocas.com<\/title>\n<meta name=\"description\" content=\"Fineo Gold. Eurocas.com.\" \/>\n<meta name=\"robots\" content=\"index, follow, max-snippet:-1, max-image-preview:large, max-video-preview:-1\" \/>\n<link rel=\"canonical\" href=\"https:\/\/eurocas.com\/fr\/produit\/fineo-gold-4\/\" \/>\n<meta property=\"og:locale\" content=\"fr_FR\" \/>\n<meta property=\"og:type\" content=\"article\" \/>\n<meta property=\"og:title\" content=\"Fineo Gold | Eurocas.com\" \/>\n<meta property=\"og:description\" content=\"Fineo Gold. Eurocas.com.\" \/>\n<meta property=\"og:url\" content=\"https:\/\/eurocas.com\/fr\/produit\/fineo-gold-4\/\" \/>\n<meta property=\"og:site_name\" content=\"Eurocas.com\" \/>\n<meta property=\"article:modified_time\" content=\"2022-12-21T12:26:13+00:00\" \/>\n<meta property=\"og:image\" content=\"https:\/\/eurocas.com\/wp-content\/uploads\/2022\/06\/fineo-gold-cream-margarine.png\" \/>\n\t<meta property=\"og:image:width\" content=\"800\" \/>\n\t<meta property=\"og:image:height\" content=\"460\" \/>\n\t<meta property=\"og:image:type\" content=\"image\/png\" \/>\n<meta name=\"twitter:card\" content=\"summary_large_image\" \/>\n<meta name=\"twitter:label1\" content=\"Dur\u00e9e de lecture estim\u00e9e\" \/>\n\t<meta name=\"twitter:data1\" content=\"1 minute\" \/>\n<script type=\"application\/ld+json\" class=\"yoast-schema-graph\">{\"@context\":\"https:\/\/schema.org\",\"@graph\":[{\"@type\":\"WebPage\",\"@id\":\"https:\/\/eurocas.com\/fr\/produit\/fineo-gold-4\/\",\"url\":\"https:\/\/eurocas.com\/fr\/produit\/fineo-gold-4\/\",\"name\":\"Fineo Gold | Eurocas.com\",\"isPartOf\":{\"@id\":\"https:\/\/eurocas.com\/#website\"},\"primaryImageOfPage\":{\"@id\":\"https:\/\/eurocas.com\/fr\/produit\/fineo-gold-4\/#primaryimage\"},\"image\":{\"@id\":\"https:\/\/eurocas.com\/fr\/produit\/fineo-gold-4\/#primaryimage\"},\"thumbnailUrl\":\"https:\/\/eurocas.com\/wp-content\/uploads\/2022\/06\/fineo-gold-cream-margarine.png\",\"datePublished\":\"2019-01-25T22:00:00+00:00\",\"dateModified\":\"2022-12-21T12:26:13+00:00\",\"description\":\"Fineo Gold. Eurocas.com.\",\"breadcrumb\":{\"@id\":\"https:\/\/eurocas.com\/fr\/produit\/fineo-gold-4\/#breadcrumb\"},\"inLanguage\":\"fr-FR\",\"potentialAction\":[{\"@type\":\"ReadAction\",\"target\":[\"https:\/\/eurocas.com\/fr\/produit\/fineo-gold-4\/\"]}]},{\"@type\":\"ImageObject\",\"inLanguage\":\"fr-FR\",\"@id\":\"https:\/\/eurocas.com\/fr\/produit\/fineo-gold-4\/#primaryimage\",\"url\":\"https:\/\/eurocas.com\/wp-content\/uploads\/2022\/06\/fineo-gold-cream-margarine.png\",\"contentUrl\":\"https:\/\/eurocas.com\/wp-content\/uploads\/2022\/06\/fineo-gold-cream-margarine.png\",\"width\":800,\"height\":460,\"caption\":\"Fineo Gold premium cream margarine \u2013 natural butter color and flavor, clean-label\"},{\"@type\":\"BreadcrumbList\",\"@id\":\"https:\/\/eurocas.com\/fr\/produit\/fineo-gold-4\/#breadcrumb\",\"itemListElement\":[{\"@type\":\"ListItem\",\"position\":1,\"name\":\"Home\",\"item\":\"https:\/\/eurocas.com\/fr\/\"},{\"@type\":\"ListItem\",\"position\":2,\"name\":\"Products\",\"item\":\"https:\/\/eurocas.com\/shop\/\"},{\"@type\":\"ListItem\",\"position\":3,\"name\":\"Fineo Gold\"}]},{\"@type\":\"WebSite\",\"@id\":\"https:\/\/eurocas.com\/#website\",\"url\":\"https:\/\/eurocas.com\/\",\"name\":\"Eurocas.com\",\"description\":\"Eurocas.com\",\"publisher\":{\"@id\":\"https:\/\/eurocas.com\/#organization\"},\"potentialAction\":[{\"@type\":\"SearchAction\",\"target\":{\"@type\":\"EntryPoint\",\"urlTemplate\":\"https:\/\/eurocas.com\/?s={search_term_string}\"},\"query-input\":\"required name=search_term_string\"}],\"inLanguage\":\"fr-FR\"},{\"@type\":\"Organization\",\"@id\":\"https:\/\/eurocas.com\/#organization\",\"name\":\"Eurocas International\",\"url\":\"https:\/\/eurocas.com\/\",\"logo\":{\"@type\":\"ImageObject\",\"inLanguage\":\"fr-FR\",\"@id\":\"https:\/\/eurocas.com\/#\/schema\/logo\/image\/\",\"url\":\"https:\/\/eurocas.com\/wp-content\/uploads\/2021\/09\/logo.png\",\"contentUrl\":\"https:\/\/eurocas.com\/wp-content\/uploads\/2021\/09\/logo.png\",\"width\":1954,\"height\":599,\"caption\":\"Eurocas International\"},\"image\":{\"@id\":\"https:\/\/eurocas.com\/#\/schema\/logo\/image\/\"}}]}<\/script>\n<!-- \/ Yoast SEO plugin. -->","yoast_head_json":{"title":"Fineo Gold | Eurocas.com","description":"Fineo Gold. Eurocas.com.","robots":{"index":"index","follow":"follow","max-snippet":"max-snippet:-1","max-image-preview":"max-image-preview:large","max-video-preview":"max-video-preview:-1"},"canonical":"https:\/\/eurocas.com\/fr\/produit\/fineo-gold-4\/","og_locale":"fr_FR","og_type":"article","og_title":"Fineo Gold | Eurocas.com","og_description":"Fineo Gold. Eurocas.com.","og_url":"https:\/\/eurocas.com\/fr\/produit\/fineo-gold-4\/","og_site_name":"Eurocas.com","article_modified_time":"2022-12-21T12:26:13+00:00","og_image":[{"width":800,"height":460,"url":"https:\/\/eurocas.com\/wp-content\/uploads\/2022\/06\/fineo-gold-cream-margarine.png","type":"image\/png"}],"twitter_card":"summary_large_image","twitter_misc":{"Dur\u00e9e de lecture estim\u00e9e":"1 minute"},"schema":{"@context":"https:\/\/schema.org","@graph":[{"@type":"WebPage","@id":"https:\/\/eurocas.com\/fr\/produit\/fineo-gold-4\/","url":"https:\/\/eurocas.com\/fr\/produit\/fineo-gold-4\/","name":"Fineo Gold | Eurocas.com","isPartOf":{"@id":"https:\/\/eurocas.com\/#website"},"primaryImageOfPage":{"@id":"https:\/\/eurocas.com\/fr\/produit\/fineo-gold-4\/#primaryimage"},"image":{"@id":"https:\/\/eurocas.com\/fr\/produit\/fineo-gold-4\/#primaryimage"},"thumbnailUrl":"https:\/\/eurocas.com\/wp-content\/uploads\/2022\/06\/fineo-gold-cream-margarine.png","datePublished":"2019-01-25T22:00:00+00:00","dateModified":"2022-12-21T12:26:13+00:00","description":"Fineo Gold. Eurocas.com.","breadcrumb":{"@id":"https:\/\/eurocas.com\/fr\/produit\/fineo-gold-4\/#breadcrumb"},"inLanguage":"fr-FR","potentialAction":[{"@type":"ReadAction","target":["https:\/\/eurocas.com\/fr\/produit\/fineo-gold-4\/"]}]},{"@type":"ImageObject","inLanguage":"fr-FR","@id":"https:\/\/eurocas.com\/fr\/produit\/fineo-gold-4\/#primaryimage","url":"https:\/\/eurocas.com\/wp-content\/uploads\/2022\/06\/fineo-gold-cream-margarine.png","contentUrl":"https:\/\/eurocas.com\/wp-content\/uploads\/2022\/06\/fineo-gold-cream-margarine.png","width":800,"height":460,"caption":"Fineo Gold premium cream margarine \u2013 natural butter color and flavor, clean-label"},{"@type":"BreadcrumbList","@id":"https:\/\/eurocas.com\/fr\/produit\/fineo-gold-4\/#breadcrumb","itemListElement":[{"@type":"ListItem","position":1,"name":"Home","item":"https:\/\/eurocas.com\/fr\/"},{"@type":"ListItem","position":2,"name":"Products","item":"https:\/\/eurocas.com\/shop\/"},{"@type":"ListItem","position":3,"name":"Fineo Gold"}]},{"@type":"WebSite","@id":"https:\/\/eurocas.com\/#website","url":"https:\/\/eurocas.com\/","name":"Eurocas.com","description":"Eurocas.com","publisher":{"@id":"https:\/\/eurocas.com\/#organization"},"potentialAction":[{"@type":"SearchAction","target":{"@type":"EntryPoint","urlTemplate":"https:\/\/eurocas.com\/?s={search_term_string}"},"query-input":"required name=search_term_string"}],"inLanguage":"fr-FR"},{"@type":"Organization","@id":"https:\/\/eurocas.com\/#organization","name":"Eurocas International","url":"https:\/\/eurocas.com\/","logo":{"@type":"ImageObject","inLanguage":"fr-FR","@id":"https:\/\/eurocas.com\/#\/schema\/logo\/image\/","url":"https:\/\/eurocas.com\/wp-content\/uploads\/2021\/09\/logo.png","contentUrl":"https:\/\/eurocas.com\/wp-content\/uploads\/2021\/09\/logo.png","width":1954,"height":599,"caption":"Eurocas International"},"image":{"@id":"https:\/\/eurocas.com\/#\/schema\/logo\/image\/"}}]}},"_links":{"self":[{"href":"https:\/\/eurocas.com\/fr\/wp-json\/wp\/v2\/product\/2509"}],"collection":[{"href":"https:\/\/eurocas.com\/fr\/wp-json\/wp\/v2\/product"}],"about":[{"href":"https:\/\/eurocas.com\/fr\/wp-json\/wp\/v2\/types\/product"}],"wp:featuredmedia":[{"embeddable":true,"href":"https:\/\/eurocas.com\/fr\/wp-json\/wp\/v2\/media\/3083"}],"wp:attachment":[{"href":"https:\/\/eurocas.com\/fr\/wp-json\/wp\/v2\/media?parent=2509"}],"wp:term":[{"taxonomy":"product_cat","embeddable":true,"href":"https:\/\/eurocas.com\/fr\/wp-json\/wp\/v2\/product_cat?post=2509"},{"taxonomy":"product_tag","embeddable":true,"href":"https:\/\/eurocas.com\/fr\/wp-json\/wp\/v2\/product_tag?post=2509"}],"curies":[{"name":"wp","href":"https:\/\/api.w.org\/{rel}","templated":true}]}}