{"id":2508,"date":"2019-01-26T00:00:00","date_gmt":"2019-01-25T22:00:00","guid":{"rendered":"https:\/\/eurocas.com\/product\/fineo-4\/"},"modified":"2022-06-24T15:18:59","modified_gmt":"2022-06-24T12:18:59","slug":"fineo-4","status":"publish","type":"product","link":"https:\/\/eurocas.com\/fr\/produit\/fineo-4\/","title":{"rendered":"Fineo"},"content":{"rendered":"<p>Ready to use creams<\/p>\n<p>Fineo est une excellente margarine cr\u00e9meuse Clean Label.<\/p>\n<ul>\n<li>BONNE APTITUDE AU FOUETTAGE<\/li>\n<li>SANS GRAISSES HYDOGENEES<\/li>\n<li>Clean label<\/li>\n<\/ul>\n<p>Fineo est une margarine cr\u00e9meuse \u00e0 80% de mati\u00e8re grasse. Elle a une bonne aptitude au fouettage, pour une production de cr\u00e8me de bonne qualit\u00e9, de biscuits a\u00e9r\u00e9s de grande qualit\u00e9, des sp\u00e9cialit\u00e9s de fond de tarte lisses ou une belle\u00a0 production de pain grill\u00e9.<\/p>\n","protected":false},"excerpt":{"rendered":"<p>Fineo est une excellente margarine cr\u00e9meuse Clean Label.<\/p>\n<ul>\n<li>BONNE APTITUDE AU FOUETTAGE<\/li>\n<li>SANS GRAISSES HYDOGENEES<\/li>\n<li>Clean label<\/li>\n<\/ul>\n<p>Fineo est une margarine cr\u00e9meuse \u00e0 80% de mati\u00e8re grasse. Elle a une bonne aptitude au fouettage, pour une production de cr\u00e8me de bonne qualit\u00e9, de biscuits a\u00e9r\u00e9s de grande qualit\u00e9, des sp\u00e9cialit\u00e9s de fond de tarte lisses ou une belle\u00a0 production de pain grill\u00e9.<\/p>\n","protected":false},"featured_media":3841,"template":"","meta":[],"product_cat":[73],"product_tag":[],"yoast_head":"<!-- This site is optimized with the Yoast SEO plugin v22.8 - https:\/\/yoast.com\/wordpress\/plugins\/seo\/ -->\n<title>Fineo | Eurocas.com<\/title>\n<meta name=\"description\" content=\"Fineo. Eurocas.com.\" \/>\n<meta name=\"robots\" content=\"index, follow, max-snippet:-1, max-image-preview:large, max-video-preview:-1\" \/>\n<link rel=\"canonical\" href=\"https:\/\/eurocas.com\/fr\/produit\/fineo-4\/\" \/>\n<meta property=\"og:locale\" content=\"fr_FR\" \/>\n<meta property=\"og:type\" content=\"article\" \/>\n<meta property=\"og:title\" content=\"Fineo | Eurocas.com\" \/>\n<meta property=\"og:description\" content=\"Fineo. Eurocas.com.\" \/>\n<meta property=\"og:url\" content=\"https:\/\/eurocas.com\/fr\/produit\/fineo-4\/\" \/>\n<meta property=\"og:site_name\" content=\"Eurocas.com\" \/>\n<meta property=\"article:modified_time\" content=\"2022-06-24T12:18:59+00:00\" \/>\n<meta property=\"og:image\" content=\"https:\/\/eurocas.com\/wp-content\/uploads\/2022\/03\/Fineo-1-8.jpg\" \/>\n\t<meta property=\"og:image:width\" content=\"950\" \/>\n\t<meta property=\"og:image:height\" content=\"695\" \/>\n\t<meta property=\"og:image:type\" content=\"image\/jpeg\" \/>\n<meta name=\"twitter:card\" content=\"summary_large_image\" \/>\n<script type=\"application\/ld+json\" class=\"yoast-schema-graph\">{\"@context\":\"https:\/\/schema.org\",\"@graph\":[{\"@type\":\"WebPage\",\"@id\":\"https:\/\/eurocas.com\/fr\/produit\/fineo-4\/\",\"url\":\"https:\/\/eurocas.com\/fr\/produit\/fineo-4\/\",\"name\":\"Fineo | Eurocas.com\",\"isPartOf\":{\"@id\":\"https:\/\/eurocas.com\/#website\"},\"primaryImageOfPage\":{\"@id\":\"https:\/\/eurocas.com\/fr\/produit\/fineo-4\/#primaryimage\"},\"image\":{\"@id\":\"https:\/\/eurocas.com\/fr\/produit\/fineo-4\/#primaryimage\"},\"thumbnailUrl\":\"https:\/\/eurocas.com\/wp-content\/uploads\/2022\/03\/Fineo-1-8.jpg\",\"datePublished\":\"2019-01-25T22:00:00+00:00\",\"dateModified\":\"2022-06-24T12:18:59+00:00\",\"description\":\"Fineo. Eurocas.com.\",\"breadcrumb\":{\"@id\":\"https:\/\/eurocas.com\/fr\/produit\/fineo-4\/#breadcrumb\"},\"inLanguage\":\"fr-FR\",\"potentialAction\":[{\"@type\":\"ReadAction\",\"target\":[\"https:\/\/eurocas.com\/fr\/produit\/fineo-4\/\"]}]},{\"@type\":\"ImageObject\",\"inLanguage\":\"fr-FR\",\"@id\":\"https:\/\/eurocas.com\/fr\/produit\/fineo-4\/#primaryimage\",\"url\":\"https:\/\/eurocas.com\/wp-content\/uploads\/2022\/03\/Fineo-1-8.jpg\",\"contentUrl\":\"https:\/\/eurocas.com\/wp-content\/uploads\/2022\/03\/Fineo-1-8.jpg\",\"width\":950,\"height\":695,\"caption\":\"Fineo 80% fat clean-label cream margarine \u2013 excellent whipping capability\"},{\"@type\":\"BreadcrumbList\",\"@id\":\"https:\/\/eurocas.com\/fr\/produit\/fineo-4\/#breadcrumb\",\"itemListElement\":[{\"@type\":\"ListItem\",\"position\":1,\"name\":\"Home\",\"item\":\"https:\/\/eurocas.com\/fr\/\"},{\"@type\":\"ListItem\",\"position\":2,\"name\":\"Products\",\"item\":\"https:\/\/eurocas.com\/shop\/\"},{\"@type\":\"ListItem\",\"position\":3,\"name\":\"Fineo\"}]},{\"@type\":\"WebSite\",\"@id\":\"https:\/\/eurocas.com\/#website\",\"url\":\"https:\/\/eurocas.com\/\",\"name\":\"Eurocas.com\",\"description\":\"Eurocas.com\",\"publisher\":{\"@id\":\"https:\/\/eurocas.com\/#organization\"},\"potentialAction\":[{\"@type\":\"SearchAction\",\"target\":{\"@type\":\"EntryPoint\",\"urlTemplate\":\"https:\/\/eurocas.com\/?s={search_term_string}\"},\"query-input\":\"required name=search_term_string\"}],\"inLanguage\":\"fr-FR\"},{\"@type\":\"Organization\",\"@id\":\"https:\/\/eurocas.com\/#organization\",\"name\":\"Eurocas International\",\"url\":\"https:\/\/eurocas.com\/\",\"logo\":{\"@type\":\"ImageObject\",\"inLanguage\":\"fr-FR\",\"@id\":\"https:\/\/eurocas.com\/#\/schema\/logo\/image\/\",\"url\":\"https:\/\/eurocas.com\/wp-content\/uploads\/2021\/09\/logo.png\",\"contentUrl\":\"https:\/\/eurocas.com\/wp-content\/uploads\/2021\/09\/logo.png\",\"width\":1954,\"height\":599,\"caption\":\"Eurocas International\"},\"image\":{\"@id\":\"https:\/\/eurocas.com\/#\/schema\/logo\/image\/\"}}]}<\/script>\n<!-- \/ Yoast SEO plugin. -->","yoast_head_json":{"title":"Fineo | Eurocas.com","description":"Fineo. Eurocas.com.","robots":{"index":"index","follow":"follow","max-snippet":"max-snippet:-1","max-image-preview":"max-image-preview:large","max-video-preview":"max-video-preview:-1"},"canonical":"https:\/\/eurocas.com\/fr\/produit\/fineo-4\/","og_locale":"fr_FR","og_type":"article","og_title":"Fineo | Eurocas.com","og_description":"Fineo. Eurocas.com.","og_url":"https:\/\/eurocas.com\/fr\/produit\/fineo-4\/","og_site_name":"Eurocas.com","article_modified_time":"2022-06-24T12:18:59+00:00","og_image":[{"width":950,"height":695,"url":"https:\/\/eurocas.com\/wp-content\/uploads\/2022\/03\/Fineo-1-8.jpg","type":"image\/jpeg"}],"twitter_card":"summary_large_image","schema":{"@context":"https:\/\/schema.org","@graph":[{"@type":"WebPage","@id":"https:\/\/eurocas.com\/fr\/produit\/fineo-4\/","url":"https:\/\/eurocas.com\/fr\/produit\/fineo-4\/","name":"Fineo | Eurocas.com","isPartOf":{"@id":"https:\/\/eurocas.com\/#website"},"primaryImageOfPage":{"@id":"https:\/\/eurocas.com\/fr\/produit\/fineo-4\/#primaryimage"},"image":{"@id":"https:\/\/eurocas.com\/fr\/produit\/fineo-4\/#primaryimage"},"thumbnailUrl":"https:\/\/eurocas.com\/wp-content\/uploads\/2022\/03\/Fineo-1-8.jpg","datePublished":"2019-01-25T22:00:00+00:00","dateModified":"2022-06-24T12:18:59+00:00","description":"Fineo. Eurocas.com.","breadcrumb":{"@id":"https:\/\/eurocas.com\/fr\/produit\/fineo-4\/#breadcrumb"},"inLanguage":"fr-FR","potentialAction":[{"@type":"ReadAction","target":["https:\/\/eurocas.com\/fr\/produit\/fineo-4\/"]}]},{"@type":"ImageObject","inLanguage":"fr-FR","@id":"https:\/\/eurocas.com\/fr\/produit\/fineo-4\/#primaryimage","url":"https:\/\/eurocas.com\/wp-content\/uploads\/2022\/03\/Fineo-1-8.jpg","contentUrl":"https:\/\/eurocas.com\/wp-content\/uploads\/2022\/03\/Fineo-1-8.jpg","width":950,"height":695,"caption":"Fineo 80% fat clean-label cream margarine \u2013 excellent whipping capability"},{"@type":"BreadcrumbList","@id":"https:\/\/eurocas.com\/fr\/produit\/fineo-4\/#breadcrumb","itemListElement":[{"@type":"ListItem","position":1,"name":"Home","item":"https:\/\/eurocas.com\/fr\/"},{"@type":"ListItem","position":2,"name":"Products","item":"https:\/\/eurocas.com\/shop\/"},{"@type":"ListItem","position":3,"name":"Fineo"}]},{"@type":"WebSite","@id":"https:\/\/eurocas.com\/#website","url":"https:\/\/eurocas.com\/","name":"Eurocas.com","description":"Eurocas.com","publisher":{"@id":"https:\/\/eurocas.com\/#organization"},"potentialAction":[{"@type":"SearchAction","target":{"@type":"EntryPoint","urlTemplate":"https:\/\/eurocas.com\/?s={search_term_string}"},"query-input":"required name=search_term_string"}],"inLanguage":"fr-FR"},{"@type":"Organization","@id":"https:\/\/eurocas.com\/#organization","name":"Eurocas International","url":"https:\/\/eurocas.com\/","logo":{"@type":"ImageObject","inLanguage":"fr-FR","@id":"https:\/\/eurocas.com\/#\/schema\/logo\/image\/","url":"https:\/\/eurocas.com\/wp-content\/uploads\/2021\/09\/logo.png","contentUrl":"https:\/\/eurocas.com\/wp-content\/uploads\/2021\/09\/logo.png","width":1954,"height":599,"caption":"Eurocas International"},"image":{"@id":"https:\/\/eurocas.com\/#\/schema\/logo\/image\/"}}]}},"_links":{"self":[{"href":"https:\/\/eurocas.com\/fr\/wp-json\/wp\/v2\/product\/2508"}],"collection":[{"href":"https:\/\/eurocas.com\/fr\/wp-json\/wp\/v2\/product"}],"about":[{"href":"https:\/\/eurocas.com\/fr\/wp-json\/wp\/v2\/types\/product"}],"wp:featuredmedia":[{"embeddable":true,"href":"https:\/\/eurocas.com\/fr\/wp-json\/wp\/v2\/media\/3841"}],"wp:attachment":[{"href":"https:\/\/eurocas.com\/fr\/wp-json\/wp\/v2\/media?parent=2508"}],"wp:term":[{"taxonomy":"product_cat","embeddable":true,"href":"https:\/\/eurocas.com\/fr\/wp-json\/wp\/v2\/product_cat?post=2508"},{"taxonomy":"product_tag","embeddable":true,"href":"https:\/\/eurocas.com\/fr\/wp-json\/wp\/v2\/product_tag?post=2508"}],"curies":[{"name":"wp","href":"https:\/\/api.w.org\/{rel}","templated":true}]}}