{"id":2503,"date":"2019-01-27T00:00:00","date_gmt":"2019-01-26T21:00:00","guid":{"rendered":"https:\/\/eurocas.com\/product\/creme-patissiere-a-la-vanille\/"},"modified":"2022-12-21T15:25:30","modified_gmt":"2022-12-21T12:25:30","slug":"creme-patissiere-a-la-vanille","status":"publish","type":"product","link":"https:\/\/eurocas.com\/fr\/produit\/creme-patissiere-a-la-vanille\/","title":{"rendered":"Cr\u00e8me p\u00e2tissi\u00e8re \u00e0 la Vanille"},"content":{"rendered":"<p>Ready to use creams<\/p>\n<p>0 perte de temps, 100% de r\u00e9ussite. Les pr\u00e9parations \u00e0 froid pour cr\u00e8mes p\u00e2tissi\u00e8res a la vanille apportent des solutions \u00e0 vos rythmes de travail \u00e9lev\u00e9s.<\/p>\n<ul>\n<li>UTILISATION FACILE<\/li>\n<li>STABLE A LA CUISSON<\/li>\n<li>STABLE A LA CONGELATION<\/li>\n<li>GOUT EXQUIS DE VANILLE<\/li>\n<\/ul>\n<p>Notre Cr\u00e8me p\u00e2tissi\u00e8re Instantan\u00e9e \u00e0 la Vanille a \u00e9t\u00e9 sp\u00e9cialement con\u00e7ue pour \u00eatre un produit de grande valeur pour le consommateur. Son prix attractif et son excellente qualit\u00e9 font de cette cr\u00e8me p\u00e2tissi\u00e8re \u00e0 la vanille pr\u00eate \u00e0 l\u2019emploi un futur best seller sur n\u2019importe quel march\u00e9.<\/p>\n","protected":false},"excerpt":{"rendered":"<p>0 perte de temps, 100% de r\u00e9ussite. Les pr\u00e9parations \u00e0 froid pour cr\u00e8mes p\u00e2tissi\u00e8res a la vanille apportent des solutions \u00e0 vos rythmes de travail \u00e9lev\u00e9s.<\/p>\n<ul>\n<li>UTILISATION FACILE<\/li>\n<li>STABLE A LA CUISSON<\/li>\n<li>STABLE A LA CONGELATION<\/li>\n<li>GOUT EXQUIS DE VANILLE<\/li>\n<\/ul>\n<p>Notre Cr\u00e8me p\u00e2tissi\u00e8re Instantan\u00e9e \u00e0 la Vanille a \u00e9t\u00e9 sp\u00e9cialement con\u00e7ue pour \u00eatre un produit de grande valeur pour le consommateur. Son prix attractif et son excellente qualit\u00e9 font de cette cr\u00e8me p\u00e2tissi\u00e8re \u00e0 la vanille pr\u00eate \u00e0 l\u2019emploi un futur best seller sur n\u2019importe quel march\u00e9.<\/p>\n","protected":false},"featured_media":3103,"template":"","meta":[],"product_cat":[79],"product_tag":[],"yoast_head":"<!-- This site is optimized with the Yoast SEO plugin v22.8 - https:\/\/yoast.com\/wordpress\/plugins\/seo\/ -->\n<title>Cr\u00e8me p\u00e2tissi\u00e8re \u00e0 la Vanille<\/title>\n<meta name=\"description\" content=\"Cr\u00e8me p\u00e2tissi\u00e8re \u00e0 la Vanille. Eurocas.com.\" \/>\n<meta name=\"robots\" content=\"index, follow, max-snippet:-1, max-image-preview:large, max-video-preview:-1\" \/>\n<link rel=\"canonical\" href=\"https:\/\/eurocas.com\/fr\/produit\/creme-patissiere-a-la-vanille\/\" \/>\n<meta property=\"og:locale\" content=\"fr_FR\" \/>\n<meta property=\"og:type\" content=\"article\" \/>\n<meta property=\"og:title\" content=\"Cr\u00e8me p\u00e2tissi\u00e8re \u00e0 la Vanille\" \/>\n<meta property=\"og:description\" content=\"Cr\u00e8me p\u00e2tissi\u00e8re \u00e0 la Vanille. Eurocas.com.\" \/>\n<meta property=\"og:url\" content=\"https:\/\/eurocas.com\/fr\/produit\/creme-patissiere-a-la-vanille\/\" \/>\n<meta property=\"og:site_name\" content=\"Eurocas.com\" \/>\n<meta property=\"article:modified_time\" content=\"2022-12-21T12:25:30+00:00\" \/>\n<meta property=\"og:image\" content=\"https:\/\/eurocas.com\/wp-content\/uploads\/2022\/06\/powder-premix.png\" \/>\n\t<meta property=\"og:image:width\" content=\"800\" \/>\n\t<meta property=\"og:image:height\" content=\"460\" \/>\n\t<meta property=\"og:image:type\" content=\"image\/png\" \/>\n<meta name=\"twitter:card\" content=\"summary_large_image\" \/>\n<meta name=\"twitter:label1\" content=\"Dur\u00e9e de lecture estim\u00e9e\" \/>\n\t<meta name=\"twitter:data1\" content=\"1 minute\" \/>\n<script type=\"application\/ld+json\" class=\"yoast-schema-graph\">{\"@context\":\"https:\/\/schema.org\",\"@graph\":[{\"@type\":\"WebPage\",\"@id\":\"https:\/\/eurocas.com\/fr\/produit\/creme-patissiere-a-la-vanille\/\",\"url\":\"https:\/\/eurocas.com\/fr\/produit\/creme-patissiere-a-la-vanille\/\",\"name\":\"Cr\u00e8me p\u00e2tissi\u00e8re \u00e0 la Vanille\",\"isPartOf\":{\"@id\":\"https:\/\/eurocas.com\/#website\"},\"primaryImageOfPage\":{\"@id\":\"https:\/\/eurocas.com\/fr\/produit\/creme-patissiere-a-la-vanille\/#primaryimage\"},\"image\":{\"@id\":\"https:\/\/eurocas.com\/fr\/produit\/creme-patissiere-a-la-vanille\/#primaryimage\"},\"thumbnailUrl\":\"https:\/\/eurocas.com\/wp-content\/uploads\/2022\/06\/powder-premix.png\",\"datePublished\":\"2019-01-26T21:00:00+00:00\",\"dateModified\":\"2022-12-21T12:25:30+00:00\",\"description\":\"Cr\u00e8me p\u00e2tissi\u00e8re \u00e0 la Vanille. Eurocas.com.\",\"breadcrumb\":{\"@id\":\"https:\/\/eurocas.com\/fr\/produit\/creme-patissiere-a-la-vanille\/#breadcrumb\"},\"inLanguage\":\"fr-FR\",\"potentialAction\":[{\"@type\":\"ReadAction\",\"target\":[\"https:\/\/eurocas.com\/fr\/produit\/creme-patissiere-a-la-vanille\/\"]}]},{\"@type\":\"ImageObject\",\"inLanguage\":\"fr-FR\",\"@id\":\"https:\/\/eurocas.com\/fr\/produit\/creme-patissiere-a-la-vanille\/#primaryimage\",\"url\":\"https:\/\/eurocas.com\/wp-content\/uploads\/2022\/06\/powder-premix.png\",\"contentUrl\":\"https:\/\/eurocas.com\/wp-content\/uploads\/2022\/06\/powder-premix.png\",\"width\":800,\"height\":460,\"caption\":\"Eurocas walnut filling for professional baking\"},{\"@type\":\"BreadcrumbList\",\"@id\":\"https:\/\/eurocas.com\/fr\/produit\/creme-patissiere-a-la-vanille\/#breadcrumb\",\"itemListElement\":[{\"@type\":\"ListItem\",\"position\":1,\"name\":\"Home\",\"item\":\"https:\/\/eurocas.com\/fr\/\"},{\"@type\":\"ListItem\",\"position\":2,\"name\":\"Products\",\"item\":\"https:\/\/eurocas.com\/shop\/\"},{\"@type\":\"ListItem\",\"position\":3,\"name\":\"Cr\u00e8me p\u00e2tissi\u00e8re \u00e0 la Vanille\"}]},{\"@type\":\"WebSite\",\"@id\":\"https:\/\/eurocas.com\/#website\",\"url\":\"https:\/\/eurocas.com\/\",\"name\":\"Eurocas.com\",\"description\":\"Eurocas.com\",\"publisher\":{\"@id\":\"https:\/\/eurocas.com\/#organization\"},\"potentialAction\":[{\"@type\":\"SearchAction\",\"target\":{\"@type\":\"EntryPoint\",\"urlTemplate\":\"https:\/\/eurocas.com\/?s={search_term_string}\"},\"query-input\":\"required name=search_term_string\"}],\"inLanguage\":\"fr-FR\"},{\"@type\":\"Organization\",\"@id\":\"https:\/\/eurocas.com\/#organization\",\"name\":\"Eurocas International\",\"url\":\"https:\/\/eurocas.com\/\",\"logo\":{\"@type\":\"ImageObject\",\"inLanguage\":\"fr-FR\",\"@id\":\"https:\/\/eurocas.com\/#\/schema\/logo\/image\/\",\"url\":\"https:\/\/eurocas.com\/wp-content\/uploads\/2021\/09\/logo.png\",\"contentUrl\":\"https:\/\/eurocas.com\/wp-content\/uploads\/2021\/09\/logo.png\",\"width\":1954,\"height\":599,\"caption\":\"Eurocas International\"},\"image\":{\"@id\":\"https:\/\/eurocas.com\/#\/schema\/logo\/image\/\"}}]}<\/script>\n<!-- \/ Yoast SEO plugin. -->","yoast_head_json":{"title":"Cr\u00e8me p\u00e2tissi\u00e8re \u00e0 la Vanille","description":"Cr\u00e8me p\u00e2tissi\u00e8re \u00e0 la Vanille. Eurocas.com.","robots":{"index":"index","follow":"follow","max-snippet":"max-snippet:-1","max-image-preview":"max-image-preview:large","max-video-preview":"max-video-preview:-1"},"canonical":"https:\/\/eurocas.com\/fr\/produit\/creme-patissiere-a-la-vanille\/","og_locale":"fr_FR","og_type":"article","og_title":"Cr\u00e8me p\u00e2tissi\u00e8re \u00e0 la Vanille","og_description":"Cr\u00e8me p\u00e2tissi\u00e8re \u00e0 la Vanille. Eurocas.com.","og_url":"https:\/\/eurocas.com\/fr\/produit\/creme-patissiere-a-la-vanille\/","og_site_name":"Eurocas.com","article_modified_time":"2022-12-21T12:25:30+00:00","og_image":[{"width":800,"height":460,"url":"https:\/\/eurocas.com\/wp-content\/uploads\/2022\/06\/powder-premix.png","type":"image\/png"}],"twitter_card":"summary_large_image","twitter_misc":{"Dur\u00e9e de lecture estim\u00e9e":"1 minute"},"schema":{"@context":"https:\/\/schema.org","@graph":[{"@type":"WebPage","@id":"https:\/\/eurocas.com\/fr\/produit\/creme-patissiere-a-la-vanille\/","url":"https:\/\/eurocas.com\/fr\/produit\/creme-patissiere-a-la-vanille\/","name":"Cr\u00e8me p\u00e2tissi\u00e8re \u00e0 la Vanille","isPartOf":{"@id":"https:\/\/eurocas.com\/#website"},"primaryImageOfPage":{"@id":"https:\/\/eurocas.com\/fr\/produit\/creme-patissiere-a-la-vanille\/#primaryimage"},"image":{"@id":"https:\/\/eurocas.com\/fr\/produit\/creme-patissiere-a-la-vanille\/#primaryimage"},"thumbnailUrl":"https:\/\/eurocas.com\/wp-content\/uploads\/2022\/06\/powder-premix.png","datePublished":"2019-01-26T21:00:00+00:00","dateModified":"2022-12-21T12:25:30+00:00","description":"Cr\u00e8me p\u00e2tissi\u00e8re \u00e0 la Vanille. Eurocas.com.","breadcrumb":{"@id":"https:\/\/eurocas.com\/fr\/produit\/creme-patissiere-a-la-vanille\/#breadcrumb"},"inLanguage":"fr-FR","potentialAction":[{"@type":"ReadAction","target":["https:\/\/eurocas.com\/fr\/produit\/creme-patissiere-a-la-vanille\/"]}]},{"@type":"ImageObject","inLanguage":"fr-FR","@id":"https:\/\/eurocas.com\/fr\/produit\/creme-patissiere-a-la-vanille\/#primaryimage","url":"https:\/\/eurocas.com\/wp-content\/uploads\/2022\/06\/powder-premix.png","contentUrl":"https:\/\/eurocas.com\/wp-content\/uploads\/2022\/06\/powder-premix.png","width":800,"height":460,"caption":"Eurocas walnut filling for professional baking"},{"@type":"BreadcrumbList","@id":"https:\/\/eurocas.com\/fr\/produit\/creme-patissiere-a-la-vanille\/#breadcrumb","itemListElement":[{"@type":"ListItem","position":1,"name":"Home","item":"https:\/\/eurocas.com\/fr\/"},{"@type":"ListItem","position":2,"name":"Products","item":"https:\/\/eurocas.com\/shop\/"},{"@type":"ListItem","position":3,"name":"Cr\u00e8me p\u00e2tissi\u00e8re \u00e0 la Vanille"}]},{"@type":"WebSite","@id":"https:\/\/eurocas.com\/#website","url":"https:\/\/eurocas.com\/","name":"Eurocas.com","description":"Eurocas.com","publisher":{"@id":"https:\/\/eurocas.com\/#organization"},"potentialAction":[{"@type":"SearchAction","target":{"@type":"EntryPoint","urlTemplate":"https:\/\/eurocas.com\/?s={search_term_string}"},"query-input":"required name=search_term_string"}],"inLanguage":"fr-FR"},{"@type":"Organization","@id":"https:\/\/eurocas.com\/#organization","name":"Eurocas International","url":"https:\/\/eurocas.com\/","logo":{"@type":"ImageObject","inLanguage":"fr-FR","@id":"https:\/\/eurocas.com\/#\/schema\/logo\/image\/","url":"https:\/\/eurocas.com\/wp-content\/uploads\/2021\/09\/logo.png","contentUrl":"https:\/\/eurocas.com\/wp-content\/uploads\/2021\/09\/logo.png","width":1954,"height":599,"caption":"Eurocas International"},"image":{"@id":"https:\/\/eurocas.com\/#\/schema\/logo\/image\/"}}]}},"_links":{"self":[{"href":"https:\/\/eurocas.com\/fr\/wp-json\/wp\/v2\/product\/2503"}],"collection":[{"href":"https:\/\/eurocas.com\/fr\/wp-json\/wp\/v2\/product"}],"about":[{"href":"https:\/\/eurocas.com\/fr\/wp-json\/wp\/v2\/types\/product"}],"wp:featuredmedia":[{"embeddable":true,"href":"https:\/\/eurocas.com\/fr\/wp-json\/wp\/v2\/media\/3103"}],"wp:attachment":[{"href":"https:\/\/eurocas.com\/fr\/wp-json\/wp\/v2\/media?parent=2503"}],"wp:term":[{"taxonomy":"product_cat","embeddable":true,"href":"https:\/\/eurocas.com\/fr\/wp-json\/wp\/v2\/product_cat?post=2503"},{"taxonomy":"product_tag","embeddable":true,"href":"https:\/\/eurocas.com\/fr\/wp-json\/wp\/v2\/product_tag?post=2503"}],"curies":[{"name":"wp","href":"https:\/\/api.w.org\/{rel}","templated":true}]}}