{"id":2502,"date":"2019-01-27T00:00:00","date_gmt":"2019-01-26T21:00:00","guid":{"rendered":"https:\/\/eurocas.com\/product\/glacages-a-froid\/"},"modified":"2022-06-24T15:06:18","modified_gmt":"2022-06-24T12:06:18","slug":"glacages-a-froid","status":"publish","type":"product","link":"https:\/\/eurocas.com\/fr\/produit\/glacages-a-froid\/","title":{"rendered":"Nappage a froid"},"content":{"rendered":"<p>Ready to use creams<\/p>\n<p>Une vaste gamme de Gla\u00e7ages Froids pr\u00eats \u00e0 l\u2019emploi.<\/p>\n<ul>\n<li>EFFET DE MIROIR BRILLANT<\/li>\n<li>GRANDE STABILITE<\/li>\n<li>STRUCTURE LISSE<\/li>\n<li>VASTE GAMME<\/li>\n<\/ul>\n<p>Les saveurs attrayantes et la couleur intense des gla\u00e7ages froids Eurocas am\u00e9liorent beaucoup la d\u00e9coration finale des produits de p\u00e2tisserie et confiserie.<\/p>\n","protected":false},"excerpt":{"rendered":"<p>Une vaste gamme de Nappage a froid pr\u00eats \u00e0 l\u2019emploi.<\/p>\n<ul>\n<li>EFFET DE MIROIR BRILLANT<\/li>\n<li>GRANDE STABILITE<\/li>\n<li>STRUCTURE LISSE<\/li>\n<li>VASTE GAMME<\/li>\n<\/ul>\n<p>Les saveurs attrayantes et la couleur intense des gla\u00e7ages froids Eurocas am\u00e9liorent beaucoup la d\u00e9coration finale des produits de p\u00e2tisserie et confiserie.<\/p>\n","protected":false},"featured_media":2636,"template":"","meta":[],"product_cat":[64],"product_tag":[],"yoast_head":"<!-- This site is optimized with the Yoast SEO plugin v22.8 - https:\/\/yoast.com\/wordpress\/plugins\/seo\/ -->\n<title>Nappage a froid | Eurocas.com<\/title>\n<meta name=\"description\" content=\"Nappage a froid. Eurocas.com.\" \/>\n<meta name=\"robots\" content=\"index, follow, max-snippet:-1, max-image-preview:large, max-video-preview:-1\" \/>\n<link rel=\"canonical\" href=\"https:\/\/eurocas.com\/fr\/produit\/glacages-a-froid\/\" \/>\n<meta property=\"og:locale\" content=\"fr_FR\" \/>\n<meta property=\"og:type\" content=\"article\" \/>\n<meta property=\"og:title\" content=\"Nappage a froid | Eurocas.com\" \/>\n<meta property=\"og:description\" content=\"Nappage a froid. Eurocas.com.\" \/>\n<meta property=\"og:url\" content=\"https:\/\/eurocas.com\/fr\/produit\/glacages-a-froid\/\" \/>\n<meta property=\"og:site_name\" content=\"Eurocas.com\" \/>\n<meta property=\"article:modified_time\" content=\"2022-06-24T12:06:18+00:00\" \/>\n<meta property=\"og:image\" content=\"https:\/\/eurocas.com\/wp-content\/uploads\/2019\/01\/Cold-Glazes-1.jpg\" \/>\n\t<meta property=\"og:image:width\" content=\"950\" \/>\n\t<meta property=\"og:image:height\" content=\"695\" \/>\n\t<meta property=\"og:image:type\" content=\"image\/jpeg\" \/>\n<meta name=\"twitter:card\" content=\"summary_large_image\" \/>\n<script type=\"application\/ld+json\" class=\"yoast-schema-graph\">{\"@context\":\"https:\/\/schema.org\",\"@graph\":[{\"@type\":\"WebPage\",\"@id\":\"https:\/\/eurocas.com\/fr\/produit\/glacages-a-froid\/\",\"url\":\"https:\/\/eurocas.com\/fr\/produit\/glacages-a-froid\/\",\"name\":\"Nappage a froid | Eurocas.com\",\"isPartOf\":{\"@id\":\"https:\/\/eurocas.com\/#website\"},\"primaryImageOfPage\":{\"@id\":\"https:\/\/eurocas.com\/fr\/produit\/glacages-a-froid\/#primaryimage\"},\"image\":{\"@id\":\"https:\/\/eurocas.com\/fr\/produit\/glacages-a-froid\/#primaryimage\"},\"thumbnailUrl\":\"https:\/\/eurocas.com\/wp-content\/uploads\/2019\/01\/Cold-Glazes-1.jpg\",\"datePublished\":\"2019-01-26T21:00:00+00:00\",\"dateModified\":\"2022-06-24T12:06:18+00:00\",\"description\":\"Nappage a froid. Eurocas.com.\",\"breadcrumb\":{\"@id\":\"https:\/\/eurocas.com\/fr\/produit\/glacages-a-froid\/#breadcrumb\"},\"inLanguage\":\"fr-FR\",\"potentialAction\":[{\"@type\":\"ReadAction\",\"target\":[\"https:\/\/eurocas.com\/fr\/produit\/glacages-a-froid\/\"]}]},{\"@type\":\"ImageObject\",\"inLanguage\":\"fr-FR\",\"@id\":\"https:\/\/eurocas.com\/fr\/produit\/glacages-a-froid\/#primaryimage\",\"url\":\"https:\/\/eurocas.com\/wp-content\/uploads\/2019\/01\/Cold-Glazes-1.jpg\",\"contentUrl\":\"https:\/\/eurocas.com\/wp-content\/uploads\/2019\/01\/Cold-Glazes-1.jpg\",\"width\":950,\"height\":695,\"caption\":\"Cold Glazes\"},{\"@type\":\"BreadcrumbList\",\"@id\":\"https:\/\/eurocas.com\/fr\/produit\/glacages-a-froid\/#breadcrumb\",\"itemListElement\":[{\"@type\":\"ListItem\",\"position\":1,\"name\":\"Home\",\"item\":\"https:\/\/eurocas.com\/fr\/\"},{\"@type\":\"ListItem\",\"position\":2,\"name\":\"Products\",\"item\":\"https:\/\/eurocas.com\/shop\/\"},{\"@type\":\"ListItem\",\"position\":3,\"name\":\"Nappage a froid\"}]},{\"@type\":\"WebSite\",\"@id\":\"https:\/\/eurocas.com\/#website\",\"url\":\"https:\/\/eurocas.com\/\",\"name\":\"Eurocas.com\",\"description\":\"Eurocas.com\",\"publisher\":{\"@id\":\"https:\/\/eurocas.com\/#organization\"},\"potentialAction\":[{\"@type\":\"SearchAction\",\"target\":{\"@type\":\"EntryPoint\",\"urlTemplate\":\"https:\/\/eurocas.com\/?s={search_term_string}\"},\"query-input\":\"required name=search_term_string\"}],\"inLanguage\":\"fr-FR\"},{\"@type\":\"Organization\",\"@id\":\"https:\/\/eurocas.com\/#organization\",\"name\":\"Eurocas International\",\"url\":\"https:\/\/eurocas.com\/\",\"logo\":{\"@type\":\"ImageObject\",\"inLanguage\":\"fr-FR\",\"@id\":\"https:\/\/eurocas.com\/#\/schema\/logo\/image\/\",\"url\":\"https:\/\/eurocas.com\/wp-content\/uploads\/2021\/09\/logo.png\",\"contentUrl\":\"https:\/\/eurocas.com\/wp-content\/uploads\/2021\/09\/logo.png\",\"width\":1954,\"height\":599,\"caption\":\"Eurocas International\"},\"image\":{\"@id\":\"https:\/\/eurocas.com\/#\/schema\/logo\/image\/\"}}]}<\/script>\n<!-- \/ Yoast SEO plugin. -->","yoast_head_json":{"title":"Nappage a froid | Eurocas.com","description":"Nappage a froid. Eurocas.com.","robots":{"index":"index","follow":"follow","max-snippet":"max-snippet:-1","max-image-preview":"max-image-preview:large","max-video-preview":"max-video-preview:-1"},"canonical":"https:\/\/eurocas.com\/fr\/produit\/glacages-a-froid\/","og_locale":"fr_FR","og_type":"article","og_title":"Nappage a froid | Eurocas.com","og_description":"Nappage a froid. Eurocas.com.","og_url":"https:\/\/eurocas.com\/fr\/produit\/glacages-a-froid\/","og_site_name":"Eurocas.com","article_modified_time":"2022-06-24T12:06:18+00:00","og_image":[{"width":950,"height":695,"url":"https:\/\/eurocas.com\/wp-content\/uploads\/2019\/01\/Cold-Glazes-1.jpg","type":"image\/jpeg"}],"twitter_card":"summary_large_image","schema":{"@context":"https:\/\/schema.org","@graph":[{"@type":"WebPage","@id":"https:\/\/eurocas.com\/fr\/produit\/glacages-a-froid\/","url":"https:\/\/eurocas.com\/fr\/produit\/glacages-a-froid\/","name":"Nappage a froid | Eurocas.com","isPartOf":{"@id":"https:\/\/eurocas.com\/#website"},"primaryImageOfPage":{"@id":"https:\/\/eurocas.com\/fr\/produit\/glacages-a-froid\/#primaryimage"},"image":{"@id":"https:\/\/eurocas.com\/fr\/produit\/glacages-a-froid\/#primaryimage"},"thumbnailUrl":"https:\/\/eurocas.com\/wp-content\/uploads\/2019\/01\/Cold-Glazes-1.jpg","datePublished":"2019-01-26T21:00:00+00:00","dateModified":"2022-06-24T12:06:18+00:00","description":"Nappage a froid. Eurocas.com.","breadcrumb":{"@id":"https:\/\/eurocas.com\/fr\/produit\/glacages-a-froid\/#breadcrumb"},"inLanguage":"fr-FR","potentialAction":[{"@type":"ReadAction","target":["https:\/\/eurocas.com\/fr\/produit\/glacages-a-froid\/"]}]},{"@type":"ImageObject","inLanguage":"fr-FR","@id":"https:\/\/eurocas.com\/fr\/produit\/glacages-a-froid\/#primaryimage","url":"https:\/\/eurocas.com\/wp-content\/uploads\/2019\/01\/Cold-Glazes-1.jpg","contentUrl":"https:\/\/eurocas.com\/wp-content\/uploads\/2019\/01\/Cold-Glazes-1.jpg","width":950,"height":695,"caption":"Cold Glazes"},{"@type":"BreadcrumbList","@id":"https:\/\/eurocas.com\/fr\/produit\/glacages-a-froid\/#breadcrumb","itemListElement":[{"@type":"ListItem","position":1,"name":"Home","item":"https:\/\/eurocas.com\/fr\/"},{"@type":"ListItem","position":2,"name":"Products","item":"https:\/\/eurocas.com\/shop\/"},{"@type":"ListItem","position":3,"name":"Nappage a froid"}]},{"@type":"WebSite","@id":"https:\/\/eurocas.com\/#website","url":"https:\/\/eurocas.com\/","name":"Eurocas.com","description":"Eurocas.com","publisher":{"@id":"https:\/\/eurocas.com\/#organization"},"potentialAction":[{"@type":"SearchAction","target":{"@type":"EntryPoint","urlTemplate":"https:\/\/eurocas.com\/?s={search_term_string}"},"query-input":"required name=search_term_string"}],"inLanguage":"fr-FR"},{"@type":"Organization","@id":"https:\/\/eurocas.com\/#organization","name":"Eurocas International","url":"https:\/\/eurocas.com\/","logo":{"@type":"ImageObject","inLanguage":"fr-FR","@id":"https:\/\/eurocas.com\/#\/schema\/logo\/image\/","url":"https:\/\/eurocas.com\/wp-content\/uploads\/2021\/09\/logo.png","contentUrl":"https:\/\/eurocas.com\/wp-content\/uploads\/2021\/09\/logo.png","width":1954,"height":599,"caption":"Eurocas International"},"image":{"@id":"https:\/\/eurocas.com\/#\/schema\/logo\/image\/"}}]}},"_links":{"self":[{"href":"https:\/\/eurocas.com\/fr\/wp-json\/wp\/v2\/product\/2502"}],"collection":[{"href":"https:\/\/eurocas.com\/fr\/wp-json\/wp\/v2\/product"}],"about":[{"href":"https:\/\/eurocas.com\/fr\/wp-json\/wp\/v2\/types\/product"}],"wp:featuredmedia":[{"embeddable":true,"href":"https:\/\/eurocas.com\/fr\/wp-json\/wp\/v2\/media\/2636"}],"wp:attachment":[{"href":"https:\/\/eurocas.com\/fr\/wp-json\/wp\/v2\/media?parent=2502"}],"wp:term":[{"taxonomy":"product_cat","embeddable":true,"href":"https:\/\/eurocas.com\/fr\/wp-json\/wp\/v2\/product_cat?post=2502"},{"taxonomy":"product_tag","embeddable":true,"href":"https:\/\/eurocas.com\/fr\/wp-json\/wp\/v2\/product_tag?post=2502"}],"curies":[{"name":"wp","href":"https:\/\/api.w.org\/{rel}","templated":true}]}}