{"id":2500,"date":"2019-01-27T00:00:00","date_gmt":"2019-01-26T22:00:00","guid":{"rendered":"https:\/\/eurocas.com\/product\/hazel-4\/"},"modified":"2022-04-06T13:50:45","modified_gmt":"2022-04-06T11:50:45","slug":"hazel-4","status":"publish","type":"product","link":"https:\/\/eurocas.com\/fr\/produit\/hazel-4\/","title":{"rendered":"Hazel"},"content":{"rendered":"<p>Ready to use creams<\/p>\n<p>Hazel fait partie de notre gamme de fourrage chocolat premium.<\/p>\n<ul>\n<li>CONTIENT 14% DE NOISETTES<\/li>\n<li>PEUT \u00caTRE UTILIS\u00c9 COMME GLA\u00c7AGE<\/li>\n<li>QUALITE PREMIUM A UN PRIX RAISONNABLE<\/li>\n<\/ul>\n<p>Hazel est une p\u00e2te \u00e0 tartiner comme le Nutella, mais avec des ingr\u00e9dients un peu meilleurs et un prix vraiment meilleur. C\u2019est un produit multi usage qui peut \u00eatre utilis\u00e9 pour n&rsquo;importe quelle confection.<\/p>\n<p>Hazel fait partie de notre gamme de fourrage chocolat premium, et nous l\u2019avons con\u00e7ue avec un objectif: qualit\u00e9 premium \u00e0 un prix raisonnable.<\/p>\n","protected":false},"excerpt":{"rendered":"<p>Hazel fait partie de notre gamme de fourrage chocolat premium.<\/p>\n<ul>\n<li>CONTIENT 14% DE NOISETTES<\/li>\n<li>PEUT \u00caTRE UTILIS\u00c9 COMME GLA\u00c7AGE<\/li>\n<li>QUALITE PREMIUM A UN PRIX RAISONNABLE<\/li>\n<\/ul>\n<p>Hazel est une p\u00e2te \u00e0 tartiner comme le Nutella, mais avec des ingr\u00e9dients un peu meilleurs et un prix vraiment meilleur. C\u2019est un produit multi usage qui peut \u00eatre utilis\u00e9 pour n&rsquo;importe quelle confection.<\/p>\n<p>Hazel fait partie de notre gamme de fourrage chocolat premium, et nous l\u2019avons con\u00e7ue avec un objectif: qualit\u00e9 premium \u00e0 un prix raisonnable.<\/p>\n","protected":false},"featured_media":4194,"template":"","meta":[],"product_cat":[61],"product_tag":[],"yoast_head":"<!-- This site is optimized with the Yoast SEO plugin v22.8 - https:\/\/yoast.com\/wordpress\/plugins\/seo\/ -->\n<title>Hazel | Eurocas.com<\/title>\n<meta name=\"description\" content=\"Hazel. Eurocas.com.\" \/>\n<meta name=\"robots\" content=\"index, follow, max-snippet:-1, max-image-preview:large, max-video-preview:-1\" \/>\n<link rel=\"canonical\" href=\"https:\/\/eurocas.com\/fr\/produit\/hazel-4\/\" \/>\n<meta property=\"og:locale\" content=\"fr_FR\" \/>\n<meta property=\"og:type\" content=\"article\" \/>\n<meta property=\"og:title\" content=\"Hazel | Eurocas.com\" \/>\n<meta property=\"og:description\" content=\"Hazel. Eurocas.com.\" \/>\n<meta property=\"og:url\" content=\"https:\/\/eurocas.com\/fr\/produit\/hazel-4\/\" \/>\n<meta property=\"og:site_name\" content=\"Eurocas.com\" \/>\n<meta property=\"article:modified_time\" content=\"2022-04-06T11:50:45+00:00\" \/>\n<meta property=\"og:image\" content=\"https:\/\/eurocas.com\/wp-content\/uploads\/2022\/03\/Hazel-1-6.jpg\" \/>\n\t<meta property=\"og:image:width\" content=\"950\" \/>\n\t<meta property=\"og:image:height\" content=\"695\" \/>\n\t<meta property=\"og:image:type\" content=\"image\/jpeg\" \/>\n<meta name=\"twitter:card\" content=\"summary_large_image\" \/>\n<script type=\"application\/ld+json\" class=\"yoast-schema-graph\">{\"@context\":\"https:\/\/schema.org\",\"@graph\":[{\"@type\":\"WebPage\",\"@id\":\"https:\/\/eurocas.com\/fr\/produit\/hazel-4\/\",\"url\":\"https:\/\/eurocas.com\/fr\/produit\/hazel-4\/\",\"name\":\"Hazel | Eurocas.com\",\"isPartOf\":{\"@id\":\"https:\/\/eurocas.com\/#website\"},\"primaryImageOfPage\":{\"@id\":\"https:\/\/eurocas.com\/fr\/produit\/hazel-4\/#primaryimage\"},\"image\":{\"@id\":\"https:\/\/eurocas.com\/fr\/produit\/hazel-4\/#primaryimage\"},\"thumbnailUrl\":\"https:\/\/eurocas.com\/wp-content\/uploads\/2022\/03\/Hazel-1-6.jpg\",\"datePublished\":\"2019-01-26T22:00:00+00:00\",\"dateModified\":\"2022-04-06T11:50:45+00:00\",\"description\":\"Hazel. Eurocas.com.\",\"breadcrumb\":{\"@id\":\"https:\/\/eurocas.com\/fr\/produit\/hazel-4\/#breadcrumb\"},\"inLanguage\":\"fr-FR\",\"potentialAction\":[{\"@type\":\"ReadAction\",\"target\":[\"https:\/\/eurocas.com\/fr\/produit\/hazel-4\/\"]}]},{\"@type\":\"ImageObject\",\"inLanguage\":\"fr-FR\",\"@id\":\"https:\/\/eurocas.com\/fr\/produit\/hazel-4\/#primaryimage\",\"url\":\"https:\/\/eurocas.com\/wp-content\/uploads\/2022\/03\/Hazel-1-6.jpg\",\"contentUrl\":\"https:\/\/eurocas.com\/wp-content\/uploads\/2022\/03\/Hazel-1-6.jpg\",\"width\":950,\"height\":695,\"caption\":\"Hazel chocolate filling jar\"},{\"@type\":\"BreadcrumbList\",\"@id\":\"https:\/\/eurocas.com\/fr\/produit\/hazel-4\/#breadcrumb\",\"itemListElement\":[{\"@type\":\"ListItem\",\"position\":1,\"name\":\"Home\",\"item\":\"https:\/\/eurocas.com\/fr\/\"},{\"@type\":\"ListItem\",\"position\":2,\"name\":\"Products\",\"item\":\"https:\/\/eurocas.com\/shop\/\"},{\"@type\":\"ListItem\",\"position\":3,\"name\":\"Hazel\"}]},{\"@type\":\"WebSite\",\"@id\":\"https:\/\/eurocas.com\/#website\",\"url\":\"https:\/\/eurocas.com\/\",\"name\":\"Eurocas.com\",\"description\":\"Eurocas.com\",\"publisher\":{\"@id\":\"https:\/\/eurocas.com\/#organization\"},\"potentialAction\":[{\"@type\":\"SearchAction\",\"target\":{\"@type\":\"EntryPoint\",\"urlTemplate\":\"https:\/\/eurocas.com\/?s={search_term_string}\"},\"query-input\":\"required name=search_term_string\"}],\"inLanguage\":\"fr-FR\"},{\"@type\":\"Organization\",\"@id\":\"https:\/\/eurocas.com\/#organization\",\"name\":\"Eurocas International\",\"url\":\"https:\/\/eurocas.com\/\",\"logo\":{\"@type\":\"ImageObject\",\"inLanguage\":\"fr-FR\",\"@id\":\"https:\/\/eurocas.com\/#\/schema\/logo\/image\/\",\"url\":\"https:\/\/eurocas.com\/wp-content\/uploads\/2021\/09\/logo.png\",\"contentUrl\":\"https:\/\/eurocas.com\/wp-content\/uploads\/2021\/09\/logo.png\",\"width\":1954,\"height\":599,\"caption\":\"Eurocas International\"},\"image\":{\"@id\":\"https:\/\/eurocas.com\/#\/schema\/logo\/image\/\"}}]}<\/script>\n<!-- \/ Yoast SEO plugin. -->","yoast_head_json":{"title":"Hazel | Eurocas.com","description":"Hazel. Eurocas.com.","robots":{"index":"index","follow":"follow","max-snippet":"max-snippet:-1","max-image-preview":"max-image-preview:large","max-video-preview":"max-video-preview:-1"},"canonical":"https:\/\/eurocas.com\/fr\/produit\/hazel-4\/","og_locale":"fr_FR","og_type":"article","og_title":"Hazel | Eurocas.com","og_description":"Hazel. Eurocas.com.","og_url":"https:\/\/eurocas.com\/fr\/produit\/hazel-4\/","og_site_name":"Eurocas.com","article_modified_time":"2022-04-06T11:50:45+00:00","og_image":[{"width":950,"height":695,"url":"https:\/\/eurocas.com\/wp-content\/uploads\/2022\/03\/Hazel-1-6.jpg","type":"image\/jpeg"}],"twitter_card":"summary_large_image","schema":{"@context":"https:\/\/schema.org","@graph":[{"@type":"WebPage","@id":"https:\/\/eurocas.com\/fr\/produit\/hazel-4\/","url":"https:\/\/eurocas.com\/fr\/produit\/hazel-4\/","name":"Hazel | Eurocas.com","isPartOf":{"@id":"https:\/\/eurocas.com\/#website"},"primaryImageOfPage":{"@id":"https:\/\/eurocas.com\/fr\/produit\/hazel-4\/#primaryimage"},"image":{"@id":"https:\/\/eurocas.com\/fr\/produit\/hazel-4\/#primaryimage"},"thumbnailUrl":"https:\/\/eurocas.com\/wp-content\/uploads\/2022\/03\/Hazel-1-6.jpg","datePublished":"2019-01-26T22:00:00+00:00","dateModified":"2022-04-06T11:50:45+00:00","description":"Hazel. Eurocas.com.","breadcrumb":{"@id":"https:\/\/eurocas.com\/fr\/produit\/hazel-4\/#breadcrumb"},"inLanguage":"fr-FR","potentialAction":[{"@type":"ReadAction","target":["https:\/\/eurocas.com\/fr\/produit\/hazel-4\/"]}]},{"@type":"ImageObject","inLanguage":"fr-FR","@id":"https:\/\/eurocas.com\/fr\/produit\/hazel-4\/#primaryimage","url":"https:\/\/eurocas.com\/wp-content\/uploads\/2022\/03\/Hazel-1-6.jpg","contentUrl":"https:\/\/eurocas.com\/wp-content\/uploads\/2022\/03\/Hazel-1-6.jpg","width":950,"height":695,"caption":"Hazel chocolate filling jar"},{"@type":"BreadcrumbList","@id":"https:\/\/eurocas.com\/fr\/produit\/hazel-4\/#breadcrumb","itemListElement":[{"@type":"ListItem","position":1,"name":"Home","item":"https:\/\/eurocas.com\/fr\/"},{"@type":"ListItem","position":2,"name":"Products","item":"https:\/\/eurocas.com\/shop\/"},{"@type":"ListItem","position":3,"name":"Hazel"}]},{"@type":"WebSite","@id":"https:\/\/eurocas.com\/#website","url":"https:\/\/eurocas.com\/","name":"Eurocas.com","description":"Eurocas.com","publisher":{"@id":"https:\/\/eurocas.com\/#organization"},"potentialAction":[{"@type":"SearchAction","target":{"@type":"EntryPoint","urlTemplate":"https:\/\/eurocas.com\/?s={search_term_string}"},"query-input":"required name=search_term_string"}],"inLanguage":"fr-FR"},{"@type":"Organization","@id":"https:\/\/eurocas.com\/#organization","name":"Eurocas International","url":"https:\/\/eurocas.com\/","logo":{"@type":"ImageObject","inLanguage":"fr-FR","@id":"https:\/\/eurocas.com\/#\/schema\/logo\/image\/","url":"https:\/\/eurocas.com\/wp-content\/uploads\/2021\/09\/logo.png","contentUrl":"https:\/\/eurocas.com\/wp-content\/uploads\/2021\/09\/logo.png","width":1954,"height":599,"caption":"Eurocas International"},"image":{"@id":"https:\/\/eurocas.com\/#\/schema\/logo\/image\/"}}]}},"_links":{"self":[{"href":"https:\/\/eurocas.com\/fr\/wp-json\/wp\/v2\/product\/2500"}],"collection":[{"href":"https:\/\/eurocas.com\/fr\/wp-json\/wp\/v2\/product"}],"about":[{"href":"https:\/\/eurocas.com\/fr\/wp-json\/wp\/v2\/types\/product"}],"wp:featuredmedia":[{"embeddable":true,"href":"https:\/\/eurocas.com\/fr\/wp-json\/wp\/v2\/media\/4194"}],"wp:attachment":[{"href":"https:\/\/eurocas.com\/fr\/wp-json\/wp\/v2\/media?parent=2500"}],"wp:term":[{"taxonomy":"product_cat","embeddable":true,"href":"https:\/\/eurocas.com\/fr\/wp-json\/wp\/v2\/product_cat?post=2500"},{"taxonomy":"product_tag","embeddable":true,"href":"https:\/\/eurocas.com\/fr\/wp-json\/wp\/v2\/product_tag?post=2500"}],"curies":[{"name":"wp","href":"https:\/\/api.w.org\/{rel}","templated":true}]}}