{"id":2496,"date":"2019-01-27T00:00:00","date_gmt":"2019-01-26T22:00:00","guid":{"rendered":"https:\/\/eurocas.com\/product\/avellana-fornada-4\/"},"modified":"2022-12-21T15:24:25","modified_gmt":"2022-12-21T12:24:25","slug":"dolce-avellana","status":"publish","type":"product","link":"https:\/\/eurocas.com\/fr\/produit\/dolce-avellana\/","title":{"rendered":"Dolce Avellana"},"content":{"rendered":"<p>Ready to use creams<\/p>\n<p>Avellana &amp; Fornada est nos p\u00e2tes \u00e0 tartiner soeurs aux noisettes.<\/p>\n<ul>\n<li>POUR CUIRE OU TARTINER<\/li>\n<li>FORT GOUT DE NOISETTES<\/li>\n<li>EXCELLENT RAPPORT QUALITE-PRIX<\/li>\n<\/ul>\n<p>Avellana &amp; Fornada contiennent 4% de noisettes. Elles sont presque identiques, avec juste une diff\u00e9rence significative de structure en rapport avec leurs usages diff\u00e9rents.<\/p>\n<p>Avellana est une cr\u00e8me noisette faite pour tartiner, par exemple sur des cr\u00eapes, ou pour \u00eatre inject\u00e9e dans des produits finis. Fornada de son c\u00f4t\u00e9 est stable \u00e0 la cuisson, et donc parfaite pour toute sortes de produits \u00e0 cuire.<\/p>\n","protected":false},"excerpt":{"rendered":"<p>Dolce Avellana est notre p\u00e2te \u00e0 tartiner aux noisettes.<\/p>\n<ul>\n<li>Tr\u00e8s facile \u00e0 tartiner<\/li>\n<li>Super go\u00fbt de noisette<\/li>\n<li>Excellent rapport qualit\u00e9\/prix<\/li>\n<\/ul>\n<p>Dolce Avellana est une cr\u00e8me de noisette \u00e0 tartiner, par exemple sur des cr\u00eapes, ou \u00e0 injecter dans des produits finis. Il contient 6% de noisettes.<\/p>\n<p>Avellana est une cr\u00e8me noisette faite pour tartiner, par exemple sur des cr\u00eapes, ou pour \u00eatre inject\u00e9e dans des produits finis. Fornada de son c\u00f4t\u00e9 est stable \u00e0 la cuisson, et donc parfaite pour toute sortes de produits \u00e0 cuire.<\/p>\n","protected":false},"featured_media":3234,"template":"","meta":[],"product_cat":[61],"product_tag":[],"yoast_head":"<!-- This site is optimized with the Yoast SEO plugin v22.8 - https:\/\/yoast.com\/wordpress\/plugins\/seo\/ -->\n<title>Dolce Avellana - hazelnut cream | Eurocas.com<\/title>\n<meta name=\"description\" content=\"Dolce Avellana. Eurocas.com.\" \/>\n<meta name=\"robots\" content=\"index, follow, max-snippet:-1, max-image-preview:large, max-video-preview:-1\" \/>\n<link rel=\"canonical\" href=\"https:\/\/eurocas.com\/fr\/produit\/dolce-avellana\/\" \/>\n<meta property=\"og:locale\" content=\"fr_FR\" \/>\n<meta property=\"og:type\" content=\"article\" \/>\n<meta property=\"og:title\" content=\"Dolce Avellana - hazelnut cream | Eurocas.com\" \/>\n<meta property=\"og:description\" content=\"Dolce Avellana. Eurocas.com.\" \/>\n<meta property=\"og:url\" content=\"https:\/\/eurocas.com\/fr\/produit\/dolce-avellana\/\" \/>\n<meta property=\"og:site_name\" content=\"Eurocas.com\" \/>\n<meta property=\"article:modified_time\" content=\"2022-12-21T12:24:25+00:00\" \/>\n<meta property=\"og:image\" content=\"https:\/\/eurocas.com\/wp-content\/uploads\/2022\/07\/dolce-avellana.png\" \/>\n\t<meta property=\"og:image:width\" content=\"800\" \/>\n\t<meta property=\"og:image:height\" content=\"460\" \/>\n\t<meta property=\"og:image:type\" content=\"image\/png\" \/>\n<meta name=\"twitter:card\" content=\"summary_large_image\" \/>\n<script type=\"application\/ld+json\" class=\"yoast-schema-graph\">{\"@context\":\"https:\/\/schema.org\",\"@graph\":[{\"@type\":\"WebPage\",\"@id\":\"https:\/\/eurocas.com\/fr\/produit\/dolce-avellana\/\",\"url\":\"https:\/\/eurocas.com\/fr\/produit\/dolce-avellana\/\",\"name\":\"Dolce Avellana - hazelnut cream | Eurocas.com\",\"isPartOf\":{\"@id\":\"https:\/\/eurocas.com\/#website\"},\"primaryImageOfPage\":{\"@id\":\"https:\/\/eurocas.com\/fr\/produit\/dolce-avellana\/#primaryimage\"},\"image\":{\"@id\":\"https:\/\/eurocas.com\/fr\/produit\/dolce-avellana\/#primaryimage\"},\"thumbnailUrl\":\"https:\/\/eurocas.com\/wp-content\/uploads\/2022\/07\/dolce-avellana.png\",\"datePublished\":\"2019-01-26T22:00:00+00:00\",\"dateModified\":\"2022-12-21T12:24:25+00:00\",\"description\":\"Dolce Avellana. Eurocas.com.\",\"breadcrumb\":{\"@id\":\"https:\/\/eurocas.com\/fr\/produit\/dolce-avellana\/#breadcrumb\"},\"inLanguage\":\"fr-FR\",\"potentialAction\":[{\"@type\":\"ReadAction\",\"target\":[\"https:\/\/eurocas.com\/fr\/produit\/dolce-avellana\/\"]}]},{\"@type\":\"ImageObject\",\"inLanguage\":\"fr-FR\",\"@id\":\"https:\/\/eurocas.com\/fr\/produit\/dolce-avellana\/#primaryimage\",\"url\":\"https:\/\/eurocas.com\/wp-content\/uploads\/2022\/07\/dolce-avellana.png\",\"contentUrl\":\"https:\/\/eurocas.com\/wp-content\/uploads\/2022\/07\/dolce-avellana.png\",\"width\":800,\"height\":460,\"caption\":\"Dolce Avellana hazelnut spread jar\"},{\"@type\":\"BreadcrumbList\",\"@id\":\"https:\/\/eurocas.com\/fr\/produit\/dolce-avellana\/#breadcrumb\",\"itemListElement\":[{\"@type\":\"ListItem\",\"position\":1,\"name\":\"Home\",\"item\":\"https:\/\/eurocas.com\/fr\/\"},{\"@type\":\"ListItem\",\"position\":2,\"name\":\"Products\",\"item\":\"https:\/\/eurocas.com\/shop\/\"},{\"@type\":\"ListItem\",\"position\":3,\"name\":\"Dolce Avellana\"}]},{\"@type\":\"WebSite\",\"@id\":\"https:\/\/eurocas.com\/#website\",\"url\":\"https:\/\/eurocas.com\/\",\"name\":\"Eurocas.com\",\"description\":\"Eurocas.com\",\"publisher\":{\"@id\":\"https:\/\/eurocas.com\/#organization\"},\"potentialAction\":[{\"@type\":\"SearchAction\",\"target\":{\"@type\":\"EntryPoint\",\"urlTemplate\":\"https:\/\/eurocas.com\/?s={search_term_string}\"},\"query-input\":\"required name=search_term_string\"}],\"inLanguage\":\"fr-FR\"},{\"@type\":\"Organization\",\"@id\":\"https:\/\/eurocas.com\/#organization\",\"name\":\"Eurocas International\",\"url\":\"https:\/\/eurocas.com\/\",\"logo\":{\"@type\":\"ImageObject\",\"inLanguage\":\"fr-FR\",\"@id\":\"https:\/\/eurocas.com\/#\/schema\/logo\/image\/\",\"url\":\"https:\/\/eurocas.com\/wp-content\/uploads\/2021\/09\/logo.png\",\"contentUrl\":\"https:\/\/eurocas.com\/wp-content\/uploads\/2021\/09\/logo.png\",\"width\":1954,\"height\":599,\"caption\":\"Eurocas International\"},\"image\":{\"@id\":\"https:\/\/eurocas.com\/#\/schema\/logo\/image\/\"}}]}<\/script>\n<!-- \/ Yoast SEO plugin. -->","yoast_head_json":{"title":"Dolce Avellana - hazelnut cream | Eurocas.com","description":"Dolce Avellana. Eurocas.com.","robots":{"index":"index","follow":"follow","max-snippet":"max-snippet:-1","max-image-preview":"max-image-preview:large","max-video-preview":"max-video-preview:-1"},"canonical":"https:\/\/eurocas.com\/fr\/produit\/dolce-avellana\/","og_locale":"fr_FR","og_type":"article","og_title":"Dolce Avellana - hazelnut cream | Eurocas.com","og_description":"Dolce Avellana. Eurocas.com.","og_url":"https:\/\/eurocas.com\/fr\/produit\/dolce-avellana\/","og_site_name":"Eurocas.com","article_modified_time":"2022-12-21T12:24:25+00:00","og_image":[{"width":800,"height":460,"url":"https:\/\/eurocas.com\/wp-content\/uploads\/2022\/07\/dolce-avellana.png","type":"image\/png"}],"twitter_card":"summary_large_image","schema":{"@context":"https:\/\/schema.org","@graph":[{"@type":"WebPage","@id":"https:\/\/eurocas.com\/fr\/produit\/dolce-avellana\/","url":"https:\/\/eurocas.com\/fr\/produit\/dolce-avellana\/","name":"Dolce Avellana - hazelnut cream | Eurocas.com","isPartOf":{"@id":"https:\/\/eurocas.com\/#website"},"primaryImageOfPage":{"@id":"https:\/\/eurocas.com\/fr\/produit\/dolce-avellana\/#primaryimage"},"image":{"@id":"https:\/\/eurocas.com\/fr\/produit\/dolce-avellana\/#primaryimage"},"thumbnailUrl":"https:\/\/eurocas.com\/wp-content\/uploads\/2022\/07\/dolce-avellana.png","datePublished":"2019-01-26T22:00:00+00:00","dateModified":"2022-12-21T12:24:25+00:00","description":"Dolce Avellana. Eurocas.com.","breadcrumb":{"@id":"https:\/\/eurocas.com\/fr\/produit\/dolce-avellana\/#breadcrumb"},"inLanguage":"fr-FR","potentialAction":[{"@type":"ReadAction","target":["https:\/\/eurocas.com\/fr\/produit\/dolce-avellana\/"]}]},{"@type":"ImageObject","inLanguage":"fr-FR","@id":"https:\/\/eurocas.com\/fr\/produit\/dolce-avellana\/#primaryimage","url":"https:\/\/eurocas.com\/wp-content\/uploads\/2022\/07\/dolce-avellana.png","contentUrl":"https:\/\/eurocas.com\/wp-content\/uploads\/2022\/07\/dolce-avellana.png","width":800,"height":460,"caption":"Dolce Avellana hazelnut spread jar"},{"@type":"BreadcrumbList","@id":"https:\/\/eurocas.com\/fr\/produit\/dolce-avellana\/#breadcrumb","itemListElement":[{"@type":"ListItem","position":1,"name":"Home","item":"https:\/\/eurocas.com\/fr\/"},{"@type":"ListItem","position":2,"name":"Products","item":"https:\/\/eurocas.com\/shop\/"},{"@type":"ListItem","position":3,"name":"Dolce Avellana"}]},{"@type":"WebSite","@id":"https:\/\/eurocas.com\/#website","url":"https:\/\/eurocas.com\/","name":"Eurocas.com","description":"Eurocas.com","publisher":{"@id":"https:\/\/eurocas.com\/#organization"},"potentialAction":[{"@type":"SearchAction","target":{"@type":"EntryPoint","urlTemplate":"https:\/\/eurocas.com\/?s={search_term_string}"},"query-input":"required name=search_term_string"}],"inLanguage":"fr-FR"},{"@type":"Organization","@id":"https:\/\/eurocas.com\/#organization","name":"Eurocas International","url":"https:\/\/eurocas.com\/","logo":{"@type":"ImageObject","inLanguage":"fr-FR","@id":"https:\/\/eurocas.com\/#\/schema\/logo\/image\/","url":"https:\/\/eurocas.com\/wp-content\/uploads\/2021\/09\/logo.png","contentUrl":"https:\/\/eurocas.com\/wp-content\/uploads\/2021\/09\/logo.png","width":1954,"height":599,"caption":"Eurocas International"},"image":{"@id":"https:\/\/eurocas.com\/#\/schema\/logo\/image\/"}}]}},"_links":{"self":[{"href":"https:\/\/eurocas.com\/fr\/wp-json\/wp\/v2\/product\/2496"}],"collection":[{"href":"https:\/\/eurocas.com\/fr\/wp-json\/wp\/v2\/product"}],"about":[{"href":"https:\/\/eurocas.com\/fr\/wp-json\/wp\/v2\/types\/product"}],"wp:featuredmedia":[{"embeddable":true,"href":"https:\/\/eurocas.com\/fr\/wp-json\/wp\/v2\/media\/3234"}],"wp:attachment":[{"href":"https:\/\/eurocas.com\/fr\/wp-json\/wp\/v2\/media?parent=2496"}],"wp:term":[{"taxonomy":"product_cat","embeddable":true,"href":"https:\/\/eurocas.com\/fr\/wp-json\/wp\/v2\/product_cat?post=2496"},{"taxonomy":"product_tag","embeddable":true,"href":"https:\/\/eurocas.com\/fr\/wp-json\/wp\/v2\/product_tag?post=2496"}],"curies":[{"name":"wp","href":"https:\/\/api.w.org\/{rel}","templated":true}]}}