{"id":2494,"date":"2019-02-02T00:00:00","date_gmt":"2019-02-01T22:00:00","guid":{"rendered":"https:\/\/eurocas.com\/product\/couverture-de-chocolat\/"},"modified":"2022-06-24T14:59:39","modified_gmt":"2022-06-24T11:59:39","slug":"couverture-de-chocolat","status":"publish","type":"product","link":"https:\/\/eurocas.com\/fr\/produit\/couverture-de-chocolat\/","title":{"rendered":"Couverture de Chocolat"},"content":{"rendered":"<p>Ready to use creams<\/p>\n<p>Toutes les couvertures en chocolat les plus demand\u00e9es: couvertures en chocolat noir, au lait et blanc.<\/p>\n<ul>\n<li>PI\u00c8CE DE MONNAIE<\/li>\n<li>CONSISTANCE FLUIDE UNE FOIS FONDU<\/li>\n<li>CHOCOLAT NOIR, AU LAIT ET BLANC<\/li>\n<\/ul>\n<p>Nos couvertures en vrai chocolat se pr\u00e9sentent sous forme de pi\u00e8ces de monnaie, et sont aussi attractives par un prix attractif pour une grande production. Notre gamme de couvertures est compos\u00e9e de chocolat noir \u00e0 70%, de chocolat noir \u00e0 53% , de chocolat au lait et de chocolat blanc.<\/p>\n","protected":false},"excerpt":{"rendered":"<p>Toutes les couvertures en chocolat les plus demand\u00e9es: couvertures en chocolat noir, au lait et blanc.<\/p>\n<ul>\n<li>PI\u00c8CE DE MONNAIE<\/li>\n<li>CONSISTANCE FLUIDE UNE FOIS FONDU<\/li>\n<li>CHOCOLAT NOIR, AU LAIT ET BLANC<\/li>\n<\/ul>\n<p>Nos couvertures en vrai chocolat se pr\u00e9sentent sous forme de pi\u00e8ces de monnaie, et sont aussi attractives par un prix attractif pour une grande production. Notre gamme de couvertures est compos\u00e9e de chocolat noir \u00e0 70%, de chocolat noir \u00e0 53% , de chocolat au lait et de chocolat blanc.<\/p>\n","protected":false},"featured_media":3418,"template":"","meta":[],"product_cat":[58],"product_tag":[],"yoast_head":"<!-- This site is optimized with the Yoast SEO plugin v22.8 - https:\/\/yoast.com\/wordpress\/plugins\/seo\/ -->\n<title>Couverture de Chocolat<\/title>\n<meta name=\"description\" content=\"Couverture de Chocolat. Eurocas.com.\" \/>\n<meta name=\"robots\" content=\"index, follow, max-snippet:-1, max-image-preview:large, max-video-preview:-1\" \/>\n<link rel=\"canonical\" href=\"https:\/\/eurocas.com\/fr\/produit\/couverture-de-chocolat\/\" \/>\n<meta property=\"og:locale\" content=\"fr_FR\" \/>\n<meta property=\"og:type\" content=\"article\" \/>\n<meta property=\"og:title\" content=\"Couverture de Chocolat\" \/>\n<meta property=\"og:description\" content=\"Couverture de Chocolat. Eurocas.com.\" \/>\n<meta property=\"og:url\" content=\"https:\/\/eurocas.com\/fr\/produit\/couverture-de-chocolat\/\" \/>\n<meta property=\"og:site_name\" content=\"Eurocas.com\" \/>\n<meta property=\"article:modified_time\" content=\"2022-06-24T11:59:39+00:00\" \/>\n<meta property=\"og:image\" content=\"https:\/\/eurocas.com\/wp-content\/uploads\/2022\/03\/Real-Chocolate-Couvertures-1-12.jpg\" \/>\n\t<meta property=\"og:image:width\" content=\"950\" \/>\n\t<meta property=\"og:image:height\" content=\"695\" \/>\n\t<meta property=\"og:image:type\" content=\"image\/jpeg\" \/>\n<meta name=\"twitter:card\" content=\"summary_large_image\" \/>\n<script type=\"application\/ld+json\" class=\"yoast-schema-graph\">{\"@context\":\"https:\/\/schema.org\",\"@graph\":[{\"@type\":\"WebPage\",\"@id\":\"https:\/\/eurocas.com\/fr\/produit\/couverture-de-chocolat\/\",\"url\":\"https:\/\/eurocas.com\/fr\/produit\/couverture-de-chocolat\/\",\"name\":\"Couverture de Chocolat\",\"isPartOf\":{\"@id\":\"https:\/\/eurocas.com\/#website\"},\"primaryImageOfPage\":{\"@id\":\"https:\/\/eurocas.com\/fr\/produit\/couverture-de-chocolat\/#primaryimage\"},\"image\":{\"@id\":\"https:\/\/eurocas.com\/fr\/produit\/couverture-de-chocolat\/#primaryimage\"},\"thumbnailUrl\":\"https:\/\/eurocas.com\/wp-content\/uploads\/2022\/03\/Real-Chocolate-Couvertures-1-12.jpg\",\"datePublished\":\"2019-02-01T22:00:00+00:00\",\"dateModified\":\"2022-06-24T11:59:39+00:00\",\"description\":\"Couverture de Chocolat. Eurocas.com.\",\"breadcrumb\":{\"@id\":\"https:\/\/eurocas.com\/fr\/produit\/couverture-de-chocolat\/#breadcrumb\"},\"inLanguage\":\"fr-FR\",\"potentialAction\":[{\"@type\":\"ReadAction\",\"target\":[\"https:\/\/eurocas.com\/fr\/produit\/couverture-de-chocolat\/\"]}]},{\"@type\":\"ImageObject\",\"inLanguage\":\"fr-FR\",\"@id\":\"https:\/\/eurocas.com\/fr\/produit\/couverture-de-chocolat\/#primaryimage\",\"url\":\"https:\/\/eurocas.com\/wp-content\/uploads\/2022\/03\/Real-Chocolate-Couvertures-1-12.jpg\",\"contentUrl\":\"https:\/\/eurocas.com\/wp-content\/uploads\/2022\/03\/Real-Chocolate-Couvertures-1-12.jpg\",\"width\":950,\"height\":695,\"caption\":\"Real chocolate couverture for professional use \u2013 Eurocas\"},{\"@type\":\"BreadcrumbList\",\"@id\":\"https:\/\/eurocas.com\/fr\/produit\/couverture-de-chocolat\/#breadcrumb\",\"itemListElement\":[{\"@type\":\"ListItem\",\"position\":1,\"name\":\"Home\",\"item\":\"https:\/\/eurocas.com\/fr\/\"},{\"@type\":\"ListItem\",\"position\":2,\"name\":\"Products\",\"item\":\"https:\/\/eurocas.com\/shop\/\"},{\"@type\":\"ListItem\",\"position\":3,\"name\":\"Couverture de Chocolat\"}]},{\"@type\":\"WebSite\",\"@id\":\"https:\/\/eurocas.com\/#website\",\"url\":\"https:\/\/eurocas.com\/\",\"name\":\"Eurocas.com\",\"description\":\"Eurocas.com\",\"publisher\":{\"@id\":\"https:\/\/eurocas.com\/#organization\"},\"potentialAction\":[{\"@type\":\"SearchAction\",\"target\":{\"@type\":\"EntryPoint\",\"urlTemplate\":\"https:\/\/eurocas.com\/?s={search_term_string}\"},\"query-input\":\"required name=search_term_string\"}],\"inLanguage\":\"fr-FR\"},{\"@type\":\"Organization\",\"@id\":\"https:\/\/eurocas.com\/#organization\",\"name\":\"Eurocas International\",\"url\":\"https:\/\/eurocas.com\/\",\"logo\":{\"@type\":\"ImageObject\",\"inLanguage\":\"fr-FR\",\"@id\":\"https:\/\/eurocas.com\/#\/schema\/logo\/image\/\",\"url\":\"https:\/\/eurocas.com\/wp-content\/uploads\/2021\/09\/logo.png\",\"contentUrl\":\"https:\/\/eurocas.com\/wp-content\/uploads\/2021\/09\/logo.png\",\"width\":1954,\"height\":599,\"caption\":\"Eurocas International\"},\"image\":{\"@id\":\"https:\/\/eurocas.com\/#\/schema\/logo\/image\/\"}}]}<\/script>\n<!-- \/ Yoast SEO plugin. -->","yoast_head_json":{"title":"Couverture de Chocolat","description":"Couverture de Chocolat. Eurocas.com.","robots":{"index":"index","follow":"follow","max-snippet":"max-snippet:-1","max-image-preview":"max-image-preview:large","max-video-preview":"max-video-preview:-1"},"canonical":"https:\/\/eurocas.com\/fr\/produit\/couverture-de-chocolat\/","og_locale":"fr_FR","og_type":"article","og_title":"Couverture de Chocolat","og_description":"Couverture de Chocolat. Eurocas.com.","og_url":"https:\/\/eurocas.com\/fr\/produit\/couverture-de-chocolat\/","og_site_name":"Eurocas.com","article_modified_time":"2022-06-24T11:59:39+00:00","og_image":[{"width":950,"height":695,"url":"https:\/\/eurocas.com\/wp-content\/uploads\/2022\/03\/Real-Chocolate-Couvertures-1-12.jpg","type":"image\/jpeg"}],"twitter_card":"summary_large_image","schema":{"@context":"https:\/\/schema.org","@graph":[{"@type":"WebPage","@id":"https:\/\/eurocas.com\/fr\/produit\/couverture-de-chocolat\/","url":"https:\/\/eurocas.com\/fr\/produit\/couverture-de-chocolat\/","name":"Couverture de Chocolat","isPartOf":{"@id":"https:\/\/eurocas.com\/#website"},"primaryImageOfPage":{"@id":"https:\/\/eurocas.com\/fr\/produit\/couverture-de-chocolat\/#primaryimage"},"image":{"@id":"https:\/\/eurocas.com\/fr\/produit\/couverture-de-chocolat\/#primaryimage"},"thumbnailUrl":"https:\/\/eurocas.com\/wp-content\/uploads\/2022\/03\/Real-Chocolate-Couvertures-1-12.jpg","datePublished":"2019-02-01T22:00:00+00:00","dateModified":"2022-06-24T11:59:39+00:00","description":"Couverture de Chocolat. Eurocas.com.","breadcrumb":{"@id":"https:\/\/eurocas.com\/fr\/produit\/couverture-de-chocolat\/#breadcrumb"},"inLanguage":"fr-FR","potentialAction":[{"@type":"ReadAction","target":["https:\/\/eurocas.com\/fr\/produit\/couverture-de-chocolat\/"]}]},{"@type":"ImageObject","inLanguage":"fr-FR","@id":"https:\/\/eurocas.com\/fr\/produit\/couverture-de-chocolat\/#primaryimage","url":"https:\/\/eurocas.com\/wp-content\/uploads\/2022\/03\/Real-Chocolate-Couvertures-1-12.jpg","contentUrl":"https:\/\/eurocas.com\/wp-content\/uploads\/2022\/03\/Real-Chocolate-Couvertures-1-12.jpg","width":950,"height":695,"caption":"Real chocolate couverture for professional use \u2013 Eurocas"},{"@type":"BreadcrumbList","@id":"https:\/\/eurocas.com\/fr\/produit\/couverture-de-chocolat\/#breadcrumb","itemListElement":[{"@type":"ListItem","position":1,"name":"Home","item":"https:\/\/eurocas.com\/fr\/"},{"@type":"ListItem","position":2,"name":"Products","item":"https:\/\/eurocas.com\/shop\/"},{"@type":"ListItem","position":3,"name":"Couverture de Chocolat"}]},{"@type":"WebSite","@id":"https:\/\/eurocas.com\/#website","url":"https:\/\/eurocas.com\/","name":"Eurocas.com","description":"Eurocas.com","publisher":{"@id":"https:\/\/eurocas.com\/#organization"},"potentialAction":[{"@type":"SearchAction","target":{"@type":"EntryPoint","urlTemplate":"https:\/\/eurocas.com\/?s={search_term_string}"},"query-input":"required name=search_term_string"}],"inLanguage":"fr-FR"},{"@type":"Organization","@id":"https:\/\/eurocas.com\/#organization","name":"Eurocas International","url":"https:\/\/eurocas.com\/","logo":{"@type":"ImageObject","inLanguage":"fr-FR","@id":"https:\/\/eurocas.com\/#\/schema\/logo\/image\/","url":"https:\/\/eurocas.com\/wp-content\/uploads\/2021\/09\/logo.png","contentUrl":"https:\/\/eurocas.com\/wp-content\/uploads\/2021\/09\/logo.png","width":1954,"height":599,"caption":"Eurocas International"},"image":{"@id":"https:\/\/eurocas.com\/#\/schema\/logo\/image\/"}}]}},"_links":{"self":[{"href":"https:\/\/eurocas.com\/fr\/wp-json\/wp\/v2\/product\/2494"}],"collection":[{"href":"https:\/\/eurocas.com\/fr\/wp-json\/wp\/v2\/product"}],"about":[{"href":"https:\/\/eurocas.com\/fr\/wp-json\/wp\/v2\/types\/product"}],"wp:featuredmedia":[{"embeddable":true,"href":"https:\/\/eurocas.com\/fr\/wp-json\/wp\/v2\/media\/3418"}],"wp:attachment":[{"href":"https:\/\/eurocas.com\/fr\/wp-json\/wp\/v2\/media?parent=2494"}],"wp:term":[{"taxonomy":"product_cat","embeddable":true,"href":"https:\/\/eurocas.com\/fr\/wp-json\/wp\/v2\/product_cat?post=2494"},{"taxonomy":"product_tag","embeddable":true,"href":"https:\/\/eurocas.com\/fr\/wp-json\/wp\/v2\/product_tag?post=2494"}],"curies":[{"name":"wp","href":"https:\/\/api.w.org\/{rel}","templated":true}]}}