{"id":2492,"date":"2019-02-02T00:00:00","date_gmt":"2019-02-01T22:00:00","guid":{"rendered":"https:\/\/eurocas.com\/product\/pepites-a-base-de-chocolat\/"},"modified":"2022-06-24T15:03:57","modified_gmt":"2022-06-24T12:03:57","slug":"pepites-a-base-de-chocolat","status":"publish","type":"product","link":"https:\/\/eurocas.com\/fr\/produit\/pepites-a-base-de-chocolat\/","title":{"rendered":"P\u00e9pites \u00e0 base de Chocolat"},"content":{"rendered":"<p>Ready to use creams<\/p>\n<p>P\u00e9pites \u00e0 base de Chocolat parfaites pour toutes applications culinaires.<\/p>\n<ul>\n<li>STABLE A LA CUISSON<\/li>\n<li>TRES BON GOUT<\/li>\n<li>PRIX COMPETITIF<\/li>\n<\/ul>\n<p>Les P\u00e9pites \u00e0 base de Chocolat sont tout \u00e0 fait stables \u00e0 la cuisson, et donc parfaites pour les cookies au chocolat, les biscuits au chocolat ou les muffins au chocolat.<\/p>\n<p>Nos p\u00e9pites \u00e0 base de Chocolat ont un excellent go\u00fbt \u00e0 un prix concurrentiel.<\/p>\n","protected":false},"excerpt":{"rendered":"<p>P\u00e9pites \u00e0 base de Chocolat parfaites pour toutes applications culinaires.<\/p>\n<ul>\n<li>STABLE A LA CUISSON<\/li>\n<li>TRES BON GOUT<\/li>\n<li>PRIX COMPETITIF<\/li>\n<\/ul>\n<p>Les P\u00e9pites \u00e0 base de Chocolat sont tout \u00e0 fait stables \u00e0 la cuisson, et donc parfaites pour les cookies au chocolat, les biscuits au chocolat ou les muffins au chocolat.<\/p>\n<p>Nos p\u00e9pites \u00e0 base de Chocolat ont un excellent go\u00fbt \u00e0 un prix concurrentiel.<\/p>\n","protected":false},"featured_media":3428,"template":"","meta":[],"product_cat":[58],"product_tag":[],"yoast_head":"<!-- This site is optimized with the Yoast SEO plugin v22.8 - https:\/\/yoast.com\/wordpress\/plugins\/seo\/ -->\n<title>P\u00e9pites \u00e0 base de Chocolat | Eurocas.com<\/title>\n<meta name=\"description\" content=\"P\u00e9pites \u00e0 base de Chocolat. Eurocas.com.\" \/>\n<meta name=\"robots\" content=\"index, follow, max-snippet:-1, max-image-preview:large, max-video-preview:-1\" \/>\n<link rel=\"canonical\" href=\"https:\/\/eurocas.com\/fr\/produit\/pepites-a-base-de-chocolat\/\" \/>\n<meta property=\"og:locale\" content=\"fr_FR\" \/>\n<meta property=\"og:type\" content=\"article\" \/>\n<meta property=\"og:title\" content=\"P\u00e9pites \u00e0 base de Chocolat | Eurocas.com\" \/>\n<meta property=\"og:description\" content=\"P\u00e9pites \u00e0 base de Chocolat. Eurocas.com.\" \/>\n<meta property=\"og:url\" content=\"https:\/\/eurocas.com\/fr\/produit\/pepites-a-base-de-chocolat\/\" \/>\n<meta property=\"og:site_name\" content=\"Eurocas.com\" \/>\n<meta property=\"article:modified_time\" content=\"2022-06-24T12:03:57+00:00\" \/>\n<meta property=\"og:image\" content=\"https:\/\/eurocas.com\/wp-content\/uploads\/2022\/03\/Chocolate-Compound-Drops-1-8.jpg\" \/>\n\t<meta property=\"og:image:width\" content=\"950\" \/>\n\t<meta property=\"og:image:height\" content=\"695\" \/>\n\t<meta property=\"og:image:type\" content=\"image\/jpeg\" \/>\n<meta name=\"twitter:card\" content=\"summary_large_image\" \/>\n<script type=\"application\/ld+json\" class=\"yoast-schema-graph\">{\"@context\":\"https:\/\/schema.org\",\"@graph\":[{\"@type\":\"WebPage\",\"@id\":\"https:\/\/eurocas.com\/fr\/produit\/pepites-a-base-de-chocolat\/\",\"url\":\"https:\/\/eurocas.com\/fr\/produit\/pepites-a-base-de-chocolat\/\",\"name\":\"P\u00e9pites \u00e0 base de Chocolat | Eurocas.com\",\"isPartOf\":{\"@id\":\"https:\/\/eurocas.com\/#website\"},\"primaryImageOfPage\":{\"@id\":\"https:\/\/eurocas.com\/fr\/produit\/pepites-a-base-de-chocolat\/#primaryimage\"},\"image\":{\"@id\":\"https:\/\/eurocas.com\/fr\/produit\/pepites-a-base-de-chocolat\/#primaryimage\"},\"thumbnailUrl\":\"https:\/\/eurocas.com\/wp-content\/uploads\/2022\/03\/Chocolate-Compound-Drops-1-8.jpg\",\"datePublished\":\"2019-02-01T22:00:00+00:00\",\"dateModified\":\"2022-06-24T12:03:57+00:00\",\"description\":\"P\u00e9pites \u00e0 base de Chocolat. Eurocas.com.\",\"breadcrumb\":{\"@id\":\"https:\/\/eurocas.com\/fr\/produit\/pepites-a-base-de-chocolat\/#breadcrumb\"},\"inLanguage\":\"fr-FR\",\"potentialAction\":[{\"@type\":\"ReadAction\",\"target\":[\"https:\/\/eurocas.com\/fr\/produit\/pepites-a-base-de-chocolat\/\"]}]},{\"@type\":\"ImageObject\",\"inLanguage\":\"fr-FR\",\"@id\":\"https:\/\/eurocas.com\/fr\/produit\/pepites-a-base-de-chocolat\/#primaryimage\",\"url\":\"https:\/\/eurocas.com\/wp-content\/uploads\/2022\/03\/Chocolate-Compound-Drops-1-8.jpg\",\"contentUrl\":\"https:\/\/eurocas.com\/wp-content\/uploads\/2022\/03\/Chocolate-Compound-Drops-1-8.jpg\",\"width\":950,\"height\":695,\"caption\":\"Chocolate compound drops for baking \u2013 Eurocas\"},{\"@type\":\"BreadcrumbList\",\"@id\":\"https:\/\/eurocas.com\/fr\/produit\/pepites-a-base-de-chocolat\/#breadcrumb\",\"itemListElement\":[{\"@type\":\"ListItem\",\"position\":1,\"name\":\"Home\",\"item\":\"https:\/\/eurocas.com\/fr\/\"},{\"@type\":\"ListItem\",\"position\":2,\"name\":\"Products\",\"item\":\"https:\/\/eurocas.com\/shop\/\"},{\"@type\":\"ListItem\",\"position\":3,\"name\":\"P\u00e9pites \u00e0 base de Chocolat\"}]},{\"@type\":\"WebSite\",\"@id\":\"https:\/\/eurocas.com\/#website\",\"url\":\"https:\/\/eurocas.com\/\",\"name\":\"Eurocas.com\",\"description\":\"Eurocas.com\",\"publisher\":{\"@id\":\"https:\/\/eurocas.com\/#organization\"},\"potentialAction\":[{\"@type\":\"SearchAction\",\"target\":{\"@type\":\"EntryPoint\",\"urlTemplate\":\"https:\/\/eurocas.com\/?s={search_term_string}\"},\"query-input\":\"required name=search_term_string\"}],\"inLanguage\":\"fr-FR\"},{\"@type\":\"Organization\",\"@id\":\"https:\/\/eurocas.com\/#organization\",\"name\":\"Eurocas International\",\"url\":\"https:\/\/eurocas.com\/\",\"logo\":{\"@type\":\"ImageObject\",\"inLanguage\":\"fr-FR\",\"@id\":\"https:\/\/eurocas.com\/#\/schema\/logo\/image\/\",\"url\":\"https:\/\/eurocas.com\/wp-content\/uploads\/2021\/09\/logo.png\",\"contentUrl\":\"https:\/\/eurocas.com\/wp-content\/uploads\/2021\/09\/logo.png\",\"width\":1954,\"height\":599,\"caption\":\"Eurocas International\"},\"image\":{\"@id\":\"https:\/\/eurocas.com\/#\/schema\/logo\/image\/\"}}]}<\/script>\n<!-- \/ Yoast SEO plugin. -->","yoast_head_json":{"title":"P\u00e9pites \u00e0 base de Chocolat | Eurocas.com","description":"P\u00e9pites \u00e0 base de Chocolat. Eurocas.com.","robots":{"index":"index","follow":"follow","max-snippet":"max-snippet:-1","max-image-preview":"max-image-preview:large","max-video-preview":"max-video-preview:-1"},"canonical":"https:\/\/eurocas.com\/fr\/produit\/pepites-a-base-de-chocolat\/","og_locale":"fr_FR","og_type":"article","og_title":"P\u00e9pites \u00e0 base de Chocolat | Eurocas.com","og_description":"P\u00e9pites \u00e0 base de Chocolat. Eurocas.com.","og_url":"https:\/\/eurocas.com\/fr\/produit\/pepites-a-base-de-chocolat\/","og_site_name":"Eurocas.com","article_modified_time":"2022-06-24T12:03:57+00:00","og_image":[{"width":950,"height":695,"url":"https:\/\/eurocas.com\/wp-content\/uploads\/2022\/03\/Chocolate-Compound-Drops-1-8.jpg","type":"image\/jpeg"}],"twitter_card":"summary_large_image","schema":{"@context":"https:\/\/schema.org","@graph":[{"@type":"WebPage","@id":"https:\/\/eurocas.com\/fr\/produit\/pepites-a-base-de-chocolat\/","url":"https:\/\/eurocas.com\/fr\/produit\/pepites-a-base-de-chocolat\/","name":"P\u00e9pites \u00e0 base de Chocolat | Eurocas.com","isPartOf":{"@id":"https:\/\/eurocas.com\/#website"},"primaryImageOfPage":{"@id":"https:\/\/eurocas.com\/fr\/produit\/pepites-a-base-de-chocolat\/#primaryimage"},"image":{"@id":"https:\/\/eurocas.com\/fr\/produit\/pepites-a-base-de-chocolat\/#primaryimage"},"thumbnailUrl":"https:\/\/eurocas.com\/wp-content\/uploads\/2022\/03\/Chocolate-Compound-Drops-1-8.jpg","datePublished":"2019-02-01T22:00:00+00:00","dateModified":"2022-06-24T12:03:57+00:00","description":"P\u00e9pites \u00e0 base de Chocolat. Eurocas.com.","breadcrumb":{"@id":"https:\/\/eurocas.com\/fr\/produit\/pepites-a-base-de-chocolat\/#breadcrumb"},"inLanguage":"fr-FR","potentialAction":[{"@type":"ReadAction","target":["https:\/\/eurocas.com\/fr\/produit\/pepites-a-base-de-chocolat\/"]}]},{"@type":"ImageObject","inLanguage":"fr-FR","@id":"https:\/\/eurocas.com\/fr\/produit\/pepites-a-base-de-chocolat\/#primaryimage","url":"https:\/\/eurocas.com\/wp-content\/uploads\/2022\/03\/Chocolate-Compound-Drops-1-8.jpg","contentUrl":"https:\/\/eurocas.com\/wp-content\/uploads\/2022\/03\/Chocolate-Compound-Drops-1-8.jpg","width":950,"height":695,"caption":"Chocolate compound drops for baking \u2013 Eurocas"},{"@type":"BreadcrumbList","@id":"https:\/\/eurocas.com\/fr\/produit\/pepites-a-base-de-chocolat\/#breadcrumb","itemListElement":[{"@type":"ListItem","position":1,"name":"Home","item":"https:\/\/eurocas.com\/fr\/"},{"@type":"ListItem","position":2,"name":"Products","item":"https:\/\/eurocas.com\/shop\/"},{"@type":"ListItem","position":3,"name":"P\u00e9pites \u00e0 base de Chocolat"}]},{"@type":"WebSite","@id":"https:\/\/eurocas.com\/#website","url":"https:\/\/eurocas.com\/","name":"Eurocas.com","description":"Eurocas.com","publisher":{"@id":"https:\/\/eurocas.com\/#organization"},"potentialAction":[{"@type":"SearchAction","target":{"@type":"EntryPoint","urlTemplate":"https:\/\/eurocas.com\/?s={search_term_string}"},"query-input":"required name=search_term_string"}],"inLanguage":"fr-FR"},{"@type":"Organization","@id":"https:\/\/eurocas.com\/#organization","name":"Eurocas International","url":"https:\/\/eurocas.com\/","logo":{"@type":"ImageObject","inLanguage":"fr-FR","@id":"https:\/\/eurocas.com\/#\/schema\/logo\/image\/","url":"https:\/\/eurocas.com\/wp-content\/uploads\/2021\/09\/logo.png","contentUrl":"https:\/\/eurocas.com\/wp-content\/uploads\/2021\/09\/logo.png","width":1954,"height":599,"caption":"Eurocas International"},"image":{"@id":"https:\/\/eurocas.com\/#\/schema\/logo\/image\/"}}]}},"_links":{"self":[{"href":"https:\/\/eurocas.com\/fr\/wp-json\/wp\/v2\/product\/2492"}],"collection":[{"href":"https:\/\/eurocas.com\/fr\/wp-json\/wp\/v2\/product"}],"about":[{"href":"https:\/\/eurocas.com\/fr\/wp-json\/wp\/v2\/types\/product"}],"wp:featuredmedia":[{"embeddable":true,"href":"https:\/\/eurocas.com\/fr\/wp-json\/wp\/v2\/media\/3428"}],"wp:attachment":[{"href":"https:\/\/eurocas.com\/fr\/wp-json\/wp\/v2\/media?parent=2492"}],"wp:term":[{"taxonomy":"product_cat","embeddable":true,"href":"https:\/\/eurocas.com\/fr\/wp-json\/wp\/v2\/product_cat?post=2492"},{"taxonomy":"product_tag","embeddable":true,"href":"https:\/\/eurocas.com\/fr\/wp-json\/wp\/v2\/product_tag?post=2492"}],"curies":[{"name":"wp","href":"https:\/\/api.w.org\/{rel}","templated":true}]}}