{"id":903,"date":"2022-03-15T12:19:44","date_gmt":"2022-03-15T12:19:44","guid":{"rendered":"https:\/\/eurocas.com\/?page_id=903"},"modified":"2022-03-17T14:05:10","modified_gmt":"2022-03-17T12:05:10","slug":"products","status":"publish","type":"page","link":"https:\/\/eurocas.com\/fr\/products\/","title":{"rendered":"Produits"},"content":{"rendered":"\t\t<div data-elementor-type=\"wp-page\" data-elementor-id=\"903\" class=\"elementor elementor-903 elementor-656\">\n\t\t\t\t\t\t<section class=\"elementor-section elementor-top-section elementor-element elementor-element-081aeef elementor-section-full_width elementor-section-height-default elementor-section-height-default\" data-id=\"081aeef\" data-element_type=\"section\">\n\t\t\t\t\t\t<div class=\"elementor-container elementor-column-gap-no\">\n\t\t\t\t\t<div class=\"elementor-column elementor-col-100 elementor-top-column elementor-element elementor-element-afc1dd6\" data-id=\"afc1dd6\" data-element_type=\"column\">\n\t\t\t<div class=\"elementor-widget-wrap elementor-element-populated\">\n\t\t\t\t\t\t<div class=\"elementor-element elementor-element-0e2bdab elementor-widget elementor-widget-shortcode\" data-id=\"0e2bdab\" data-element_type=\"widget\" data-widget_type=\"shortcode.default\">\n\t\t\t\t<div class=\"elementor-widget-container\">\n\t\t\t\t\t<div class=\"elementor-shortcode\"><\/div>\n\t\t\t\t<\/div>\n\t\t\t\t<\/div>\n\t\t\t\t\t<\/div>\n\t\t<\/div>\n\t\t\t\t\t<\/div>\n\t\t<\/section>\n\t\t\t\t<section class=\"elementor-section elementor-top-section elementor-element elementor-element-d097064 elementor-section-boxed elementor-section-height-default elementor-section-height-default\" data-id=\"d097064\" data-element_type=\"section\">\n\t\t\t\t\t\t<div class=\"elementor-container elementor-column-gap-default\">\n\t\t\t\t\t<div class=\"elementor-column elementor-col-100 elementor-top-column elementor-element elementor-element-8ab1f7c\" data-id=\"8ab1f7c\" data-element_type=\"column\">\n\t\t\t<div class=\"elementor-widget-wrap elementor-element-populated\">\n\t\t\t\t\t\t<div class=\"elementor-element elementor-element-a0d2102 elementor-hidden-mobile elementor-widget elementor-widget-spacer\" data-id=\"a0d2102\" data-element_type=\"widget\" data-widget_type=\"spacer.default\">\n\t\t\t\t<div class=\"elementor-widget-container\">\n\t\t\t<style>\/*! elementor - v3.21.0 - 26-05-2024 *\/\n.elementor-column .elementor-spacer-inner{height:var(--spacer-size)}.e-con{--container-widget-width:100%}.e-con-inner>.elementor-widget-spacer,.e-con>.elementor-widget-spacer{width:var(--container-widget-width,var(--spacer-size));--align-self:var(--container-widget-align-self,initial);--flex-shrink:0}.e-con-inner>.elementor-widget-spacer>.elementor-widget-container,.e-con>.elementor-widget-spacer>.elementor-widget-container{height:100%;width:100%}.e-con-inner>.elementor-widget-spacer>.elementor-widget-container>.elementor-spacer,.e-con>.elementor-widget-spacer>.elementor-widget-container>.elementor-spacer{height:100%}.e-con-inner>.elementor-widget-spacer>.elementor-widget-container>.elementor-spacer>.elementor-spacer-inner,.e-con>.elementor-widget-spacer>.elementor-widget-container>.elementor-spacer>.elementor-spacer-inner{height:var(--container-widget-height,var(--spacer-size))}.e-con-inner>.elementor-widget-spacer.elementor-widget-empty,.e-con>.elementor-widget-spacer.elementor-widget-empty{position:relative;min-height:22px;min-width:22px}.e-con-inner>.elementor-widget-spacer.elementor-widget-empty .elementor-widget-empty-icon,.e-con>.elementor-widget-spacer.elementor-widget-empty .elementor-widget-empty-icon{position:absolute;top:0;bottom:0;left:0;right:0;margin:auto;padding:0;width:22px;height:22px}<\/style>\t\t<div class=\"elementor-spacer\">\n\t\t\t<div class=\"elementor-spacer-inner\"><\/div>\n\t\t<\/div>\n\t\t\t\t<\/div>\n\t\t\t\t<\/div>\n\t\t\t\t<div class=\"elementor-element elementor-element-1b4d2e8 elementor-widget elementor-widget-heading\" data-id=\"1b4d2e8\" data-element_type=\"widget\" data-widget_type=\"heading.default\">\n\t\t\t\t<div class=\"elementor-widget-container\">\n\t\t\t<style>\/*! elementor - v3.21.0 - 26-05-2024 *\/\n.elementor-heading-title{padding:0;margin:0;line-height:1}.elementor-widget-heading .elementor-heading-title[class*=elementor-size-]>a{color:inherit;font-size:inherit;line-height:inherit}.elementor-widget-heading .elementor-heading-title.elementor-size-small{font-size:15px}.elementor-widget-heading .elementor-heading-title.elementor-size-medium{font-size:19px}.elementor-widget-heading .elementor-heading-title.elementor-size-large{font-size:29px}.elementor-widget-heading .elementor-heading-title.elementor-size-xl{font-size:39px}.elementor-widget-heading .elementor-heading-title.elementor-size-xxl{font-size:59px}<\/style><h2 class=\"elementor-heading-title elementor-size-default\">Bienvenue dans le d\u00e9licieux Univers Eurocas des ingr\u00e9dients de qualit\u00e9!<\/h2>\t\t<\/div>\n\t\t\t\t<\/div>\n\t\t\t\t<div class=\"elementor-element elementor-element-35cb374 elementor-widget elementor-widget-heading\" data-id=\"35cb374\" data-element_type=\"widget\" data-widget_type=\"heading.default\">\n\t\t\t\t<div class=\"elementor-widget-container\">\n\t\t\t<h4 class=\"elementor-heading-title elementor-size-default\">Trouvons le produit que vous recherchez!<\/h4>\t\t<\/div>\n\t\t\t\t<\/div>\n\t\t\t\t<div class=\"elementor-element elementor-element-d1e33ad elementor-hidden-mobile elementor-widget elementor-widget-spacer\" data-id=\"d1e33ad\" data-element_type=\"widget\" data-widget_type=\"spacer.default\">\n\t\t\t\t<div class=\"elementor-widget-container\">\n\t\t\t\t\t<div class=\"elementor-spacer\">\n\t\t\t<div class=\"elementor-spacer-inner\"><\/div>\n\t\t<\/div>\n\t\t\t\t<\/div>\n\t\t\t\t<\/div>\n\t\t\t\t\t<\/div>\n\t\t<\/div>\n\t\t\t\t\t<\/div>\n\t\t<\/section>\n\t\t\t\t<section class=\"elementor-section elementor-top-section elementor-element elementor-element-175b5b1 elementor-section-boxed elementor-section-height-default elementor-section-height-default\" data-id=\"175b5b1\" data-element_type=\"section\">\n\t\t\t\t\t\t<div class=\"elementor-container elementor-column-gap-default\">\n\t\t\t\t\t<div class=\"elementor-column elementor-col-100 elementor-top-column elementor-element elementor-element-3847426\" data-id=\"3847426\" data-element_type=\"column\">\n\t\t\t<div class=\"elementor-widget-wrap elementor-element-populated\">\n\t\t\t\t\t\t<div class=\"elementor-element elementor-element-ec98718 elementor-widget elementor-widget-shortcode\" data-id=\"ec98718\" data-element_type=\"widget\" data-widget_type=\"shortcode.default\">\n\t\t\t\t<div class=\"elementor-widget-container\">\n\t\t\t\t\t<div class=\"elementor-shortcode\"><div class=\"woocommerce columns-4\"><ul class=\"products columns-4\">\n<li class=\"product-category product first\">\n\t<a aria-label=\"Acc\u00e9der \u00e0 la cat\u00e9gorie de produits Fourrages Non Laitiers\" href=\"https:\/\/eurocas.com\/fr\/categorie-produit\/fourrages-non-laitiers\/\"><img fetchpriority=\"high\" decoding=\"async\" src=\"https:\/\/eurocas.com\/wp-content\/uploads\/2021\/09\/Non-Dairy-Cream-548x630-1-500x500.jpg\" alt=\"Fourrages Non Laitiers\" width=\"500\" height=\"500\" srcset=\"https:\/\/eurocas.com\/wp-content\/uploads\/2021\/09\/Non-Dairy-Cream-548x630-1-500x500.jpg 500w, https:\/\/eurocas.com\/wp-content\/uploads\/2021\/09\/Non-Dairy-Cream-548x630-1-100x100.jpg 100w, https:\/\/eurocas.com\/wp-content\/uploads\/2021\/09\/Non-Dairy-Cream-548x630-1-150x150.jpg 150w\" sizes=\"(max-width: 500px) 100vw, 500px\" \/>\t\t<h2 class=\"woocommerce-loop-category__title\">\n\t\t\tFourrages Non Laitiers <mark class=\"count\">(5)<\/mark>\t\t<\/h2>\n\t\t<\/a><\/li>\n<li class=\"product-category product\">\n\t<a aria-label=\"Acc\u00e9der \u00e0 la cat\u00e9gorie de produits Doure sans oeufs\" href=\"https:\/\/eurocas.com\/fr\/categorie-produit\/doure-sans-oeufs\/\"><img decoding=\"async\" src=\"https:\/\/eurocas.com\/wp-content\/uploads\/2022\/11\/egg-wash-alternative-500x460.png\" alt=\"Doure sans oeufs\" width=\"500\" height=\"500\" \/>\t\t<h2 class=\"woocommerce-loop-category__title\">\n\t\t\tDoure sans oeufs <mark class=\"count\">(1)<\/mark>\t\t<\/h2>\n\t\t<\/a><\/li>\n<li class=\"product-category product\">\n\t<a aria-label=\"Acc\u00e9der \u00e0 la cat\u00e9gorie de produits Sp\u00e9cialit\u00e9s de Margarines\" href=\"https:\/\/eurocas.com\/fr\/categorie-produit\/specialites-de-margarines\/\"><img decoding=\"async\" src=\"https:\/\/eurocas.com\/wp-content\/uploads\/2021\/09\/Margarine-Specialties-300x240.jpg\" alt=\"Sp\u00e9cialit\u00e9s de Margarines\" width=\"500\" height=\"500\" \/>\t\t<h2 class=\"woocommerce-loop-category__title\">\n\t\t\tSp\u00e9cialit\u00e9s de Margarines <mark class=\"count\">(6)<\/mark>\t\t<\/h2>\n\t\t<\/a><\/li>\n<li class=\"product-category product last\">\n\t<a aria-label=\"Acc\u00e9der \u00e0 la cat\u00e9gorie de produits Cr\u00e8mes de confiserie\" href=\"https:\/\/eurocas.com\/fr\/categorie-produit\/cremes-de-confiserie\/\"><img loading=\"lazy\" decoding=\"async\" src=\"https:\/\/eurocas.com\/wp-content\/uploads\/2021\/09\/Rhapsody-Creams-1-500x500.jpg\" alt=\"Cr\u00e8mes de confiserie\" width=\"500\" height=\"500\" srcset=\"https:\/\/eurocas.com\/wp-content\/uploads\/2021\/09\/Rhapsody-Creams-1-500x500.jpg 500w, https:\/\/eurocas.com\/wp-content\/uploads\/2021\/09\/Rhapsody-Creams-1-100x100.jpg 100w\" sizes=\"(max-width: 500px) 100vw, 500px\" \/>\t\t<h2 class=\"woocommerce-loop-category__title\">\n\t\t\tCr\u00e8mes de confiserie <mark class=\"count\">(5)<\/mark>\t\t<\/h2>\n\t\t<\/a><\/li>\n<li class=\"product-category product first\">\n\t<a aria-label=\"Acc\u00e9der \u00e0 la cat\u00e9gorie de produits Fourrages Chocolat\" href=\"https:\/\/eurocas.com\/fr\/categorie-produit\/fourrages-chocolat\/\"><img loading=\"lazy\" decoding=\"async\" src=\"https:\/\/eurocas.com\/wp-content\/uploads\/2021\/09\/Chocolate-Fillings.jpg\" alt=\"Fourrages Chocolat\" width=\"500\" height=\"500\" srcset=\"https:\/\/eurocas.com\/wp-content\/uploads\/2021\/09\/Chocolate-Fillings.jpg 305w, https:\/\/eurocas.com\/wp-content\/uploads\/2021\/09\/Chocolate-Fillings-150x118.jpg 150w\" sizes=\"(max-width: 305px) 100vw, 305px\" \/>\t\t<h2 class=\"woocommerce-loop-category__title\">\n\t\t\tFourrages Chocolat <mark class=\"count\">(7)<\/mark>\t\t<\/h2>\n\t\t<\/a><\/li>\n<li class=\"product-category product\">\n\t<a aria-label=\"Acc\u00e9der \u00e0 la cat\u00e9gorie de produits Fourrages aux Fruits\" href=\"https:\/\/eurocas.com\/fr\/categorie-produit\/fourrages-aux-fruits\/\"><img loading=\"lazy\" decoding=\"async\" src=\"https:\/\/eurocas.com\/wp-content\/uploads\/2022\/03\/Fruit-Fillings-1-500x500.jpg\" alt=\"Fourrages aux Fruits\" width=\"500\" height=\"500\" srcset=\"https:\/\/eurocas.com\/wp-content\/uploads\/2022\/03\/Fruit-Fillings-1-500x500.jpg 500w, https:\/\/eurocas.com\/wp-content\/uploads\/2022\/03\/Fruit-Fillings-1-100x100.jpg 100w\" sizes=\"(max-width: 500px) 100vw, 500px\" \/>\t\t<h2 class=\"woocommerce-loop-category__title\">\n\t\t\tFourrages aux Fruits <mark class=\"count\">(2)<\/mark>\t\t<\/h2>\n\t\t<\/a><\/li>\n<li class=\"product-category product\">\n\t<a aria-label=\"Acc\u00e9der \u00e0 la cat\u00e9gorie de produits Chocolat &amp; Cacao\" href=\"https:\/\/eurocas.com\/fr\/categorie-produit\/chocolat-cacao\/\"><img loading=\"lazy\" decoding=\"async\" src=\"https:\/\/eurocas.com\/wp-content\/uploads\/2022\/03\/Chocolate-Cocoa-305x375-1.jpg\" alt=\"Chocolat &amp; Cacao\" width=\"500\" height=\"500\" srcset=\"https:\/\/eurocas.com\/wp-content\/uploads\/2022\/03\/Chocolate-Cocoa-305x375-1.jpg 305w, https:\/\/eurocas.com\/wp-content\/uploads\/2022\/03\/Chocolate-Cocoa-305x375-1-122x150.jpg 122w\" sizes=\"(max-width: 305px) 100vw, 305px\" \/>\t\t<h2 class=\"woocommerce-loop-category__title\">\n\t\t\tChocolat &amp; Cacao <mark class=\"count\">(4)<\/mark>\t\t<\/h2>\n\t\t<\/a><\/li>\n<li class=\"product-category product last\">\n\t<a aria-label=\"Acc\u00e9der \u00e0 la cat\u00e9gorie de produits Pr\u00e9mixes en Poudre\" href=\"https:\/\/eurocas.com\/fr\/categorie-produit\/premixes-en-poudre\/\"><img loading=\"lazy\" decoding=\"async\" src=\"https:\/\/eurocas.com\/wp-content\/uploads\/2022\/07\/mix-mousse-500x460.png\" alt=\"Pr\u00e9mixes en Poudre\" width=\"500\" height=\"500\" \/>\t\t<h2 class=\"woocommerce-loop-category__title\">\n\t\t\tPr\u00e9mixes en Poudre <mark class=\"count\">(9)<\/mark>\t\t<\/h2>\n\t\t<\/a><\/li>\n<li class=\"product-category product first\">\n\t<a aria-label=\"Acc\u00e9der \u00e0 la cat\u00e9gorie de produits Nappage a froid\" href=\"https:\/\/eurocas.com\/fr\/categorie-produit\/glacages-a-froid\/\"><img loading=\"lazy\" decoding=\"async\" src=\"https:\/\/eurocas.com\/wp-content\/uploads\/2019\/01\/Cold-Glazes-1-500x500.jpg\" alt=\"Nappage a froid\" width=\"500\" height=\"500\" srcset=\"https:\/\/eurocas.com\/wp-content\/uploads\/2019\/01\/Cold-Glazes-1-500x500.jpg 500w, https:\/\/eurocas.com\/wp-content\/uploads\/2019\/01\/Cold-Glazes-1-100x100.jpg 100w\" sizes=\"(max-width: 500px) 100vw, 500px\" \/>\t\t<h2 class=\"woocommerce-loop-category__title\">\n\t\t\tNappage a froid <mark class=\"count\">(1)<\/mark>\t\t<\/h2>\n\t\t<\/a><\/li>\n<li class=\"product-category product\">\n\t<a aria-label=\"Acc\u00e9der \u00e0 la cat\u00e9gorie de produits Produits Semi-finis\" href=\"https:\/\/eurocas.com\/fr\/categorie-produit\/produits-semi-finis\/\"><img loading=\"lazy\" decoding=\"async\" src=\"https:\/\/eurocas.com\/wp-content\/uploads\/2022\/03\/Pastry-Choux-shells-2-8-500x500.png\" alt=\"Produits Semi-finis\" width=\"500\" height=\"500\" srcset=\"https:\/\/eurocas.com\/wp-content\/uploads\/2022\/03\/Pastry-Choux-shells-2-8-500x500.png 500w, https:\/\/eurocas.com\/wp-content\/uploads\/2022\/03\/Pastry-Choux-shells-2-8-100x100.png 100w\" sizes=\"(max-width: 500px) 100vw, 500px\" \/>\t\t<h2 class=\"woocommerce-loop-category__title\">\n\t\t\tProduits Semi-finis <mark class=\"count\">(6)<\/mark>\t\t<\/h2>\n\t\t<\/a><\/li>\n<li class=\"product-category product\">\n\t<a aria-label=\"Acc\u00e9der \u00e0 la cat\u00e9gorie de produits Fruit confit\" href=\"https:\/\/eurocas.com\/fr\/categorie-produit\/cruit-confit\/\"><img loading=\"lazy\" decoding=\"async\" src=\"https:\/\/eurocas.com\/wp-content\/uploads\/2022\/03\/Levato-Plus-1-7-500x500.jpg\" alt=\"Fruit confit\" width=\"500\" height=\"500\" srcset=\"https:\/\/eurocas.com\/wp-content\/uploads\/2022\/03\/Levato-Plus-1-7-500x500.jpg 500w, https:\/\/eurocas.com\/wp-content\/uploads\/2022\/03\/Levato-Plus-1-7-100x100.jpg 100w\" sizes=\"(max-width: 500px) 100vw, 500px\" \/>\t\t<h2 class=\"woocommerce-loop-category__title\">\n\t\t\tFruit confit <mark class=\"count\">(3)<\/mark>\t\t<\/h2>\n\t\t<\/a><\/li>\n<li class=\"product-category product last\">\n\t<a aria-label=\"Acc\u00e9der \u00e0 la cat\u00e9gorie de produits Produits de Sucre\" href=\"https:\/\/eurocas.com\/fr\/categorie-produit\/produits-de-sucre\/\"><img loading=\"lazy\" decoding=\"async\" src=\"https:\/\/eurocas.com\/wp-content\/uploads\/2022\/03\/Icing-1-950x630-1-500x500.jpg\" alt=\"Produits de Sucre\" width=\"500\" height=\"500\" srcset=\"https:\/\/eurocas.com\/wp-content\/uploads\/2022\/03\/Icing-1-950x630-1-500x500.jpg 500w, https:\/\/eurocas.com\/wp-content\/uploads\/2022\/03\/Icing-1-950x630-1-100x100.jpg 100w\" sizes=\"(max-width: 500px) 100vw, 500px\" \/>\t\t<h2 class=\"woocommerce-loop-category__title\">\n\t\t\tProduits de Sucre <mark class=\"count\">(3)<\/mark>\t\t<\/h2>\n\t\t<\/a><\/li>\n<li class=\"product-category product first\">\n\t<a aria-label=\"Acc\u00e9der \u00e0 la cat\u00e9gorie de produits Autres Produits\" href=\"https:\/\/eurocas.com\/fr\/categorie-produit\/autres-produits\/\"><img loading=\"lazy\" decoding=\"async\" src=\"https:\/\/eurocas.com\/wp-content\/uploads\/2022\/03\/Macaron-shells-950x630-1-500x500.jpg\" alt=\"Autres Produits\" width=\"500\" height=\"500\" srcset=\"https:\/\/eurocas.com\/wp-content\/uploads\/2022\/03\/Macaron-shells-950x630-1-500x500.jpg 500w, https:\/\/eurocas.com\/wp-content\/uploads\/2022\/03\/Macaron-shells-950x630-1-100x100.jpg 100w\" sizes=\"(max-width: 500px) 100vw, 500px\" \/>\t\t<h2 class=\"woocommerce-loop-category__title\">\n\t\t\tAutres Produits <mark class=\"count\">(6)<\/mark>\t\t<\/h2>\n\t\t<\/a><\/li>\n<\/ul>\n<\/div><\/div>\n\t\t\t\t<\/div>\n\t\t\t\t<\/div>\n\t\t\t\t\t<\/div>\n\t\t<\/div>\n\t\t\t\t\t<\/div>\n\t\t<\/section>\n\t\t\t\t<\/div>\n\t\t","protected":false},"excerpt":{"rendered":"<p>Bienvenue dans le d\u00e9licieux Univers Eurocas des ingr\u00e9dients de qualit\u00e9! Trouvons le produit que vous recherchez!<\/p>\n","protected":false},"author":1,"featured_media":0,"parent":0,"menu_order":0,"comment_status":"closed","ping_status":"closed","template":"elementor_header_footer","meta":{"footnotes":""},"yoast_head":"<!-- This site is optimized with the Yoast SEO plugin v22.8 - https:\/\/yoast.com\/wordpress\/plugins\/seo\/ -->\n<title>Produits | Eurocas.com<\/title>\n<meta name=\"description\" content=\"Produits. Eurocas.com.\" \/>\n<meta name=\"robots\" content=\"index, follow, max-snippet:-1, max-image-preview:large, max-video-preview:-1\" \/>\n<link rel=\"canonical\" href=\"https:\/\/eurocas.com\/fr\/products\/\" \/>\n<meta property=\"og:locale\" content=\"fr_FR\" \/>\n<meta property=\"og:type\" content=\"article\" \/>\n<meta property=\"og:title\" content=\"Produits | Eurocas.com\" \/>\n<meta property=\"og:description\" content=\"Produits. Eurocas.com.\" \/>\n<meta property=\"og:url\" content=\"https:\/\/eurocas.com\/fr\/products\/\" \/>\n<meta property=\"og:site_name\" content=\"Eurocas.com\" \/>\n<meta property=\"article:modified_time\" content=\"2022-03-17T12:05:10+00:00\" \/>\n<meta name=\"twitter:card\" content=\"summary_large_image\" \/>\n<script type=\"application\/ld+json\" class=\"yoast-schema-graph\">{\"@context\":\"https:\/\/schema.org\",\"@graph\":[{\"@type\":\"WebPage\",\"@id\":\"https:\/\/eurocas.com\/fr\/products\/\",\"url\":\"https:\/\/eurocas.com\/fr\/products\/\",\"name\":\"Produits | Eurocas.com\",\"isPartOf\":{\"@id\":\"https:\/\/eurocas.com\/#website\"},\"datePublished\":\"2022-03-15T12:19:44+00:00\",\"dateModified\":\"2022-03-17T12:05:10+00:00\",\"description\":\"Produits. Eurocas.com.\",\"breadcrumb\":{\"@id\":\"https:\/\/eurocas.com\/fr\/products\/#breadcrumb\"},\"inLanguage\":\"fr-FR\",\"potentialAction\":[{\"@type\":\"ReadAction\",\"target\":[\"https:\/\/eurocas.com\/fr\/products\/\"]}]},{\"@type\":\"BreadcrumbList\",\"@id\":\"https:\/\/eurocas.com\/fr\/products\/#breadcrumb\",\"itemListElement\":[{\"@type\":\"ListItem\",\"position\":1,\"name\":\"Home\",\"item\":\"https:\/\/eurocas.com\/fr\/\"},{\"@type\":\"ListItem\",\"position\":2,\"name\":\"Produits\"}]},{\"@type\":\"WebSite\",\"@id\":\"https:\/\/eurocas.com\/#website\",\"url\":\"https:\/\/eurocas.com\/\",\"name\":\"Eurocas.com\",\"description\":\"Eurocas.com\",\"publisher\":{\"@id\":\"https:\/\/eurocas.com\/#organization\"},\"potentialAction\":[{\"@type\":\"SearchAction\",\"target\":{\"@type\":\"EntryPoint\",\"urlTemplate\":\"https:\/\/eurocas.com\/?s={search_term_string}\"},\"query-input\":\"required name=search_term_string\"}],\"inLanguage\":\"fr-FR\"},{\"@type\":\"Organization\",\"@id\":\"https:\/\/eurocas.com\/#organization\",\"name\":\"Eurocas International\",\"url\":\"https:\/\/eurocas.com\/\",\"logo\":{\"@type\":\"ImageObject\",\"inLanguage\":\"fr-FR\",\"@id\":\"https:\/\/eurocas.com\/#\/schema\/logo\/image\/\",\"url\":\"https:\/\/eurocas.com\/wp-content\/uploads\/2021\/09\/logo.png\",\"contentUrl\":\"https:\/\/eurocas.com\/wp-content\/uploads\/2021\/09\/logo.png\",\"width\":1954,\"height\":599,\"caption\":\"Eurocas International\"},\"image\":{\"@id\":\"https:\/\/eurocas.com\/#\/schema\/logo\/image\/\"}}]}<\/script>\n<!-- \/ Yoast SEO plugin. -->","yoast_head_json":{"title":"Produits | Eurocas.com","description":"Produits. Eurocas.com.","robots":{"index":"index","follow":"follow","max-snippet":"max-snippet:-1","max-image-preview":"max-image-preview:large","max-video-preview":"max-video-preview:-1"},"canonical":"https:\/\/eurocas.com\/fr\/products\/","og_locale":"fr_FR","og_type":"article","og_title":"Produits | Eurocas.com","og_description":"Produits. Eurocas.com.","og_url":"https:\/\/eurocas.com\/fr\/products\/","og_site_name":"Eurocas.com","article_modified_time":"2022-03-17T12:05:10+00:00","twitter_card":"summary_large_image","schema":{"@context":"https:\/\/schema.org","@graph":[{"@type":"WebPage","@id":"https:\/\/eurocas.com\/fr\/products\/","url":"https:\/\/eurocas.com\/fr\/products\/","name":"Produits | Eurocas.com","isPartOf":{"@id":"https:\/\/eurocas.com\/#website"},"datePublished":"2022-03-15T12:19:44+00:00","dateModified":"2022-03-17T12:05:10+00:00","description":"Produits. Eurocas.com.","breadcrumb":{"@id":"https:\/\/eurocas.com\/fr\/products\/#breadcrumb"},"inLanguage":"fr-FR","potentialAction":[{"@type":"ReadAction","target":["https:\/\/eurocas.com\/fr\/products\/"]}]},{"@type":"BreadcrumbList","@id":"https:\/\/eurocas.com\/fr\/products\/#breadcrumb","itemListElement":[{"@type":"ListItem","position":1,"name":"Home","item":"https:\/\/eurocas.com\/fr\/"},{"@type":"ListItem","position":2,"name":"Produits"}]},{"@type":"WebSite","@id":"https:\/\/eurocas.com\/#website","url":"https:\/\/eurocas.com\/","name":"Eurocas.com","description":"Eurocas.com","publisher":{"@id":"https:\/\/eurocas.com\/#organization"},"potentialAction":[{"@type":"SearchAction","target":{"@type":"EntryPoint","urlTemplate":"https:\/\/eurocas.com\/?s={search_term_string}"},"query-input":"required name=search_term_string"}],"inLanguage":"fr-FR"},{"@type":"Organization","@id":"https:\/\/eurocas.com\/#organization","name":"Eurocas International","url":"https:\/\/eurocas.com\/","logo":{"@type":"ImageObject","inLanguage":"fr-FR","@id":"https:\/\/eurocas.com\/#\/schema\/logo\/image\/","url":"https:\/\/eurocas.com\/wp-content\/uploads\/2021\/09\/logo.png","contentUrl":"https:\/\/eurocas.com\/wp-content\/uploads\/2021\/09\/logo.png","width":1954,"height":599,"caption":"Eurocas International"},"image":{"@id":"https:\/\/eurocas.com\/#\/schema\/logo\/image\/"}}]}},"_links":{"self":[{"href":"https:\/\/eurocas.com\/fr\/wp-json\/wp\/v2\/pages\/903"}],"collection":[{"href":"https:\/\/eurocas.com\/fr\/wp-json\/wp\/v2\/pages"}],"about":[{"href":"https:\/\/eurocas.com\/fr\/wp-json\/wp\/v2\/types\/page"}],"author":[{"embeddable":true,"href":"https:\/\/eurocas.com\/fr\/wp-json\/wp\/v2\/users\/1"}],"replies":[{"embeddable":true,"href":"https:\/\/eurocas.com\/fr\/wp-json\/wp\/v2\/comments?post=903"}],"version-history":[{"count":8,"href":"https:\/\/eurocas.com\/fr\/wp-json\/wp\/v2\/pages\/903\/revisions"}],"predecessor-version":[{"id":2665,"href":"https:\/\/eurocas.com\/fr\/wp-json\/wp\/v2\/pages\/903\/revisions\/2665"}],"wp:attachment":[{"href":"https:\/\/eurocas.com\/fr\/wp-json\/wp\/v2\/media?parent=903"}],"curies":[{"name":"wp","href":"https:\/\/api.w.org\/{rel}","templated":true}]}}