{"id":3310,"date":"2022-07-07T09:15:04","date_gmt":"2022-08-01T08:07:10","guid":{"rendered":"https:\/\/eurocas.com\/?post_type=product&#038;p=3310\/"},"modified":"2022-08-01T11:07:10","modified_gmt":"2022-08-01T08:07:10","slug":"hojas-de-pastel-de-miel","status":"publish","type":"product","link":"https:\/\/eurocas.com\/es\/producto\/hojas-de-pastel-de-miel\/","title":{"rendered":"Hojas de pastel de miel"},"content":{"rendered":"","protected":false},"excerpt":{"rendered":"<p>Las capas de pastel de miel Eurocas ofrecen una soluci\u00f3n r\u00e1pida para la producci\u00f3n r\u00e1pida de pasteles tradicionales de Europa del Este como Medovik o Albinita.<\/p>\n<p>Con miel de verdad y un tama\u00f1o muy \u00fatil (40\u00d720 cm), nuestras l\u00e1minas para bizcocho de miel son de gran ayuda para crear deliciosos bizcochos de miel tradicionales.<\/p>\n<p>Envase est\u00e1ndar: 4 l\u00e1minas para tarta en un envase peque\u00f1o, 10 envases peque\u00f1os en una caja de cart\u00f3n.<\/p>\n","protected":false},"featured_media":3252,"template":"","meta":[],"product_cat":[102],"product_tag":[],"yoast_head":"<!-- This site is optimized with the Yoast SEO plugin v22.8 - https:\/\/yoast.com\/wordpress\/plugins\/seo\/ -->\n<title>Hojas de pastel de miel | Eurocas.com<\/title>\n<meta name=\"description\" content=\"Hojas de pastel de miel. Eurocas.com.\" \/>\n<meta name=\"robots\" content=\"index, follow, max-snippet:-1, max-image-preview:large, max-video-preview:-1\" \/>\n<link rel=\"canonical\" href=\"https:\/\/eurocas.com\/es\/producto\/hojas-de-pastel-de-miel\/\" \/>\n<meta property=\"og:locale\" content=\"es_ES\" \/>\n<meta property=\"og:type\" content=\"article\" \/>\n<meta property=\"og:title\" content=\"Hojas de pastel de miel | Eurocas.com\" \/>\n<meta property=\"og:description\" content=\"Hojas de pastel de miel. Eurocas.com.\" \/>\n<meta property=\"og:url\" content=\"https:\/\/eurocas.com\/es\/producto\/hojas-de-pastel-de-miel\/\" \/>\n<meta property=\"og:site_name\" content=\"Eurocas.com\" \/>\n<meta property=\"og:image\" content=\"https:\/\/eurocas.com\/wp-content\/uploads\/2022\/07\/honey-layers.png\" \/>\n\t<meta property=\"og:image:width\" content=\"800\" \/>\n\t<meta property=\"og:image:height\" content=\"460\" \/>\n\t<meta property=\"og:image:type\" content=\"image\/png\" \/>\n<meta name=\"twitter:card\" content=\"summary_large_image\" \/>\n<script type=\"application\/ld+json\" class=\"yoast-schema-graph\">{\"@context\":\"https:\/\/schema.org\",\"@graph\":[{\"@type\":\"WebPage\",\"@id\":\"https:\/\/eurocas.com\/es\/producto\/hojas-de-pastel-de-miel\/\",\"url\":\"https:\/\/eurocas.com\/es\/producto\/hojas-de-pastel-de-miel\/\",\"name\":\"Hojas de pastel de miel | Eurocas.com\",\"isPartOf\":{\"@id\":\"https:\/\/eurocas.com\/#website\"},\"primaryImageOfPage\":{\"@id\":\"https:\/\/eurocas.com\/es\/producto\/hojas-de-pastel-de-miel\/#primaryimage\"},\"image\":{\"@id\":\"https:\/\/eurocas.com\/es\/producto\/hojas-de-pastel-de-miel\/#primaryimage\"},\"thumbnailUrl\":\"https:\/\/eurocas.com\/wp-content\/uploads\/2022\/07\/cake-layers.png\",\"datePublished\":\"2022-08-01T08:07:10+00:00\",\"dateModified\":\"2022-08-01T08:07:10+00:00\",\"description\":\"Hojas de pastel de miel. Eurocas.com.\",\"breadcrumb\":{\"@id\":\"https:\/\/eurocas.com\/es\/producto\/hojas-de-pastel-de-miel\/#breadcrumb\"},\"inLanguage\":\"es\",\"potentialAction\":[{\"@type\":\"ReadAction\",\"target\":[\"https:\/\/eurocas.com\/es\/producto\/hojas-de-pastel-de-miel\/\"]}]},{\"@type\":\"ImageObject\",\"inLanguage\":\"es\",\"@id\":\"https:\/\/eurocas.com\/es\/producto\/hojas-de-pastel-de-miel\/#primaryimage\",\"url\":\"https:\/\/eurocas.com\/wp-content\/uploads\/2022\/07\/cake-layers.png\",\"contentUrl\":\"https:\/\/eurocas.com\/wp-content\/uploads\/2022\/07\/cake-layers.png\",\"width\":800,\"height\":460},{\"@type\":\"BreadcrumbList\",\"@id\":\"https:\/\/eurocas.com\/es\/producto\/hojas-de-pastel-de-miel\/#breadcrumb\",\"itemListElement\":[{\"@type\":\"ListItem\",\"position\":1,\"name\":\"Home\",\"item\":\"https:\/\/eurocas.com\/es\/\"},{\"@type\":\"ListItem\",\"position\":2,\"name\":\"Products\",\"item\":\"https:\/\/eurocas.com\/shop\/\"},{\"@type\":\"ListItem\",\"position\":3,\"name\":\"Hojas de pastel de miel\"}]},{\"@type\":\"WebSite\",\"@id\":\"https:\/\/eurocas.com\/#website\",\"url\":\"https:\/\/eurocas.com\/\",\"name\":\"Eurocas.com\",\"description\":\"Eurocas.com\",\"publisher\":{\"@id\":\"https:\/\/eurocas.com\/#organization\"},\"potentialAction\":[{\"@type\":\"SearchAction\",\"target\":{\"@type\":\"EntryPoint\",\"urlTemplate\":\"https:\/\/eurocas.com\/?s={search_term_string}\"},\"query-input\":\"required name=search_term_string\"}],\"inLanguage\":\"es\"},{\"@type\":\"Organization\",\"@id\":\"https:\/\/eurocas.com\/#organization\",\"name\":\"Eurocas International\",\"url\":\"https:\/\/eurocas.com\/\",\"logo\":{\"@type\":\"ImageObject\",\"inLanguage\":\"es\",\"@id\":\"https:\/\/eurocas.com\/#\/schema\/logo\/image\/\",\"url\":\"https:\/\/eurocas.com\/wp-content\/uploads\/2021\/09\/logo.png\",\"contentUrl\":\"https:\/\/eurocas.com\/wp-content\/uploads\/2021\/09\/logo.png\",\"width\":1954,\"height\":599,\"caption\":\"Eurocas International\"},\"image\":{\"@id\":\"https:\/\/eurocas.com\/#\/schema\/logo\/image\/\"}}]}<\/script>\n<!-- \/ Yoast SEO plugin. -->","yoast_head_json":{"title":"Hojas de pastel de miel | Eurocas.com","description":"Hojas de pastel de miel. Eurocas.com.","robots":{"index":"index","follow":"follow","max-snippet":"max-snippet:-1","max-image-preview":"max-image-preview:large","max-video-preview":"max-video-preview:-1"},"canonical":"https:\/\/eurocas.com\/es\/producto\/hojas-de-pastel-de-miel\/","og_locale":"es_ES","og_type":"article","og_title":"Hojas de pastel de miel | Eurocas.com","og_description":"Hojas de pastel de miel. Eurocas.com.","og_url":"https:\/\/eurocas.com\/es\/producto\/hojas-de-pastel-de-miel\/","og_site_name":"Eurocas.com","og_image":[{"width":800,"height":460,"url":"https:\/\/eurocas.com\/wp-content\/uploads\/2022\/07\/honey-layers.png","type":"image\/png"}],"twitter_card":"summary_large_image","schema":{"@context":"https:\/\/schema.org","@graph":[{"@type":"WebPage","@id":"https:\/\/eurocas.com\/es\/producto\/hojas-de-pastel-de-miel\/","url":"https:\/\/eurocas.com\/es\/producto\/hojas-de-pastel-de-miel\/","name":"Hojas de pastel de miel | Eurocas.com","isPartOf":{"@id":"https:\/\/eurocas.com\/#website"},"primaryImageOfPage":{"@id":"https:\/\/eurocas.com\/es\/producto\/hojas-de-pastel-de-miel\/#primaryimage"},"image":{"@id":"https:\/\/eurocas.com\/es\/producto\/hojas-de-pastel-de-miel\/#primaryimage"},"thumbnailUrl":"https:\/\/eurocas.com\/wp-content\/uploads\/2022\/07\/cake-layers.png","datePublished":"2022-08-01T08:07:10+00:00","dateModified":"2022-08-01T08:07:10+00:00","description":"Hojas de pastel de miel. Eurocas.com.","breadcrumb":{"@id":"https:\/\/eurocas.com\/es\/producto\/hojas-de-pastel-de-miel\/#breadcrumb"},"inLanguage":"es","potentialAction":[{"@type":"ReadAction","target":["https:\/\/eurocas.com\/es\/producto\/hojas-de-pastel-de-miel\/"]}]},{"@type":"ImageObject","inLanguage":"es","@id":"https:\/\/eurocas.com\/es\/producto\/hojas-de-pastel-de-miel\/#primaryimage","url":"https:\/\/eurocas.com\/wp-content\/uploads\/2022\/07\/cake-layers.png","contentUrl":"https:\/\/eurocas.com\/wp-content\/uploads\/2022\/07\/cake-layers.png","width":800,"height":460},{"@type":"BreadcrumbList","@id":"https:\/\/eurocas.com\/es\/producto\/hojas-de-pastel-de-miel\/#breadcrumb","itemListElement":[{"@type":"ListItem","position":1,"name":"Home","item":"https:\/\/eurocas.com\/es\/"},{"@type":"ListItem","position":2,"name":"Products","item":"https:\/\/eurocas.com\/shop\/"},{"@type":"ListItem","position":3,"name":"Hojas de pastel de miel"}]},{"@type":"WebSite","@id":"https:\/\/eurocas.com\/#website","url":"https:\/\/eurocas.com\/","name":"Eurocas.com","description":"Eurocas.com","publisher":{"@id":"https:\/\/eurocas.com\/#organization"},"potentialAction":[{"@type":"SearchAction","target":{"@type":"EntryPoint","urlTemplate":"https:\/\/eurocas.com\/?s={search_term_string}"},"query-input":"required name=search_term_string"}],"inLanguage":"es"},{"@type":"Organization","@id":"https:\/\/eurocas.com\/#organization","name":"Eurocas International","url":"https:\/\/eurocas.com\/","logo":{"@type":"ImageObject","inLanguage":"es","@id":"https:\/\/eurocas.com\/#\/schema\/logo\/image\/","url":"https:\/\/eurocas.com\/wp-content\/uploads\/2021\/09\/logo.png","contentUrl":"https:\/\/eurocas.com\/wp-content\/uploads\/2021\/09\/logo.png","width":1954,"height":599,"caption":"Eurocas International"},"image":{"@id":"https:\/\/eurocas.com\/#\/schema\/logo\/image\/"}}]}},"_links":{"self":[{"href":"https:\/\/eurocas.com\/es\/wp-json\/wp\/v2\/product\/3310"}],"collection":[{"href":"https:\/\/eurocas.com\/es\/wp-json\/wp\/v2\/product"}],"about":[{"href":"https:\/\/eurocas.com\/es\/wp-json\/wp\/v2\/types\/product"}],"wp:featuredmedia":[{"embeddable":true,"href":"https:\/\/eurocas.com\/es\/wp-json\/wp\/v2\/media\/3252"}],"wp:attachment":[{"href":"https:\/\/eurocas.com\/es\/wp-json\/wp\/v2\/media?parent=3310"}],"wp:term":[{"taxonomy":"product_cat","embeddable":true,"href":"https:\/\/eurocas.com\/es\/wp-json\/wp\/v2\/product_cat?post=3310"},{"taxonomy":"product_tag","embeddable":true,"href":"https:\/\/eurocas.com\/es\/wp-json\/wp\/v2\/product_tag?post=3310"}],"curies":[{"name":"wp","href":"https:\/\/api.w.org\/{rel}","templated":true}]}}