{"id":3309,"date":"2022-07-06T15:35:46","date_gmt":"2022-08-01T08:06:13","guid":{"rendered":"https:\/\/eurocas.com\/?post_type=product&#038;p=3309\/"},"modified":"2023-04-04T13:40:41","modified_gmt":"2023-04-04T10:40:41","slug":"cerezas-de-coctel","status":"publish","type":"product","link":"https:\/\/eurocas.com\/es\/producto\/cerezas-de-coctel\/","title":{"rendered":"Cerezas de coctel"},"content":{"rendered":"","protected":false},"excerpt":{"rendered":"<p>Aunque, como sugiere su nombre, es un producto que se utiliza principalmente en bares y restaurantes de alta gama, las cerezas rojas de c\u00f3ctel tambi\u00e9n se utilizan cada vez m\u00e1s en la pasteler\u00eda.<\/p>\n<p>Su color rojo intenso y su tallo elegante ofrecen un maravilloso contraste de color, especialmente como decoraci\u00f3n en tortas de crema batida o cupcakes.<\/p>\n<p>Sorprende a tus clientes con una nueva y encantadora decoraci\u00f3n y prueba las cerezas c\u00f3ctel rojas con rabo de Eurocas.<\/p>\n<p>Envase est\u00e1ndar: tarro de cristal de 720 ml, 6 tarros en una caja de cart\u00f3n.<\/p>\n","protected":false},"featured_media":3256,"template":"","meta":[],"product_cat":[103],"product_tag":[],"yoast_head":"<!-- This site is optimized with the Yoast SEO plugin v22.8 - https:\/\/yoast.com\/wordpress\/plugins\/seo\/ -->\n<title>Cerezas de coctel<\/title>\n<meta name=\"description\" content=\"Cerezas de coctel. Eurocas.com.\" \/>\n<meta name=\"robots\" content=\"index, follow, max-snippet:-1, max-image-preview:large, max-video-preview:-1\" \/>\n<link rel=\"canonical\" href=\"https:\/\/eurocas.com\/es\/producto\/cerezas-de-coctel\/\" \/>\n<meta property=\"og:locale\" content=\"es_ES\" \/>\n<meta property=\"og:type\" content=\"article\" \/>\n<meta property=\"og:title\" content=\"Cerezas de coctel\" \/>\n<meta property=\"og:description\" content=\"Cerezas de coctel. Eurocas.com.\" \/>\n<meta property=\"og:url\" content=\"https:\/\/eurocas.com\/es\/producto\/cerezas-de-coctel\/\" \/>\n<meta property=\"og:site_name\" content=\"Eurocas.com\" \/>\n<meta property=\"article:modified_time\" content=\"2023-04-04T10:40:41+00:00\" \/>\n<meta property=\"og:image\" content=\"https:\/\/eurocas.com\/wp-content\/uploads\/2022\/07\/cocktail-cherries.png\" \/>\n\t<meta property=\"og:image:width\" content=\"800\" \/>\n\t<meta property=\"og:image:height\" content=\"460\" \/>\n\t<meta property=\"og:image:type\" content=\"image\/png\" \/>\n<meta name=\"twitter:card\" content=\"summary_large_image\" \/>\n<script type=\"application\/ld+json\" class=\"yoast-schema-graph\">{\"@context\":\"https:\/\/schema.org\",\"@graph\":[{\"@type\":\"WebPage\",\"@id\":\"https:\/\/eurocas.com\/es\/producto\/cerezas-de-coctel\/\",\"url\":\"https:\/\/eurocas.com\/es\/producto\/cerezas-de-coctel\/\",\"name\":\"Cerezas de coctel\",\"isPartOf\":{\"@id\":\"https:\/\/eurocas.com\/#website\"},\"primaryImageOfPage\":{\"@id\":\"https:\/\/eurocas.com\/es\/producto\/cerezas-de-coctel\/#primaryimage\"},\"image\":{\"@id\":\"https:\/\/eurocas.com\/es\/producto\/cerezas-de-coctel\/#primaryimage\"},\"thumbnailUrl\":\"https:\/\/eurocas.com\/wp-content\/uploads\/2022\/07\/cocktail-cherries-1.png\",\"datePublished\":\"2022-08-01T08:06:13+00:00\",\"dateModified\":\"2023-04-04T10:40:41+00:00\",\"description\":\"Cerezas de coctel. Eurocas.com.\",\"breadcrumb\":{\"@id\":\"https:\/\/eurocas.com\/es\/producto\/cerezas-de-coctel\/#breadcrumb\"},\"inLanguage\":\"es\",\"potentialAction\":[{\"@type\":\"ReadAction\",\"target\":[\"https:\/\/eurocas.com\/es\/producto\/cerezas-de-coctel\/\"]}]},{\"@type\":\"ImageObject\",\"inLanguage\":\"es\",\"@id\":\"https:\/\/eurocas.com\/es\/producto\/cerezas-de-coctel\/#primaryimage\",\"url\":\"https:\/\/eurocas.com\/wp-content\/uploads\/2022\/07\/cocktail-cherries-1.png\",\"contentUrl\":\"https:\/\/eurocas.com\/wp-content\/uploads\/2022\/07\/cocktail-cherries-1.png\",\"width\":800,\"height\":460},{\"@type\":\"BreadcrumbList\",\"@id\":\"https:\/\/eurocas.com\/es\/producto\/cerezas-de-coctel\/#breadcrumb\",\"itemListElement\":[{\"@type\":\"ListItem\",\"position\":1,\"name\":\"Home\",\"item\":\"https:\/\/eurocas.com\/es\/\"},{\"@type\":\"ListItem\",\"position\":2,\"name\":\"Products\",\"item\":\"https:\/\/eurocas.com\/shop\/\"},{\"@type\":\"ListItem\",\"position\":3,\"name\":\"Cerezas de coctel\"}]},{\"@type\":\"WebSite\",\"@id\":\"https:\/\/eurocas.com\/#website\",\"url\":\"https:\/\/eurocas.com\/\",\"name\":\"Eurocas.com\",\"description\":\"Eurocas.com\",\"publisher\":{\"@id\":\"https:\/\/eurocas.com\/#organization\"},\"potentialAction\":[{\"@type\":\"SearchAction\",\"target\":{\"@type\":\"EntryPoint\",\"urlTemplate\":\"https:\/\/eurocas.com\/?s={search_term_string}\"},\"query-input\":\"required name=search_term_string\"}],\"inLanguage\":\"es\"},{\"@type\":\"Organization\",\"@id\":\"https:\/\/eurocas.com\/#organization\",\"name\":\"Eurocas International\",\"url\":\"https:\/\/eurocas.com\/\",\"logo\":{\"@type\":\"ImageObject\",\"inLanguage\":\"es\",\"@id\":\"https:\/\/eurocas.com\/#\/schema\/logo\/image\/\",\"url\":\"https:\/\/eurocas.com\/wp-content\/uploads\/2021\/09\/logo.png\",\"contentUrl\":\"https:\/\/eurocas.com\/wp-content\/uploads\/2021\/09\/logo.png\",\"width\":1954,\"height\":599,\"caption\":\"Eurocas International\"},\"image\":{\"@id\":\"https:\/\/eurocas.com\/#\/schema\/logo\/image\/\"}}]}<\/script>\n<!-- \/ Yoast SEO plugin. -->","yoast_head_json":{"title":"Cerezas de coctel","description":"Cerezas de coctel. Eurocas.com.","robots":{"index":"index","follow":"follow","max-snippet":"max-snippet:-1","max-image-preview":"max-image-preview:large","max-video-preview":"max-video-preview:-1"},"canonical":"https:\/\/eurocas.com\/es\/producto\/cerezas-de-coctel\/","og_locale":"es_ES","og_type":"article","og_title":"Cerezas de coctel","og_description":"Cerezas de coctel. Eurocas.com.","og_url":"https:\/\/eurocas.com\/es\/producto\/cerezas-de-coctel\/","og_site_name":"Eurocas.com","article_modified_time":"2023-04-04T10:40:41+00:00","og_image":[{"width":800,"height":460,"url":"https:\/\/eurocas.com\/wp-content\/uploads\/2022\/07\/cocktail-cherries.png","type":"image\/png"}],"twitter_card":"summary_large_image","schema":{"@context":"https:\/\/schema.org","@graph":[{"@type":"WebPage","@id":"https:\/\/eurocas.com\/es\/producto\/cerezas-de-coctel\/","url":"https:\/\/eurocas.com\/es\/producto\/cerezas-de-coctel\/","name":"Cerezas de coctel","isPartOf":{"@id":"https:\/\/eurocas.com\/#website"},"primaryImageOfPage":{"@id":"https:\/\/eurocas.com\/es\/producto\/cerezas-de-coctel\/#primaryimage"},"image":{"@id":"https:\/\/eurocas.com\/es\/producto\/cerezas-de-coctel\/#primaryimage"},"thumbnailUrl":"https:\/\/eurocas.com\/wp-content\/uploads\/2022\/07\/cocktail-cherries-1.png","datePublished":"2022-08-01T08:06:13+00:00","dateModified":"2023-04-04T10:40:41+00:00","description":"Cerezas de coctel. Eurocas.com.","breadcrumb":{"@id":"https:\/\/eurocas.com\/es\/producto\/cerezas-de-coctel\/#breadcrumb"},"inLanguage":"es","potentialAction":[{"@type":"ReadAction","target":["https:\/\/eurocas.com\/es\/producto\/cerezas-de-coctel\/"]}]},{"@type":"ImageObject","inLanguage":"es","@id":"https:\/\/eurocas.com\/es\/producto\/cerezas-de-coctel\/#primaryimage","url":"https:\/\/eurocas.com\/wp-content\/uploads\/2022\/07\/cocktail-cherries-1.png","contentUrl":"https:\/\/eurocas.com\/wp-content\/uploads\/2022\/07\/cocktail-cherries-1.png","width":800,"height":460},{"@type":"BreadcrumbList","@id":"https:\/\/eurocas.com\/es\/producto\/cerezas-de-coctel\/#breadcrumb","itemListElement":[{"@type":"ListItem","position":1,"name":"Home","item":"https:\/\/eurocas.com\/es\/"},{"@type":"ListItem","position":2,"name":"Products","item":"https:\/\/eurocas.com\/shop\/"},{"@type":"ListItem","position":3,"name":"Cerezas de coctel"}]},{"@type":"WebSite","@id":"https:\/\/eurocas.com\/#website","url":"https:\/\/eurocas.com\/","name":"Eurocas.com","description":"Eurocas.com","publisher":{"@id":"https:\/\/eurocas.com\/#organization"},"potentialAction":[{"@type":"SearchAction","target":{"@type":"EntryPoint","urlTemplate":"https:\/\/eurocas.com\/?s={search_term_string}"},"query-input":"required name=search_term_string"}],"inLanguage":"es"},{"@type":"Organization","@id":"https:\/\/eurocas.com\/#organization","name":"Eurocas International","url":"https:\/\/eurocas.com\/","logo":{"@type":"ImageObject","inLanguage":"es","@id":"https:\/\/eurocas.com\/#\/schema\/logo\/image\/","url":"https:\/\/eurocas.com\/wp-content\/uploads\/2021\/09\/logo.png","contentUrl":"https:\/\/eurocas.com\/wp-content\/uploads\/2021\/09\/logo.png","width":1954,"height":599,"caption":"Eurocas International"},"image":{"@id":"https:\/\/eurocas.com\/#\/schema\/logo\/image\/"}}]}},"_links":{"self":[{"href":"https:\/\/eurocas.com\/es\/wp-json\/wp\/v2\/product\/3309"}],"collection":[{"href":"https:\/\/eurocas.com\/es\/wp-json\/wp\/v2\/product"}],"about":[{"href":"https:\/\/eurocas.com\/es\/wp-json\/wp\/v2\/types\/product"}],"wp:featuredmedia":[{"embeddable":true,"href":"https:\/\/eurocas.com\/es\/wp-json\/wp\/v2\/media\/3256"}],"wp:attachment":[{"href":"https:\/\/eurocas.com\/es\/wp-json\/wp\/v2\/media?parent=3309"}],"wp:term":[{"taxonomy":"product_cat","embeddable":true,"href":"https:\/\/eurocas.com\/es\/wp-json\/wp\/v2\/product_cat?post=3309"},{"taxonomy":"product_tag","embeddable":true,"href":"https:\/\/eurocas.com\/es\/wp-json\/wp\/v2\/product_tag?post=3309"}],"curies":[{"name":"wp","href":"https:\/\/api.w.org\/{rel}","templated":true}]}}