{"id":2597,"date":"2021-05-26T00:00:00","date_gmt":"2021-05-25T22:00:00","guid":{"rendered":"https:\/\/eurocas.com\/product\/coberturas-de-frutas-en-gel\/"},"modified":"2022-11-24T13:54:03","modified_gmt":"2022-11-24T10:54:03","slug":"coberturas-de-frutas-en-gel","status":"publish","type":"product","link":"https:\/\/eurocas.com\/es\/producto\/coberturas-de-frutas-en-gel\/","title":{"rendered":"Coberturas de frutas (en gel)"},"content":{"rendered":"<p>Ready to use creams<\/p>\n<p>Una amplia gama de Toppings de frutas en gel.<\/p>\n<ul>\n<li>Grandes piezas de frutas<\/li>\n<li>Gama amplia<\/li>\n<li>Embalaje conveniente<\/li>\n<\/ul>\n<p>Nuestras coberturas de frutas en gel son una excelente manera de crear un aspecto fresco en sus productos horneados finales. Puedes usarlos como decoraci\u00f3n o puedes usarlos como relleno para postres ya horneados.<\/p>\n<p>Un gran aspecto de las coberturas de frutas es su empaque muy pr\u00e1ctico. Vienen en latas de 2,6 kg lo que les ofrece una larga vida \u00fatil. Las latas son f\u00e1ciles de abrir y tambi\u00e9n vienen con una tapa que puedes poner encima para cerrar la lata despu\u00e9s de abrirla.<\/p>\n<p>Nuestras coberturas de frutas m\u00e1s vendidas son las cerezas, las fresas y los ar\u00e1ndanos.<\/p>\n","protected":false},"excerpt":{"rendered":"<p>Una amplia gama de Toppings de frutas en gel.<\/p>\n<ul>\n<li>Grandes piezas de frutas<\/li>\n<li>Gama amplia<\/li>\n<li>Embalaje conveniente<\/li>\n<\/ul>\n<p>Nuestras coberturas de frutas en gel son una excelente manera de crear un aspecto fresco en sus productos horneados finales. Puedes usarlos como decoraci\u00f3n o puedes usarlos como relleno para postres ya horneados.<\/p>\n<p>Un gran aspecto de las coberturas de frutas es su empaque muy pr\u00e1ctico. Vienen en latas de 2,6 kg lo que les ofrece una larga vida \u00fatil. Las latas son f\u00e1ciles de abrir y tambi\u00e9n vienen con una tapa que puedes poner encima para cerrar la lata despu\u00e9s de abrirla.<\/p>\n<p>Nuestras coberturas de frutas m\u00e1s vendidas son las cerezas, las fresas y los ar\u00e1ndanos.<\/p>\n","protected":false},"featured_media":2595,"template":"","meta":[],"product_cat":[72],"product_tag":[],"yoast_head":"<!-- This site is optimized with the Yoast SEO plugin v22.8 - https:\/\/yoast.com\/wordpress\/plugins\/seo\/ -->\n<title>Coberturas de frutas (en gel)<\/title>\n<meta name=\"description\" content=\"Coberturas de frutas (en gel). Eurocas.com.\" \/>\n<meta name=\"robots\" content=\"index, follow, max-snippet:-1, max-image-preview:large, max-video-preview:-1\" \/>\n<link rel=\"canonical\" href=\"https:\/\/eurocas.com\/producto\/fruit-toppings-in-gel\/\" \/>\n<meta property=\"og:locale\" content=\"es_ES\" \/>\n<meta property=\"og:type\" content=\"article\" \/>\n<meta property=\"og:title\" content=\"Coberturas de frutas (en gel)\" \/>\n<meta property=\"og:description\" content=\"Coberturas de frutas (en gel). Eurocas.com.\" \/>\n<meta property=\"og:url\" content=\"https:\/\/eurocas.com\/producto\/fruit-toppings-in-gel\/\" \/>\n<meta property=\"og:site_name\" content=\"Eurocas.com\" \/>\n<meta property=\"article:modified_time\" content=\"2022-11-24T10:54:03+00:00\" \/>\n<meta property=\"og:image\" content=\"https:\/\/eurocas.com\/wp-content\/uploads\/2022\/03\/Fruit-Toppings-8.png\" \/>\n\t<meta property=\"og:image:width\" content=\"950\" \/>\n\t<meta property=\"og:image:height\" content=\"775\" \/>\n\t<meta property=\"og:image:type\" content=\"image\/png\" \/>\n<meta name=\"twitter:card\" content=\"summary_large_image\" \/>\n<meta name=\"twitter:label1\" content=\"Tiempo de lectura\" \/>\n\t<meta name=\"twitter:data1\" content=\"1 minuto\" \/>\n<script type=\"application\/ld+json\" class=\"yoast-schema-graph\">{\"@context\":\"https:\/\/schema.org\",\"@graph\":[{\"@type\":\"WebPage\",\"@id\":\"https:\/\/eurocas.com\/producto\/fruit-toppings-in-gel\/\",\"url\":\"https:\/\/eurocas.com\/producto\/fruit-toppings-in-gel\/\",\"name\":\"Coberturas de frutas (en gel)\",\"isPartOf\":{\"@id\":\"https:\/\/eurocas.com\/#website\"},\"primaryImageOfPage\":{\"@id\":\"https:\/\/eurocas.com\/producto\/fruit-toppings-in-gel\/#primaryimage\"},\"image\":{\"@id\":\"https:\/\/eurocas.com\/producto\/fruit-toppings-in-gel\/#primaryimage\"},\"thumbnailUrl\":\"https:\/\/eurocas.com\/wp-content\/uploads\/2022\/03\/Fruit-Toppings-8.png\",\"datePublished\":\"2021-05-25T22:00:00+00:00\",\"dateModified\":\"2022-11-24T10:54:03+00:00\",\"description\":\"Coberturas de frutas (en gel). Eurocas.com.\",\"breadcrumb\":{\"@id\":\"https:\/\/eurocas.com\/producto\/fruit-toppings-in-gel\/#breadcrumb\"},\"inLanguage\":\"es\",\"potentialAction\":[{\"@type\":\"ReadAction\",\"target\":[\"https:\/\/eurocas.com\/producto\/fruit-toppings-in-gel\/\"]}]},{\"@type\":\"ImageObject\",\"inLanguage\":\"es\",\"@id\":\"https:\/\/eurocas.com\/producto\/fruit-toppings-in-gel\/#primaryimage\",\"url\":\"https:\/\/eurocas.com\/wp-content\/uploads\/2022\/03\/Fruit-Toppings-8.png\",\"contentUrl\":\"https:\/\/eurocas.com\/wp-content\/uploads\/2022\/03\/Fruit-Toppings-8.png\",\"width\":950,\"height\":775,\"caption\":\"fruit toppings in gel for pastry and desserts\"},{\"@type\":\"BreadcrumbList\",\"@id\":\"https:\/\/eurocas.com\/producto\/fruit-toppings-in-gel\/#breadcrumb\",\"itemListElement\":[{\"@type\":\"ListItem\",\"position\":1,\"name\":\"Home\",\"item\":\"https:\/\/eurocas.com\/es\/\"},{\"@type\":\"ListItem\",\"position\":2,\"name\":\"Products\",\"item\":\"https:\/\/eurocas.com\/shop\/\"},{\"@type\":\"ListItem\",\"position\":3,\"name\":\"Coberturas de frutas (en gel)\"}]},{\"@type\":\"WebSite\",\"@id\":\"https:\/\/eurocas.com\/#website\",\"url\":\"https:\/\/eurocas.com\/\",\"name\":\"Eurocas.com\",\"description\":\"Eurocas.com\",\"publisher\":{\"@id\":\"https:\/\/eurocas.com\/#organization\"},\"potentialAction\":[{\"@type\":\"SearchAction\",\"target\":{\"@type\":\"EntryPoint\",\"urlTemplate\":\"https:\/\/eurocas.com\/?s={search_term_string}\"},\"query-input\":\"required name=search_term_string\"}],\"inLanguage\":\"es\"},{\"@type\":\"Organization\",\"@id\":\"https:\/\/eurocas.com\/#organization\",\"name\":\"Eurocas International\",\"url\":\"https:\/\/eurocas.com\/\",\"logo\":{\"@type\":\"ImageObject\",\"inLanguage\":\"es\",\"@id\":\"https:\/\/eurocas.com\/#\/schema\/logo\/image\/\",\"url\":\"https:\/\/eurocas.com\/wp-content\/uploads\/2021\/09\/logo.png\",\"contentUrl\":\"https:\/\/eurocas.com\/wp-content\/uploads\/2021\/09\/logo.png\",\"width\":1954,\"height\":599,\"caption\":\"Eurocas International\"},\"image\":{\"@id\":\"https:\/\/eurocas.com\/#\/schema\/logo\/image\/\"}}]}<\/script>\n<!-- \/ Yoast SEO plugin. -->","yoast_head_json":{"title":"Coberturas de frutas (en gel)","description":"Coberturas de frutas (en gel). Eurocas.com.","robots":{"index":"index","follow":"follow","max-snippet":"max-snippet:-1","max-image-preview":"max-image-preview:large","max-video-preview":"max-video-preview:-1"},"canonical":"https:\/\/eurocas.com\/producto\/fruit-toppings-in-gel\/","og_locale":"es_ES","og_type":"article","og_title":"Coberturas de frutas (en gel)","og_description":"Coberturas de frutas (en gel). Eurocas.com.","og_url":"https:\/\/eurocas.com\/producto\/fruit-toppings-in-gel\/","og_site_name":"Eurocas.com","article_modified_time":"2022-11-24T10:54:03+00:00","og_image":[{"width":950,"height":775,"url":"https:\/\/eurocas.com\/wp-content\/uploads\/2022\/03\/Fruit-Toppings-8.png","type":"image\/png"}],"twitter_card":"summary_large_image","twitter_misc":{"Tiempo de lectura":"1 minuto"},"schema":{"@context":"https:\/\/schema.org","@graph":[{"@type":"WebPage","@id":"https:\/\/eurocas.com\/producto\/fruit-toppings-in-gel\/","url":"https:\/\/eurocas.com\/producto\/fruit-toppings-in-gel\/","name":"Coberturas de frutas (en gel)","isPartOf":{"@id":"https:\/\/eurocas.com\/#website"},"primaryImageOfPage":{"@id":"https:\/\/eurocas.com\/producto\/fruit-toppings-in-gel\/#primaryimage"},"image":{"@id":"https:\/\/eurocas.com\/producto\/fruit-toppings-in-gel\/#primaryimage"},"thumbnailUrl":"https:\/\/eurocas.com\/wp-content\/uploads\/2022\/03\/Fruit-Toppings-8.png","datePublished":"2021-05-25T22:00:00+00:00","dateModified":"2022-11-24T10:54:03+00:00","description":"Coberturas de frutas (en gel). Eurocas.com.","breadcrumb":{"@id":"https:\/\/eurocas.com\/producto\/fruit-toppings-in-gel\/#breadcrumb"},"inLanguage":"es","potentialAction":[{"@type":"ReadAction","target":["https:\/\/eurocas.com\/producto\/fruit-toppings-in-gel\/"]}]},{"@type":"ImageObject","inLanguage":"es","@id":"https:\/\/eurocas.com\/producto\/fruit-toppings-in-gel\/#primaryimage","url":"https:\/\/eurocas.com\/wp-content\/uploads\/2022\/03\/Fruit-Toppings-8.png","contentUrl":"https:\/\/eurocas.com\/wp-content\/uploads\/2022\/03\/Fruit-Toppings-8.png","width":950,"height":775,"caption":"fruit toppings in gel for pastry and desserts"},{"@type":"BreadcrumbList","@id":"https:\/\/eurocas.com\/producto\/fruit-toppings-in-gel\/#breadcrumb","itemListElement":[{"@type":"ListItem","position":1,"name":"Home","item":"https:\/\/eurocas.com\/es\/"},{"@type":"ListItem","position":2,"name":"Products","item":"https:\/\/eurocas.com\/shop\/"},{"@type":"ListItem","position":3,"name":"Coberturas de frutas (en gel)"}]},{"@type":"WebSite","@id":"https:\/\/eurocas.com\/#website","url":"https:\/\/eurocas.com\/","name":"Eurocas.com","description":"Eurocas.com","publisher":{"@id":"https:\/\/eurocas.com\/#organization"},"potentialAction":[{"@type":"SearchAction","target":{"@type":"EntryPoint","urlTemplate":"https:\/\/eurocas.com\/?s={search_term_string}"},"query-input":"required name=search_term_string"}],"inLanguage":"es"},{"@type":"Organization","@id":"https:\/\/eurocas.com\/#organization","name":"Eurocas International","url":"https:\/\/eurocas.com\/","logo":{"@type":"ImageObject","inLanguage":"es","@id":"https:\/\/eurocas.com\/#\/schema\/logo\/image\/","url":"https:\/\/eurocas.com\/wp-content\/uploads\/2021\/09\/logo.png","contentUrl":"https:\/\/eurocas.com\/wp-content\/uploads\/2021\/09\/logo.png","width":1954,"height":599,"caption":"Eurocas International"},"image":{"@id":"https:\/\/eurocas.com\/#\/schema\/logo\/image\/"}}]}},"_links":{"self":[{"href":"https:\/\/eurocas.com\/es\/wp-json\/wp\/v2\/product\/2597"}],"collection":[{"href":"https:\/\/eurocas.com\/es\/wp-json\/wp\/v2\/product"}],"about":[{"href":"https:\/\/eurocas.com\/es\/wp-json\/wp\/v2\/types\/product"}],"wp:featuredmedia":[{"embeddable":true,"href":"https:\/\/eurocas.com\/es\/wp-json\/wp\/v2\/media\/2595"}],"wp:attachment":[{"href":"https:\/\/eurocas.com\/es\/wp-json\/wp\/v2\/media?parent=2597"}],"wp:term":[{"taxonomy":"product_cat","embeddable":true,"href":"https:\/\/eurocas.com\/es\/wp-json\/wp\/v2\/product_cat?post=2597"},{"taxonomy":"product_tag","embeddable":true,"href":"https:\/\/eurocas.com\/es\/wp-json\/wp\/v2\/product_tag?post=2597"}],"curies":[{"name":"wp","href":"https:\/\/api.w.org\/{rel}","templated":true}]}}