{"id":2590,"date":"2021-05-10T00:00:00","date_gmt":"2021-05-09T21:00:00","guid":{"rendered":"https:\/\/eurocas.com\/product\/pastry-choux-2\/"},"modified":"2022-08-01T09:48:06","modified_gmt":"2022-08-01T06:48:06","slug":"pastry-choux-2","status":"publish","type":"product","link":"https:\/\/eurocas.com\/es\/producto\/pastry-choux-2\/","title":{"rendered":"Pastry Choux"},"content":{"rendered":"<p>Ready to use creams<\/p>\n<p>Conchas de pasteler\u00eda Choux de primera calidad listas para usar.<\/p>\n<ul>\n<li>CALIDAD EXQUISITA<\/li>\n<li>YA HORNEADO<\/li>\n<li>LISTAS PARA USAR<\/li>\n<\/ul>\n<p>Las conchas de pasteler\u00eda Choux, tambi\u00e9n conocidas como Bign\u00e8, conchas de Cream Puff o conchas de Profiterole, son una gran ayuda para la producci\u00f3n r\u00e1pida de varios postres o delicias saladas.<\/p>\n<p>Los Eurocas Pastry Choux est\u00e1n listos para rellenar y decorar seg\u00fan su imaginaci\u00f3n.<\/p>\n","protected":false},"excerpt":{"rendered":"<p>Conchas de pasteler\u00eda Choux de primera calidad listas para usar.<\/p>\n<ul>\n<li>CALIDAD EXQUISITA<\/li>\n<li>YA HORNEADO<\/li>\n<li>LISTAS PARA USAR<\/li>\n<\/ul>\n<p>Las conchas de pasteler\u00eda Choux, tambi\u00e9n conocidas como Bign\u00e8, conchas de Cream Puff o conchas de Profiterole, son una gran ayuda para la producci\u00f3n r\u00e1pida de varios postres o delicias saladas.<\/p>\n<p>Los Eurocas Pastry Choux est\u00e1n listos para rellenar y decorar seg\u00fan su imaginaci\u00f3n.<\/p>\n","protected":false},"featured_media":3292,"template":"","meta":[],"product_cat":[102],"product_tag":[],"yoast_head":"<!-- This site is optimized with the Yoast SEO plugin v22.8 - https:\/\/yoast.com\/wordpress\/plugins\/seo\/ -->\n<title>Pastry Choux | Eurocas.com<\/title>\n<meta name=\"description\" content=\"Pastry Choux. Eurocas.com.\" \/>\n<meta name=\"robots\" content=\"index, follow, max-snippet:-1, max-image-preview:large, max-video-preview:-1\" \/>\n<link rel=\"canonical\" href=\"https:\/\/eurocas.com\/es\/producto\/pastry-choux-2\/\" \/>\n<meta property=\"og:locale\" content=\"es_ES\" \/>\n<meta property=\"og:type\" content=\"article\" \/>\n<meta property=\"og:title\" content=\"Pastry Choux | Eurocas.com\" \/>\n<meta property=\"og:description\" content=\"Pastry Choux. Eurocas.com.\" \/>\n<meta property=\"og:url\" content=\"https:\/\/eurocas.com\/es\/producto\/pastry-choux-2\/\" \/>\n<meta property=\"og:site_name\" content=\"Eurocas.com\" \/>\n<meta property=\"article:modified_time\" content=\"2022-08-01T06:48:06+00:00\" \/>\n<meta property=\"og:image\" content=\"https:\/\/eurocas.com\/wp-content\/uploads\/2022\/03\/Pastry-Choux-shells-2-8.png\" \/>\n\t<meta property=\"og:image:width\" content=\"950\" \/>\n\t<meta property=\"og:image:height\" content=\"695\" \/>\n\t<meta property=\"og:image:type\" content=\"image\/png\" \/>\n<meta name=\"twitter:card\" content=\"summary_large_image\" \/>\n<script type=\"application\/ld+json\" class=\"yoast-schema-graph\">{\"@context\":\"https:\/\/schema.org\",\"@graph\":[{\"@type\":\"WebPage\",\"@id\":\"https:\/\/eurocas.com\/es\/producto\/pastry-choux-2\/\",\"url\":\"https:\/\/eurocas.com\/es\/producto\/pastry-choux-2\/\",\"name\":\"Pastry Choux | Eurocas.com\",\"isPartOf\":{\"@id\":\"https:\/\/eurocas.com\/#website\"},\"primaryImageOfPage\":{\"@id\":\"https:\/\/eurocas.com\/es\/producto\/pastry-choux-2\/#primaryimage\"},\"image\":{\"@id\":\"https:\/\/eurocas.com\/es\/producto\/pastry-choux-2\/#primaryimage\"},\"thumbnailUrl\":\"https:\/\/eurocas.com\/wp-content\/uploads\/2022\/03\/Pastry-Choux-shells-2-8.png\",\"datePublished\":\"2021-05-09T21:00:00+00:00\",\"dateModified\":\"2022-08-01T06:48:06+00:00\",\"description\":\"Pastry Choux. Eurocas.com.\",\"breadcrumb\":{\"@id\":\"https:\/\/eurocas.com\/es\/producto\/pastry-choux-2\/#breadcrumb\"},\"inLanguage\":\"es\",\"potentialAction\":[{\"@type\":\"ReadAction\",\"target\":[\"https:\/\/eurocas.com\/es\/producto\/pastry-choux-2\/\"]}]},{\"@type\":\"ImageObject\",\"inLanguage\":\"es\",\"@id\":\"https:\/\/eurocas.com\/es\/producto\/pastry-choux-2\/#primaryimage\",\"url\":\"https:\/\/eurocas.com\/wp-content\/uploads\/2022\/03\/Pastry-Choux-shells-2-8.png\",\"contentUrl\":\"https:\/\/eurocas.com\/wp-content\/uploads\/2022\/03\/Pastry-Choux-shells-2-8.png\",\"width\":950,\"height\":695,\"caption\":\"choux pastry mix for \u00e9clairs and cream puffs\"},{\"@type\":\"BreadcrumbList\",\"@id\":\"https:\/\/eurocas.com\/es\/producto\/pastry-choux-2\/#breadcrumb\",\"itemListElement\":[{\"@type\":\"ListItem\",\"position\":1,\"name\":\"Home\",\"item\":\"https:\/\/eurocas.com\/es\/\"},{\"@type\":\"ListItem\",\"position\":2,\"name\":\"Products\",\"item\":\"https:\/\/eurocas.com\/shop\/\"},{\"@type\":\"ListItem\",\"position\":3,\"name\":\"Pastry Choux\"}]},{\"@type\":\"WebSite\",\"@id\":\"https:\/\/eurocas.com\/#website\",\"url\":\"https:\/\/eurocas.com\/\",\"name\":\"Eurocas.com\",\"description\":\"Eurocas.com\",\"publisher\":{\"@id\":\"https:\/\/eurocas.com\/#organization\"},\"potentialAction\":[{\"@type\":\"SearchAction\",\"target\":{\"@type\":\"EntryPoint\",\"urlTemplate\":\"https:\/\/eurocas.com\/?s={search_term_string}\"},\"query-input\":\"required name=search_term_string\"}],\"inLanguage\":\"es\"},{\"@type\":\"Organization\",\"@id\":\"https:\/\/eurocas.com\/#organization\",\"name\":\"Eurocas International\",\"url\":\"https:\/\/eurocas.com\/\",\"logo\":{\"@type\":\"ImageObject\",\"inLanguage\":\"es\",\"@id\":\"https:\/\/eurocas.com\/#\/schema\/logo\/image\/\",\"url\":\"https:\/\/eurocas.com\/wp-content\/uploads\/2021\/09\/logo.png\",\"contentUrl\":\"https:\/\/eurocas.com\/wp-content\/uploads\/2021\/09\/logo.png\",\"width\":1954,\"height\":599,\"caption\":\"Eurocas International\"},\"image\":{\"@id\":\"https:\/\/eurocas.com\/#\/schema\/logo\/image\/\"}}]}<\/script>\n<!-- \/ Yoast SEO plugin. -->","yoast_head_json":{"title":"Pastry Choux | Eurocas.com","description":"Pastry Choux. Eurocas.com.","robots":{"index":"index","follow":"follow","max-snippet":"max-snippet:-1","max-image-preview":"max-image-preview:large","max-video-preview":"max-video-preview:-1"},"canonical":"https:\/\/eurocas.com\/es\/producto\/pastry-choux-2\/","og_locale":"es_ES","og_type":"article","og_title":"Pastry Choux | Eurocas.com","og_description":"Pastry Choux. Eurocas.com.","og_url":"https:\/\/eurocas.com\/es\/producto\/pastry-choux-2\/","og_site_name":"Eurocas.com","article_modified_time":"2022-08-01T06:48:06+00:00","og_image":[{"width":950,"height":695,"url":"https:\/\/eurocas.com\/wp-content\/uploads\/2022\/03\/Pastry-Choux-shells-2-8.png","type":"image\/png"}],"twitter_card":"summary_large_image","schema":{"@context":"https:\/\/schema.org","@graph":[{"@type":"WebPage","@id":"https:\/\/eurocas.com\/es\/producto\/pastry-choux-2\/","url":"https:\/\/eurocas.com\/es\/producto\/pastry-choux-2\/","name":"Pastry Choux | Eurocas.com","isPartOf":{"@id":"https:\/\/eurocas.com\/#website"},"primaryImageOfPage":{"@id":"https:\/\/eurocas.com\/es\/producto\/pastry-choux-2\/#primaryimage"},"image":{"@id":"https:\/\/eurocas.com\/es\/producto\/pastry-choux-2\/#primaryimage"},"thumbnailUrl":"https:\/\/eurocas.com\/wp-content\/uploads\/2022\/03\/Pastry-Choux-shells-2-8.png","datePublished":"2021-05-09T21:00:00+00:00","dateModified":"2022-08-01T06:48:06+00:00","description":"Pastry Choux. Eurocas.com.","breadcrumb":{"@id":"https:\/\/eurocas.com\/es\/producto\/pastry-choux-2\/#breadcrumb"},"inLanguage":"es","potentialAction":[{"@type":"ReadAction","target":["https:\/\/eurocas.com\/es\/producto\/pastry-choux-2\/"]}]},{"@type":"ImageObject","inLanguage":"es","@id":"https:\/\/eurocas.com\/es\/producto\/pastry-choux-2\/#primaryimage","url":"https:\/\/eurocas.com\/wp-content\/uploads\/2022\/03\/Pastry-Choux-shells-2-8.png","contentUrl":"https:\/\/eurocas.com\/wp-content\/uploads\/2022\/03\/Pastry-Choux-shells-2-8.png","width":950,"height":695,"caption":"choux pastry mix for \u00e9clairs and cream puffs"},{"@type":"BreadcrumbList","@id":"https:\/\/eurocas.com\/es\/producto\/pastry-choux-2\/#breadcrumb","itemListElement":[{"@type":"ListItem","position":1,"name":"Home","item":"https:\/\/eurocas.com\/es\/"},{"@type":"ListItem","position":2,"name":"Products","item":"https:\/\/eurocas.com\/shop\/"},{"@type":"ListItem","position":3,"name":"Pastry Choux"}]},{"@type":"WebSite","@id":"https:\/\/eurocas.com\/#website","url":"https:\/\/eurocas.com\/","name":"Eurocas.com","description":"Eurocas.com","publisher":{"@id":"https:\/\/eurocas.com\/#organization"},"potentialAction":[{"@type":"SearchAction","target":{"@type":"EntryPoint","urlTemplate":"https:\/\/eurocas.com\/?s={search_term_string}"},"query-input":"required name=search_term_string"}],"inLanguage":"es"},{"@type":"Organization","@id":"https:\/\/eurocas.com\/#organization","name":"Eurocas International","url":"https:\/\/eurocas.com\/","logo":{"@type":"ImageObject","inLanguage":"es","@id":"https:\/\/eurocas.com\/#\/schema\/logo\/image\/","url":"https:\/\/eurocas.com\/wp-content\/uploads\/2021\/09\/logo.png","contentUrl":"https:\/\/eurocas.com\/wp-content\/uploads\/2021\/09\/logo.png","width":1954,"height":599,"caption":"Eurocas International"},"image":{"@id":"https:\/\/eurocas.com\/#\/schema\/logo\/image\/"}}]}},"_links":{"self":[{"href":"https:\/\/eurocas.com\/es\/wp-json\/wp\/v2\/product\/2590"}],"collection":[{"href":"https:\/\/eurocas.com\/es\/wp-json\/wp\/v2\/product"}],"about":[{"href":"https:\/\/eurocas.com\/es\/wp-json\/wp\/v2\/types\/product"}],"wp:featuredmedia":[{"embeddable":true,"href":"https:\/\/eurocas.com\/es\/wp-json\/wp\/v2\/media\/3292"}],"wp:attachment":[{"href":"https:\/\/eurocas.com\/es\/wp-json\/wp\/v2\/media?parent=2590"}],"wp:term":[{"taxonomy":"product_cat","embeddable":true,"href":"https:\/\/eurocas.com\/es\/wp-json\/wp\/v2\/product_cat?post=2590"},{"taxonomy":"product_tag","embeddable":true,"href":"https:\/\/eurocas.com\/es\/wp-json\/wp\/v2\/product_tag?post=2590"}],"curies":[{"name":"wp","href":"https:\/\/api.w.org\/{rel}","templated":true}]}}