{"id":2484,"date":"2019-02-02T00:00:00","date_gmt":"2019-02-01T22:00:00","guid":{"rendered":"https:\/\/eurocas.com\/product\/fondant-blanco\/"},"modified":"2022-06-24T15:01:41","modified_gmt":"2022-06-24T12:01:41","slug":"fondant-blanco","status":"publish","type":"product","link":"https:\/\/eurocas.com\/es\/producto\/fondant-blanco\/","title":{"rendered":"Fondant Blanco"},"content":{"rendered":"<p>Ready to use creams<\/p>\n<p>Nuestro fondant blanco es perfecto para varias aplicaciones de pasteler\u00eda.<\/p>\n<ul>\n<li>Acristalamiento brillante<\/li>\n<li>Color natural<\/li>\n<li>Decoracion perfecta<\/li>\n<\/ul>\n<p>El fondant blanco de Eurocas est\u00e1 especialmente dise\u00f1ado para producir esmaltes brillantes y decorar productos de pasteler\u00eda. Usando nuestro fondant blanco, puede mezclarlo con colorantes y <a href=\"https:\/\/eurocas.com\/products\/other-products\/flavors\/?lang=es\">sabores<\/a> y crear toda la diversidad que pueda necesitar.<\/p>\n","protected":false},"excerpt":{"rendered":"<p>Nuestro fondant blanco es perfecto para varias aplicaciones de pasteler\u00eda.<\/p>\n<ul>\n<li>Acristalamiento brillante<\/li>\n<li>Color natural<\/li>\n<li>Decoracion perfecta<\/li>\n<\/ul>\n<p>El fondant blanco de Eurocas est\u00e1 especialmente dise\u00f1ado para producir esmaltes brillantes y decorar productos de pasteler\u00eda. Usando nuestro fondant blanco, puede mezclarlo con colorantes y <a href=\"https:\/\/eurocas.com\/products\/other-products\/flavors\/?lang=es\">sabores<\/a> y crear toda la diversidad que pueda necesitar.<\/p>\n","protected":false},"featured_media":3437,"template":"","meta":[],"product_cat":[90],"product_tag":[],"yoast_head":"<!-- This site is optimized with the Yoast SEO plugin v22.8 - https:\/\/yoast.com\/wordpress\/plugins\/seo\/ -->\n<title>Fondant Blanco | Eurocas.com<\/title>\n<meta name=\"description\" content=\"Fondant Blanco. Eurocas.com.\" \/>\n<meta name=\"robots\" content=\"index, follow, max-snippet:-1, max-image-preview:large, max-video-preview:-1\" \/>\n<link rel=\"canonical\" href=\"https:\/\/eurocas.com\/es\/producto\/fondant-blanco\/\" \/>\n<meta property=\"og:locale\" content=\"es_ES\" \/>\n<meta property=\"og:type\" content=\"article\" \/>\n<meta property=\"og:title\" content=\"Fondant Blanco | Eurocas.com\" \/>\n<meta property=\"og:description\" content=\"Fondant Blanco. Eurocas.com.\" \/>\n<meta property=\"og:url\" content=\"https:\/\/eurocas.com\/es\/producto\/fondant-blanco\/\" \/>\n<meta property=\"og:site_name\" content=\"Eurocas.com\" \/>\n<meta property=\"article:modified_time\" content=\"2022-06-24T12:01:41+00:00\" \/>\n<meta property=\"og:image\" content=\"https:\/\/eurocas.com\/wp-content\/uploads\/2022\/03\/White-Fondant-1-12.jpg\" \/>\n\t<meta property=\"og:image:width\" content=\"950\" \/>\n\t<meta property=\"og:image:height\" content=\"695\" \/>\n\t<meta property=\"og:image:type\" content=\"image\/jpeg\" \/>\n<meta name=\"twitter:card\" content=\"summary_large_image\" \/>\n<script type=\"application\/ld+json\" class=\"yoast-schema-graph\">{\"@context\":\"https:\/\/schema.org\",\"@graph\":[{\"@type\":\"WebPage\",\"@id\":\"https:\/\/eurocas.com\/es\/producto\/fondant-blanco\/\",\"url\":\"https:\/\/eurocas.com\/es\/producto\/fondant-blanco\/\",\"name\":\"Fondant Blanco | Eurocas.com\",\"isPartOf\":{\"@id\":\"https:\/\/eurocas.com\/#website\"},\"primaryImageOfPage\":{\"@id\":\"https:\/\/eurocas.com\/es\/producto\/fondant-blanco\/#primaryimage\"},\"image\":{\"@id\":\"https:\/\/eurocas.com\/es\/producto\/fondant-blanco\/#primaryimage\"},\"thumbnailUrl\":\"https:\/\/eurocas.com\/wp-content\/uploads\/2022\/03\/White-Fondant-1-12.jpg\",\"datePublished\":\"2019-02-01T22:00:00+00:00\",\"dateModified\":\"2022-06-24T12:01:41+00:00\",\"description\":\"Fondant Blanco. Eurocas.com.\",\"breadcrumb\":{\"@id\":\"https:\/\/eurocas.com\/es\/producto\/fondant-blanco\/#breadcrumb\"},\"inLanguage\":\"es\",\"potentialAction\":[{\"@type\":\"ReadAction\",\"target\":[\"https:\/\/eurocas.com\/es\/producto\/fondant-blanco\/\"]}]},{\"@type\":\"ImageObject\",\"inLanguage\":\"es\",\"@id\":\"https:\/\/eurocas.com\/es\/producto\/fondant-blanco\/#primaryimage\",\"url\":\"https:\/\/eurocas.com\/wp-content\/uploads\/2022\/03\/White-Fondant-1-12.jpg\",\"contentUrl\":\"https:\/\/eurocas.com\/wp-content\/uploads\/2022\/03\/White-Fondant-1-12.jpg\",\"width\":950,\"height\":695,\"caption\":\"white fondant icing for decorating\"},{\"@type\":\"BreadcrumbList\",\"@id\":\"https:\/\/eurocas.com\/es\/producto\/fondant-blanco\/#breadcrumb\",\"itemListElement\":[{\"@type\":\"ListItem\",\"position\":1,\"name\":\"Home\",\"item\":\"https:\/\/eurocas.com\/es\/\"},{\"@type\":\"ListItem\",\"position\":2,\"name\":\"Products\",\"item\":\"https:\/\/eurocas.com\/shop\/\"},{\"@type\":\"ListItem\",\"position\":3,\"name\":\"Fondant Blanco\"}]},{\"@type\":\"WebSite\",\"@id\":\"https:\/\/eurocas.com\/#website\",\"url\":\"https:\/\/eurocas.com\/\",\"name\":\"Eurocas.com\",\"description\":\"Eurocas.com\",\"publisher\":{\"@id\":\"https:\/\/eurocas.com\/#organization\"},\"potentialAction\":[{\"@type\":\"SearchAction\",\"target\":{\"@type\":\"EntryPoint\",\"urlTemplate\":\"https:\/\/eurocas.com\/?s={search_term_string}\"},\"query-input\":\"required name=search_term_string\"}],\"inLanguage\":\"es\"},{\"@type\":\"Organization\",\"@id\":\"https:\/\/eurocas.com\/#organization\",\"name\":\"Eurocas International\",\"url\":\"https:\/\/eurocas.com\/\",\"logo\":{\"@type\":\"ImageObject\",\"inLanguage\":\"es\",\"@id\":\"https:\/\/eurocas.com\/#\/schema\/logo\/image\/\",\"url\":\"https:\/\/eurocas.com\/wp-content\/uploads\/2021\/09\/logo.png\",\"contentUrl\":\"https:\/\/eurocas.com\/wp-content\/uploads\/2021\/09\/logo.png\",\"width\":1954,\"height\":599,\"caption\":\"Eurocas International\"},\"image\":{\"@id\":\"https:\/\/eurocas.com\/#\/schema\/logo\/image\/\"}}]}<\/script>\n<!-- \/ Yoast SEO plugin. -->","yoast_head_json":{"title":"Fondant Blanco | Eurocas.com","description":"Fondant Blanco. Eurocas.com.","robots":{"index":"index","follow":"follow","max-snippet":"max-snippet:-1","max-image-preview":"max-image-preview:large","max-video-preview":"max-video-preview:-1"},"canonical":"https:\/\/eurocas.com\/es\/producto\/fondant-blanco\/","og_locale":"es_ES","og_type":"article","og_title":"Fondant Blanco | Eurocas.com","og_description":"Fondant Blanco. Eurocas.com.","og_url":"https:\/\/eurocas.com\/es\/producto\/fondant-blanco\/","og_site_name":"Eurocas.com","article_modified_time":"2022-06-24T12:01:41+00:00","og_image":[{"width":950,"height":695,"url":"https:\/\/eurocas.com\/wp-content\/uploads\/2022\/03\/White-Fondant-1-12.jpg","type":"image\/jpeg"}],"twitter_card":"summary_large_image","schema":{"@context":"https:\/\/schema.org","@graph":[{"@type":"WebPage","@id":"https:\/\/eurocas.com\/es\/producto\/fondant-blanco\/","url":"https:\/\/eurocas.com\/es\/producto\/fondant-blanco\/","name":"Fondant Blanco | Eurocas.com","isPartOf":{"@id":"https:\/\/eurocas.com\/#website"},"primaryImageOfPage":{"@id":"https:\/\/eurocas.com\/es\/producto\/fondant-blanco\/#primaryimage"},"image":{"@id":"https:\/\/eurocas.com\/es\/producto\/fondant-blanco\/#primaryimage"},"thumbnailUrl":"https:\/\/eurocas.com\/wp-content\/uploads\/2022\/03\/White-Fondant-1-12.jpg","datePublished":"2019-02-01T22:00:00+00:00","dateModified":"2022-06-24T12:01:41+00:00","description":"Fondant Blanco. Eurocas.com.","breadcrumb":{"@id":"https:\/\/eurocas.com\/es\/producto\/fondant-blanco\/#breadcrumb"},"inLanguage":"es","potentialAction":[{"@type":"ReadAction","target":["https:\/\/eurocas.com\/es\/producto\/fondant-blanco\/"]}]},{"@type":"ImageObject","inLanguage":"es","@id":"https:\/\/eurocas.com\/es\/producto\/fondant-blanco\/#primaryimage","url":"https:\/\/eurocas.com\/wp-content\/uploads\/2022\/03\/White-Fondant-1-12.jpg","contentUrl":"https:\/\/eurocas.com\/wp-content\/uploads\/2022\/03\/White-Fondant-1-12.jpg","width":950,"height":695,"caption":"white fondant icing for decorating"},{"@type":"BreadcrumbList","@id":"https:\/\/eurocas.com\/es\/producto\/fondant-blanco\/#breadcrumb","itemListElement":[{"@type":"ListItem","position":1,"name":"Home","item":"https:\/\/eurocas.com\/es\/"},{"@type":"ListItem","position":2,"name":"Products","item":"https:\/\/eurocas.com\/shop\/"},{"@type":"ListItem","position":3,"name":"Fondant Blanco"}]},{"@type":"WebSite","@id":"https:\/\/eurocas.com\/#website","url":"https:\/\/eurocas.com\/","name":"Eurocas.com","description":"Eurocas.com","publisher":{"@id":"https:\/\/eurocas.com\/#organization"},"potentialAction":[{"@type":"SearchAction","target":{"@type":"EntryPoint","urlTemplate":"https:\/\/eurocas.com\/?s={search_term_string}"},"query-input":"required name=search_term_string"}],"inLanguage":"es"},{"@type":"Organization","@id":"https:\/\/eurocas.com\/#organization","name":"Eurocas International","url":"https:\/\/eurocas.com\/","logo":{"@type":"ImageObject","inLanguage":"es","@id":"https:\/\/eurocas.com\/#\/schema\/logo\/image\/","url":"https:\/\/eurocas.com\/wp-content\/uploads\/2021\/09\/logo.png","contentUrl":"https:\/\/eurocas.com\/wp-content\/uploads\/2021\/09\/logo.png","width":1954,"height":599,"caption":"Eurocas International"},"image":{"@id":"https:\/\/eurocas.com\/#\/schema\/logo\/image\/"}}]}},"_links":{"self":[{"href":"https:\/\/eurocas.com\/es\/wp-json\/wp\/v2\/product\/2484"}],"collection":[{"href":"https:\/\/eurocas.com\/es\/wp-json\/wp\/v2\/product"}],"about":[{"href":"https:\/\/eurocas.com\/es\/wp-json\/wp\/v2\/types\/product"}],"wp:featuredmedia":[{"embeddable":true,"href":"https:\/\/eurocas.com\/es\/wp-json\/wp\/v2\/media\/3437"}],"wp:attachment":[{"href":"https:\/\/eurocas.com\/es\/wp-json\/wp\/v2\/media?parent=2484"}],"wp:term":[{"taxonomy":"product_cat","embeddable":true,"href":"https:\/\/eurocas.com\/es\/wp-json\/wp\/v2\/product_cat?post=2484"},{"taxonomy":"product_tag","embeddable":true,"href":"https:\/\/eurocas.com\/es\/wp-json\/wp\/v2\/product_tag?post=2484"}],"curies":[{"name":"wp","href":"https:\/\/api.w.org\/{rel}","templated":true}]}}