{"id":2472,"date":"2019-02-03T00:00:00","date_gmt":"2019-02-02T21:00:00","guid":{"rendered":"https:\/\/eurocas.com\/product\/soft-cake-mix-2\/"},"modified":"2024-04-19T16:26:37","modified_gmt":"2024-04-19T13:26:37","slug":"muffin-mix","status":"publish","type":"product","link":"https:\/\/eurocas.com\/es\/producto\/muffin-mix\/","title":{"rendered":"Muffin Mix"},"content":{"rendered":"<p>Ready to use creams<\/p>\n<p>Soft Cake Mix es perfecto para la producci\u00f3n de magdalenas \/ magdalenas.<\/p>\n<ul>\n<li>Vers\u00e1til<\/li>\n<li>Alta calidad<\/li>\n<li>Gran estructura<\/li>\n<\/ul>\n<p>Soft Cake Mix es nuestra premezcla en polvo para la producci\u00f3n r\u00e1pida y f\u00e1cil de todos los productos de esponja grasosa, como muffins, torta inglesa, esponja griega, etc.<\/p>\n","protected":false},"excerpt":{"rendered":"<p>Muffin Mix es perfecto para la producci\u00f3n de magdalenas o cupcakes.<\/p>\n<ul>\n<li>Vers\u00e1til<\/li>\n<li>Alta calidad<\/li>\n<li>Gran estructura<\/li>\n<\/ul>\n<p>Muffin Mix es nuestra premezcla en polvo para la producci\u00f3n r\u00e1pida y f\u00e1cil de todos los productos de esponja grasosa como muffins, torta inglesa, esponja griega, etc.<\/p>\n","protected":false},"featured_media":3105,"template":"","meta":[],"product_cat":[101],"product_tag":[],"yoast_head":"<!-- This site is optimized with the Yoast SEO plugin v22.8 - https:\/\/yoast.com\/wordpress\/plugins\/seo\/ -->\n<title>Muffin Mix | Eurocas.com<\/title>\n<meta name=\"description\" content=\"Muffin Mix. Eurocas.com.\" \/>\n<meta name=\"robots\" content=\"index, follow, max-snippet:-1, max-image-preview:large, max-video-preview:-1\" \/>\n<link rel=\"canonical\" href=\"https:\/\/eurocas.com\/es\/producto\/muffin-mix\/\" \/>\n<meta property=\"og:locale\" content=\"es_ES\" \/>\n<meta property=\"og:type\" content=\"article\" \/>\n<meta property=\"og:title\" content=\"Muffin Mix | Eurocas.com\" \/>\n<meta property=\"og:description\" content=\"Muffin Mix. Eurocas.com.\" \/>\n<meta property=\"og:url\" content=\"https:\/\/eurocas.com\/es\/producto\/muffin-mix\/\" \/>\n<meta property=\"og:site_name\" content=\"Eurocas.com\" \/>\n<meta property=\"article:modified_time\" content=\"2024-04-19T13:26:37+00:00\" \/>\n<meta property=\"og:image\" content=\"https:\/\/eurocas.com\/wp-content\/uploads\/2022\/06\/powder-premix.png\" \/>\n\t<meta property=\"og:image:width\" content=\"800\" \/>\n\t<meta property=\"og:image:height\" content=\"460\" \/>\n\t<meta property=\"og:image:type\" content=\"image\/png\" \/>\n<meta name=\"twitter:card\" content=\"summary_large_image\" \/>\n<script type=\"application\/ld+json\" class=\"yoast-schema-graph\">{\"@context\":\"https:\/\/schema.org\",\"@graph\":[{\"@type\":\"WebPage\",\"@id\":\"https:\/\/eurocas.com\/es\/producto\/muffin-mix\/\",\"url\":\"https:\/\/eurocas.com\/es\/producto\/muffin-mix\/\",\"name\":\"Muffin Mix | Eurocas.com\",\"isPartOf\":{\"@id\":\"https:\/\/eurocas.com\/#website\"},\"primaryImageOfPage\":{\"@id\":\"https:\/\/eurocas.com\/es\/producto\/muffin-mix\/#primaryimage\"},\"image\":{\"@id\":\"https:\/\/eurocas.com\/es\/producto\/muffin-mix\/#primaryimage\"},\"thumbnailUrl\":\"https:\/\/eurocas.com\/wp-content\/uploads\/2022\/06\/powder-premix.png\",\"datePublished\":\"2019-02-02T21:00:00+00:00\",\"dateModified\":\"2024-04-19T13:26:37+00:00\",\"description\":\"Muffin Mix. Eurocas.com.\",\"breadcrumb\":{\"@id\":\"https:\/\/eurocas.com\/es\/producto\/muffin-mix\/#breadcrumb\"},\"inLanguage\":\"es\",\"potentialAction\":[{\"@type\":\"ReadAction\",\"target\":[\"https:\/\/eurocas.com\/es\/producto\/muffin-mix\/\"]}]},{\"@type\":\"ImageObject\",\"inLanguage\":\"es\",\"@id\":\"https:\/\/eurocas.com\/es\/producto\/muffin-mix\/#primaryimage\",\"url\":\"https:\/\/eurocas.com\/wp-content\/uploads\/2022\/06\/powder-premix.png\",\"contentUrl\":\"https:\/\/eurocas.com\/wp-content\/uploads\/2022\/06\/powder-premix.png\",\"width\":800,\"height\":460,\"caption\":\"Eurocas walnut filling for professional baking\"},{\"@type\":\"BreadcrumbList\",\"@id\":\"https:\/\/eurocas.com\/es\/producto\/muffin-mix\/#breadcrumb\",\"itemListElement\":[{\"@type\":\"ListItem\",\"position\":1,\"name\":\"Home\",\"item\":\"https:\/\/eurocas.com\/es\/\"},{\"@type\":\"ListItem\",\"position\":2,\"name\":\"Products\",\"item\":\"https:\/\/eurocas.com\/shop\/\"},{\"@type\":\"ListItem\",\"position\":3,\"name\":\"Muffin Mix\"}]},{\"@type\":\"WebSite\",\"@id\":\"https:\/\/eurocas.com\/#website\",\"url\":\"https:\/\/eurocas.com\/\",\"name\":\"Eurocas.com\",\"description\":\"Eurocas.com\",\"publisher\":{\"@id\":\"https:\/\/eurocas.com\/#organization\"},\"potentialAction\":[{\"@type\":\"SearchAction\",\"target\":{\"@type\":\"EntryPoint\",\"urlTemplate\":\"https:\/\/eurocas.com\/?s={search_term_string}\"},\"query-input\":\"required name=search_term_string\"}],\"inLanguage\":\"es\"},{\"@type\":\"Organization\",\"@id\":\"https:\/\/eurocas.com\/#organization\",\"name\":\"Eurocas International\",\"url\":\"https:\/\/eurocas.com\/\",\"logo\":{\"@type\":\"ImageObject\",\"inLanguage\":\"es\",\"@id\":\"https:\/\/eurocas.com\/#\/schema\/logo\/image\/\",\"url\":\"https:\/\/eurocas.com\/wp-content\/uploads\/2021\/09\/logo.png\",\"contentUrl\":\"https:\/\/eurocas.com\/wp-content\/uploads\/2021\/09\/logo.png\",\"width\":1954,\"height\":599,\"caption\":\"Eurocas International\"},\"image\":{\"@id\":\"https:\/\/eurocas.com\/#\/schema\/logo\/image\/\"}}]}<\/script>\n<!-- \/ Yoast SEO plugin. -->","yoast_head_json":{"title":"Muffin Mix | Eurocas.com","description":"Muffin Mix. Eurocas.com.","robots":{"index":"index","follow":"follow","max-snippet":"max-snippet:-1","max-image-preview":"max-image-preview:large","max-video-preview":"max-video-preview:-1"},"canonical":"https:\/\/eurocas.com\/es\/producto\/muffin-mix\/","og_locale":"es_ES","og_type":"article","og_title":"Muffin Mix | Eurocas.com","og_description":"Muffin Mix. Eurocas.com.","og_url":"https:\/\/eurocas.com\/es\/producto\/muffin-mix\/","og_site_name":"Eurocas.com","article_modified_time":"2024-04-19T13:26:37+00:00","og_image":[{"width":800,"height":460,"url":"https:\/\/eurocas.com\/wp-content\/uploads\/2022\/06\/powder-premix.png","type":"image\/png"}],"twitter_card":"summary_large_image","schema":{"@context":"https:\/\/schema.org","@graph":[{"@type":"WebPage","@id":"https:\/\/eurocas.com\/es\/producto\/muffin-mix\/","url":"https:\/\/eurocas.com\/es\/producto\/muffin-mix\/","name":"Muffin Mix | Eurocas.com","isPartOf":{"@id":"https:\/\/eurocas.com\/#website"},"primaryImageOfPage":{"@id":"https:\/\/eurocas.com\/es\/producto\/muffin-mix\/#primaryimage"},"image":{"@id":"https:\/\/eurocas.com\/es\/producto\/muffin-mix\/#primaryimage"},"thumbnailUrl":"https:\/\/eurocas.com\/wp-content\/uploads\/2022\/06\/powder-premix.png","datePublished":"2019-02-02T21:00:00+00:00","dateModified":"2024-04-19T13:26:37+00:00","description":"Muffin Mix. Eurocas.com.","breadcrumb":{"@id":"https:\/\/eurocas.com\/es\/producto\/muffin-mix\/#breadcrumb"},"inLanguage":"es","potentialAction":[{"@type":"ReadAction","target":["https:\/\/eurocas.com\/es\/producto\/muffin-mix\/"]}]},{"@type":"ImageObject","inLanguage":"es","@id":"https:\/\/eurocas.com\/es\/producto\/muffin-mix\/#primaryimage","url":"https:\/\/eurocas.com\/wp-content\/uploads\/2022\/06\/powder-premix.png","contentUrl":"https:\/\/eurocas.com\/wp-content\/uploads\/2022\/06\/powder-premix.png","width":800,"height":460,"caption":"Eurocas walnut filling for professional baking"},{"@type":"BreadcrumbList","@id":"https:\/\/eurocas.com\/es\/producto\/muffin-mix\/#breadcrumb","itemListElement":[{"@type":"ListItem","position":1,"name":"Home","item":"https:\/\/eurocas.com\/es\/"},{"@type":"ListItem","position":2,"name":"Products","item":"https:\/\/eurocas.com\/shop\/"},{"@type":"ListItem","position":3,"name":"Muffin Mix"}]},{"@type":"WebSite","@id":"https:\/\/eurocas.com\/#website","url":"https:\/\/eurocas.com\/","name":"Eurocas.com","description":"Eurocas.com","publisher":{"@id":"https:\/\/eurocas.com\/#organization"},"potentialAction":[{"@type":"SearchAction","target":{"@type":"EntryPoint","urlTemplate":"https:\/\/eurocas.com\/?s={search_term_string}"},"query-input":"required name=search_term_string"}],"inLanguage":"es"},{"@type":"Organization","@id":"https:\/\/eurocas.com\/#organization","name":"Eurocas International","url":"https:\/\/eurocas.com\/","logo":{"@type":"ImageObject","inLanguage":"es","@id":"https:\/\/eurocas.com\/#\/schema\/logo\/image\/","url":"https:\/\/eurocas.com\/wp-content\/uploads\/2021\/09\/logo.png","contentUrl":"https:\/\/eurocas.com\/wp-content\/uploads\/2021\/09\/logo.png","width":1954,"height":599,"caption":"Eurocas International"},"image":{"@id":"https:\/\/eurocas.com\/#\/schema\/logo\/image\/"}}]}},"_links":{"self":[{"href":"https:\/\/eurocas.com\/es\/wp-json\/wp\/v2\/product\/2472"}],"collection":[{"href":"https:\/\/eurocas.com\/es\/wp-json\/wp\/v2\/product"}],"about":[{"href":"https:\/\/eurocas.com\/es\/wp-json\/wp\/v2\/types\/product"}],"wp:featuredmedia":[{"embeddable":true,"href":"https:\/\/eurocas.com\/es\/wp-json\/wp\/v2\/media\/3105"}],"wp:attachment":[{"href":"https:\/\/eurocas.com\/es\/wp-json\/wp\/v2\/media?parent=2472"}],"wp:term":[{"taxonomy":"product_cat","embeddable":true,"href":"https:\/\/eurocas.com\/es\/wp-json\/wp\/v2\/product_cat?post=2472"},{"taxonomy":"product_tag","embeddable":true,"href":"https:\/\/eurocas.com\/es\/wp-json\/wp\/v2\/product_tag?post=2472"}],"curies":[{"name":"wp","href":"https:\/\/api.w.org\/{rel}","templated":true}]}}