{"id":2461,"date":"2019-01-26T00:00:00","date_gmt":"2019-01-25T22:00:00","guid":{"rendered":"https:\/\/eurocas.com\/product\/europea-3\/"},"modified":"2022-12-21T13:38:17","modified_gmt":"2022-12-21T10:38:17","slug":"europea-3","status":"publish","type":"product","link":"https:\/\/eurocas.com\/es\/producto\/europea-3\/","title":{"rendered":"Europea"},"content":{"rendered":"<p>Ready to use creams<\/p>\n<p>Crema Vegetal premium con fuerte sabor l\u00e1cteo y estructura cremosa.<\/p>\n<ul>\n<li>Excelente sabor l\u00e1cteo<\/li>\n<li>Estructura cremosa<\/li>\n<li>Lecher\u00eda como color<\/li>\n<\/ul>\n<p>Europea es una Crema Vegetal unica. Europea fue creada especialmente para ser lo m\u00e1s l\u00e1ctea posible, pero a\u00fan as\u00ed, manteniendo las cualidades de una crema no l\u00e1ctea. La estructura, el color y el sabor hacen que sea muy dif\u00edcil diferenciar a Europa de una crema batida l\u00e1cteos normal.<\/p>\n<p>Estas caracter\u00edsticas \u00fanicas realmente hacen que Europea se mantenga erguida entre las otras Cremas Vegetales en el mercado actual.<\/p>\n","protected":false},"excerpt":{"rendered":"<p>Crema Vegetal premium con fuerte sabor l\u00e1cteo y estructura cremosa.<\/p>\n<ul>\n<li>Excelente sabor l\u00e1cteo<\/li>\n<li>Estructura cremosa<\/li>\n<li>Lecher\u00eda como color<\/li>\n<\/ul>\n<p>Europea es una Crema Vegetal unica. Europea fue creada especialmente para ser lo m\u00e1s l\u00e1ctea posible, pero a\u00fan as\u00ed, manteniendo las cualidades de una crema no l\u00e1ctea. La estructura, el color y el sabor hacen que sea muy dif\u00edcil diferenciar a Europa de una crema batida l\u00e1cteos normal.<\/p>\n<p>Estas caracter\u00edsticas \u00fanicas realmente hacen que Europea se mantenga erguida entre las otras Cremas Vegetales en el mercado actual.<\/p>\n","protected":false},"featured_media":3077,"template":"","meta":[],"product_cat":[56],"product_tag":[],"yoast_head":"<!-- This site is optimized with the Yoast SEO plugin v22.8 - https:\/\/yoast.com\/wordpress\/plugins\/seo\/ -->\n<title>Europea | Eurocas.com<\/title>\n<meta name=\"description\" content=\"Europea. Eurocas.com.\" \/>\n<meta name=\"robots\" content=\"index, follow, max-snippet:-1, max-image-preview:large, max-video-preview:-1\" \/>\n<link rel=\"canonical\" href=\"https:\/\/eurocas.com\/es\/producto\/europea-3\/\" \/>\n<meta property=\"og:locale\" content=\"es_ES\" \/>\n<meta property=\"og:type\" content=\"article\" \/>\n<meta property=\"og:title\" content=\"Europea | Eurocas.com\" \/>\n<meta property=\"og:description\" content=\"Europea. Eurocas.com.\" \/>\n<meta property=\"og:url\" content=\"https:\/\/eurocas.com\/es\/producto\/europea-3\/\" \/>\n<meta property=\"og:site_name\" content=\"Eurocas.com\" \/>\n<meta property=\"article:modified_time\" content=\"2022-12-21T10:38:17+00:00\" \/>\n<meta property=\"og:image\" content=\"https:\/\/eurocas.com\/wp-content\/uploads\/2022\/06\/europea-non-dairy-topping.png\" \/>\n\t<meta property=\"og:image:width\" content=\"800\" \/>\n\t<meta property=\"og:image:height\" content=\"460\" \/>\n\t<meta property=\"og:image:type\" content=\"image\/png\" \/>\n<meta name=\"twitter:card\" content=\"summary_large_image\" \/>\n<script type=\"application\/ld+json\" class=\"yoast-schema-graph\">{\"@context\":\"https:\/\/schema.org\",\"@graph\":[{\"@type\":\"WebPage\",\"@id\":\"https:\/\/eurocas.com\/es\/producto\/europea-3\/\",\"url\":\"https:\/\/eurocas.com\/es\/producto\/europea-3\/\",\"name\":\"Europea | Eurocas.com\",\"isPartOf\":{\"@id\":\"https:\/\/eurocas.com\/#website\"},\"primaryImageOfPage\":{\"@id\":\"https:\/\/eurocas.com\/es\/producto\/europea-3\/#primaryimage\"},\"image\":{\"@id\":\"https:\/\/eurocas.com\/es\/producto\/europea-3\/#primaryimage\"},\"thumbnailUrl\":\"https:\/\/eurocas.com\/wp-content\/uploads\/2022\/06\/europea-non-dairy-topping.png\",\"datePublished\":\"2019-01-25T22:00:00+00:00\",\"dateModified\":\"2022-12-21T10:38:17+00:00\",\"description\":\"Europea. Eurocas.com.\",\"breadcrumb\":{\"@id\":\"https:\/\/eurocas.com\/es\/producto\/europea-3\/#breadcrumb\"},\"inLanguage\":\"es\",\"potentialAction\":[{\"@type\":\"ReadAction\",\"target\":[\"https:\/\/eurocas.com\/es\/producto\/europea-3\/\"]}]},{\"@type\":\"ImageObject\",\"inLanguage\":\"es\",\"@id\":\"https:\/\/eurocas.com\/es\/producto\/europea-3\/#primaryimage\",\"url\":\"https:\/\/eurocas.com\/wp-content\/uploads\/2022\/06\/europea-non-dairy-topping.png\",\"contentUrl\":\"https:\/\/eurocas.com\/wp-content\/uploads\/2022\/06\/europea-non-dairy-topping.png\",\"width\":800,\"height\":460,\"caption\":\"Europea pastry mix \u2013 classic dough base\"},{\"@type\":\"BreadcrumbList\",\"@id\":\"https:\/\/eurocas.com\/es\/producto\/europea-3\/#breadcrumb\",\"itemListElement\":[{\"@type\":\"ListItem\",\"position\":1,\"name\":\"Home\",\"item\":\"https:\/\/eurocas.com\/es\/\"},{\"@type\":\"ListItem\",\"position\":2,\"name\":\"Products\",\"item\":\"https:\/\/eurocas.com\/shop\/\"},{\"@type\":\"ListItem\",\"position\":3,\"name\":\"Europea\"}]},{\"@type\":\"WebSite\",\"@id\":\"https:\/\/eurocas.com\/#website\",\"url\":\"https:\/\/eurocas.com\/\",\"name\":\"Eurocas.com\",\"description\":\"Eurocas.com\",\"publisher\":{\"@id\":\"https:\/\/eurocas.com\/#organization\"},\"potentialAction\":[{\"@type\":\"SearchAction\",\"target\":{\"@type\":\"EntryPoint\",\"urlTemplate\":\"https:\/\/eurocas.com\/?s={search_term_string}\"},\"query-input\":\"required name=search_term_string\"}],\"inLanguage\":\"es\"},{\"@type\":\"Organization\",\"@id\":\"https:\/\/eurocas.com\/#organization\",\"name\":\"Eurocas International\",\"url\":\"https:\/\/eurocas.com\/\",\"logo\":{\"@type\":\"ImageObject\",\"inLanguage\":\"es\",\"@id\":\"https:\/\/eurocas.com\/#\/schema\/logo\/image\/\",\"url\":\"https:\/\/eurocas.com\/wp-content\/uploads\/2021\/09\/logo.png\",\"contentUrl\":\"https:\/\/eurocas.com\/wp-content\/uploads\/2021\/09\/logo.png\",\"width\":1954,\"height\":599,\"caption\":\"Eurocas International\"},\"image\":{\"@id\":\"https:\/\/eurocas.com\/#\/schema\/logo\/image\/\"}}]}<\/script>\n<!-- \/ Yoast SEO plugin. -->","yoast_head_json":{"title":"Europea | Eurocas.com","description":"Europea. Eurocas.com.","robots":{"index":"index","follow":"follow","max-snippet":"max-snippet:-1","max-image-preview":"max-image-preview:large","max-video-preview":"max-video-preview:-1"},"canonical":"https:\/\/eurocas.com\/es\/producto\/europea-3\/","og_locale":"es_ES","og_type":"article","og_title":"Europea | Eurocas.com","og_description":"Europea. Eurocas.com.","og_url":"https:\/\/eurocas.com\/es\/producto\/europea-3\/","og_site_name":"Eurocas.com","article_modified_time":"2022-12-21T10:38:17+00:00","og_image":[{"width":800,"height":460,"url":"https:\/\/eurocas.com\/wp-content\/uploads\/2022\/06\/europea-non-dairy-topping.png","type":"image\/png"}],"twitter_card":"summary_large_image","schema":{"@context":"https:\/\/schema.org","@graph":[{"@type":"WebPage","@id":"https:\/\/eurocas.com\/es\/producto\/europea-3\/","url":"https:\/\/eurocas.com\/es\/producto\/europea-3\/","name":"Europea | Eurocas.com","isPartOf":{"@id":"https:\/\/eurocas.com\/#website"},"primaryImageOfPage":{"@id":"https:\/\/eurocas.com\/es\/producto\/europea-3\/#primaryimage"},"image":{"@id":"https:\/\/eurocas.com\/es\/producto\/europea-3\/#primaryimage"},"thumbnailUrl":"https:\/\/eurocas.com\/wp-content\/uploads\/2022\/06\/europea-non-dairy-topping.png","datePublished":"2019-01-25T22:00:00+00:00","dateModified":"2022-12-21T10:38:17+00:00","description":"Europea. Eurocas.com.","breadcrumb":{"@id":"https:\/\/eurocas.com\/es\/producto\/europea-3\/#breadcrumb"},"inLanguage":"es","potentialAction":[{"@type":"ReadAction","target":["https:\/\/eurocas.com\/es\/producto\/europea-3\/"]}]},{"@type":"ImageObject","inLanguage":"es","@id":"https:\/\/eurocas.com\/es\/producto\/europea-3\/#primaryimage","url":"https:\/\/eurocas.com\/wp-content\/uploads\/2022\/06\/europea-non-dairy-topping.png","contentUrl":"https:\/\/eurocas.com\/wp-content\/uploads\/2022\/06\/europea-non-dairy-topping.png","width":800,"height":460,"caption":"Europea pastry mix \u2013 classic dough base"},{"@type":"BreadcrumbList","@id":"https:\/\/eurocas.com\/es\/producto\/europea-3\/#breadcrumb","itemListElement":[{"@type":"ListItem","position":1,"name":"Home","item":"https:\/\/eurocas.com\/es\/"},{"@type":"ListItem","position":2,"name":"Products","item":"https:\/\/eurocas.com\/shop\/"},{"@type":"ListItem","position":3,"name":"Europea"}]},{"@type":"WebSite","@id":"https:\/\/eurocas.com\/#website","url":"https:\/\/eurocas.com\/","name":"Eurocas.com","description":"Eurocas.com","publisher":{"@id":"https:\/\/eurocas.com\/#organization"},"potentialAction":[{"@type":"SearchAction","target":{"@type":"EntryPoint","urlTemplate":"https:\/\/eurocas.com\/?s={search_term_string}"},"query-input":"required name=search_term_string"}],"inLanguage":"es"},{"@type":"Organization","@id":"https:\/\/eurocas.com\/#organization","name":"Eurocas International","url":"https:\/\/eurocas.com\/","logo":{"@type":"ImageObject","inLanguage":"es","@id":"https:\/\/eurocas.com\/#\/schema\/logo\/image\/","url":"https:\/\/eurocas.com\/wp-content\/uploads\/2021\/09\/logo.png","contentUrl":"https:\/\/eurocas.com\/wp-content\/uploads\/2021\/09\/logo.png","width":1954,"height":599,"caption":"Eurocas International"},"image":{"@id":"https:\/\/eurocas.com\/#\/schema\/logo\/image\/"}}]}},"_links":{"self":[{"href":"https:\/\/eurocas.com\/es\/wp-json\/wp\/v2\/product\/2461"}],"collection":[{"href":"https:\/\/eurocas.com\/es\/wp-json\/wp\/v2\/product"}],"about":[{"href":"https:\/\/eurocas.com\/es\/wp-json\/wp\/v2\/types\/product"}],"wp:featuredmedia":[{"embeddable":true,"href":"https:\/\/eurocas.com\/es\/wp-json\/wp\/v2\/media\/3077"}],"wp:attachment":[{"href":"https:\/\/eurocas.com\/es\/wp-json\/wp\/v2\/media?parent=2461"}],"wp:term":[{"taxonomy":"product_cat","embeddable":true,"href":"https:\/\/eurocas.com\/es\/wp-json\/wp\/v2\/product_cat?post=2461"},{"taxonomy":"product_tag","embeddable":true,"href":"https:\/\/eurocas.com\/es\/wp-json\/wp\/v2\/product_tag?post=2461"}],"curies":[{"name":"wp","href":"https:\/\/api.w.org\/{rel}","templated":true}]}}