{"id":2460,"date":"2018-12-15T00:00:00","date_gmt":"2018-12-14T22:00:00","guid":{"rendered":"https:\/\/eurocas.com\/product\/dulcinea-vanilla-3\/"},"modified":"2022-06-24T15:10:58","modified_gmt":"2022-06-24T12:10:58","slug":"dulcinea-vanilla-3","status":"publish","type":"product","link":"https:\/\/eurocas.com\/es\/producto\/dulcinea-vanilla-3\/","title":{"rendered":"Dulcinea Vanilla"},"content":{"rendered":"<p>Ready to use creams<\/p>\n<p>Dulcinea Vanilla es una Crema Vegetal premium con un aut\u00e9ntico sabor a vainilla Bourbon.<\/p>\n<ul>\n<li>Delicioso sabor de vainilla borb\u00f3nica<\/li>\n<li>Excelente en mezcla con otras cremas<\/li>\n<li>Estructura suave y sedosa<\/li>\n<\/ul>\n<p>Dulcinea Vanilla es una de las Cremas Vegetales para batir m\u00e1s vendidos de Eurocas en plan internacional. Esta delicada crema no l\u00e1ctea cre\u00f3 una fuerte lealtad del cliente no solo en Europa, sino tambi\u00e9n en Am\u00e9rica Latina, debido a su estructura estable y sabor suave.<\/p>\n","protected":false},"excerpt":{"rendered":"<p>Dulcinea Vanilla es una Crema Vegetal premium con un aut\u00e9ntico sabor a vainilla Bourbon.<\/p>\n<ul>\n<li>Delicioso sabor de vainilla borb\u00f3nica<\/li>\n<li>Excelente en mezcla con otras cremas<\/li>\n<li>Estructura suave y sedosa<\/li>\n<\/ul>\n<p>Dulcinea Vanilla es una de las Cremas Vegetales para batir m\u00e1s vendidos de Eurocas en plan internacional. Esta delicada crema no l\u00e1ctea cre\u00f3 una fuerte lealtad del cliente no solo en Europa, sino tambi\u00e9n en Am\u00e9rica Latina, debido a su estructura estable y sabor suave.<\/p>\n","protected":false},"featured_media":3847,"template":"","meta":[],"product_cat":[56],"product_tag":[],"yoast_head":"<!-- This site is optimized with the Yoast SEO plugin v22.8 - https:\/\/yoast.com\/wordpress\/plugins\/seo\/ -->\n<title>Dulcinea Vanilla | Eurocas.com<\/title>\n<meta name=\"description\" content=\"Dulcinea Vanilla. Eurocas.com.\" \/>\n<meta name=\"robots\" content=\"index, follow, max-snippet:-1, max-image-preview:large, max-video-preview:-1\" \/>\n<link rel=\"canonical\" href=\"https:\/\/eurocas.com\/es\/producto\/dulcinea-vanilla-3\/\" \/>\n<meta property=\"og:locale\" content=\"es_ES\" \/>\n<meta property=\"og:type\" content=\"article\" \/>\n<meta property=\"og:title\" content=\"Dulcinea Vanilla | Eurocas.com\" \/>\n<meta property=\"og:description\" content=\"Dulcinea Vanilla. Eurocas.com.\" \/>\n<meta property=\"og:url\" content=\"https:\/\/eurocas.com\/es\/producto\/dulcinea-vanilla-3\/\" \/>\n<meta property=\"og:site_name\" content=\"Eurocas.com\" \/>\n<meta property=\"article:modified_time\" content=\"2022-06-24T12:10:58+00:00\" \/>\n<meta property=\"og:image\" content=\"https:\/\/eurocas.com\/wp-content\/uploads\/2022\/03\/Dulcinea-Vanilla-1-6.jpg\" \/>\n\t<meta property=\"og:image:width\" content=\"950\" \/>\n\t<meta property=\"og:image:height\" content=\"695\" \/>\n\t<meta property=\"og:image:type\" content=\"image\/jpeg\" \/>\n<meta name=\"twitter:card\" content=\"summary_large_image\" \/>\n<script type=\"application\/ld+json\" class=\"yoast-schema-graph\">{\"@context\":\"https:\/\/schema.org\",\"@graph\":[{\"@type\":\"WebPage\",\"@id\":\"https:\/\/eurocas.com\/es\/producto\/dulcinea-vanilla-3\/\",\"url\":\"https:\/\/eurocas.com\/es\/producto\/dulcinea-vanilla-3\/\",\"name\":\"Dulcinea Vanilla | Eurocas.com\",\"isPartOf\":{\"@id\":\"https:\/\/eurocas.com\/#website\"},\"primaryImageOfPage\":{\"@id\":\"https:\/\/eurocas.com\/es\/producto\/dulcinea-vanilla-3\/#primaryimage\"},\"image\":{\"@id\":\"https:\/\/eurocas.com\/es\/producto\/dulcinea-vanilla-3\/#primaryimage\"},\"thumbnailUrl\":\"https:\/\/eurocas.com\/wp-content\/uploads\/2022\/03\/Dulcinea-Vanilla-1-6.jpg\",\"datePublished\":\"2018-12-14T22:00:00+00:00\",\"dateModified\":\"2022-06-24T12:10:58+00:00\",\"description\":\"Dulcinea Vanilla. Eurocas.com.\",\"breadcrumb\":{\"@id\":\"https:\/\/eurocas.com\/es\/producto\/dulcinea-vanilla-3\/#breadcrumb\"},\"inLanguage\":\"es\",\"potentialAction\":[{\"@type\":\"ReadAction\",\"target\":[\"https:\/\/eurocas.com\/es\/producto\/dulcinea-vanilla-3\/\"]}]},{\"@type\":\"ImageObject\",\"inLanguage\":\"es\",\"@id\":\"https:\/\/eurocas.com\/es\/producto\/dulcinea-vanilla-3\/#primaryimage\",\"url\":\"https:\/\/eurocas.com\/wp-content\/uploads\/2022\/03\/Dulcinea-Vanilla-1-6.jpg\",\"contentUrl\":\"https:\/\/eurocas.com\/wp-content\/uploads\/2022\/03\/Dulcinea-Vanilla-1-6.jpg\",\"width\":950,\"height\":695,\"caption\":\"Dulcinea Vanilla Ice Cream tub 5L \u2013 Eurocas\"},{\"@type\":\"BreadcrumbList\",\"@id\":\"https:\/\/eurocas.com\/es\/producto\/dulcinea-vanilla-3\/#breadcrumb\",\"itemListElement\":[{\"@type\":\"ListItem\",\"position\":1,\"name\":\"Home\",\"item\":\"https:\/\/eurocas.com\/es\/\"},{\"@type\":\"ListItem\",\"position\":2,\"name\":\"Products\",\"item\":\"https:\/\/eurocas.com\/shop\/\"},{\"@type\":\"ListItem\",\"position\":3,\"name\":\"Dulcinea Vanilla\"}]},{\"@type\":\"WebSite\",\"@id\":\"https:\/\/eurocas.com\/#website\",\"url\":\"https:\/\/eurocas.com\/\",\"name\":\"Eurocas.com\",\"description\":\"Eurocas.com\",\"publisher\":{\"@id\":\"https:\/\/eurocas.com\/#organization\"},\"potentialAction\":[{\"@type\":\"SearchAction\",\"target\":{\"@type\":\"EntryPoint\",\"urlTemplate\":\"https:\/\/eurocas.com\/?s={search_term_string}\"},\"query-input\":\"required name=search_term_string\"}],\"inLanguage\":\"es\"},{\"@type\":\"Organization\",\"@id\":\"https:\/\/eurocas.com\/#organization\",\"name\":\"Eurocas International\",\"url\":\"https:\/\/eurocas.com\/\",\"logo\":{\"@type\":\"ImageObject\",\"inLanguage\":\"es\",\"@id\":\"https:\/\/eurocas.com\/#\/schema\/logo\/image\/\",\"url\":\"https:\/\/eurocas.com\/wp-content\/uploads\/2021\/09\/logo.png\",\"contentUrl\":\"https:\/\/eurocas.com\/wp-content\/uploads\/2021\/09\/logo.png\",\"width\":1954,\"height\":599,\"caption\":\"Eurocas International\"},\"image\":{\"@id\":\"https:\/\/eurocas.com\/#\/schema\/logo\/image\/\"}}]}<\/script>\n<!-- \/ Yoast SEO plugin. -->","yoast_head_json":{"title":"Dulcinea Vanilla | Eurocas.com","description":"Dulcinea Vanilla. Eurocas.com.","robots":{"index":"index","follow":"follow","max-snippet":"max-snippet:-1","max-image-preview":"max-image-preview:large","max-video-preview":"max-video-preview:-1"},"canonical":"https:\/\/eurocas.com\/es\/producto\/dulcinea-vanilla-3\/","og_locale":"es_ES","og_type":"article","og_title":"Dulcinea Vanilla | Eurocas.com","og_description":"Dulcinea Vanilla. Eurocas.com.","og_url":"https:\/\/eurocas.com\/es\/producto\/dulcinea-vanilla-3\/","og_site_name":"Eurocas.com","article_modified_time":"2022-06-24T12:10:58+00:00","og_image":[{"width":950,"height":695,"url":"https:\/\/eurocas.com\/wp-content\/uploads\/2022\/03\/Dulcinea-Vanilla-1-6.jpg","type":"image\/jpeg"}],"twitter_card":"summary_large_image","schema":{"@context":"https:\/\/schema.org","@graph":[{"@type":"WebPage","@id":"https:\/\/eurocas.com\/es\/producto\/dulcinea-vanilla-3\/","url":"https:\/\/eurocas.com\/es\/producto\/dulcinea-vanilla-3\/","name":"Dulcinea Vanilla | Eurocas.com","isPartOf":{"@id":"https:\/\/eurocas.com\/#website"},"primaryImageOfPage":{"@id":"https:\/\/eurocas.com\/es\/producto\/dulcinea-vanilla-3\/#primaryimage"},"image":{"@id":"https:\/\/eurocas.com\/es\/producto\/dulcinea-vanilla-3\/#primaryimage"},"thumbnailUrl":"https:\/\/eurocas.com\/wp-content\/uploads\/2022\/03\/Dulcinea-Vanilla-1-6.jpg","datePublished":"2018-12-14T22:00:00+00:00","dateModified":"2022-06-24T12:10:58+00:00","description":"Dulcinea Vanilla. Eurocas.com.","breadcrumb":{"@id":"https:\/\/eurocas.com\/es\/producto\/dulcinea-vanilla-3\/#breadcrumb"},"inLanguage":"es","potentialAction":[{"@type":"ReadAction","target":["https:\/\/eurocas.com\/es\/producto\/dulcinea-vanilla-3\/"]}]},{"@type":"ImageObject","inLanguage":"es","@id":"https:\/\/eurocas.com\/es\/producto\/dulcinea-vanilla-3\/#primaryimage","url":"https:\/\/eurocas.com\/wp-content\/uploads\/2022\/03\/Dulcinea-Vanilla-1-6.jpg","contentUrl":"https:\/\/eurocas.com\/wp-content\/uploads\/2022\/03\/Dulcinea-Vanilla-1-6.jpg","width":950,"height":695,"caption":"Dulcinea Vanilla Ice Cream tub 5L \u2013 Eurocas"},{"@type":"BreadcrumbList","@id":"https:\/\/eurocas.com\/es\/producto\/dulcinea-vanilla-3\/#breadcrumb","itemListElement":[{"@type":"ListItem","position":1,"name":"Home","item":"https:\/\/eurocas.com\/es\/"},{"@type":"ListItem","position":2,"name":"Products","item":"https:\/\/eurocas.com\/shop\/"},{"@type":"ListItem","position":3,"name":"Dulcinea Vanilla"}]},{"@type":"WebSite","@id":"https:\/\/eurocas.com\/#website","url":"https:\/\/eurocas.com\/","name":"Eurocas.com","description":"Eurocas.com","publisher":{"@id":"https:\/\/eurocas.com\/#organization"},"potentialAction":[{"@type":"SearchAction","target":{"@type":"EntryPoint","urlTemplate":"https:\/\/eurocas.com\/?s={search_term_string}"},"query-input":"required name=search_term_string"}],"inLanguage":"es"},{"@type":"Organization","@id":"https:\/\/eurocas.com\/#organization","name":"Eurocas International","url":"https:\/\/eurocas.com\/","logo":{"@type":"ImageObject","inLanguage":"es","@id":"https:\/\/eurocas.com\/#\/schema\/logo\/image\/","url":"https:\/\/eurocas.com\/wp-content\/uploads\/2021\/09\/logo.png","contentUrl":"https:\/\/eurocas.com\/wp-content\/uploads\/2021\/09\/logo.png","width":1954,"height":599,"caption":"Eurocas International"},"image":{"@id":"https:\/\/eurocas.com\/#\/schema\/logo\/image\/"}}]}},"_links":{"self":[{"href":"https:\/\/eurocas.com\/es\/wp-json\/wp\/v2\/product\/2460"}],"collection":[{"href":"https:\/\/eurocas.com\/es\/wp-json\/wp\/v2\/product"}],"about":[{"href":"https:\/\/eurocas.com\/es\/wp-json\/wp\/v2\/types\/product"}],"wp:featuredmedia":[{"embeddable":true,"href":"https:\/\/eurocas.com\/es\/wp-json\/wp\/v2\/media\/3847"}],"wp:attachment":[{"href":"https:\/\/eurocas.com\/es\/wp-json\/wp\/v2\/media?parent=2460"}],"wp:term":[{"taxonomy":"product_cat","embeddable":true,"href":"https:\/\/eurocas.com\/es\/wp-json\/wp\/v2\/product_cat?post=2460"},{"taxonomy":"product_tag","embeddable":true,"href":"https:\/\/eurocas.com\/es\/wp-json\/wp\/v2\/product_tag?post=2460"}],"curies":[{"name":"wp","href":"https:\/\/api.w.org\/{rel}","templated":true}]}}