{"id":2455,"date":"2019-01-26T00:00:00","date_gmt":"2019-01-25T22:00:00","guid":{"rendered":"https:\/\/eurocas.com\/product\/margarita-soft-3\/"},"modified":"2022-06-24T15:07:37","modified_gmt":"2022-06-24T12:07:37","slug":"margarita-soft-3","status":"publish","type":"product","link":"https:\/\/eurocas.com\/es\/producto\/margarita-soft-3\/","title":{"rendered":"Margarita Soft"},"content":{"rendered":"<p>Ready to use creams<\/p>\n<p>Margarita Soft es una mezcla especial de grasas vegetales elaborada para diversas aplicaciones.<\/p>\n<ul>\n<li>Etiqueta limpia<\/li>\n<li>Productos vers\u00e1tiles<\/li>\n<li>Sin grasas hidrogenadas<\/li>\n<\/ul>\n<p>Margarita Soft es una mezcla de grasas vegetales. Es un producto vers\u00e1til, pero la mayor\u00eda de las veces se utiliza en la producci\u00f3n del tradicional Baklava. Esta mezcla especial es perfecta para la producci\u00f3n de Baklava y ayuda a crear un Baklava de calidad exquisita.<\/p>\n","protected":false},"excerpt":{"rendered":"<p>Margarita Soft es una mezcla especial de grasas vegetales elaborada para diversas aplicaciones.<\/p>\n<ul>\n<li>Etiqueta limpia<\/li>\n<li>Productos vers\u00e1tiles<\/li>\n<li>Sin grasas hidrogenadas<\/li>\n<\/ul>\n<p>Margarita Soft es una mezcla de grasas vegetales. Es un producto vers\u00e1til, pero la mayor\u00eda de las veces se utiliza en la producci\u00f3n del tradicional Baklava. Esta mezcla especial es perfecta para la producci\u00f3n de Baklava y ayuda a crear un Baklava de calidad exquisita.<\/p>\n","protected":false},"featured_media":3803,"template":"","meta":[],"product_cat":[75],"product_tag":[],"yoast_head":"<!-- This site is optimized with the Yoast SEO plugin v22.8 - https:\/\/yoast.com\/wordpress\/plugins\/seo\/ -->\n<title>Margarita Soft | Eurocas.com<\/title>\n<meta name=\"description\" content=\"Margarita Soft. Eurocas.com.\" \/>\n<meta name=\"robots\" content=\"index, follow, max-snippet:-1, max-image-preview:large, max-video-preview:-1\" \/>\n<link rel=\"canonical\" href=\"https:\/\/eurocas.com\/es\/producto\/margarita-soft-3\/\" \/>\n<meta property=\"og:locale\" content=\"es_ES\" \/>\n<meta property=\"og:type\" content=\"article\" \/>\n<meta property=\"og:title\" content=\"Margarita Soft | Eurocas.com\" \/>\n<meta property=\"og:description\" content=\"Margarita Soft. Eurocas.com.\" \/>\n<meta property=\"og:url\" content=\"https:\/\/eurocas.com\/es\/producto\/margarita-soft-3\/\" \/>\n<meta property=\"og:site_name\" content=\"Eurocas.com\" \/>\n<meta property=\"article:modified_time\" content=\"2022-06-24T12:07:37+00:00\" \/>\n<meta property=\"og:image\" content=\"https:\/\/eurocas.com\/wp-content\/uploads\/2022\/03\/Margarita-Soft-1-8.jpg\" \/>\n\t<meta property=\"og:image:width\" content=\"950\" \/>\n\t<meta property=\"og:image:height\" content=\"695\" \/>\n\t<meta property=\"og:image:type\" content=\"image\/jpeg\" \/>\n<meta name=\"twitter:card\" content=\"summary_large_image\" \/>\n<script type=\"application\/ld+json\" class=\"yoast-schema-graph\">{\"@context\":\"https:\/\/schema.org\",\"@graph\":[{\"@type\":\"WebPage\",\"@id\":\"https:\/\/eurocas.com\/es\/producto\/margarita-soft-3\/\",\"url\":\"https:\/\/eurocas.com\/es\/producto\/margarita-soft-3\/\",\"name\":\"Margarita Soft | Eurocas.com\",\"isPartOf\":{\"@id\":\"https:\/\/eurocas.com\/#website\"},\"primaryImageOfPage\":{\"@id\":\"https:\/\/eurocas.com\/es\/producto\/margarita-soft-3\/#primaryimage\"},\"image\":{\"@id\":\"https:\/\/eurocas.com\/es\/producto\/margarita-soft-3\/#primaryimage\"},\"thumbnailUrl\":\"https:\/\/eurocas.com\/wp-content\/uploads\/2022\/03\/Margarita-Soft-1-8.jpg\",\"datePublished\":\"2019-01-25T22:00:00+00:00\",\"dateModified\":\"2022-06-24T12:07:37+00:00\",\"description\":\"Margarita Soft. Eurocas.com.\",\"breadcrumb\":{\"@id\":\"https:\/\/eurocas.com\/es\/producto\/margarita-soft-3\/#breadcrumb\"},\"inLanguage\":\"es\",\"potentialAction\":[{\"@type\":\"ReadAction\",\"target\":[\"https:\/\/eurocas.com\/es\/producto\/margarita-soft-3\/\"]}]},{\"@type\":\"ImageObject\",\"inLanguage\":\"es\",\"@id\":\"https:\/\/eurocas.com\/es\/producto\/margarita-soft-3\/#primaryimage\",\"url\":\"https:\/\/eurocas.com\/wp-content\/uploads\/2022\/03\/Margarita-Soft-1-8.jpg\",\"contentUrl\":\"https:\/\/eurocas.com\/wp-content\/uploads\/2022\/03\/Margarita-Soft-1-8.jpg\",\"width\":950,\"height\":695,\"caption\":\"Margarita Soft \u2013 baz\u0103 \u00eenghe\u021bat\u0103 automat\u0103 Eurocas 5kg\"},{\"@type\":\"BreadcrumbList\",\"@id\":\"https:\/\/eurocas.com\/es\/producto\/margarita-soft-3\/#breadcrumb\",\"itemListElement\":[{\"@type\":\"ListItem\",\"position\":1,\"name\":\"Home\",\"item\":\"https:\/\/eurocas.com\/es\/\"},{\"@type\":\"ListItem\",\"position\":2,\"name\":\"Products\",\"item\":\"https:\/\/eurocas.com\/shop\/\"},{\"@type\":\"ListItem\",\"position\":3,\"name\":\"Margarita Soft\"}]},{\"@type\":\"WebSite\",\"@id\":\"https:\/\/eurocas.com\/#website\",\"url\":\"https:\/\/eurocas.com\/\",\"name\":\"Eurocas.com\",\"description\":\"Eurocas.com\",\"publisher\":{\"@id\":\"https:\/\/eurocas.com\/#organization\"},\"potentialAction\":[{\"@type\":\"SearchAction\",\"target\":{\"@type\":\"EntryPoint\",\"urlTemplate\":\"https:\/\/eurocas.com\/?s={search_term_string}\"},\"query-input\":\"required name=search_term_string\"}],\"inLanguage\":\"es\"},{\"@type\":\"Organization\",\"@id\":\"https:\/\/eurocas.com\/#organization\",\"name\":\"Eurocas International\",\"url\":\"https:\/\/eurocas.com\/\",\"logo\":{\"@type\":\"ImageObject\",\"inLanguage\":\"es\",\"@id\":\"https:\/\/eurocas.com\/#\/schema\/logo\/image\/\",\"url\":\"https:\/\/eurocas.com\/wp-content\/uploads\/2021\/09\/logo.png\",\"contentUrl\":\"https:\/\/eurocas.com\/wp-content\/uploads\/2021\/09\/logo.png\",\"width\":1954,\"height\":599,\"caption\":\"Eurocas International\"},\"image\":{\"@id\":\"https:\/\/eurocas.com\/#\/schema\/logo\/image\/\"}}]}<\/script>\n<!-- \/ Yoast SEO plugin. -->","yoast_head_json":{"title":"Margarita Soft | Eurocas.com","description":"Margarita Soft. Eurocas.com.","robots":{"index":"index","follow":"follow","max-snippet":"max-snippet:-1","max-image-preview":"max-image-preview:large","max-video-preview":"max-video-preview:-1"},"canonical":"https:\/\/eurocas.com\/es\/producto\/margarita-soft-3\/","og_locale":"es_ES","og_type":"article","og_title":"Margarita Soft | Eurocas.com","og_description":"Margarita Soft. Eurocas.com.","og_url":"https:\/\/eurocas.com\/es\/producto\/margarita-soft-3\/","og_site_name":"Eurocas.com","article_modified_time":"2022-06-24T12:07:37+00:00","og_image":[{"width":950,"height":695,"url":"https:\/\/eurocas.com\/wp-content\/uploads\/2022\/03\/Margarita-Soft-1-8.jpg","type":"image\/jpeg"}],"twitter_card":"summary_large_image","schema":{"@context":"https:\/\/schema.org","@graph":[{"@type":"WebPage","@id":"https:\/\/eurocas.com\/es\/producto\/margarita-soft-3\/","url":"https:\/\/eurocas.com\/es\/producto\/margarita-soft-3\/","name":"Margarita Soft | Eurocas.com","isPartOf":{"@id":"https:\/\/eurocas.com\/#website"},"primaryImageOfPage":{"@id":"https:\/\/eurocas.com\/es\/producto\/margarita-soft-3\/#primaryimage"},"image":{"@id":"https:\/\/eurocas.com\/es\/producto\/margarita-soft-3\/#primaryimage"},"thumbnailUrl":"https:\/\/eurocas.com\/wp-content\/uploads\/2022\/03\/Margarita-Soft-1-8.jpg","datePublished":"2019-01-25T22:00:00+00:00","dateModified":"2022-06-24T12:07:37+00:00","description":"Margarita Soft. Eurocas.com.","breadcrumb":{"@id":"https:\/\/eurocas.com\/es\/producto\/margarita-soft-3\/#breadcrumb"},"inLanguage":"es","potentialAction":[{"@type":"ReadAction","target":["https:\/\/eurocas.com\/es\/producto\/margarita-soft-3\/"]}]},{"@type":"ImageObject","inLanguage":"es","@id":"https:\/\/eurocas.com\/es\/producto\/margarita-soft-3\/#primaryimage","url":"https:\/\/eurocas.com\/wp-content\/uploads\/2022\/03\/Margarita-Soft-1-8.jpg","contentUrl":"https:\/\/eurocas.com\/wp-content\/uploads\/2022\/03\/Margarita-Soft-1-8.jpg","width":950,"height":695,"caption":"Margarita Soft \u2013 baz\u0103 \u00eenghe\u021bat\u0103 automat\u0103 Eurocas 5kg"},{"@type":"BreadcrumbList","@id":"https:\/\/eurocas.com\/es\/producto\/margarita-soft-3\/#breadcrumb","itemListElement":[{"@type":"ListItem","position":1,"name":"Home","item":"https:\/\/eurocas.com\/es\/"},{"@type":"ListItem","position":2,"name":"Products","item":"https:\/\/eurocas.com\/shop\/"},{"@type":"ListItem","position":3,"name":"Margarita Soft"}]},{"@type":"WebSite","@id":"https:\/\/eurocas.com\/#website","url":"https:\/\/eurocas.com\/","name":"Eurocas.com","description":"Eurocas.com","publisher":{"@id":"https:\/\/eurocas.com\/#organization"},"potentialAction":[{"@type":"SearchAction","target":{"@type":"EntryPoint","urlTemplate":"https:\/\/eurocas.com\/?s={search_term_string}"},"query-input":"required name=search_term_string"}],"inLanguage":"es"},{"@type":"Organization","@id":"https:\/\/eurocas.com\/#organization","name":"Eurocas International","url":"https:\/\/eurocas.com\/","logo":{"@type":"ImageObject","inLanguage":"es","@id":"https:\/\/eurocas.com\/#\/schema\/logo\/image\/","url":"https:\/\/eurocas.com\/wp-content\/uploads\/2021\/09\/logo.png","contentUrl":"https:\/\/eurocas.com\/wp-content\/uploads\/2021\/09\/logo.png","width":1954,"height":599,"caption":"Eurocas International"},"image":{"@id":"https:\/\/eurocas.com\/#\/schema\/logo\/image\/"}}]}},"_links":{"self":[{"href":"https:\/\/eurocas.com\/es\/wp-json\/wp\/v2\/product\/2455"}],"collection":[{"href":"https:\/\/eurocas.com\/es\/wp-json\/wp\/v2\/product"}],"about":[{"href":"https:\/\/eurocas.com\/es\/wp-json\/wp\/v2\/types\/product"}],"wp:featuredmedia":[{"embeddable":true,"href":"https:\/\/eurocas.com\/es\/wp-json\/wp\/v2\/media\/3803"}],"wp:attachment":[{"href":"https:\/\/eurocas.com\/es\/wp-json\/wp\/v2\/media?parent=2455"}],"wp:term":[{"taxonomy":"product_cat","embeddable":true,"href":"https:\/\/eurocas.com\/es\/wp-json\/wp\/v2\/product_cat?post=2455"},{"taxonomy":"product_tag","embeddable":true,"href":"https:\/\/eurocas.com\/es\/wp-json\/wp\/v2\/product_tag?post=2455"}],"curies":[{"name":"wp","href":"https:\/\/api.w.org\/{rel}","templated":true}]}}