{"id":2446,"date":"2019-01-27T00:00:00","date_gmt":"2019-01-26T22:00:00","guid":{"rendered":"https:\/\/eurocas.com\/product\/hazel-3\/"},"modified":"2022-04-06T13:51:04","modified_gmt":"2022-04-06T11:51:04","slug":"hazel-3","status":"publish","type":"product","link":"https:\/\/eurocas.com\/es\/producto\/hazel-3\/","title":{"rendered":"Hazel"},"content":{"rendered":"<p>Ready to use creams<\/p>\n<p>Hazel es parte de nuestra gama de rellenos de chocolate de alta calidad.<\/p>\n<ul>\n<li>14% de contenido de avellana<\/li>\n<li>Se puede utilizar como glaseado<\/li>\n<li>Calidad Premium a un precio razonable<\/li>\n<\/ul>\n<p>Hazel es una variedad similar a Nutella pero con ingredientes ligeramente mejores y un precio significativamente m\u00e1s bajo. Es un producto vers\u00e1til que se puede utilizar en cualquier aplicaci\u00f3n de confiter\u00eda.<\/p>\n<p>Hazel forma parte de nuestra gama de rellenos de chocolate premium que desarrollamos con un solo objetivo: calidad premium a un precio razonable.<\/p>\n","protected":false},"excerpt":{"rendered":"<p>Hazel es parte de nuestra gama de rellenos de chocolate de alta calidad.<\/p>\n<ul>\n<li>14% de contenido de avellana<\/li>\n<li>Se puede utilizar como glaseado<\/li>\n<li>Calidad Premium a un precio razonable<\/li>\n<\/ul>\n<p>Hazel es una variedad similar a Nutella pero con ingredientes ligeramente mejores y un precio significativamente m\u00e1s bajo. Es un producto vers\u00e1til que se puede utilizar en cualquier aplicaci\u00f3n de confiter\u00eda.<\/p>\n<p>Hazel forma parte de nuestra gama de rellenos de chocolate premium que desarrollamos con un solo objetivo: calidad premium a un precio razonable.<\/p>\n","protected":false},"featured_media":4196,"template":"","meta":[],"product_cat":[63],"product_tag":[],"yoast_head":"<!-- This site is optimized with the Yoast SEO plugin v22.8 - https:\/\/yoast.com\/wordpress\/plugins\/seo\/ -->\n<title>Hazel | Eurocas.com<\/title>\n<meta name=\"description\" content=\"Hazel. Eurocas.com.\" \/>\n<meta name=\"robots\" content=\"index, follow, max-snippet:-1, max-image-preview:large, max-video-preview:-1\" \/>\n<link rel=\"canonical\" href=\"https:\/\/eurocas.com\/es\/producto\/hazel-3\/\" \/>\n<meta property=\"og:locale\" content=\"es_ES\" \/>\n<meta property=\"og:type\" content=\"article\" \/>\n<meta property=\"og:title\" content=\"Hazel | Eurocas.com\" \/>\n<meta property=\"og:description\" content=\"Hazel. Eurocas.com.\" \/>\n<meta property=\"og:url\" content=\"https:\/\/eurocas.com\/es\/producto\/hazel-3\/\" \/>\n<meta property=\"og:site_name\" content=\"Eurocas.com\" \/>\n<meta property=\"article:modified_time\" content=\"2022-04-06T11:51:04+00:00\" \/>\n<meta property=\"og:image\" content=\"https:\/\/eurocas.com\/wp-content\/uploads\/2022\/03\/Hazel-1-6.jpg\" \/>\n\t<meta property=\"og:image:width\" content=\"950\" \/>\n\t<meta property=\"og:image:height\" content=\"695\" \/>\n\t<meta property=\"og:image:type\" content=\"image\/jpeg\" \/>\n<meta name=\"twitter:card\" content=\"summary_large_image\" \/>\n<script type=\"application\/ld+json\" class=\"yoast-schema-graph\">{\"@context\":\"https:\/\/schema.org\",\"@graph\":[{\"@type\":\"WebPage\",\"@id\":\"https:\/\/eurocas.com\/es\/producto\/hazel-3\/\",\"url\":\"https:\/\/eurocas.com\/es\/producto\/hazel-3\/\",\"name\":\"Hazel | Eurocas.com\",\"isPartOf\":{\"@id\":\"https:\/\/eurocas.com\/#website\"},\"primaryImageOfPage\":{\"@id\":\"https:\/\/eurocas.com\/es\/producto\/hazel-3\/#primaryimage\"},\"image\":{\"@id\":\"https:\/\/eurocas.com\/es\/producto\/hazel-3\/#primaryimage\"},\"thumbnailUrl\":\"https:\/\/eurocas.com\/wp-content\/uploads\/2022\/03\/Hazel-1-6.jpg\",\"datePublished\":\"2019-01-26T22:00:00+00:00\",\"dateModified\":\"2022-04-06T11:51:04+00:00\",\"description\":\"Hazel. Eurocas.com.\",\"breadcrumb\":{\"@id\":\"https:\/\/eurocas.com\/es\/producto\/hazel-3\/#breadcrumb\"},\"inLanguage\":\"es\",\"potentialAction\":[{\"@type\":\"ReadAction\",\"target\":[\"https:\/\/eurocas.com\/es\/producto\/hazel-3\/\"]}]},{\"@type\":\"ImageObject\",\"inLanguage\":\"es\",\"@id\":\"https:\/\/eurocas.com\/es\/producto\/hazel-3\/#primaryimage\",\"url\":\"https:\/\/eurocas.com\/wp-content\/uploads\/2022\/03\/Hazel-1-6.jpg\",\"contentUrl\":\"https:\/\/eurocas.com\/wp-content\/uploads\/2022\/03\/Hazel-1-6.jpg\",\"width\":950,\"height\":695,\"caption\":\"Hazel chocolate filling jar\"},{\"@type\":\"BreadcrumbList\",\"@id\":\"https:\/\/eurocas.com\/es\/producto\/hazel-3\/#breadcrumb\",\"itemListElement\":[{\"@type\":\"ListItem\",\"position\":1,\"name\":\"Home\",\"item\":\"https:\/\/eurocas.com\/es\/\"},{\"@type\":\"ListItem\",\"position\":2,\"name\":\"Products\",\"item\":\"https:\/\/eurocas.com\/shop\/\"},{\"@type\":\"ListItem\",\"position\":3,\"name\":\"Hazel\"}]},{\"@type\":\"WebSite\",\"@id\":\"https:\/\/eurocas.com\/#website\",\"url\":\"https:\/\/eurocas.com\/\",\"name\":\"Eurocas.com\",\"description\":\"Eurocas.com\",\"publisher\":{\"@id\":\"https:\/\/eurocas.com\/#organization\"},\"potentialAction\":[{\"@type\":\"SearchAction\",\"target\":{\"@type\":\"EntryPoint\",\"urlTemplate\":\"https:\/\/eurocas.com\/?s={search_term_string}\"},\"query-input\":\"required name=search_term_string\"}],\"inLanguage\":\"es\"},{\"@type\":\"Organization\",\"@id\":\"https:\/\/eurocas.com\/#organization\",\"name\":\"Eurocas International\",\"url\":\"https:\/\/eurocas.com\/\",\"logo\":{\"@type\":\"ImageObject\",\"inLanguage\":\"es\",\"@id\":\"https:\/\/eurocas.com\/#\/schema\/logo\/image\/\",\"url\":\"https:\/\/eurocas.com\/wp-content\/uploads\/2021\/09\/logo.png\",\"contentUrl\":\"https:\/\/eurocas.com\/wp-content\/uploads\/2021\/09\/logo.png\",\"width\":1954,\"height\":599,\"caption\":\"Eurocas International\"},\"image\":{\"@id\":\"https:\/\/eurocas.com\/#\/schema\/logo\/image\/\"}}]}<\/script>\n<!-- \/ Yoast SEO plugin. -->","yoast_head_json":{"title":"Hazel | Eurocas.com","description":"Hazel. Eurocas.com.","robots":{"index":"index","follow":"follow","max-snippet":"max-snippet:-1","max-image-preview":"max-image-preview:large","max-video-preview":"max-video-preview:-1"},"canonical":"https:\/\/eurocas.com\/es\/producto\/hazel-3\/","og_locale":"es_ES","og_type":"article","og_title":"Hazel | Eurocas.com","og_description":"Hazel. Eurocas.com.","og_url":"https:\/\/eurocas.com\/es\/producto\/hazel-3\/","og_site_name":"Eurocas.com","article_modified_time":"2022-04-06T11:51:04+00:00","og_image":[{"width":950,"height":695,"url":"https:\/\/eurocas.com\/wp-content\/uploads\/2022\/03\/Hazel-1-6.jpg","type":"image\/jpeg"}],"twitter_card":"summary_large_image","schema":{"@context":"https:\/\/schema.org","@graph":[{"@type":"WebPage","@id":"https:\/\/eurocas.com\/es\/producto\/hazel-3\/","url":"https:\/\/eurocas.com\/es\/producto\/hazel-3\/","name":"Hazel | Eurocas.com","isPartOf":{"@id":"https:\/\/eurocas.com\/#website"},"primaryImageOfPage":{"@id":"https:\/\/eurocas.com\/es\/producto\/hazel-3\/#primaryimage"},"image":{"@id":"https:\/\/eurocas.com\/es\/producto\/hazel-3\/#primaryimage"},"thumbnailUrl":"https:\/\/eurocas.com\/wp-content\/uploads\/2022\/03\/Hazel-1-6.jpg","datePublished":"2019-01-26T22:00:00+00:00","dateModified":"2022-04-06T11:51:04+00:00","description":"Hazel. Eurocas.com.","breadcrumb":{"@id":"https:\/\/eurocas.com\/es\/producto\/hazel-3\/#breadcrumb"},"inLanguage":"es","potentialAction":[{"@type":"ReadAction","target":["https:\/\/eurocas.com\/es\/producto\/hazel-3\/"]}]},{"@type":"ImageObject","inLanguage":"es","@id":"https:\/\/eurocas.com\/es\/producto\/hazel-3\/#primaryimage","url":"https:\/\/eurocas.com\/wp-content\/uploads\/2022\/03\/Hazel-1-6.jpg","contentUrl":"https:\/\/eurocas.com\/wp-content\/uploads\/2022\/03\/Hazel-1-6.jpg","width":950,"height":695,"caption":"Hazel chocolate filling jar"},{"@type":"BreadcrumbList","@id":"https:\/\/eurocas.com\/es\/producto\/hazel-3\/#breadcrumb","itemListElement":[{"@type":"ListItem","position":1,"name":"Home","item":"https:\/\/eurocas.com\/es\/"},{"@type":"ListItem","position":2,"name":"Products","item":"https:\/\/eurocas.com\/shop\/"},{"@type":"ListItem","position":3,"name":"Hazel"}]},{"@type":"WebSite","@id":"https:\/\/eurocas.com\/#website","url":"https:\/\/eurocas.com\/","name":"Eurocas.com","description":"Eurocas.com","publisher":{"@id":"https:\/\/eurocas.com\/#organization"},"potentialAction":[{"@type":"SearchAction","target":{"@type":"EntryPoint","urlTemplate":"https:\/\/eurocas.com\/?s={search_term_string}"},"query-input":"required name=search_term_string"}],"inLanguage":"es"},{"@type":"Organization","@id":"https:\/\/eurocas.com\/#organization","name":"Eurocas International","url":"https:\/\/eurocas.com\/","logo":{"@type":"ImageObject","inLanguage":"es","@id":"https:\/\/eurocas.com\/#\/schema\/logo\/image\/","url":"https:\/\/eurocas.com\/wp-content\/uploads\/2021\/09\/logo.png","contentUrl":"https:\/\/eurocas.com\/wp-content\/uploads\/2021\/09\/logo.png","width":1954,"height":599,"caption":"Eurocas International"},"image":{"@id":"https:\/\/eurocas.com\/#\/schema\/logo\/image\/"}}]}},"_links":{"self":[{"href":"https:\/\/eurocas.com\/es\/wp-json\/wp\/v2\/product\/2446"}],"collection":[{"href":"https:\/\/eurocas.com\/es\/wp-json\/wp\/v2\/product"}],"about":[{"href":"https:\/\/eurocas.com\/es\/wp-json\/wp\/v2\/types\/product"}],"wp:featuredmedia":[{"embeddable":true,"href":"https:\/\/eurocas.com\/es\/wp-json\/wp\/v2\/media\/4196"}],"wp:attachment":[{"href":"https:\/\/eurocas.com\/es\/wp-json\/wp\/v2\/media?parent=2446"}],"wp:term":[{"taxonomy":"product_cat","embeddable":true,"href":"https:\/\/eurocas.com\/es\/wp-json\/wp\/v2\/product_cat?post=2446"},{"taxonomy":"product_tag","embeddable":true,"href":"https:\/\/eurocas.com\/es\/wp-json\/wp\/v2\/product_tag?post=2446"}],"curies":[{"name":"wp","href":"https:\/\/api.w.org\/{rel}","templated":true}]}}